{"id":2955,"date":"2020-03-21T22:50:34","date_gmt":"2020-03-21T21:50:34","guid":{"rendered":"http:\/\/84310.fr\/jardin-morierois\/?page_id=2955"},"modified":"2020-03-21T22:56:16","modified_gmt":"2020-03-21T21:56:16","slug":"2020-piments","status":"publish","type":"page","link":"https:\/\/84310.fr\/jardin-morierois\/2020-piments\/","title":{"rendered":"2020 Piments"},"content":{"rendered":"<p>nouvelle exp\u00e9rience cette ann\u00e9e 2020,<\/p>\n<p>l&rsquo;ann\u00e9e derni\u00e8re, un coll\u00e8gue de travail m&rsquo;avait gentiment fourni quelques graines de piment OIZEAU ou ZOIZEAU de la r\u00e9union.<br \/>\nquelques graines avaient germ\u00e9es et m&rsquo;avaient donn\u00e9 quelques beaux plants, mais h\u00e9las, trop tardivement, je n&rsquo;ai pu que r\u00e9colter un ou deux piments, juste de quoi r\u00e9colter quelques graines pour mieux repartir cette ann\u00e9e 2020.<br \/>\nen en parlant \u00e0 droite et \u00e0 gauche, et en donnant quelques graines, et suites a \u00e9changes ou dons, nous nous sommes retrouv\u00e9s avec 5 vari\u00e9t\u00e9s de piments diff\u00e9rents.<br \/>\n&#8211; Piment Zoiseau de la r\u00e9union ( merci \u00e0 Jimmy )<br \/>\n&#8211; Autre piment de la r\u00e9union ( plus gros ) ( Merci \u00e0 Christine )<br \/>\n&#8211; Piment du chili ( merci \u00e0 la fille de Christine )<br \/>\n&#8211; Piment d&rsquo;Espagne ( merci \u00e0 Marie et Christian )<br \/>\n&#8211; Piment Asiatique ( merci \u00e0 Magali et Jean Louis )<\/p>\n<p>pour l&rsquo;instant tout ce beau monde est dans des mini serres au chaud, les premiers sont d\u00e9j\u00e0 sortis, mais souffrent dans leur mini serre, il va falloir les mettre en godets pour qu&rsquo;ils aient plus d&rsquo;espace.<\/p>\n","protected":false},"excerpt":{"rendered":"<p>nouvelle exp\u00e9rience cette ann\u00e9e 2020, l&rsquo;ann\u00e9e derni\u00e8re, un coll\u00e8gue de travail m&rsquo;avait gentiment fourni quelques graines de piment OIZEAU ou ZOIZEAU de la r\u00e9union. quelques graines avaient germ\u00e9es et m&rsquo;avaient donn\u00e9 quelques beaux plants, mais h\u00e9las, trop tardivement, je n&rsquo;ai&hellip; <\/p>\n","protected":false},"author":1,"featured_media":0,"parent":0,"menu_order":0,"comment_status":"closed","ping_status":"closed","template":"","meta":{"_exactmetrics_skip_tracking":false,"_exactmetrics_sitenote_active":false,"_exactmetrics_sitenote_note":"","_exactmetrics_sitenote_category":0,"footnotes":""},"class_list":["post-2955","page","type-page","status-publish","hentry"],"_links":{"self":[{"href":"https:\/\/84310.fr\/jardin-morierois\/wp-json\/wp\/v2\/pages\/2955","targetHints":{"allow":["GET"]}}],"collection":[{"href":"https:\/\/84310.fr\/jardin-morierois\/wp-json\/wp\/v2\/pages"}],"about":[{"href":"https:\/\/84310.fr\/jardin-morierois\/wp-json\/wp\/v2\/types\/page"}],"author":[{"embeddable":true,"href":"https:\/\/84310.fr\/jardin-morierois\/wp-json\/wp\/v2\/users\/1"}],"replies":[{"embeddable":true,"href":"https:\/\/84310.fr\/jardin-morierois\/wp-json\/wp\/v2\/comments?post=2955"}],"version-history":[{"count":2,"href":"https:\/\/84310.fr\/jardin-morierois\/wp-json\/wp\/v2\/pages\/2955\/revisions"}],"predecessor-version":[{"id":2958,"href":"https:\/\/84310.fr\/jardin-morierois\/wp-json\/wp\/v2\/pages\/2955\/revisions\/2958"}],"wp:attachment":[{"href":"https:\/\/84310.fr\/jardin-morierois\/wp-json\/wp\/v2\/media?parent=2955"}],"curies":[{"name":"wp","href":"https:\/\/api.w.org\/{rel}","templated":true}]}}