{"id":2927,"date":"2020-01-27T19:31:17","date_gmt":"2020-01-27T18:31:17","guid":{"rendered":"http:\/\/84310.fr\/jardin-morierois\/?page_id=2927"},"modified":"2020-01-27T19:31:17","modified_gmt":"2020-01-27T18:31:17","slug":"2020-janvier","status":"publish","type":"page","link":"https:\/\/84310.fr\/jardin-morierois\/2020-janvier\/","title":{"rendered":"2020 Janvier"},"content":{"rendered":"<h2 class=\"entry-title\"><span style=\"color: #3366ff;\">2020 Janvier<\/span><\/h2>\n<p><img loading=\"lazy\" decoding=\"async\" class=\"alignnone size-full wp-image-2928\" src=\"https:\/\/84310.fr\/jardin-morierois\/wp-content\/uploads\/2020\/01\/DSCN0597.jpg\" alt=\"\" width=\"800\" height=\"646\" srcset=\"https:\/\/84310.fr\/jardin-morierois\/wp-content\/uploads\/2020\/01\/DSCN0597.jpg 800w, https:\/\/84310.fr\/jardin-morierois\/wp-content\/uploads\/2020\/01\/DSCN0597-300x242.jpg 300w, https:\/\/84310.fr\/jardin-morierois\/wp-content\/uploads\/2020\/01\/DSCN0597-768x620.jpg 768w\" sizes=\"auto, (max-width: 800px) 100vw, 800px\" \/><\/p>\n<p>&#8211; Prenez quelques belles branches de c\u00f4tes de blettes bio, du jardin.<br \/>\n&#8211; Enlevez Chenilles, Limaces, Escargots ainsi que toutes les parties abim\u00e9es par les pr\u00e9c\u00e9dents expuls\u00e9s.<br \/>\n&#8211; Lavez et s\u00e9parez le blanc du vert, enlevez les fils des c\u00f4tes en cassant en petit morceaux.<br \/>\n&#8211; Mettez le tout dans une cocotte minute<br \/>\n&#8211; Laissez cuire 10 minutes sous pression<\/p>\n<p><img loading=\"lazy\" decoding=\"async\" class=\"alignnone size-full wp-image-2929\" src=\"https:\/\/84310.fr\/jardin-morierois\/wp-content\/uploads\/2020\/01\/DSCN0600.jpg\" alt=\"\" width=\"800\" height=\"600\" srcset=\"https:\/\/84310.fr\/jardin-morierois\/wp-content\/uploads\/2020\/01\/DSCN0600.jpg 800w, https:\/\/84310.fr\/jardin-morierois\/wp-content\/uploads\/2020\/01\/DSCN0600-300x225.jpg 300w, https:\/\/84310.fr\/jardin-morierois\/wp-content\/uploads\/2020\/01\/DSCN0600-768x576.jpg 768w\" sizes=\"auto, (max-width: 800px) 100vw, 800px\" \/><\/p>\n<p>&#8211; Sortez la cocotte minute dehors pour vider la vapeur et ainsi \u00e9viter de transformer la cuisine en sauna.<\/p>\n<p><img loading=\"lazy\" decoding=\"async\" class=\"alignnone size-full wp-image-2930\" src=\"https:\/\/84310.fr\/jardin-morierois\/wp-content\/uploads\/2020\/01\/DSCN0601.jpg\" alt=\"\" width=\"800\" height=\"600\" srcset=\"https:\/\/84310.fr\/jardin-morierois\/wp-content\/uploads\/2020\/01\/DSCN0601.jpg 800w, https:\/\/84310.fr\/jardin-morierois\/wp-content\/uploads\/2020\/01\/DSCN0601-300x225.jpg 300w, https:\/\/84310.fr\/jardin-morierois\/wp-content\/uploads\/2020\/01\/DSCN0601-768x576.jpg 768w\" sizes=\"auto, (max-width: 800px) 100vw, 800px\" \/><br \/>\nLa quantit\u00e9 a fortement r\u00e9duit, dire que j&rsquo;ai eu de la difficult\u00e9 \u00e0 fermer la cocotte &#8230;.<\/p>\n<p><img loading=\"lazy\" decoding=\"async\" class=\"alignnone size-full wp-image-2931\" src=\"https:\/\/84310.fr\/jardin-morierois\/wp-content\/uploads\/2020\/01\/DSCN0602.jpg\" alt=\"\" width=\"800\" height=\"600\" srcset=\"https:\/\/84310.fr\/jardin-morierois\/wp-content\/uploads\/2020\/01\/DSCN0602.jpg 800w, https:\/\/84310.fr\/jardin-morierois\/wp-content\/uploads\/2020\/01\/DSCN0602-300x225.jpg 300w, https:\/\/84310.fr\/jardin-morierois\/wp-content\/uploads\/2020\/01\/DSCN0602-768x576.jpg 768w\" sizes=\"auto, (max-width: 800px) 100vw, 800px\" \/><br \/>\n&#8211; Hachez le tout avec un hachoir \u00e0 main, en m\u00e9langeant Blanc et Vert,<br \/>\n&#8211; Rajoutez y des lardons cuits ( pas du jardin h\u00e9las &#8230;)<br \/>\n&#8211; Fa\u00eetes revenir .<\/p>\n<p><img loading=\"lazy\" decoding=\"async\" class=\"alignnone size-full wp-image-2932\" src=\"https:\/\/84310.fr\/jardin-morierois\/wp-content\/uploads\/2020\/01\/DSCN0603.jpg\" alt=\"\" width=\"800\" height=\"600\" srcset=\"https:\/\/84310.fr\/jardin-morierois\/wp-content\/uploads\/2020\/01\/DSCN0603.jpg 800w, https:\/\/84310.fr\/jardin-morierois\/wp-content\/uploads\/2020\/01\/DSCN0603-300x225.jpg 300w, https:\/\/84310.fr\/jardin-morierois\/wp-content\/uploads\/2020\/01\/DSCN0603-768x576.jpg 768w\" sizes=\"auto, (max-width: 800px) 100vw, 800px\" \/><br \/>\n&#8211; Disposez dans deux grands plats,<br \/>\n&#8211; Installez les Oeufs Bio des cocottes ( d\u00e9j\u00e0 cuits et \u00e9cal\u00e9s )<br \/>\n&#8211; Ajoutez copieusement de l\u2019emmental<br \/>\n&#8211; Rajoutez encore de l&#8217;emmental ( y&rsquo;en a jamais assez )<\/p>\n<p><img loading=\"lazy\" decoding=\"async\" class=\"alignnone size-full wp-image-2933\" src=\"https:\/\/84310.fr\/jardin-morierois\/wp-content\/uploads\/2020\/01\/DSCN0604.jpg\" alt=\"\" width=\"800\" height=\"600\" srcset=\"https:\/\/84310.fr\/jardin-morierois\/wp-content\/uploads\/2020\/01\/DSCN0604.jpg 800w, https:\/\/84310.fr\/jardin-morierois\/wp-content\/uploads\/2020\/01\/DSCN0604-300x225.jpg 300w, https:\/\/84310.fr\/jardin-morierois\/wp-content\/uploads\/2020\/01\/DSCN0604-768x576.jpg 768w\" sizes=\"auto, (max-width: 800px) 100vw, 800px\" \/><br \/>\n&#8211; Passez au four selon votre appr\u00e9ciation de cuisson..<br \/>\n&#8211; D\u00e9gustez en famille !!!!<br \/>\n&#8211; R\u00e9galez vous !!!<\/p>\n<p><img loading=\"lazy\" decoding=\"async\" class=\"alignnone size-full wp-image-2934\" src=\"https:\/\/84310.fr\/jardin-morierois\/wp-content\/uploads\/2020\/01\/DSCN0605.jpg\" alt=\"\" width=\"800\" height=\"600\" srcset=\"https:\/\/84310.fr\/jardin-morierois\/wp-content\/uploads\/2020\/01\/DSCN0605.jpg 800w, https:\/\/84310.fr\/jardin-morierois\/wp-content\/uploads\/2020\/01\/DSCN0605-300x225.jpg 300w, https:\/\/84310.fr\/jardin-morierois\/wp-content\/uploads\/2020\/01\/DSCN0605-768x576.jpg 768w\" sizes=\"auto, (max-width: 800px) 100vw, 800px\" \/><br \/>\nJ&rsquo;oubliais &#8230;&#8230;<\/p>\n<p>&#8211; N&rsquo;oubliez pas la salade du jardin en entr\u00e9e &#8230;.<\/p>\n","protected":false},"excerpt":{"rendered":"<p>2020 Janvier &#8211; Prenez quelques belles branches de c\u00f4tes de blettes bio, du jardin. &#8211; Enlevez Chenilles, Limaces, Escargots ainsi que toutes les parties abim\u00e9es par les pr\u00e9c\u00e9dents expuls\u00e9s. &#8211; Lavez et s\u00e9parez le blanc du vert, enlevez les fils&hellip; <\/p>\n","protected":false},"author":1,"featured_media":0,"parent":0,"menu_order":0,"comment_status":"closed","ping_status":"closed","template":"","meta":{"_exactmetrics_skip_tracking":false,"_exactmetrics_sitenote_active":false,"_exactmetrics_sitenote_note":"","_exactmetrics_sitenote_category":0,"footnotes":""},"class_list":["post-2927","page","type-page","status-publish","hentry"],"_links":{"self":[{"href":"https:\/\/84310.fr\/jardin-morierois\/wp-json\/wp\/v2\/pages\/2927","targetHints":{"allow":["GET"]}}],"collection":[{"href":"https:\/\/84310.fr\/jardin-morierois\/wp-json\/wp\/v2\/pages"}],"about":[{"href":"https:\/\/84310.fr\/jardin-morierois\/wp-json\/wp\/v2\/types\/page"}],"author":[{"embeddable":true,"href":"https:\/\/84310.fr\/jardin-morierois\/wp-json\/wp\/v2\/users\/1"}],"replies":[{"embeddable":true,"href":"https:\/\/84310.fr\/jardin-morierois\/wp-json\/wp\/v2\/comments?post=2927"}],"version-history":[{"count":1,"href":"https:\/\/84310.fr\/jardin-morierois\/wp-json\/wp\/v2\/pages\/2927\/revisions"}],"predecessor-version":[{"id":2935,"href":"https:\/\/84310.fr\/jardin-morierois\/wp-json\/wp\/v2\/pages\/2927\/revisions\/2935"}],"wp:attachment":[{"href":"https:\/\/84310.fr\/jardin-morierois\/wp-json\/wp\/v2\/media?parent=2927"}],"curies":[{"name":"wp","href":"https:\/\/api.w.org\/{rel}","templated":true}]}}