{"id":2921,"date":"2020-01-23T18:06:03","date_gmt":"2020-01-23T17:06:03","guid":{"rendered":"http:\/\/84310.fr\/jardin-morierois\/?page_id=2921"},"modified":"2020-04-01T21:51:10","modified_gmt":"2020-04-01T20:51:10","slug":"2020-patates-douces","status":"publish","type":"page","link":"https:\/\/84310.fr\/jardin-morierois\/2020-patates-douces\/","title":{"rendered":"2020 patates douces"},"content":{"rendered":"<h4><span style=\"color: #ff0000;\"><strong>23 JANVIER 2020<\/strong><\/span><\/h4>\n<p>Encore un nouveau projet, des patates douces je n&rsquo;en ai jamais fait, mais on verra bien !!!<\/p>\n<p>4 patates Bio, achet\u00e9es et mises \u00e0 tremper ( pour enlever l&rsquo;anti germinatif qui ne devrait pas s&rsquo;y trouver ( Bio ))<\/p>\n<p>Les voici \u00e9pingl\u00e9es fa\u00e7on noyau d&rsquo;avocat le cul dans l&rsquo;eau, le temps de faire des racines et des tiges &#8230;<br \/>\n<img loading=\"lazy\" decoding=\"async\" class=\"alignnone size-full wp-image-2919\" src=\"https:\/\/84310.fr\/jardin-morierois\/wp-content\/uploads\/2020\/01\/patates-douces.jpg\" alt=\"\" width=\"800\" height=\"560\" srcset=\"https:\/\/84310.fr\/jardin-morierois\/wp-content\/uploads\/2020\/01\/patates-douces.jpg 800w, https:\/\/84310.fr\/jardin-morierois\/wp-content\/uploads\/2020\/01\/patates-douces-300x210.jpg 300w, https:\/\/84310.fr\/jardin-morierois\/wp-content\/uploads\/2020\/01\/patates-douces-768x538.jpg 768w\" sizes=\"auto, (max-width: 800px) 100vw, 800px\" \/><\/p>\n<h5>1er Avril 2020<\/h5>\n<p>&nbsp;<\/p>\n<p>plus de deux mois d\u00e9j\u00e0 &#8230;. et \u00e7a n&rsquo;avance pas vite &#8230;.<br \/>\npourtant les plants ont \u00e9t\u00e9 mis devant la veranda, mais &#8230; c&rsquo;est tr\u00e8s long &#8230;<br \/>\n<img loading=\"lazy\" decoding=\"async\" class=\"alignnone size-full wp-image-2992\" src=\"https:\/\/84310.fr\/jardin-morierois\/wp-content\/uploads\/2020\/04\/DSCN1073.jpg\" alt=\"\" width=\"600\" height=\"800\" srcset=\"https:\/\/84310.fr\/jardin-morierois\/wp-content\/uploads\/2020\/04\/DSCN1073.jpg 600w, https:\/\/84310.fr\/jardin-morierois\/wp-content\/uploads\/2020\/04\/DSCN1073-225x300.jpg 225w\" sizes=\"auto, (max-width: 600px) 100vw, 600px\" \/> <img loading=\"lazy\" decoding=\"async\" class=\"alignnone size-full wp-image-2993\" src=\"https:\/\/84310.fr\/jardin-morierois\/wp-content\/uploads\/2020\/04\/DSCN1074.jpg\" alt=\"\" width=\"600\" height=\"800\" srcset=\"https:\/\/84310.fr\/jardin-morierois\/wp-content\/uploads\/2020\/04\/DSCN1074.jpg 600w, https:\/\/84310.fr\/jardin-morierois\/wp-content\/uploads\/2020\/04\/DSCN1074-225x300.jpg 225w\" sizes=\"auto, (max-width: 600px) 100vw, 600px\" \/> <img loading=\"lazy\" decoding=\"async\" class=\"alignnone size-full wp-image-2994\" src=\"https:\/\/84310.fr\/jardin-morierois\/wp-content\/uploads\/2020\/04\/DSCN1075.jpg\" alt=\"\" width=\"600\" height=\"800\" srcset=\"https:\/\/84310.fr\/jardin-morierois\/wp-content\/uploads\/2020\/04\/DSCN1075.jpg 600w, https:\/\/84310.fr\/jardin-morierois\/wp-content\/uploads\/2020\/04\/DSCN1075-225x300.jpg 225w\" sizes=\"auto, (max-width: 600px) 100vw, 600px\" \/><\/p>\n<p>&nbsp;<\/p>\n","protected":false},"excerpt":{"rendered":"<p>23 JANVIER 2020 Encore un nouveau projet, des patates douces je n&rsquo;en ai jamais fait, mais on verra bien !!! 4 patates Bio, achet\u00e9es et mises \u00e0 tremper ( pour enlever l&rsquo;anti germinatif qui ne devrait pas s&rsquo;y trouver (&hellip; <\/p>\n","protected":false},"author":1,"featured_media":0,"parent":0,"menu_order":0,"comment_status":"closed","ping_status":"closed","template":"","meta":{"_exactmetrics_skip_tracking":false,"_exactmetrics_sitenote_active":false,"_exactmetrics_sitenote_note":"","_exactmetrics_sitenote_category":0,"footnotes":""},"class_list":["post-2921","page","type-page","status-publish","hentry"],"_links":{"self":[{"href":"https:\/\/84310.fr\/jardin-morierois\/wp-json\/wp\/v2\/pages\/2921","targetHints":{"allow":["GET"]}}],"collection":[{"href":"https:\/\/84310.fr\/jardin-morierois\/wp-json\/wp\/v2\/pages"}],"about":[{"href":"https:\/\/84310.fr\/jardin-morierois\/wp-json\/wp\/v2\/types\/page"}],"author":[{"embeddable":true,"href":"https:\/\/84310.fr\/jardin-morierois\/wp-json\/wp\/v2\/users\/1"}],"replies":[{"embeddable":true,"href":"https:\/\/84310.fr\/jardin-morierois\/wp-json\/wp\/v2\/comments?post=2921"}],"version-history":[{"count":3,"href":"https:\/\/84310.fr\/jardin-morierois\/wp-json\/wp\/v2\/pages\/2921\/revisions"}],"predecessor-version":[{"id":2995,"href":"https:\/\/84310.fr\/jardin-morierois\/wp-json\/wp\/v2\/pages\/2921\/revisions\/2995"}],"wp:attachment":[{"href":"https:\/\/84310.fr\/jardin-morierois\/wp-json\/wp\/v2\/media?parent=2921"}],"curies":[{"name":"wp","href":"https:\/\/api.w.org\/{rel}","templated":true}]}}