{"id":2914,"date":"2020-01-20T21:15:32","date_gmt":"2020-01-20T20:15:32","guid":{"rendered":"http:\/\/84310.fr\/jardin-morierois\/?page_id=2914"},"modified":"2020-04-04T19:01:21","modified_gmt":"2020-04-04T18:01:21","slug":"etat-des-lieux-janvier-2020","status":"publish","type":"page","link":"https:\/\/84310.fr\/jardin-morierois\/etat-des-lieux-janvier-2020\/","title":{"rendered":"\u00c9tat Des Lieux Janvier 2020"},"content":{"rendered":"<p>\u00c9tat des lieux Janvier 2020.<br \/>\npeu de gros froids, le jardin d\u00e9bute son ann\u00e9e 2020 sous le signe de la verdure.<br \/>\ndes salades ont \u00e9t\u00e9 mise sous abris, ( mini serres ) et continuent de grandir, nous en ramassons tr\u00e8s souvent vu le nombre.<br \/>\nla vari\u00e9t\u00e9 \u00a0\u00bb Glac\u00e9e \u00a0\u00bb dont nous ignorons le nom n&rsquo;a pas besoin d&rsquo;\u00eatre prot\u00e9g\u00e9e, elle r\u00e9siste bien au gel classique.<\/p>\n<p><img loading=\"lazy\" decoding=\"async\" class=\"alignnone size-full wp-image-3012\" src=\"https:\/\/84310.fr\/jardin-morierois\/wp-content\/uploads\/2020\/04\/DSCN0565.jpg\" alt=\"\" width=\"800\" height=\"600\" srcset=\"https:\/\/84310.fr\/jardin-morierois\/wp-content\/uploads\/2020\/04\/DSCN0565.jpg 800w, https:\/\/84310.fr\/jardin-morierois\/wp-content\/uploads\/2020\/04\/DSCN0565-300x225.jpg 300w, https:\/\/84310.fr\/jardin-morierois\/wp-content\/uploads\/2020\/04\/DSCN0565-768x576.jpg 768w\" sizes=\"auto, (max-width: 800px) 100vw, 800px\" \/><br \/>\nLes cotes de blettes commencent \u00e0 \u00eatre de belle taille.<\/p>\n<p><img loading=\"lazy\" decoding=\"async\" class=\"alignnone size-full wp-image-3013\" src=\"https:\/\/84310.fr\/jardin-morierois\/wp-content\/uploads\/2020\/04\/DSCN0566.jpg\" alt=\"\" width=\"800\" height=\"600\" srcset=\"https:\/\/84310.fr\/jardin-morierois\/wp-content\/uploads\/2020\/04\/DSCN0566.jpg 800w, https:\/\/84310.fr\/jardin-morierois\/wp-content\/uploads\/2020\/04\/DSCN0566-300x225.jpg 300w, https:\/\/84310.fr\/jardin-morierois\/wp-content\/uploads\/2020\/04\/DSCN0566-768x576.jpg 768w\" sizes=\"auto, (max-width: 800px) 100vw, 800px\" \/><br \/>\nLes betteraves rouges ne grossissent pas.<br \/>\n<img loading=\"lazy\" decoding=\"async\" class=\"alignnone size-full wp-image-3014\" src=\"https:\/\/84310.fr\/jardin-morierois\/wp-content\/uploads\/2020\/04\/DSCN0567.jpg\" alt=\"\" width=\"800\" height=\"600\" srcset=\"https:\/\/84310.fr\/jardin-morierois\/wp-content\/uploads\/2020\/04\/DSCN0567.jpg 800w, https:\/\/84310.fr\/jardin-morierois\/wp-content\/uploads\/2020\/04\/DSCN0567-300x225.jpg 300w, https:\/\/84310.fr\/jardin-morierois\/wp-content\/uploads\/2020\/04\/DSCN0567-768x576.jpg 768w\" sizes=\"auto, (max-width: 800px) 100vw, 800px\" \/><br \/>\nD&rsquo;autres rang\u00e9es, de cote de Blettes , poireaux, encore des betteraves rouges, et on aper\u00e7oit la m\u00e2che qui commence \u00e0 faire de beaux plants.<br \/>\n<img loading=\"lazy\" decoding=\"async\" class=\"alignnone size-full wp-image-3015\" src=\"https:\/\/84310.fr\/jardin-morierois\/wp-content\/uploads\/2020\/04\/DSCN0568.jpg\" alt=\"\" width=\"800\" height=\"600\" srcset=\"https:\/\/84310.fr\/jardin-morierois\/wp-content\/uploads\/2020\/04\/DSCN0568.jpg 800w, https:\/\/84310.fr\/jardin-morierois\/wp-content\/uploads\/2020\/04\/DSCN0568-300x225.jpg 300w, https:\/\/84310.fr\/jardin-morierois\/wp-content\/uploads\/2020\/04\/DSCN0568-768x576.jpg 768w\" sizes=\"auto, (max-width: 800px) 100vw, 800px\" \/><br \/>\nL\u00e0 ou se trouvaient encore il y a peu, les deux rang\u00e9es de tomates miniatures, a commenc\u00e9 a \u00eatre un peu travaill\u00e9, il y a beaucoup de chiendent, et nous r\u00e9cup\u00e9rons une quarantaine de cm sur la gauche que les iris avaient envahi depuis quelques ann\u00e9es.<\/p>\n<p><img loading=\"lazy\" decoding=\"async\" class=\"alignnone size-full wp-image-3016\" src=\"https:\/\/84310.fr\/jardin-morierois\/wp-content\/uploads\/2020\/04\/DSCN0569.jpg\" alt=\"\" width=\"800\" height=\"1067\" srcset=\"https:\/\/84310.fr\/jardin-morierois\/wp-content\/uploads\/2020\/04\/DSCN0569.jpg 800w, https:\/\/84310.fr\/jardin-morierois\/wp-content\/uploads\/2020\/04\/DSCN0569-225x300.jpg 225w, https:\/\/84310.fr\/jardin-morierois\/wp-content\/uploads\/2020\/04\/DSCN0569-768x1024.jpg 768w\" sizes=\"auto, (max-width: 800px) 100vw, 800px\" \/><br \/>\nL&rsquo;hexagone est bien rempli. la m\u00e2che n&rsquo;est pas encore l\u00e0.<\/p>\n<p><img loading=\"lazy\" decoding=\"async\" class=\"alignnone size-full wp-image-3017\" src=\"https:\/\/84310.fr\/jardin-morierois\/wp-content\/uploads\/2020\/04\/DSCN0570.jpg\" alt=\"\" width=\"800\" height=\"1067\" srcset=\"https:\/\/84310.fr\/jardin-morierois\/wp-content\/uploads\/2020\/04\/DSCN0570.jpg 800w, https:\/\/84310.fr\/jardin-morierois\/wp-content\/uploads\/2020\/04\/DSCN0570-225x300.jpg 225w, https:\/\/84310.fr\/jardin-morierois\/wp-content\/uploads\/2020\/04\/DSCN0570-768x1024.jpg 768w\" sizes=\"auto, (max-width: 800px) 100vw, 800px\" \/><br \/>\nL&rsquo;espace permaculture est bien vert, mais il reste de la place, le reste va venir.<\/p>\n<p><img loading=\"lazy\" decoding=\"async\" class=\"alignnone size-full wp-image-3018\" src=\"https:\/\/84310.fr\/jardin-morierois\/wp-content\/uploads\/2020\/04\/DSCN0571.jpg\" alt=\"\" width=\"800\" height=\"1067\" srcset=\"https:\/\/84310.fr\/jardin-morierois\/wp-content\/uploads\/2020\/04\/DSCN0571.jpg 800w, https:\/\/84310.fr\/jardin-morierois\/wp-content\/uploads\/2020\/04\/DSCN0571-225x300.jpg 225w, https:\/\/84310.fr\/jardin-morierois\/wp-content\/uploads\/2020\/04\/DSCN0571-768x1024.jpg 768w\" sizes=\"auto, (max-width: 800px) 100vw, 800px\" \/><br \/>\nLe coin ph\u00e9noculture est bien d\u00e9sert, pourtant sous le paillis, ( m\u00e9lange de foin, de BRF et tout autres v\u00e9g\u00e9taux secs) il y a une bonne humidit\u00e9 et les vers de terres y vivent nombreux.<\/p>\n<p><img loading=\"lazy\" decoding=\"async\" class=\"alignnone size-full wp-image-3019\" src=\"https:\/\/84310.fr\/jardin-morierois\/wp-content\/uploads\/2020\/04\/DSCN0572.jpg\" alt=\"\" width=\"800\" height=\"600\" srcset=\"https:\/\/84310.fr\/jardin-morierois\/wp-content\/uploads\/2020\/04\/DSCN0572.jpg 800w, https:\/\/84310.fr\/jardin-morierois\/wp-content\/uploads\/2020\/04\/DSCN0572-300x225.jpg 300w, https:\/\/84310.fr\/jardin-morierois\/wp-content\/uploads\/2020\/04\/DSCN0572-768x576.jpg 768w\" sizes=\"auto, (max-width: 800px) 100vw, 800px\" \/><br \/>\nIl reste un peu de foin, aux pieds des arbres, je vais en remettre pour pr\u00e9parer la saison \u00e0 venir.<br \/>\n<img loading=\"lazy\" decoding=\"async\" class=\"alignnone size-full wp-image-3020\" src=\"https:\/\/84310.fr\/jardin-morierois\/wp-content\/uploads\/2020\/04\/DSCN0573.jpg\" alt=\"\" width=\"800\" height=\"600\" srcset=\"https:\/\/84310.fr\/jardin-morierois\/wp-content\/uploads\/2020\/04\/DSCN0573.jpg 800w, https:\/\/84310.fr\/jardin-morierois\/wp-content\/uploads\/2020\/04\/DSCN0573-300x225.jpg 300w, https:\/\/84310.fr\/jardin-morierois\/wp-content\/uploads\/2020\/04\/DSCN0573-768x576.jpg 768w\" sizes=\"auto, (max-width: 800px) 100vw, 800px\" \/><br \/>\nPareil pour le bout du coin permaculture, l\u00e0 ou il y avait les courgettes l&rsquo;ann\u00e9e pass\u00e9e. <img loading=\"lazy\" decoding=\"async\" class=\"alignnone size-full wp-image-3021\" src=\"https:\/\/84310.fr\/jardin-morierois\/wp-content\/uploads\/2020\/04\/DSCN0574.jpg\" alt=\"\" width=\"800\" height=\"600\" srcset=\"https:\/\/84310.fr\/jardin-morierois\/wp-content\/uploads\/2020\/04\/DSCN0574.jpg 800w, https:\/\/84310.fr\/jardin-morierois\/wp-content\/uploads\/2020\/04\/DSCN0574-300x225.jpg 300w, https:\/\/84310.fr\/jardin-morierois\/wp-content\/uploads\/2020\/04\/DSCN0574-768x576.jpg 768w\" sizes=\"auto, (max-width: 800px) 100vw, 800px\" \/> <img loading=\"lazy\" decoding=\"async\" class=\"alignnone size-full wp-image-3022\" src=\"https:\/\/84310.fr\/jardin-morierois\/wp-content\/uploads\/2020\/04\/DSCN0575.jpg\" alt=\"\" width=\"800\" height=\"1067\" srcset=\"https:\/\/84310.fr\/jardin-morierois\/wp-content\/uploads\/2020\/04\/DSCN0575.jpg 800w, https:\/\/84310.fr\/jardin-morierois\/wp-content\/uploads\/2020\/04\/DSCN0575-225x300.jpg 225w, https:\/\/84310.fr\/jardin-morierois\/wp-content\/uploads\/2020\/04\/DSCN0575-768x1024.jpg 768w\" sizes=\"auto, (max-width: 800px) 100vw, 800px\" \/><br \/>\nLa longue rang\u00e9e ou \u00e9taient les tomates commnece \u00e0 bien verdir, salades et choux grandissent chaque jour.<br \/>\n<img loading=\"lazy\" decoding=\"async\" class=\"alignnone size-full wp-image-3027\" src=\"https:\/\/84310.fr\/jardin-morierois\/wp-content\/uploads\/2020\/04\/DSCN0581.jpg\" alt=\"\" width=\"800\" height=\"600\" srcset=\"https:\/\/84310.fr\/jardin-morierois\/wp-content\/uploads\/2020\/04\/DSCN0581.jpg 800w, https:\/\/84310.fr\/jardin-morierois\/wp-content\/uploads\/2020\/04\/DSCN0581-300x225.jpg 300w, https:\/\/84310.fr\/jardin-morierois\/wp-content\/uploads\/2020\/04\/DSCN0581-768x576.jpg 768w\" sizes=\"auto, (max-width: 800px) 100vw, 800px\" \/><br \/>\nLes c\u00f4tes de Blettes aussi.<img loading=\"lazy\" decoding=\"async\" class=\"alignnone size-full wp-image-3023\" src=\"https:\/\/84310.fr\/jardin-morierois\/wp-content\/uploads\/2020\/04\/DSCN0576.jpg\" alt=\"\" width=\"800\" height=\"600\" srcset=\"https:\/\/84310.fr\/jardin-morierois\/wp-content\/uploads\/2020\/04\/DSCN0576.jpg 800w, https:\/\/84310.fr\/jardin-morierois\/wp-content\/uploads\/2020\/04\/DSCN0576-300x225.jpg 300w, https:\/\/84310.fr\/jardin-morierois\/wp-content\/uploads\/2020\/04\/DSCN0576-768x576.jpg 768w\" sizes=\"auto, (max-width: 800px) 100vw, 800px\" \/><br \/>\nL&rsquo;Entr\u00e9e de l&rsquo;Annexe ne fera pas grand chose, h\u00e9las. <img loading=\"lazy\" decoding=\"async\" class=\"alignnone size-full wp-image-3024\" src=\"https:\/\/84310.fr\/jardin-morierois\/wp-content\/uploads\/2020\/04\/DSCN0577.jpg\" alt=\"\" width=\"800\" height=\"600\" srcset=\"https:\/\/84310.fr\/jardin-morierois\/wp-content\/uploads\/2020\/04\/DSCN0577.jpg 800w, https:\/\/84310.fr\/jardin-morierois\/wp-content\/uploads\/2020\/04\/DSCN0577-300x225.jpg 300w, https:\/\/84310.fr\/jardin-morierois\/wp-content\/uploads\/2020\/04\/DSCN0577-768x576.jpg 768w\" sizes=\"auto, (max-width: 800px) 100vw, 800px\" \/><br \/>\nDans l&rsquo;Annexe, cela va tout doucement, mais la position quasi sans soleil en cette saison ne force pas les plantes \u00e0 s&rsquo;y d\u00e9velopper avec force. <img loading=\"lazy\" decoding=\"async\" class=\"alignnone size-full wp-image-3025\" src=\"https:\/\/84310.fr\/jardin-morierois\/wp-content\/uploads\/2020\/04\/DSCN0578.jpg\" alt=\"\" width=\"800\" height=\"1067\" srcset=\"https:\/\/84310.fr\/jardin-morierois\/wp-content\/uploads\/2020\/04\/DSCN0578.jpg 800w, https:\/\/84310.fr\/jardin-morierois\/wp-content\/uploads\/2020\/04\/DSCN0578-225x300.jpg 225w, https:\/\/84310.fr\/jardin-morierois\/wp-content\/uploads\/2020\/04\/DSCN0578-768x1024.jpg 768w\" sizes=\"auto, (max-width: 800px) 100vw, 800px\" \/><br \/>\nUn vestige de la saison pass\u00e9e, coinc\u00e9e entre les mailles de la cloture.<br \/>\n<img loading=\"lazy\" decoding=\"async\" class=\"alignnone size-full wp-image-3026\" src=\"https:\/\/84310.fr\/jardin-morierois\/wp-content\/uploads\/2020\/04\/DSCN0579.jpg\" alt=\"\" width=\"800\" height=\"600\" srcset=\"https:\/\/84310.fr\/jardin-morierois\/wp-content\/uploads\/2020\/04\/DSCN0579.jpg 800w, https:\/\/84310.fr\/jardin-morierois\/wp-content\/uploads\/2020\/04\/DSCN0579-300x225.jpg 300w, https:\/\/84310.fr\/jardin-morierois\/wp-content\/uploads\/2020\/04\/DSCN0579-768x576.jpg 768w\" sizes=\"auto, (max-width: 800px) 100vw, 800px\" \/><br \/>\ndans le carr\u00e9 central de l&rsquo;Annexe, quelques salades seront mang\u00e9es, mais les choux ne donneront rien.<\/p>\n","protected":false},"excerpt":{"rendered":"<p>\u00c9tat des lieux Janvier 2020. peu de gros froids, le jardin d\u00e9bute son ann\u00e9e 2020 sous le signe de la verdure. des salades ont \u00e9t\u00e9 mise sous abris, ( mini serres ) et continuent de grandir, nous en ramassons tr\u00e8s&hellip; <\/p>\n","protected":false},"author":1,"featured_media":0,"parent":0,"menu_order":0,"comment_status":"closed","ping_status":"closed","template":"","meta":{"_exactmetrics_skip_tracking":false,"_exactmetrics_sitenote_active":false,"_exactmetrics_sitenote_note":"","_exactmetrics_sitenote_category":0,"footnotes":""},"class_list":["post-2914","page","type-page","status-publish","hentry"],"_links":{"self":[{"href":"https:\/\/84310.fr\/jardin-morierois\/wp-json\/wp\/v2\/pages\/2914","targetHints":{"allow":["GET"]}}],"collection":[{"href":"https:\/\/84310.fr\/jardin-morierois\/wp-json\/wp\/v2\/pages"}],"about":[{"href":"https:\/\/84310.fr\/jardin-morierois\/wp-json\/wp\/v2\/types\/page"}],"author":[{"embeddable":true,"href":"https:\/\/84310.fr\/jardin-morierois\/wp-json\/wp\/v2\/users\/1"}],"replies":[{"embeddable":true,"href":"https:\/\/84310.fr\/jardin-morierois\/wp-json\/wp\/v2\/comments?post=2914"}],"version-history":[{"count":5,"href":"https:\/\/84310.fr\/jardin-morierois\/wp-json\/wp\/v2\/pages\/2914\/revisions"}],"predecessor-version":[{"id":3031,"href":"https:\/\/84310.fr\/jardin-morierois\/wp-json\/wp\/v2\/pages\/2914\/revisions\/3031"}],"wp:attachment":[{"href":"https:\/\/84310.fr\/jardin-morierois\/wp-json\/wp\/v2\/media?parent=2914"}],"curies":[{"name":"wp","href":"https:\/\/api.w.org\/{rel}","templated":true}]}}