{"id":2912,"date":"2020-01-20T21:14:47","date_gmt":"2020-01-20T20:14:47","guid":{"rendered":"http:\/\/84310.fr\/jardin-morierois\/?page_id=2912"},"modified":"2020-05-10T19:59:20","modified_gmt":"2020-05-10T18:59:20","slug":"tomates-2020","status":"publish","type":"page","link":"https:\/\/84310.fr\/jardin-morierois\/tomates-2020\/","title":{"rendered":"Tomates 2020"},"content":{"rendered":"<h4>Tomates 2020<\/h4>\n<p>comme les ann\u00e9es pr\u00e9c\u00e9dentes, j&rsquo;envisage de faire de moins en moins de vari\u00e9t\u00e9s diff\u00e9rentes, et \u00e0 chaque fois &#8230;. je ne respecte pas mes engagements.<\/p>\n<p>cette ann\u00e9e comme vari\u00e9t\u00e9s de tomates normales, j&rsquo;ai sem\u00e9\u00a0 :<br \/>\n&#8211; Ancienne GROSSE<br \/>\n&#8211; Beaut\u00e9 Blanche du Canada<br \/>\n&#8211; Beef<br \/>\n&#8211; Black From TULA<br \/>\n&#8211; Casaque Rouge<br \/>\n&#8211; Coeur de Boeuf<br \/>\n&#8211; Dinner Plate<br \/>\n&#8211; Great White<br \/>\n&#8211; Green COPIA<br \/>\n&#8211; Green Zebra<br \/>\n&#8211; Gregori Alta\u00ef<br \/>\n&#8211; Noire Charbonneuse<br \/>\n&#8211; Omar Libanaise<br \/>\n&#8211; Persimmon<br \/>\n&#8211; Porte GREFFE PROTECTOR<br \/>\n&#8211; Potiron Ecarlate<br \/>\n&#8211; Roma<br \/>\n&#8211; Royale des Guineaux<br \/>\n&#8211; Saint Pierre<br \/>\n&#8211; Sainte Lucie<br \/>\n&#8211; Stripped German<br \/>\n&#8211; T\u00e9ton de V\u00e9nus BLANCHE<br \/>\net comme petites tomates :<br \/>\n&#8211; Cerise NOIRE<br \/>\n&#8211; Cerise Vigoureuse Christine<br \/>\n&#8211; Cocktail<br \/>\n&#8211; Gold Nugget<br \/>\n&#8211; Gouttes JAUNES<br \/>\n&#8211; Gouttes ROUGES<br \/>\n&#8211; Miel du Mexique<br \/>\n&#8211; Mini Roma<br \/>\n&#8211; Petit Moineaux<br \/>\n&#8211; Petites Grappes<br \/>\n&#8211; Prune NOIRE<br \/>\n&#8211; Raisin VERT<br \/>\n&#8211; White Snow<\/p>\n<p>soit 22 vari\u00e9t\u00e9s de tomates normales et 13 vari\u00e9t\u00e9s de petites tomates, soit 35 vari\u00e9t\u00e9s diff\u00e9rentes, ( l&rsquo;ann\u00e9e derni\u00e8re 54 vari\u00e9t\u00e9s diff\u00e9rentes, ) je progresse mais la saison ne fait que commencer, on va certainement me donner quelques sortes que je n&rsquo;ai pas encore &#8230; ou que vais en encore acheter ???<\/p>\n<h5><strong>Le 14 Mars<\/strong><\/h5>\n<p>476 graines ont \u00e9t\u00e9 sem\u00e9es, \u00e0 ce jour plus de 40% est d\u00e9j\u00e0 sorti&#8230;<\/p>\n<h5><strong>Le 1er Avril<\/strong><\/h5>\n<p>j&rsquo;en suis \u00e0 101% de r\u00e9ussite des semis, tout n&rsquo;est pas sorti, mais sur l&rsquo;ensemble des semis, plusieurs graines devaient \u00eatre coll\u00e9es ensemble et je me retrouve avec des mottes qui contiennent plusieurs plants, d\u2019o\u00f9 le pourcentage sup\u00e9rieur \u00e0 100.<\/p>\n<p>Aujourd&rsquo;hui premier jour de greffe, franchement la peine l&#8217;emporte sur le plaisir&#8230;<br \/>\nj&rsquo;ai de gros doutes sur mes poursuites de greffe dans les saisons \u00e0 venir.<br \/>\n&#8211; organisation tr\u00e8s lourde, les plants greff\u00e9s m\u00e9ritent une attention particuli\u00e8re<br \/>\n&#8211; P\u00e9riode de confinement qui ne facilite pas la tache plus risque de ne pas contaminer les parties aidantes,<br \/>\n&#8211; trop nombreux plant \u00e0 arroser et transpoter en plus des greffes..<br \/>\n&#8211; peu de temps pour tout faire<br \/>\n&#8211; trop de diff\u00e9rence entre la taille des porte greffe et des greffons,<\/p>\n<p><img loading=\"lazy\" decoding=\"async\" class=\"alignnone size-full wp-image-2986\" src=\"https:\/\/84310.fr\/jardin-morierois\/wp-content\/uploads\/2020\/04\/DSCN1069.jpg\" alt=\"\" width=\"600\" height=\"800\" srcset=\"https:\/\/84310.fr\/jardin-morierois\/wp-content\/uploads\/2020\/04\/DSCN1069.jpg 600w, https:\/\/84310.fr\/jardin-morierois\/wp-content\/uploads\/2020\/04\/DSCN1069-225x300.jpg 225w\" sizes=\"auto, (max-width: 600px) 100vw, 600px\" \/><br \/>\nJe viens de m\u2019apercevoir en mettant les photos, que je n&rsquo;ai pas mis de tuteur sur les deux premi\u00e8res greffes, \u00e7a va pas le faire<img loading=\"lazy\" decoding=\"async\" class=\"alignnone size-full wp-image-2987\" src=\"https:\/\/84310.fr\/jardin-morierois\/wp-content\/uploads\/2020\/04\/DSCN1070.jpg\" alt=\"\" width=\"600\" height=\"800\" srcset=\"https:\/\/84310.fr\/jardin-morierois\/wp-content\/uploads\/2020\/04\/DSCN1070.jpg 600w, https:\/\/84310.fr\/jardin-morierois\/wp-content\/uploads\/2020\/04\/DSCN1070-225x300.jpg 225w\" sizes=\"auto, (max-width: 600px) 100vw, 600px\" \/><br \/>\ndes bouteilles des coca, dont le socle a \u00e9t\u00e9 coup\u00e9, s&#8217;emboitent parfaitement sur mes godets , cela permet de faire une mini serre.<br \/>\n<img loading=\"lazy\" decoding=\"async\" class=\"alignnone size-full wp-image-2988\" src=\"https:\/\/84310.fr\/jardin-morierois\/wp-content\/uploads\/2020\/04\/DSCN1071.jpg\" alt=\"\" width=\"600\" height=\"800\" srcset=\"https:\/\/84310.fr\/jardin-morierois\/wp-content\/uploads\/2020\/04\/DSCN1071.jpg 600w, https:\/\/84310.fr\/jardin-morierois\/wp-content\/uploads\/2020\/04\/DSCN1071-225x300.jpg 225w\" sizes=\"auto, (max-width: 600px) 100vw, 600px\" \/><br \/>\nPour renforcer le \u00a0\u00bb confinement\u00a0\u00bb je rajoute une caisse de sipror<br \/>\n<img loading=\"lazy\" decoding=\"async\" class=\"alignnone size-full wp-image-2989\" src=\"https:\/\/84310.fr\/jardin-morierois\/wp-content\/uploads\/2020\/04\/DSCN1072.jpg\" alt=\"\" width=\"600\" height=\"800\" srcset=\"https:\/\/84310.fr\/jardin-morierois\/wp-content\/uploads\/2020\/04\/DSCN1072.jpg 600w, https:\/\/84310.fr\/jardin-morierois\/wp-content\/uploads\/2020\/04\/DSCN1072-225x300.jpg 225w\" sizes=\"auto, (max-width: 600px) 100vw, 600px\" \/><br \/>\nEt sur le dessus je rajoute une couche pour faire obscurit\u00e9 \u00e0 l&rsquo;int\u00e9rieur, pour que les greffes se fassent tranquillement,<br \/>\non se revoit dans quelques jours &#8230;.<\/p>\n<h5><strong><span style=\"color: #800080;\">22 AVRIL 2020<\/span><\/strong><\/h5>\n<p>&nbsp;<\/p>\n<p>bon, je n&rsquo;\u00e9tais pas d\u00e9j\u00e0 chaud de refaire des greffes cette ann\u00e9e, mais avec le confinement, la peur de refiler cette cochonnerie, et la maladie, je n&rsquo;ai pas eu ( pris ) le temps de m&rsquo;occuper de cette d\u00e9licate op\u00e9ration qu&rsquo;est la greffe.<br \/>\nj&rsquo;ai perdu plus de 70% de mes plants greff\u00e9s, pour l&rsquo;instant &#8230; car mes derni\u00e8res greffes ne datent que d&rsquo;une semaine &#8230;<br \/>\nsur 48 plants greff\u00e9s, il ne m&rsquo;en reste que 14 &#8230;.<br \/>\ngrosse d\u00e9ception sur plusieurs points :<br \/>\n&#8211; perte financi\u00e8re car l&rsquo;achat de porte greffe n&rsquo;est pas donn\u00e9 et est bien plus on\u00e9reux que des graines de tomates classiques<br \/>\n&#8211; perte de temps car la greffe se doit d&rsquo;\u00eatre minutieuse et pas fait \u00e0 la va vite.<br \/>\n&#8211; perte de temps car au lieu de greffer, j&rsquo;aurais pu mieux m&rsquo;occuper d&rsquo;autres projets en cours<br \/>\n&#8211; perte de temps pour l&rsquo;entretien, arrosage, soins ( c&rsquo;est une mauvaise excuse, je m&rsquo;en suis gu\u00e8re occup\u00e9 pour les raisons cit\u00e9es en premi\u00e8re ligne )<br \/>\n&#8211; perte de motivation, car voir tous ces efforts faits avant, pendant et apr\u00e8s la greffe, n&rsquo;est pas motivant &#8230;<br \/>\n&#8211; perte de r\u00e9coltes, car si on greffe, c&rsquo;est pour avoir plus de r\u00e9sultat &#8230;plus de tomates &#8230;<\/p>\n<p>pour conclure,<strong> le seul point positif que j&rsquo;ai trouv\u00e9,<\/strong> c&rsquo;est que j&rsquo;ai gagn\u00e9 du temps pour la saison prochaine, en d\u00e9cidant <strong>de ne plus faire de greffes &#8230;.<\/strong><\/p>\n<h5><strong>23 AVRIL 2020<\/strong><\/h5>\n<p>&nbsp;<\/p>\n<p>nous avons mis en terre ma petite collection de tomates ap\u00e9ritif, le long du grillage \u00e0 cot\u00e9 de la pompe&#8230; 11 vari\u00e9t\u00e9s et un plant de chaque. si \u00e9chec il y a d&rsquo;autres possibilit\u00e9s de r\u00e9cup\u00e9rer des graines, ( tomates en pots sur la terrasse ) et au pire, il me reste des graines de l&rsquo;ann\u00e9e derni\u00e8re.<\/p>\n<h5><strong>29 AVRIL 2020<\/strong><\/h5>\n<p>&nbsp;<\/p>\n<p>\u00c7\u00e0 y est , nous avons mis en terre la premi\u00e8re double rang\u00e9e de tomates, Ancienne x6, Beef x5, Sainte Lucie x6 et Persimmon x 5<br \/>\n<img loading=\"lazy\" decoding=\"async\" class=\"alignnone size-full wp-image-3100\" src=\"https:\/\/84310.fr\/jardin-morierois\/wp-content\/uploads\/2020\/04\/DSCN1248.jpg\" alt=\"\" width=\"600\" height=\"800\" srcset=\"https:\/\/84310.fr\/jardin-morierois\/wp-content\/uploads\/2020\/04\/DSCN1248.jpg 600w, https:\/\/84310.fr\/jardin-morierois\/wp-content\/uploads\/2020\/04\/DSCN1248-225x300.jpg 225w\" sizes=\"auto, (max-width: 600px) 100vw, 600px\" \/><\/p>\n<p>Au milieu, se trouvent une dizaine de mais doux\u00a0 et 8 plants de persil, en attendant le basilic qui est encore trop petit pour y aller<\/p>\n<h5><span style=\"color: #ff0000;\"><strong>1er MAI 2020<\/strong><\/span><\/h5>\n<p><img loading=\"lazy\" decoding=\"async\" class=\"alignnone size-full wp-image-3118\" src=\"https:\/\/84310.fr\/jardin-morierois\/wp-content\/uploads\/2020\/05\/DSCN1279.jpg\" alt=\"\" width=\"800\" height=\"600\" srcset=\"https:\/\/84310.fr\/jardin-morierois\/wp-content\/uploads\/2020\/05\/DSCN1279.jpg 800w, https:\/\/84310.fr\/jardin-morierois\/wp-content\/uploads\/2020\/05\/DSCN1279-300x225.jpg 300w, https:\/\/84310.fr\/jardin-morierois\/wp-content\/uploads\/2020\/05\/DSCN1279-768x576.jpg 768w\" sizes=\"auto, (max-width: 800px) 100vw, 800px\" \/><br \/>\nNous avons besoin de place pour la seconde vague des tomates, les salades qui montent sont arrach\u00e9es, elles feront le bonheur des cocottes ainsi que des tortues du voisinage.<img loading=\"lazy\" decoding=\"async\" class=\"alignnone size-full wp-image-3119\" src=\"https:\/\/84310.fr\/jardin-morierois\/wp-content\/uploads\/2020\/05\/DSCN1280.jpg\" alt=\"\" width=\"1500\" height=\"1125\" srcset=\"https:\/\/84310.fr\/jardin-morierois\/wp-content\/uploads\/2020\/05\/DSCN1280.jpg 1500w, https:\/\/84310.fr\/jardin-morierois\/wp-content\/uploads\/2020\/05\/DSCN1280-300x225.jpg 300w, https:\/\/84310.fr\/jardin-morierois\/wp-content\/uploads\/2020\/05\/DSCN1280-1024x768.jpg 1024w, https:\/\/84310.fr\/jardin-morierois\/wp-content\/uploads\/2020\/05\/DSCN1280-768x576.jpg 768w\" sizes=\"auto, (max-width: 1500px) 100vw, 1500px\" \/><br \/>\nOn voit mieux la future zone des tomates <img loading=\"lazy\" decoding=\"async\" class=\"alignnone size-full wp-image-3120\" src=\"https:\/\/84310.fr\/jardin-morierois\/wp-content\/uploads\/2020\/05\/DSCN1281.jpg\" alt=\"\" width=\"800\" height=\"600\" srcset=\"https:\/\/84310.fr\/jardin-morierois\/wp-content\/uploads\/2020\/05\/DSCN1281.jpg 800w, https:\/\/84310.fr\/jardin-morierois\/wp-content\/uploads\/2020\/05\/DSCN1281-300x225.jpg 300w, https:\/\/84310.fr\/jardin-morierois\/wp-content\/uploads\/2020\/05\/DSCN1281-768x576.jpg 768w\" sizes=\"auto, (max-width: 800px) 100vw, 800px\" \/><br \/>\nJe sais, c&rsquo;est pas bien mais j&rsquo;ai pas trouv\u00e9 mieux que le motoculteur pour rafraichir une zone un peu durcie par le temps.<br \/>\n<img loading=\"lazy\" decoding=\"async\" class=\"alignnone size-full wp-image-3121\" src=\"https:\/\/84310.fr\/jardin-morierois\/wp-content\/uploads\/2020\/05\/DSCN1282.jpg\" alt=\"\" width=\"800\" height=\"600\" srcset=\"https:\/\/84310.fr\/jardin-morierois\/wp-content\/uploads\/2020\/05\/DSCN1282.jpg 800w, https:\/\/84310.fr\/jardin-morierois\/wp-content\/uploads\/2020\/05\/DSCN1282-300x225.jpg 300w, https:\/\/84310.fr\/jardin-morierois\/wp-content\/uploads\/2020\/05\/DSCN1282-768x576.jpg 768w\" sizes=\"auto, (max-width: 800px) 100vw, 800px\" \/><br \/>\nEt voila, 22 tomates de plus en terre &#8230; pour l&rsquo;instant, pr\u00e9s d&rsquo;une soixantaine &#8230; ( presque la moiti\u00e9 ) de mon cot\u00e9 &#8230; pour l&rsquo;autre gestionnaire du jardin, plus d&rsquo;une quarantaine &#8230;<br \/>\n<img loading=\"lazy\" decoding=\"async\" class=\"alignnone size-full wp-image-3123\" src=\"https:\/\/84310.fr\/jardin-morierois\/wp-content\/uploads\/2020\/05\/DSCN1302.jpg\" alt=\"\" width=\"800\" height=\"600\" srcset=\"https:\/\/84310.fr\/jardin-morierois\/wp-content\/uploads\/2020\/05\/DSCN1302.jpg 800w, https:\/\/84310.fr\/jardin-morierois\/wp-content\/uploads\/2020\/05\/DSCN1302-300x225.jpg 300w, https:\/\/84310.fr\/jardin-morierois\/wp-content\/uploads\/2020\/05\/DSCN1302-768x576.jpg 768w\" sizes=\"auto, (max-width: 800px) 100vw, 800px\" \/><br \/>\nla structure en bambou maintient les tomates, au milieu se trouve \u00e9galement du persil et des plants de Ma\u00efs doux<\/p>\n<p>&nbsp;<\/p>\n<h5><span style=\"color: #ff0000;\"><strong>6 MAI 2020<\/strong><\/span><\/h5>\n<p>2020 aura \u00e9t\u00e9 une ann\u00e9e sp\u00e9ciale, ce fameux COVID, ne m&rsquo;a pas aid\u00e9 en tout cas pour les greffes.<br \/>\nDifficult\u00e9s \u00e0 venir au jardin, peur de transmettre un virus, \u00eatre sur ses gardes pour ne pas enfreindre le confinement &#8230; ne pas risquer une amende de 135 euros, prendre plus de pr\u00e9cautions que d&rsquo;habitude, etc &#8230;<\/p>\n<p>r\u00e9sultat, moins de temps pour m&rsquo;occuper de mes greffes, faites, j&rsquo;avoue avec un peu plus de rapidit\u00e9s et moins d&rsquo;attention que n\u00e9cessaire&#8230;<\/p>\n<p>verdict, sur 48 plants greff\u00e9s, seulement deux sont encore de ce monde &#8230;( pour le moment )<\/p>\n<p>plus de 96% d&rsquo;\u00e9chec&#8230;.<\/p>\n<p>Bravo l&rsquo;artiste,<br \/>\nl&rsquo;ann\u00e9e prochaine, je ferai des \u00e9conomies, d&rsquo;argent et de temps &#8230;. je ne grefferai pas &#8230;<\/p>\n<h5><span style=\"color: #ff0000;\"><strong>9 MAI 2020<\/strong><\/span><\/h5>\n<p>nous venons de planter une double rang\u00e9e de 24 tomates, soit 48&#8230;<br \/>\nil doit rester une quinzaine de plants \u00e0 mettre en terre &#8230;ce qui devrait approcher, de mon cot\u00e9, des 120 plants ( entre les officiels, et les plant\u00e9s, \u00e0 la sauvage dans quelques endroits perdus dans le jardin, et presque une cinquantaine pour le chef du jardin donc environ 170 pieds de tomates \u00e0 nous deux pour cette saison<\/p>\n<p>les quelques pieds restants, seront mis en terre de travers, ( plant de tomate inclin\u00e9 \u00e0 45\u00b0 )<br \/>\ncela va faire l&rsquo;objet d&rsquo;une nouveau test, qui sera d\u00e9taill\u00e9 dans la partie projets 2020<\/p>\n<h5><span style=\"color: #ff0000;\"><strong>10 MAI 2020<\/strong><\/span><\/h5>\n<p>C&rsquo;est fini !!! toutes nos tomates sont en place, les tomates ap\u00e9ro, les tomates normales, les greff\u00e9es et les inclin\u00e9es aussi<br \/>\nIl ne reste que des tomates qui sont r\u00e9serv\u00e9es, mais ce n&rsquo;est pas mon probl\u00e8me &#8230;<\/p>\n<p>toutes les tomates ont \u00e9t\u00e9 paill\u00e9es, et la pluie de cette fin d\u2019apr\u00e8s midi et de cette nuit va leur faire le plus grand bien<\/p>\n<p><img loading=\"lazy\" decoding=\"async\" class=\"alignnone size-full wp-image-3174\" src=\"https:\/\/84310.fr\/jardin-morierois\/wp-content\/uploads\/2020\/05\/DSCN1326.jpg\" alt=\"\" width=\"800\" height=\"600\" srcset=\"https:\/\/84310.fr\/jardin-morierois\/wp-content\/uploads\/2020\/05\/DSCN1326.jpg 800w, https:\/\/84310.fr\/jardin-morierois\/wp-content\/uploads\/2020\/05\/DSCN1326-300x225.jpg 300w, https:\/\/84310.fr\/jardin-morierois\/wp-content\/uploads\/2020\/05\/DSCN1326-768x576.jpg 768w\" sizes=\"auto, (max-width: 800px) 100vw, 800px\" \/><br \/>\npremi\u00e8re double rang\u00e9e de 2 x 11 tomates<\/p>\n<p><img loading=\"lazy\" decoding=\"async\" class=\"alignnone size-full wp-image-3173\" src=\"https:\/\/84310.fr\/jardin-morierois\/wp-content\/uploads\/2020\/05\/DSCN1324.jpg\" alt=\"\" width=\"600\" height=\"800\" srcset=\"https:\/\/84310.fr\/jardin-morierois\/wp-content\/uploads\/2020\/05\/DSCN1324.jpg 600w, https:\/\/84310.fr\/jardin-morierois\/wp-content\/uploads\/2020\/05\/DSCN1324-225x300.jpg 225w\" sizes=\"auto, (max-width: 600px) 100vw, 600px\" \/><br \/>\nseconde double rang\u00e9e de 2 x 11 tomates<\/p>\n<p><img loading=\"lazy\" decoding=\"async\" class=\"alignnone size-full wp-image-3175\" src=\"https:\/\/84310.fr\/jardin-morierois\/wp-content\/uploads\/2020\/05\/DSCN1371.jpg\" alt=\"\" width=\"800\" height=\"600\" srcset=\"https:\/\/84310.fr\/jardin-morierois\/wp-content\/uploads\/2020\/05\/DSCN1371.jpg 800w, https:\/\/84310.fr\/jardin-morierois\/wp-content\/uploads\/2020\/05\/DSCN1371-300x225.jpg 300w, https:\/\/84310.fr\/jardin-morierois\/wp-content\/uploads\/2020\/05\/DSCN1371-768x576.jpg 768w\" sizes=\"auto, (max-width: 800px) 100vw, 800px\" \/><br \/>\nDouble rang\u00e9e de 2&#215;24 tomates<\/p>\n<p>un total pour moi de plus de 120 plants ( je dirai vers les 125 )<\/p>\n","protected":false},"excerpt":{"rendered":"<p>Tomates 2020 comme les ann\u00e9es pr\u00e9c\u00e9dentes, j&rsquo;envisage de faire de moins en moins de vari\u00e9t\u00e9s diff\u00e9rentes, et \u00e0 chaque fois &#8230;. je ne respecte pas mes engagements. cette ann\u00e9e comme vari\u00e9t\u00e9s de tomates normales, j&rsquo;ai sem\u00e9\u00a0 : &#8211; Ancienne GROSSE&hellip; <\/p>\n","protected":false},"author":1,"featured_media":0,"parent":0,"menu_order":0,"comment_status":"closed","ping_status":"closed","template":"","meta":{"_exactmetrics_skip_tracking":false,"_exactmetrics_sitenote_active":false,"_exactmetrics_sitenote_note":"","_exactmetrics_sitenote_category":0,"footnotes":""},"class_list":["post-2912","page","type-page","status-publish","hentry"],"_links":{"self":[{"href":"https:\/\/84310.fr\/jardin-morierois\/wp-json\/wp\/v2\/pages\/2912","targetHints":{"allow":["GET"]}}],"collection":[{"href":"https:\/\/84310.fr\/jardin-morierois\/wp-json\/wp\/v2\/pages"}],"about":[{"href":"https:\/\/84310.fr\/jardin-morierois\/wp-json\/wp\/v2\/types\/page"}],"author":[{"embeddable":true,"href":"https:\/\/84310.fr\/jardin-morierois\/wp-json\/wp\/v2\/users\/1"}],"replies":[{"embeddable":true,"href":"https:\/\/84310.fr\/jardin-morierois\/wp-json\/wp\/v2\/comments?post=2912"}],"version-history":[{"count":12,"href":"https:\/\/84310.fr\/jardin-morierois\/wp-json\/wp\/v2\/pages\/2912\/revisions"}],"predecessor-version":[{"id":3177,"href":"https:\/\/84310.fr\/jardin-morierois\/wp-json\/wp\/v2\/pages\/2912\/revisions\/3177"}],"wp:attachment":[{"href":"https:\/\/84310.fr\/jardin-morierois\/wp-json\/wp\/v2\/media?parent=2912"}],"curies":[{"name":"wp","href":"https:\/\/api.w.org\/{rel}","templated":true}]}}