{"id":2859,"date":"2019-08-09T16:36:53","date_gmt":"2019-08-09T15:36:53","guid":{"rendered":"http:\/\/84310.fr\/jardin-morierois\/?page_id=2859"},"modified":"2019-08-09T21:01:18","modified_gmt":"2019-08-09T20:01:18","slug":"2019-haricots-a-rames-2-varietes","status":"publish","type":"page","link":"https:\/\/84310.fr\/jardin-morierois\/2019-haricots-a-rames-2-varietes\/","title":{"rendered":"2019 Haricots \u00e0 Rames ( 2 vari\u00e9t\u00e9s )"},"content":{"rendered":"<h4><strong>2 Aout\u00a0 2019<\/strong><\/h4>\n<p>Je re\u00e7ois un mail de la bonne<\/p>\n<p>Au niveau de la double rang\u00e9e de 25 tomates, la plus importante des mes rang\u00e9es qui n&rsquo;a pratiquement rien produit,\u00a0 se trouvent quelques plants de basilic, quelques choux qui ont fait le r\u00e9gal des gendarmes et punaises, et quelques poir\u00e9es ou c\u00f4tes de blettes qui commencent a produire.<br \/>\nJ&rsquo;ai eu l&rsquo;envie de tester les haricots \u00e0 rames, j&rsquo;en ai donc pris deux vari\u00e9t\u00e9s, et j&rsquo;ai partag\u00e9 les graines une vari\u00e9t\u00e9 d&rsquo;un cot\u00e9, et l&rsquo;autre &#8230; de l&rsquo;autre.<br \/>\n<img loading=\"lazy\" decoding=\"async\" class=\"alignnone size-full wp-image-2865\" src=\"https:\/\/84310.fr\/jardin-morierois\/wp-content\/uploads\/2019\/08\/rr.jpg\" alt=\"\" width=\"800\" height=\"606\" srcset=\"https:\/\/84310.fr\/jardin-morierois\/wp-content\/uploads\/2019\/08\/rr.jpg 800w, https:\/\/84310.fr\/jardin-morierois\/wp-content\/uploads\/2019\/08\/rr-300x227.jpg 300w, https:\/\/84310.fr\/jardin-morierois\/wp-content\/uploads\/2019\/08\/rr-768x582.jpg 768w\" sizes=\"auto, (max-width: 800px) 100vw, 800px\" \/><br \/>\nj&rsquo;ai fait des poquets de 4 graines dispos\u00e9s de part et d&rsquo;autre de chaque bambou suppos\u00e9 supporter des kilos et des kilos de tomates, ( pas de commentaire &#8230;)<\/p>\n<h4><strong>9 Aout 2019<\/strong><\/h4>\n<p>au bout d&rsquo;une petite semaine, une grosse majorit\u00e9 de haricots commence \u00e0 sortir de terre..<br \/>\nun arrosage l\u00e9ger a \u00e9t\u00e9 fait les deux premiers jours pour humidifier la terre, et puis plus rien depuis.<br \/>\n<img loading=\"lazy\" decoding=\"async\" class=\"alignnone size-full wp-image-2864\" src=\"https:\/\/84310.fr\/jardin-morierois\/wp-content\/uploads\/2019\/08\/qq.jpg\" alt=\"\" width=\"800\" height=\"600\" srcset=\"https:\/\/84310.fr\/jardin-morierois\/wp-content\/uploads\/2019\/08\/qq.jpg 800w, https:\/\/84310.fr\/jardin-morierois\/wp-content\/uploads\/2019\/08\/qq-300x225.jpg 300w, https:\/\/84310.fr\/jardin-morierois\/wp-content\/uploads\/2019\/08\/qq-768x576.jpg 768w\" sizes=\"auto, (max-width: 800px) 100vw, 800px\" \/><\/p>\n<p>&nbsp;<\/p>\n","protected":false},"excerpt":{"rendered":"<p>2 Aout\u00a0 2019 Je re\u00e7ois un mail de la bonne Au niveau de la double rang\u00e9e de 25 tomates, la plus importante des mes rang\u00e9es qui n&rsquo;a pratiquement rien produit,\u00a0 se trouvent quelques plants de basilic, quelques choux qui ont&hellip; <\/p>\n","protected":false},"author":1,"featured_media":0,"parent":0,"menu_order":0,"comment_status":"closed","ping_status":"closed","template":"","meta":{"_exactmetrics_skip_tracking":false,"_exactmetrics_sitenote_active":false,"_exactmetrics_sitenote_note":"","_exactmetrics_sitenote_category":0,"footnotes":""},"class_list":["post-2859","page","type-page","status-publish","hentry"],"_links":{"self":[{"href":"https:\/\/84310.fr\/jardin-morierois\/wp-json\/wp\/v2\/pages\/2859","targetHints":{"allow":["GET"]}}],"collection":[{"href":"https:\/\/84310.fr\/jardin-morierois\/wp-json\/wp\/v2\/pages"}],"about":[{"href":"https:\/\/84310.fr\/jardin-morierois\/wp-json\/wp\/v2\/types\/page"}],"author":[{"embeddable":true,"href":"https:\/\/84310.fr\/jardin-morierois\/wp-json\/wp\/v2\/users\/1"}],"replies":[{"embeddable":true,"href":"https:\/\/84310.fr\/jardin-morierois\/wp-json\/wp\/v2\/comments?post=2859"}],"version-history":[{"count":3,"href":"https:\/\/84310.fr\/jardin-morierois\/wp-json\/wp\/v2\/pages\/2859\/revisions"}],"predecessor-version":[{"id":2867,"href":"https:\/\/84310.fr\/jardin-morierois\/wp-json\/wp\/v2\/pages\/2859\/revisions\/2867"}],"wp:attachment":[{"href":"https:\/\/84310.fr\/jardin-morierois\/wp-json\/wp\/v2\/media?parent=2859"}],"curies":[{"name":"wp","href":"https:\/\/api.w.org\/{rel}","templated":true}]}}