{"id":2855,"date":"2019-08-09T16:18:37","date_gmt":"2019-08-09T15:18:37","guid":{"rendered":"http:\/\/84310.fr\/jardin-morierois\/?page_id=2855"},"modified":"2019-08-09T16:18:37","modified_gmt":"2019-08-09T15:18:37","slug":"2019-haricots-serpent","status":"publish","type":"page","link":"https:\/\/84310.fr\/jardin-morierois\/2019-haricots-serpent\/","title":{"rendered":"2019 Haricots SERPENT"},"content":{"rendered":"<p>une de mes voisines adepte du jardinage bio m&rsquo;a apport\u00e9 les 20 derni\u00e8res graines de haricots Serpent ( vari\u00e9t\u00e9 \u00e0 rame, voir haricot m\u00e8tre ou kilom\u00e8tre &#8230; ) de Kokopelli bien s\u00fbr ! <img loading=\"lazy\" decoding=\"async\" class=\"alignnone size-full wp-image-2856\" src=\"https:\/\/84310.fr\/jardin-morierois\/wp-content\/uploads\/2019\/08\/DSCN9827.jpg\" alt=\"\" width=\"800\" height=\"581\" srcset=\"https:\/\/84310.fr\/jardin-morierois\/wp-content\/uploads\/2019\/08\/DSCN9827.jpg 800w, https:\/\/84310.fr\/jardin-morierois\/wp-content\/uploads\/2019\/08\/DSCN9827-300x218.jpg 300w, https:\/\/84310.fr\/jardin-morierois\/wp-content\/uploads\/2019\/08\/DSCN9827-768x558.jpg 768w\" sizes=\"auto, (max-width: 800px) 100vw, 800px\" \/><\/p>\n<p>J&rsquo;en ai dispos\u00e9 quelques graines dans l&rsquo;annexe au pieds de certains bambous libres en acc\u00e8s &#8230; et je me suis rendu compte que j&rsquo;avais d\u00e9j\u00e0 mis la semaine derni\u00e8re quelques graines de haricots \u00e0 rames ( les m\u00eames que j&rsquo;ai mis dans la double rang\u00e9e de tomates qui n&rsquo;ont presque rien produit )<\/p>\n<p><img loading=\"lazy\" decoding=\"async\" class=\"alignnone size-full wp-image-2833\" src=\"https:\/\/84310.fr\/jardin-morierois\/wp-content\/uploads\/2019\/08\/DSCN9787.jpg\" alt=\"\" width=\"800\" height=\"600\" srcset=\"https:\/\/84310.fr\/jardin-morierois\/wp-content\/uploads\/2019\/08\/DSCN9787.jpg 800w, https:\/\/84310.fr\/jardin-morierois\/wp-content\/uploads\/2019\/08\/DSCN9787-300x225.jpg 300w, https:\/\/84310.fr\/jardin-morierois\/wp-content\/uploads\/2019\/08\/DSCN9787-768x576.jpg 768w\" sizes=\"auto, (max-width: 800px) 100vw, 800px\" \/><\/p>\n<p>Le reste des graines a \u00e9t\u00e9 dispos\u00e9 au pied des bambous qui maintiennent les aubergines,<\/p>\n","protected":false},"excerpt":{"rendered":"<p>une de mes voisines adepte du jardinage bio m&rsquo;a apport\u00e9 les 20 derni\u00e8res graines de haricots Serpent ( vari\u00e9t\u00e9 \u00e0 rame, voir haricot m\u00e8tre ou kilom\u00e8tre &#8230; ) de Kokopelli bien s\u00fbr ! J&rsquo;en ai dispos\u00e9 quelques graines dans l&rsquo;annexe&hellip; <\/p>\n","protected":false},"author":1,"featured_media":0,"parent":0,"menu_order":0,"comment_status":"closed","ping_status":"closed","template":"","meta":{"_exactmetrics_skip_tracking":false,"_exactmetrics_sitenote_active":false,"_exactmetrics_sitenote_note":"","_exactmetrics_sitenote_category":0,"footnotes":""},"class_list":["post-2855","page","type-page","status-publish","hentry"],"_links":{"self":[{"href":"https:\/\/84310.fr\/jardin-morierois\/wp-json\/wp\/v2\/pages\/2855","targetHints":{"allow":["GET"]}}],"collection":[{"href":"https:\/\/84310.fr\/jardin-morierois\/wp-json\/wp\/v2\/pages"}],"about":[{"href":"https:\/\/84310.fr\/jardin-morierois\/wp-json\/wp\/v2\/types\/page"}],"author":[{"embeddable":true,"href":"https:\/\/84310.fr\/jardin-morierois\/wp-json\/wp\/v2\/users\/1"}],"replies":[{"embeddable":true,"href":"https:\/\/84310.fr\/jardin-morierois\/wp-json\/wp\/v2\/comments?post=2855"}],"version-history":[{"count":1,"href":"https:\/\/84310.fr\/jardin-morierois\/wp-json\/wp\/v2\/pages\/2855\/revisions"}],"predecessor-version":[{"id":2857,"href":"https:\/\/84310.fr\/jardin-morierois\/wp-json\/wp\/v2\/pages\/2855\/revisions\/2857"}],"wp:attachment":[{"href":"https:\/\/84310.fr\/jardin-morierois\/wp-json\/wp\/v2\/media?parent=2855"}],"curies":[{"name":"wp","href":"https:\/\/api.w.org\/{rel}","templated":true}]}}