{"id":2821,"date":"2019-06-02T11:16:00","date_gmt":"2019-06-02T10:16:00","guid":{"rendered":"http:\/\/84310.fr\/jardin-morierois\/?page_id=2821"},"modified":"2019-08-04T16:24:23","modified_gmt":"2019-08-04T15:24:23","slug":"2019-courgettes-de-nice","status":"publish","type":"page","link":"https:\/\/84310.fr\/jardin-morierois\/2019-courgettes-de-nice\/","title":{"rendered":"2019 courgettes de Nice"},"content":{"rendered":"<p>L&rsquo;ann\u00e9e derni\u00e8re ( saison 2018 ) nous avions eu une douzaine de plants de courgettes de Nice, qui avec les oublis, nous avait donn\u00e9 de grosses courges de Nice, ( quelles bonnes soupes !!! ) pr\u00e9s de 96 kilos en tout, ( courgettes + courges )<\/p>\n<h4><span style=\"color: #339966;\"><strong>Dimanche 4 Aout 2019<\/strong><\/span><\/h4>\n<p>cette ann\u00e9e, nous avons d\u00e9cid\u00e9 de \u00a0\u00bb doubler \u00a0\u00bb la quantit\u00e9, la rang\u00e9e de 7 s&rsquo;est\u00a0 transform\u00e9e en rang\u00e9e de 14, et je ne compte plus les plants dispers\u00e9s \u00e7\u00e0 et l\u00e0 dans le jardin ou dans les coins de la propri\u00e9t\u00e9. je viens de regarder mes comptes, et je dirai au moins 21 plants de courgettes de Nice de plant\u00e9s ( tous n&rsquo;ont pas surv\u00e9cus )<br \/>\nje dois aussi ajouter deux plants de courgettes Jaunes qu&rsquo;un coll\u00e8gue de travail m&rsquo;a donn\u00e9 et qui commencent \u00e0 produire, ainsi qu&rsquo;un voisin qui m&rsquo;a donn\u00e9 quelques exemplaires de Butternut.<br \/>\n<img loading=\"lazy\" decoding=\"async\" class=\"alignnone size-full wp-image-2846\" src=\"https:\/\/84310.fr\/jardin-morierois\/wp-content\/uploads\/2019\/08\/DSCN9786.jpg\" alt=\"\" width=\"800\" height=\"600\" srcset=\"https:\/\/84310.fr\/jardin-morierois\/wp-content\/uploads\/2019\/08\/DSCN9786.jpg 800w, https:\/\/84310.fr\/jardin-morierois\/wp-content\/uploads\/2019\/08\/DSCN9786-300x225.jpg 300w, https:\/\/84310.fr\/jardin-morierois\/wp-content\/uploads\/2019\/08\/DSCN9786-768x576.jpg 768w\" sizes=\"auto, (max-width: 800px) 100vw, 800px\" \/><br \/>\nLa rang\u00e9e a \u00e9t\u00e9 purement doubl\u00e9e. 14 au lieu de 7 l&rsquo;ann\u00e9e derni\u00e8re. <img loading=\"lazy\" decoding=\"async\" class=\"alignnone size-full wp-image-2847\" src=\"https:\/\/84310.fr\/jardin-morierois\/wp-content\/uploads\/2019\/08\/DSCN9792.jpg\" alt=\"\" width=\"800\" height=\"600\" srcset=\"https:\/\/84310.fr\/jardin-morierois\/wp-content\/uploads\/2019\/08\/DSCN9792.jpg 800w, https:\/\/84310.fr\/jardin-morierois\/wp-content\/uploads\/2019\/08\/DSCN9792-300x225.jpg 300w, https:\/\/84310.fr\/jardin-morierois\/wp-content\/uploads\/2019\/08\/DSCN9792-768x576.jpg 768w\" sizes=\"auto, (max-width: 800px) 100vw, 800px\" \/><br \/>\n\u00e0 ce jour 8 kilos de courgettes de Nice et 7 kilos de courgettes Jaunes<\/p>\n<p><img loading=\"lazy\" decoding=\"async\" class=\"alignnone size-full wp-image-2848\" src=\"https:\/\/84310.fr\/jardin-morierois\/wp-content\/uploads\/2019\/08\/DSCN9797.jpg\" alt=\"\" width=\"800\" height=\"600\" srcset=\"https:\/\/84310.fr\/jardin-morierois\/wp-content\/uploads\/2019\/08\/DSCN9797.jpg 800w, https:\/\/84310.fr\/jardin-morierois\/wp-content\/uploads\/2019\/08\/DSCN9797-300x225.jpg 300w, https:\/\/84310.fr\/jardin-morierois\/wp-content\/uploads\/2019\/08\/DSCN9797-768x576.jpg 768w\" sizes=\"auto, (max-width: 800px) 100vw, 800px\" \/><br \/>\nM\u00eame dans l&rsquo;annexe, il y a des courgettes, celle ci s&rsquo;est retrouv\u00e9e coinc\u00e9e dans la cl\u00f4ture, et elle continue de grossir &#8230;<\/p>\n<p>&nbsp;<\/p>\n","protected":false},"excerpt":{"rendered":"<p>L&rsquo;ann\u00e9e derni\u00e8re ( saison 2018 ) nous avions eu une douzaine de plants de courgettes de Nice, qui avec les oublis, nous avait donn\u00e9 de grosses courges de Nice, ( quelles bonnes soupes !!! ) pr\u00e9s de 96 kilos en&hellip; <\/p>\n","protected":false},"author":1,"featured_media":0,"parent":0,"menu_order":0,"comment_status":"closed","ping_status":"closed","template":"","meta":{"_exactmetrics_skip_tracking":false,"_exactmetrics_sitenote_active":false,"_exactmetrics_sitenote_note":"","_exactmetrics_sitenote_category":0,"footnotes":""},"class_list":["post-2821","page","type-page","status-publish","hentry"],"_links":{"self":[{"href":"https:\/\/84310.fr\/jardin-morierois\/wp-json\/wp\/v2\/pages\/2821","targetHints":{"allow":["GET"]}}],"collection":[{"href":"https:\/\/84310.fr\/jardin-morierois\/wp-json\/wp\/v2\/pages"}],"about":[{"href":"https:\/\/84310.fr\/jardin-morierois\/wp-json\/wp\/v2\/types\/page"}],"author":[{"embeddable":true,"href":"https:\/\/84310.fr\/jardin-morierois\/wp-json\/wp\/v2\/users\/1"}],"replies":[{"embeddable":true,"href":"https:\/\/84310.fr\/jardin-morierois\/wp-json\/wp\/v2\/comments?post=2821"}],"version-history":[{"count":4,"href":"https:\/\/84310.fr\/jardin-morierois\/wp-json\/wp\/v2\/pages\/2821\/revisions"}],"predecessor-version":[{"id":2850,"href":"https:\/\/84310.fr\/jardin-morierois\/wp-json\/wp\/v2\/pages\/2821\/revisions\/2850"}],"wp:attachment":[{"href":"https:\/\/84310.fr\/jardin-morierois\/wp-json\/wp\/v2\/media?parent=2821"}],"curies":[{"name":"wp","href":"https:\/\/api.w.org\/{rel}","templated":true}]}}