{"id":28,"date":"2016-03-04T21:45:09","date_gmt":"2016-03-04T20:45:09","guid":{"rendered":"http:\/\/84310.fr\/jardin-morierois\/?page_id=28"},"modified":"2016-11-11T09:41:51","modified_gmt":"2016-11-11T08:41:51","slug":"coeur-de-boeuf","status":"publish","type":"page","link":"https:\/\/84310.fr\/jardin-morierois\/coeur-de-boeuf\/","title":{"rendered":"COEUR DE BOEUF"},"content":{"rendered":"<p>tomate c\u0153ur de Boeuf<\/p>\n<p>12 graines sem\u00e9es le 19 F\u00e9vrier 2016<br \/>\nLe 24 F\u00e9vrier, comme il me restait quelques graines, j\u2019ai sem\u00e9 deux graines de plus par\u00a0\u00a0\u00a0\u00a0\u00a0\u00a0\u00a0\u00a0\u00a0\u00a0\u00a0\u00a0\u00a0 \u00a0\u00bb s\u00e9curit\u00e9 \u00a0\u00bb<\/p>\n<p>Le 13 Mars, sur les 6 plants initiaux, 4 plants pr\u00e9vus pour greffe ont \u00e9t\u00e9 transplant\u00e9s en godet.<\/p>\n<p>Le 14 Mars, j&rsquo;ai mis le seul des plants Bonus qui a pouss\u00e9, en godet.<\/p>\n<p><span style=\"color: #3366ff;\"><strong>Total au 19\/06\/16<\/strong><\/span><\/p>\n<p>Greff\u00e9 =&gt; 2<br \/>\nNormales =&gt; 2<br \/>\nHexagone =&gt; 1<img loading=\"lazy\" decoding=\"async\" class=\"alignnone size-full wp-image-727\" src=\"https:\/\/84310.fr\/jardin-morierois\/wp-content\/uploads\/2016\/03\/DSCN2649coeurboeuf1.jpg\" alt=\"DSCN2649coeurboeuf1\" width=\"800\" height=\"600\" srcset=\"https:\/\/84310.fr\/jardin-morierois\/wp-content\/uploads\/2016\/03\/DSCN2649coeurboeuf1.jpg 800w, https:\/\/84310.fr\/jardin-morierois\/wp-content\/uploads\/2016\/03\/DSCN2649coeurboeuf1-300x225.jpg 300w, https:\/\/84310.fr\/jardin-morierois\/wp-content\/uploads\/2016\/03\/DSCN2649coeurboeuf1-768x576.jpg 768w\" sizes=\"auto, (max-width: 800px) 100vw, 800px\" \/><\/p>\n<p>Ce qui est bizarre, c&rsquo;est que c&rsquo;est sur des plants classiques, m\u00eame un peu fr\u00eales que ce trouvent ce deux belles tomates<\/p>\n<p><img loading=\"lazy\" decoding=\"async\" class=\"alignnone size-full wp-image-728\" src=\"https:\/\/84310.fr\/jardin-morierois\/wp-content\/uploads\/2016\/03\/DSCN2650coeurboeuf2.jpg\" alt=\"DSCN2650coeurboeuf2\" width=\"800\" height=\"600\" srcset=\"https:\/\/84310.fr\/jardin-morierois\/wp-content\/uploads\/2016\/03\/DSCN2650coeurboeuf2.jpg 800w, https:\/\/84310.fr\/jardin-morierois\/wp-content\/uploads\/2016\/03\/DSCN2650coeurboeuf2-300x225.jpg 300w, https:\/\/84310.fr\/jardin-morierois\/wp-content\/uploads\/2016\/03\/DSCN2650coeurboeuf2-768x576.jpg 768w\" sizes=\"auto, (max-width: 800px) 100vw, 800px\" \/><\/p>\n<p>pareil pour l&rsquo;autre plant, malingre, l\u00e9ger mais portant deux beaux fruits.<\/p>\n<h2 style=\"text-align: center;\"><span style=\"color: #ff0000;\"><strong>STATISTIQUES de la saison 2016<\/strong><\/span><\/h2>\n<p><img loading=\"lazy\" decoding=\"async\" class=\"alignnone size-full wp-image-980\" src=\"https:\/\/84310.fr\/jardin-morierois\/wp-content\/uploads\/2016\/03\/coeur-boeuf2.jpg\" alt=\"coeur-boeuf2\" width=\"710\" height=\"137\" srcset=\"https:\/\/84310.fr\/jardin-morierois\/wp-content\/uploads\/2016\/03\/coeur-boeuf2.jpg 710w, https:\/\/84310.fr\/jardin-morierois\/wp-content\/uploads\/2016\/03\/coeur-boeuf2-300x58.jpg 300w\" sizes=\"auto, (max-width: 710px) 100vw, 710px\" \/><\/p>\n<p>cette vari\u00e9t\u00e9 de tomate a \u00e9t\u00e9 un fiasco cette ann\u00e9e &#8230;<\/p>\n<p>\u00e0 moins que je me fournisse d&rsquo;autres graines,\u00a0 &#8230;<\/p>\n<p><strong><span style=\"color: #ff0000;\">ce n&rsquo;est pas une vari\u00e9t\u00e9 que je referai en 2017 &#8230;<\/span><\/strong><\/p>\n","protected":false},"excerpt":{"rendered":"<p>tomate c\u0153ur de Boeuf 12 graines sem\u00e9es le 19 F\u00e9vrier 2016 Le 24 F\u00e9vrier, comme il me restait quelques graines, j\u2019ai sem\u00e9 deux graines de plus par\u00a0\u00a0\u00a0\u00a0\u00a0\u00a0\u00a0\u00a0\u00a0\u00a0\u00a0\u00a0\u00a0 \u00a0\u00bb s\u00e9curit\u00e9 \u00a0\u00bb Le 13 Mars, sur les 6 plants initiaux, 4 plants&hellip; <\/p>\n","protected":false},"author":1,"featured_media":0,"parent":0,"menu_order":0,"comment_status":"closed","ping_status":"closed","template":"","meta":{"_exactmetrics_skip_tracking":false,"_exactmetrics_sitenote_active":false,"_exactmetrics_sitenote_note":"","_exactmetrics_sitenote_category":0,"footnotes":""},"class_list":["post-28","page","type-page","status-publish","hentry"],"_links":{"self":[{"href":"https:\/\/84310.fr\/jardin-morierois\/wp-json\/wp\/v2\/pages\/28","targetHints":{"allow":["GET"]}}],"collection":[{"href":"https:\/\/84310.fr\/jardin-morierois\/wp-json\/wp\/v2\/pages"}],"about":[{"href":"https:\/\/84310.fr\/jardin-morierois\/wp-json\/wp\/v2\/types\/page"}],"author":[{"embeddable":true,"href":"https:\/\/84310.fr\/jardin-morierois\/wp-json\/wp\/v2\/users\/1"}],"replies":[{"embeddable":true,"href":"https:\/\/84310.fr\/jardin-morierois\/wp-json\/wp\/v2\/comments?post=28"}],"version-history":[{"count":5,"href":"https:\/\/84310.fr\/jardin-morierois\/wp-json\/wp\/v2\/pages\/28\/revisions"}],"predecessor-version":[{"id":981,"href":"https:\/\/84310.fr\/jardin-morierois\/wp-json\/wp\/v2\/pages\/28\/revisions\/981"}],"wp:attachment":[{"href":"https:\/\/84310.fr\/jardin-morierois\/wp-json\/wp\/v2\/media?parent=28"}],"curies":[{"name":"wp","href":"https:\/\/api.w.org\/{rel}","templated":true}]}}