{"id":2795,"date":"2019-06-02T09:20:45","date_gmt":"2019-06-02T08:20:45","guid":{"rendered":"http:\/\/84310.fr\/jardin-morierois\/?page_id=2795"},"modified":"2019-06-02T09:20:45","modified_gmt":"2019-06-02T08:20:45","slug":"2019-mai","status":"publish","type":"page","link":"https:\/\/84310.fr\/jardin-morierois\/2019-mai\/","title":{"rendered":"2019 Mai"},"content":{"rendered":"<p><img loading=\"lazy\" decoding=\"async\" class=\"alignnone size-full wp-image-2796\" src=\"https:\/\/84310.fr\/jardin-morierois\/wp-content\/uploads\/2019\/06\/P_20190518_200747.jpg\" alt=\"\" width=\"800\" height=\"600\" srcset=\"https:\/\/84310.fr\/jardin-morierois\/wp-content\/uploads\/2019\/06\/P_20190518_200747.jpg 800w, https:\/\/84310.fr\/jardin-morierois\/wp-content\/uploads\/2019\/06\/P_20190518_200747-300x225.jpg 300w, https:\/\/84310.fr\/jardin-morierois\/wp-content\/uploads\/2019\/06\/P_20190518_200747-768x576.jpg 768w\" sizes=\"auto, (max-width: 800px) 100vw, 800px\" \/>d&rsquo;un cot\u00e9 les petits pois ..<br \/>\n<img loading=\"lazy\" decoding=\"async\" class=\"alignnone size-full wp-image-2798\" src=\"https:\/\/84310.fr\/jardin-morierois\/wp-content\/uploads\/2019\/06\/P_20190518_200901.jpg\" alt=\"\" width=\"800\" height=\"600\" srcset=\"https:\/\/84310.fr\/jardin-morierois\/wp-content\/uploads\/2019\/06\/P_20190518_200901.jpg 800w, https:\/\/84310.fr\/jardin-morierois\/wp-content\/uploads\/2019\/06\/P_20190518_200901-300x225.jpg 300w, https:\/\/84310.fr\/jardin-morierois\/wp-content\/uploads\/2019\/06\/P_20190518_200901-768x576.jpg 768w\" sizes=\"auto, (max-width: 800px) 100vw, 800px\" \/>\u00a0 De l&rsquo;autre, les cosses &#8230; finement tri\u00e9es et \u00e9pluch\u00e9es<img loading=\"lazy\" decoding=\"async\" class=\"alignnone size-full wp-image-2800\" src=\"https:\/\/84310.fr\/jardin-morierois\/wp-content\/uploads\/2019\/06\/P_20190519_111406.jpg\" alt=\"\" width=\"800\" height=\"600\" srcset=\"https:\/\/84310.fr\/jardin-morierois\/wp-content\/uploads\/2019\/06\/P_20190519_111406.jpg 800w, https:\/\/84310.fr\/jardin-morierois\/wp-content\/uploads\/2019\/06\/P_20190519_111406-300x225.jpg 300w, https:\/\/84310.fr\/jardin-morierois\/wp-content\/uploads\/2019\/06\/P_20190519_111406-768x576.jpg 768w\" sizes=\"auto, (max-width: 800px) 100vw, 800px\" \/><br \/>\nSoupe de cosses de petits pois, rien ne se perd &#8230;<img loading=\"lazy\" decoding=\"async\" class=\"alignnone size-full wp-image-2803\" src=\"https:\/\/84310.fr\/jardin-morierois\/wp-content\/uploads\/2019\/06\/P_20190519_122633.jpg\" alt=\"\" width=\"800\" height=\"600\" srcset=\"https:\/\/84310.fr\/jardin-morierois\/wp-content\/uploads\/2019\/06\/P_20190519_122633.jpg 800w, https:\/\/84310.fr\/jardin-morierois\/wp-content\/uploads\/2019\/06\/P_20190519_122633-300x225.jpg 300w, https:\/\/84310.fr\/jardin-morierois\/wp-content\/uploads\/2019\/06\/P_20190519_122633-768x576.jpg 768w\" sizes=\"auto, (max-width: 800px) 100vw, 800px\" \/><br \/>\nQuelques lardons, bien dor\u00e9s<\/p>\n<p><img loading=\"lazy\" decoding=\"async\" class=\"alignnone size-full wp-image-2801\" src=\"https:\/\/84310.fr\/jardin-morierois\/wp-content\/uploads\/2019\/06\/P_20190519_114408.jpg\" alt=\"\" width=\"800\" height=\"600\" srcset=\"https:\/\/84310.fr\/jardin-morierois\/wp-content\/uploads\/2019\/06\/P_20190519_114408.jpg 800w, https:\/\/84310.fr\/jardin-morierois\/wp-content\/uploads\/2019\/06\/P_20190519_114408-300x225.jpg 300w, https:\/\/84310.fr\/jardin-morierois\/wp-content\/uploads\/2019\/06\/P_20190519_114408-768x576.jpg 768w\" sizes=\"auto, (max-width: 800px) 100vw, 800px\" \/><br \/>\nUn peu de carottes, quelques oignons \u00e9minc\u00e9s, les petits pois y sont incorpor\u00e9s .<\/p>\n<p><img loading=\"lazy\" decoding=\"async\" class=\"alignnone size-full wp-image-2797\" src=\"https:\/\/84310.fr\/jardin-morierois\/wp-content\/uploads\/2019\/06\/P_20190518_200835.jpg\" alt=\"\" width=\"800\" height=\"646\" srcset=\"https:\/\/84310.fr\/jardin-morierois\/wp-content\/uploads\/2019\/06\/P_20190518_200835.jpg 800w, https:\/\/84310.fr\/jardin-morierois\/wp-content\/uploads\/2019\/06\/P_20190518_200835-300x242.jpg 300w, https:\/\/84310.fr\/jardin-morierois\/wp-content\/uploads\/2019\/06\/P_20190518_200835-768x620.jpg 768w\" sizes=\"auto, (max-width: 800px) 100vw, 800px\" \/><br \/>\nPois gourmands<img loading=\"lazy\" decoding=\"async\" class=\"alignnone size-full wp-image-2802\" src=\"https:\/\/84310.fr\/jardin-morierois\/wp-content\/uploads\/2019\/06\/P_20190519_114430.jpg\" alt=\"\" width=\"800\" height=\"600\" srcset=\"https:\/\/84310.fr\/jardin-morierois\/wp-content\/uploads\/2019\/06\/P_20190519_114430.jpg 800w, https:\/\/84310.fr\/jardin-morierois\/wp-content\/uploads\/2019\/06\/P_20190519_114430-300x225.jpg 300w, https:\/\/84310.fr\/jardin-morierois\/wp-content\/uploads\/2019\/06\/P_20190519_114430-768x576.jpg 768w\" sizes=\"auto, (max-width: 800px) 100vw, 800px\" \/><br \/>\nAjout\u00e9s avec quelques lardons&#8230; \u00a0 <img loading=\"lazy\" decoding=\"async\" class=\"alignnone size-full wp-image-2805\" src=\"https:\/\/84310.fr\/jardin-morierois\/wp-content\/uploads\/2019\/06\/P_20190519_124318.jpg\" alt=\"\" width=\"800\" height=\"600\" srcset=\"https:\/\/84310.fr\/jardin-morierois\/wp-content\/uploads\/2019\/06\/P_20190519_124318.jpg 800w, https:\/\/84310.fr\/jardin-morierois\/wp-content\/uploads\/2019\/06\/P_20190519_124318-300x225.jpg 300w, https:\/\/84310.fr\/jardin-morierois\/wp-content\/uploads\/2019\/06\/P_20190519_124318-768x576.jpg 768w\" sizes=\"auto, (max-width: 800px) 100vw, 800px\" \/><\/p>\n<p>le r\u00e9sultat final &#8230;. R\u00f4ti Orloff avec petits pois et gourmands.<\/p>\n","protected":false},"excerpt":{"rendered":"<p>d&rsquo;un cot\u00e9 les petits pois .. \u00a0 De l&rsquo;autre, les cosses &#8230; finement tri\u00e9es et \u00e9pluch\u00e9es Soupe de cosses de petits pois, rien ne se perd &#8230; Quelques lardons, bien dor\u00e9s Un peu de carottes, quelques oignons \u00e9minc\u00e9s, les petits&hellip; <\/p>\n","protected":false},"author":1,"featured_media":0,"parent":0,"menu_order":0,"comment_status":"closed","ping_status":"closed","template":"","meta":{"_exactmetrics_skip_tracking":false,"_exactmetrics_sitenote_active":false,"_exactmetrics_sitenote_note":"","_exactmetrics_sitenote_category":0,"footnotes":""},"class_list":["post-2795","page","type-page","status-publish","hentry"],"_links":{"self":[{"href":"https:\/\/84310.fr\/jardin-morierois\/wp-json\/wp\/v2\/pages\/2795","targetHints":{"allow":["GET"]}}],"collection":[{"href":"https:\/\/84310.fr\/jardin-morierois\/wp-json\/wp\/v2\/pages"}],"about":[{"href":"https:\/\/84310.fr\/jardin-morierois\/wp-json\/wp\/v2\/types\/page"}],"author":[{"embeddable":true,"href":"https:\/\/84310.fr\/jardin-morierois\/wp-json\/wp\/v2\/users\/1"}],"replies":[{"embeddable":true,"href":"https:\/\/84310.fr\/jardin-morierois\/wp-json\/wp\/v2\/comments?post=2795"}],"version-history":[{"count":1,"href":"https:\/\/84310.fr\/jardin-morierois\/wp-json\/wp\/v2\/pages\/2795\/revisions"}],"predecessor-version":[{"id":2806,"href":"https:\/\/84310.fr\/jardin-morierois\/wp-json\/wp\/v2\/pages\/2795\/revisions\/2806"}],"wp:attachment":[{"href":"https:\/\/84310.fr\/jardin-morierois\/wp-json\/wp\/v2\/media?parent=2795"}],"curies":[{"name":"wp","href":"https:\/\/api.w.org\/{rel}","templated":true}]}}