{"id":2733,"date":"2019-05-03T21:49:24","date_gmt":"2019-05-03T20:49:24","guid":{"rendered":"http:\/\/84310.fr\/jardin-morierois\/?page_id=2733"},"modified":"2019-05-11T20:03:13","modified_gmt":"2019-05-11T19:03:13","slug":"2019-honda-f600-remise-en-etat","status":"publish","type":"page","link":"https:\/\/84310.fr\/jardin-morierois\/2019-honda-f600-remise-en-etat\/","title":{"rendered":"2019 Honda F600 Remise en \u00e9tat"},"content":{"rendered":"<h4><span style=\"color: #ff00ff;\"><strong>3 Mai 2019<\/strong><\/span><\/h4>\n<p>L&rsquo;ann\u00e9e derni\u00e8re j&rsquo;ai eu comme projet de remettre en \u00e9tat le vieux Honda F600 de mon papa.<\/p>\n<p>Cet appareil, a \u00e9t\u00e9 achet\u00e9 en 1978, a eu quelques probl\u00e8mes d&rsquo;entretien &#8230; ( mon papa n&rsquo;\u00e9tait pas beaucoup m\u00e9canicien ).<br \/>\nla liste des probl\u00e8mes <a href=\"https:\/\/84310.fr\/jardin-morierois\/2018-honda-f600-remise-en-etat\/\">sur cette page !!!<\/a><\/p>\n<p>Le d\u00e9but d&rsquo;ann\u00e9e 2019 a eu d&rsquo;autres priorit\u00e9s,et avec les beaux jours, je reprends ce projet de restauration.<\/p>\n<p><strong>Le lanceur : <\/strong>de nombreux soucis<br \/>\nApr\u00e8s avoir pes\u00e9 le pour et le contre, je me suis lanc\u00e9 dans ce projet de restauration.<br \/>\npour ce qui est du lanceur cass\u00e9, ( je ne compte plus les changements de cordes, il faut dire qu&rsquo;il faut le d\u00e9marrer le bougre .., le ressort a finalement c\u00e9d\u00e9 au bout de 40 ans de lancers olympiques,) les prix du ressort sur internet varient entre 8 et 17 euros, auquel il faut rajouter entre 5 et 8 euros de frais de port&#8230; de plus, je me suis aper\u00e7u qu&rsquo;il manquait \u00e0 l&rsquo;int\u00e9rieur un m\u00e9canisme avec ressort et plaques de frictions, que j&rsquo;ai trouv\u00e9 sur le web pour une douzaine d&rsquo;euros sans compter les frais de ports, et \u00e0 condition que les pi\u00e8ces soient bien celles qu&rsquo;il me faut.<br \/>\n<img loading=\"lazy\" decoding=\"async\" class=\"size-full wp-image-2750 aligncenter\" src=\"https:\/\/84310.fr\/jardin-morierois\/wp-content\/uploads\/2019\/05\/ressort-lanceur.jpg\" alt=\"\" width=\"129\" height=\"129\" \/><br \/>\nSinon, sur le bon coin, j&rsquo;ai trouv\u00e9 le m\u00eame lanceur, ( d&rsquo;origine bien s\u00fbr ) avec l&rsquo;autocollant Honda ( que je ne me souviens pas avoir vu sur celui de mon paternel ) not\u00e9 en tr\u00e8s bon \u00e9tat.<br \/>\nLe tout 30 Euros avec 8.80 Euros de frais de port en colissimo. Que demander de plus ?<\/p>\n<p><img loading=\"lazy\" decoding=\"async\" class=\"alignnone wp-image-2737\" src=\"https:\/\/84310.fr\/jardin-morierois\/wp-content\/uploads\/2019\/05\/lanceur-1.jpg\" alt=\"\" width=\"299\" height=\"262\" srcset=\"https:\/\/84310.fr\/jardin-morierois\/wp-content\/uploads\/2019\/05\/lanceur-1.jpg 720w, https:\/\/84310.fr\/jardin-morierois\/wp-content\/uploads\/2019\/05\/lanceur-1-300x263.jpg 300w\" sizes=\"auto, (max-width: 299px) 100vw, 299px\" \/> <img loading=\"lazy\" decoding=\"async\" class=\"alignnone wp-image-2738\" src=\"https:\/\/84310.fr\/jardin-morierois\/wp-content\/uploads\/2019\/05\/lanceur-2.jpg\" alt=\"\" width=\"295\" height=\"263\" srcset=\"https:\/\/84310.fr\/jardin-morierois\/wp-content\/uploads\/2019\/05\/lanceur-2.jpg 720w, https:\/\/84310.fr\/jardin-morierois\/wp-content\/uploads\/2019\/05\/lanceur-2-300x268.jpg 300w\" sizes=\"auto, (max-width: 295px) 100vw, 295px\" \/><br \/>\nQuelques jours plus tard, je re\u00e7ois ma commande, en effet, il a l&rsquo;air complet et en tr\u00e8s bon \u00e9tat, je ne vais pas tarder \u00e0 le remonter .<\/p>\n<h4><span style=\"color: #ff00ff;\"><strong>11 Mai 2019<\/strong><\/span><\/h4>\n<p>il \u00e9tait temps !!!! apr\u00e8s plus d\u2019un mois et demi d\u2019attente que le site soit mis \u00e0 jour pour que je puisse passer la commande en ligne, ( depuis le d\u00e9but j\u2019avais eu les r\u00e9f\u00e9rences, les prix, les d\u00e9lais par t\u00e9l\u00e9phone ), mais toujours impossible de passer commande car les articles n\u2019\u00e9taient pas cr\u00e9\u00e9s sur le site. il a fallu 4 appels ( un pour chaque semaine ) et un dernier appel un peu plus insistant en demandant si ma commande les int\u00e9ressait vraiment ou si je devais aller me faire voir ailleurs\u2026 Bon, finalement, commande partie hier en d\u00e9but d\u2019apr\u00e8s midi de \u2026Fler dans le 61, ( basse Normandie ) et arriv\u00e9e ce matin en chronopost vers 9h00<br \/>\n4 semaines, pour avoir les codes, et 15 jours pour la pr\u00e9paration apr\u00e8s r\u00e8glement \u2026<br \/>\nIls sont pas rapides, mais ils sont les moins cher que j\u2019ai trouv\u00e9 pour le moment \u2026.<br \/>\nJ&rsquo;ai toutes les pi\u00e8ces, il ne me reste qu&rsquo;a voir la disponibilit\u00e9 de Christian mon voisin qui s&rsquo;\u00e9tait gentiment propos\u00e9 de m&rsquo;aider \u00e0 restaurer ce vieux F600<\/p>\n<p><img loading=\"lazy\" decoding=\"async\" class=\"alignnone size-full wp-image-2763\" src=\"https:\/\/84310.fr\/jardin-morierois\/wp-content\/uploads\/2019\/05\/commande-HONDA.jpg\" alt=\"\" width=\"800\" height=\"671\" srcset=\"https:\/\/84310.fr\/jardin-morierois\/wp-content\/uploads\/2019\/05\/commande-HONDA.jpg 800w, https:\/\/84310.fr\/jardin-morierois\/wp-content\/uploads\/2019\/05\/commande-HONDA-300x252.jpg 300w, https:\/\/84310.fr\/jardin-morierois\/wp-content\/uploads\/2019\/05\/commande-HONDA-768x644.jpg 768w\" sizes=\"auto, (max-width: 800px) 100vw, 800px\" \/><\/p>\n<p>En attendant &#8230; j&rsquo;ai commenc\u00e9 \u00e0 r\u00e9nover un peu la carrosserie<\/p>\n<p><img loading=\"lazy\" decoding=\"async\" class=\"alignnone size-full wp-image-2767\" src=\"https:\/\/84310.fr\/jardin-morierois\/wp-content\/uploads\/2019\/05\/DSCN8226.jpg\" alt=\"\" width=\"800\" height=\"600\" srcset=\"https:\/\/84310.fr\/jardin-morierois\/wp-content\/uploads\/2019\/05\/DSCN8226.jpg 800w, https:\/\/84310.fr\/jardin-morierois\/wp-content\/uploads\/2019\/05\/DSCN8226-300x225.jpg 300w, https:\/\/84310.fr\/jardin-morierois\/wp-content\/uploads\/2019\/05\/DSCN8226-768x576.jpg 768w\" sizes=\"auto, (max-width: 800px) 100vw, 800px\" \/><br \/>\nUn bon d\u00e9capage de peinture, un coup de brosse m\u00e9tallique, d\u00e9-cabossage sur les endroits tordus.<img loading=\"lazy\" decoding=\"async\" class=\"alignnone size-full wp-image-2768\" src=\"https:\/\/84310.fr\/jardin-morierois\/wp-content\/uploads\/2019\/05\/DSCN8227.jpg\" alt=\"\" width=\"800\" height=\"600\" srcset=\"https:\/\/84310.fr\/jardin-morierois\/wp-content\/uploads\/2019\/05\/DSCN8227.jpg 800w, https:\/\/84310.fr\/jardin-morierois\/wp-content\/uploads\/2019\/05\/DSCN8227-300x225.jpg 300w, https:\/\/84310.fr\/jardin-morierois\/wp-content\/uploads\/2019\/05\/DSCN8227-768x576.jpg 768w\" sizes=\"auto, (max-width: 800px) 100vw, 800px\" \/><br \/>\nUn petit coup d&rsquo;apr\u00eat , et un petit coup de blanc brillant et l&rsquo;affaire est dans le sac.<\/p>\n","protected":false},"excerpt":{"rendered":"<p>3 Mai 2019 L&rsquo;ann\u00e9e derni\u00e8re j&rsquo;ai eu comme projet de remettre en \u00e9tat le vieux Honda F600 de mon papa. Cet appareil, a \u00e9t\u00e9 achet\u00e9 en 1978, a eu quelques probl\u00e8mes d&rsquo;entretien &#8230; ( mon papa n&rsquo;\u00e9tait pas beaucoup m\u00e9canicien&hellip; <\/p>\n","protected":false},"author":1,"featured_media":0,"parent":0,"menu_order":0,"comment_status":"closed","ping_status":"closed","template":"","meta":{"_exactmetrics_skip_tracking":false,"_exactmetrics_sitenote_active":false,"_exactmetrics_sitenote_note":"","_exactmetrics_sitenote_category":0,"footnotes":""},"class_list":["post-2733","page","type-page","status-publish","hentry"],"_links":{"self":[{"href":"https:\/\/84310.fr\/jardin-morierois\/wp-json\/wp\/v2\/pages\/2733","targetHints":{"allow":["GET"]}}],"collection":[{"href":"https:\/\/84310.fr\/jardin-morierois\/wp-json\/wp\/v2\/pages"}],"about":[{"href":"https:\/\/84310.fr\/jardin-morierois\/wp-json\/wp\/v2\/types\/page"}],"author":[{"embeddable":true,"href":"https:\/\/84310.fr\/jardin-morierois\/wp-json\/wp\/v2\/users\/1"}],"replies":[{"embeddable":true,"href":"https:\/\/84310.fr\/jardin-morierois\/wp-json\/wp\/v2\/comments?post=2733"}],"version-history":[{"count":11,"href":"https:\/\/84310.fr\/jardin-morierois\/wp-json\/wp\/v2\/pages\/2733\/revisions"}],"predecessor-version":[{"id":2770,"href":"https:\/\/84310.fr\/jardin-morierois\/wp-json\/wp\/v2\/pages\/2733\/revisions\/2770"}],"wp:attachment":[{"href":"https:\/\/84310.fr\/jardin-morierois\/wp-json\/wp\/v2\/media?parent=2733"}],"curies":[{"name":"wp","href":"https:\/\/api.w.org\/{rel}","templated":true}]}}