{"id":2660,"date":"2019-04-19T21:58:18","date_gmt":"2019-04-19T20:58:18","guid":{"rendered":"http:\/\/84310.fr\/jardin-morierois\/?page_id=2660"},"modified":"2019-04-19T22:06:49","modified_gmt":"2019-04-19T21:06:49","slug":"miam","status":"publish","type":"page","link":"https:\/\/84310.fr\/jardin-morierois\/miam\/","title":{"rendered":"MiaM !"},"content":{"rendered":"<p>Faire un blog de jardin, c&rsquo;est bien, mais en montrer les r\u00e9sultats c&rsquo;est bien aussi !!!<\/p>\n<p>Ici, je pense montrer les r\u00e9sultats culinaires issus du jardin, Cultiver, essayer, exp\u00e9rimenter &#8230; tout \u00e7a m\u00e9rite une, que dis-je, des r\u00e9compenses &#8230; c&rsquo;est aussi le but de tous les efforts d\u00e9ploy\u00e9s tout au long de l&rsquo;ann\u00e9e.<\/p>\n<p>apr\u00e8s le plaisir, des commandes, le plaisir des yeux pour la phase \u00ab\u00a0\u00e7a pousse \u00a0\u00bb il y a le plaisir de l&rsquo;estomac &#8230;<\/p>\n","protected":false},"excerpt":{"rendered":"<p>Faire un blog de jardin, c&rsquo;est bien, mais en montrer les r\u00e9sultats c&rsquo;est bien aussi !!! Ici, je pense montrer les r\u00e9sultats culinaires issus du jardin, Cultiver, essayer, exp\u00e9rimenter &#8230; tout \u00e7a m\u00e9rite une, que dis-je, des r\u00e9compenses &#8230; c&rsquo;est&hellip; <\/p>\n","protected":false},"author":1,"featured_media":0,"parent":0,"menu_order":0,"comment_status":"closed","ping_status":"closed","template":"","meta":{"_exactmetrics_skip_tracking":false,"_exactmetrics_sitenote_active":false,"_exactmetrics_sitenote_note":"","_exactmetrics_sitenote_category":0,"footnotes":""},"class_list":["post-2660","page","type-page","status-publish","hentry"],"_links":{"self":[{"href":"https:\/\/84310.fr\/jardin-morierois\/wp-json\/wp\/v2\/pages\/2660","targetHints":{"allow":["GET"]}}],"collection":[{"href":"https:\/\/84310.fr\/jardin-morierois\/wp-json\/wp\/v2\/pages"}],"about":[{"href":"https:\/\/84310.fr\/jardin-morierois\/wp-json\/wp\/v2\/types\/page"}],"author":[{"embeddable":true,"href":"https:\/\/84310.fr\/jardin-morierois\/wp-json\/wp\/v2\/users\/1"}],"replies":[{"embeddable":true,"href":"https:\/\/84310.fr\/jardin-morierois\/wp-json\/wp\/v2\/comments?post=2660"}],"version-history":[{"count":3,"href":"https:\/\/84310.fr\/jardin-morierois\/wp-json\/wp\/v2\/pages\/2660\/revisions"}],"predecessor-version":[{"id":2664,"href":"https:\/\/84310.fr\/jardin-morierois\/wp-json\/wp\/v2\/pages\/2660\/revisions\/2664"}],"wp:attachment":[{"href":"https:\/\/84310.fr\/jardin-morierois\/wp-json\/wp\/v2\/media?parent=2660"}],"curies":[{"name":"wp","href":"https:\/\/api.w.org\/{rel}","templated":true}]}}