{"id":2650,"date":"2019-04-19T21:49:15","date_gmt":"2019-04-19T20:49:15","guid":{"rendered":"http:\/\/84310.fr\/jardin-morierois\/?page_id=2650"},"modified":"2019-08-26T21:14:47","modified_gmt":"2019-08-26T20:14:47","slug":"patates-2019","status":"publish","type":"page","link":"https:\/\/84310.fr\/jardin-morierois\/patates-2019\/","title":{"rendered":"patates 2019"},"content":{"rendered":"<p>Cette Ann\u00e9e, encore une envie de patates, plus de place dans le jardin traditionnel, nous allons donc refaire un essai de patates sur pelouse, ( sur pr\u00e9 serait une meilleure d\u00e9finition )<\/p>\n<p>Un coup de hasard, les patates sont sold\u00e9es \u00e0 -50% &#8230; deux petites cagettes sont acquises.<br \/>\n120 patates \u00e0 planter.<\/p>\n<h4><span style=\"color: #ff00ff;\"><strong>9 AVRIL 2019<\/strong><\/span><\/h4>\n<p>C&rsquo;est avec 10 jours de retard sur l&rsquo;ann\u00e9e derni\u00e8re que d\u00e9bute l&rsquo;histoire des patates 2019 !<br \/>\n<img loading=\"lazy\" decoding=\"async\" class=\"size-full wp-image-2651 aligncenter\" src=\"https:\/\/84310.fr\/jardin-morierois\/wp-content\/uploads\/2019\/04\/DSCN8123.jpg\" alt=\"\" width=\"480\" height=\"640\" srcset=\"https:\/\/84310.fr\/jardin-morierois\/wp-content\/uploads\/2019\/04\/DSCN8123.jpg 480w, https:\/\/84310.fr\/jardin-morierois\/wp-content\/uploads\/2019\/04\/DSCN8123-225x300.jpg 225w\" sizes=\"auto, (max-width: 480px) 100vw, 480px\" \/>L&rsquo;ann\u00e9e derni\u00e8re =&gt;<a href=\"https:\/\/84310.fr\/jardin-morierois\/patates-2018\/\">\u00a0 ICI\u00a0<\/a> \u00a0 l&rsquo;\u00e9paisse mais insuffisante couche de mulch, de foin, de tonte r\u00e9cup\u00e9r\u00e9e chez les voisins, s&rsquo;est d\u00e9compos\u00e9e pendant l&rsquo;hiver mais il reste encore une petite \u00e9paisseur qui s&rsquo;est compost\u00e9e. C&rsquo;est dans cette couche que vont \u00eatre positionn\u00e9es les semences de patates. un coup de binette non pas pour creuser dans la terre, mais simplement pour faire une rang\u00e9e dans le matelas de r\u00e9sidus de l&rsquo;ann\u00e9e derni\u00e8re.<\/p>\n<p><img loading=\"lazy\" decoding=\"async\" class=\"alignnone size-full wp-image-2652\" src=\"https:\/\/84310.fr\/jardin-morierois\/wp-content\/uploads\/2019\/04\/DSCN8124.jpg\" alt=\"\" width=\"640\" height=\"480\" srcset=\"https:\/\/84310.fr\/jardin-morierois\/wp-content\/uploads\/2019\/04\/DSCN8124.jpg 640w, https:\/\/84310.fr\/jardin-morierois\/wp-content\/uploads\/2019\/04\/DSCN8124-300x225.jpg 300w\" sizes=\"auto, (max-width: 640px) 100vw, 640px\" \/><\/p>\n<p>Les deux rang\u00e9es de patates seront dispos\u00e9es d&rsquo;un cot\u00e9 et de l&rsquo;autre des petits pois.<\/p>\n<p>A noter, sous l&rsquo;ancien \u00ab\u00a0fouinage\u00a0\u00bb la terre est souple, humide et poudreuse,<\/p>\n<p><img loading=\"lazy\" decoding=\"async\" class=\"alignnone size-full wp-image-2654\" src=\"https:\/\/84310.fr\/jardin-morierois\/wp-content\/uploads\/2019\/04\/DSCN8127.jpg\" alt=\"\" width=\"640\" height=\"480\" srcset=\"https:\/\/84310.fr\/jardin-morierois\/wp-content\/uploads\/2019\/04\/DSCN8127.jpg 640w, https:\/\/84310.fr\/jardin-morierois\/wp-content\/uploads\/2019\/04\/DSCN8127-300x225.jpg 300w\" sizes=\"auto, (max-width: 640px) 100vw, 640px\" \/><\/p>\n<h4><span style=\"color: #ff00ff;\"><strong>19 AVRIL 2019<\/strong><\/span><\/h4>\n<p>10 jours sont pass\u00e9s, apr\u00e8s une vidange du poulailler, l&rsquo;ensemble copeaux + paille souill\u00e9e + fientes est venu recouvrir les deux rang\u00e9es de patates<\/p>\n<p><img loading=\"lazy\" decoding=\"async\" class=\"alignnone size-full wp-image-2655\" src=\"https:\/\/84310.fr\/jardin-morierois\/wp-content\/uploads\/2019\/04\/DSCN8156.jpg\" alt=\"\" width=\"640\" height=\"480\" srcset=\"https:\/\/84310.fr\/jardin-morierois\/wp-content\/uploads\/2019\/04\/DSCN8156.jpg 640w, https:\/\/84310.fr\/jardin-morierois\/wp-content\/uploads\/2019\/04\/DSCN8156-300x225.jpg 300w\" sizes=\"auto, (max-width: 640px) 100vw, 640px\" \/><\/p>\n<p>A l&rsquo;occasion d&rsquo;une tonte d&rsquo;entretien du chemin, les deux rang\u00e9es de patates sont recouvertes d&rsquo;herbe fraichement coup\u00e9e. cela fera une couche de mati\u00e8re azot\u00e9e sur une couche de mati\u00e8re carbon\u00e9e.<\/p>\n<p><img loading=\"lazy\" decoding=\"async\" class=\"alignnone size-full wp-image-2656\" src=\"https:\/\/84310.fr\/jardin-morierois\/wp-content\/uploads\/2019\/04\/DSCN8158.jpg\" alt=\"\" width=\"640\" height=\"480\" srcset=\"https:\/\/84310.fr\/jardin-morierois\/wp-content\/uploads\/2019\/04\/DSCN8158.jpg 640w, https:\/\/84310.fr\/jardin-morierois\/wp-content\/uploads\/2019\/04\/DSCN8158-300x225.jpg 300w\" sizes=\"auto, (max-width: 640px) 100vw, 640px\" \/><\/p>\n<h4><strong>PATATES EN POT<\/strong><\/h4>\n<p>il nous restait 13 patates germ\u00e9es, trouv\u00e9es on ne sait ou, elles seront l&rsquo;objet d&rsquo;une nouvelle exp\u00e9rience en pot,<br \/>\n<img loading=\"lazy\" decoding=\"async\" class=\"alignnone size-full wp-image-2702\" src=\"https:\/\/84310.fr\/jardin-morierois\/wp-content\/uploads\/2019\/04\/DSCN8162.jpg\" alt=\"\" width=\"720\" height=\"540\" srcset=\"https:\/\/84310.fr\/jardin-morierois\/wp-content\/uploads\/2019\/04\/DSCN8162.jpg 720w, https:\/\/84310.fr\/jardin-morierois\/wp-content\/uploads\/2019\/04\/DSCN8162-300x225.jpg 300w\" sizes=\"auto, (max-width: 720px) 100vw, 720px\" \/><br \/>\nde la bonne terre, une bonne couche de crottin de cheval,les 13 patates germ\u00e9es, une couche de tonte fraiche, et une bonne dose de paille sur le dessus. nous verrons bien ce que cela va donner.<\/p>\n<h4><span style=\"color: #ff00ff;\"><strong>26 JUIN 2019<\/strong><\/span><\/h4>\n<p>Les plants ne sont pas aussi beaux et verts compar\u00e9 \u00e0 l&rsquo;ann\u00e9e derni\u00e8re, pourtant une bonne dose de crottin de cheval avait \u00e9t\u00e9 \u00e9tendue ainsi qu&rsquo;un bon paillage, mais la s\u00e8cheresse de cette ann\u00e9e a du fortement contrarier la croissance.<\/p>\n<p><img loading=\"lazy\" decoding=\"async\" class=\"alignnone size-full wp-image-2836\" src=\"https:\/\/84310.fr\/jardin-morierois\/wp-content\/uploads\/2019\/08\/DSCN8423.jpg\" alt=\"\" width=\"800\" height=\"600\" srcset=\"https:\/\/84310.fr\/jardin-morierois\/wp-content\/uploads\/2019\/08\/DSCN8423.jpg 800w, https:\/\/84310.fr\/jardin-morierois\/wp-content\/uploads\/2019\/08\/DSCN8423-300x225.jpg 300w, https:\/\/84310.fr\/jardin-morierois\/wp-content\/uploads\/2019\/08\/DSCN8423-768x576.jpg 768w\" sizes=\"auto, (max-width: 800px) 100vw, 800px\" \/><\/p>\n<p>&nbsp;<\/p>\n<h4><strong>26 JUILLET 2019<\/strong><\/h4>\n<p>L&rsquo;heure de la r\u00e9colte a sonn\u00e9, H\u00e9las cette ann\u00e9e la r\u00e9colte confirme l&rsquo;\u00e9tat des plants, ( pas beaux ). sur une rang\u00e9e, nous avons r\u00e9colt\u00e9 1 kilo de petites grenailles, d&rsquo;une taille allant d&rsquo;un ongle de petit doigt \u00e0 une phalange d&rsquo;un pouce, autant dire de minuscules patates.<\/p>\n<p><img loading=\"lazy\" decoding=\"async\" class=\"alignnone size-full wp-image-2837\" src=\"https:\/\/84310.fr\/jardin-morierois\/wp-content\/uploads\/2019\/08\/DSCN9815.jpg\" alt=\"\" width=\"600\" height=\"800\" srcset=\"https:\/\/84310.fr\/jardin-morierois\/wp-content\/uploads\/2019\/08\/DSCN9815.jpg 600w, https:\/\/84310.fr\/jardin-morierois\/wp-content\/uploads\/2019\/08\/DSCN9815-225x300.jpg 225w\" sizes=\"auto, (max-width: 600px) 100vw, 600px\" \/><br \/>\nLa rang\u00e9e restante, fera t elle mieux ?<br \/>\nr\u00e9ponse sous peu&#8230;<\/p>\n<h4><span style=\"color: #ff99cc;\"><strong>26 Aout 2019<\/strong><\/span><\/h4>\n<p>Cela fait d\u00e9j\u00e0 quelque temps que plus rien ne bouge dans le pot de patates.<img loading=\"lazy\" decoding=\"async\" class=\"alignnone  wp-image-2873\" src=\"https:\/\/84310.fr\/jardin-morierois\/wp-content\/uploads\/2019\/08\/P_20190826_183829.jpg\" alt=\"\" width=\"329\" height=\"279\" \/><img loading=\"lazy\" decoding=\"async\" class=\"alignnone  wp-image-2874\" src=\"https:\/\/84310.fr\/jardin-morierois\/wp-content\/uploads\/2019\/08\/P_20190826_183853.jpg\" alt=\"\" width=\"269\" height=\"387\" \/><\/p>\n<p>Beaucoup de cloportes sous la terre, et visiblement ils aiment les patates &#8230;.<br \/>\n<img loading=\"lazy\" decoding=\"async\" class=\"alignnone size-full wp-image-2875\" src=\"https:\/\/84310.fr\/jardin-morierois\/wp-content\/uploads\/2019\/08\/P_20190826_184350.jpg\" alt=\"\" width=\"800\" height=\"600\" srcset=\"https:\/\/84310.fr\/jardin-morierois\/wp-content\/uploads\/2019\/08\/P_20190826_184350.jpg 800w, https:\/\/84310.fr\/jardin-morierois\/wp-content\/uploads\/2019\/08\/P_20190826_184350-300x225.jpg 300w, https:\/\/84310.fr\/jardin-morierois\/wp-content\/uploads\/2019\/08\/P_20190826_184350-768x576.jpg 768w\" sizes=\"auto, (max-width: 800px) 100vw, 800px\" \/><\/p>\n<p>R\u00e9sultat d\u00e9cevant &#8230;.pas 400 gr et encore, beaucoup de d\u00e9chets !!!!<img loading=\"lazy\" decoding=\"async\" class=\"size-full wp-image-1838 aligncenter\" src=\"https:\/\/84310.fr\/jardin-morierois\/wp-content\/uploads\/2018\/03\/ECHECpetit.png\" alt=\"\" width=\"300\" height=\"200\" \/><\/p>\n","protected":false},"excerpt":{"rendered":"<p>Cette Ann\u00e9e, encore une envie de patates, plus de place dans le jardin traditionnel, nous allons donc refaire un essai de patates sur pelouse, ( sur pr\u00e9 serait une meilleure d\u00e9finition ) Un coup de hasard, les patates sont sold\u00e9es&hellip; <\/p>\n","protected":false},"author":1,"featured_media":0,"parent":0,"menu_order":0,"comment_status":"closed","ping_status":"closed","template":"","meta":{"_exactmetrics_skip_tracking":false,"_exactmetrics_sitenote_active":false,"_exactmetrics_sitenote_note":"","_exactmetrics_sitenote_category":0,"footnotes":""},"class_list":["post-2650","page","type-page","status-publish","hentry"],"_links":{"self":[{"href":"https:\/\/84310.fr\/jardin-morierois\/wp-json\/wp\/v2\/pages\/2650","targetHints":{"allow":["GET"]}}],"collection":[{"href":"https:\/\/84310.fr\/jardin-morierois\/wp-json\/wp\/v2\/pages"}],"about":[{"href":"https:\/\/84310.fr\/jardin-morierois\/wp-json\/wp\/v2\/types\/page"}],"author":[{"embeddable":true,"href":"https:\/\/84310.fr\/jardin-morierois\/wp-json\/wp\/v2\/users\/1"}],"replies":[{"embeddable":true,"href":"https:\/\/84310.fr\/jardin-morierois\/wp-json\/wp\/v2\/comments?post=2650"}],"version-history":[{"count":7,"href":"https:\/\/84310.fr\/jardin-morierois\/wp-json\/wp\/v2\/pages\/2650\/revisions"}],"predecessor-version":[{"id":2876,"href":"https:\/\/84310.fr\/jardin-morierois\/wp-json\/wp\/v2\/pages\/2650\/revisions\/2876"}],"wp:attachment":[{"href":"https:\/\/84310.fr\/jardin-morierois\/wp-json\/wp\/v2\/media?parent=2650"}],"curies":[{"name":"wp","href":"https:\/\/api.w.org\/{rel}","templated":true}]}}