{"id":2639,"date":"2019-04-16T22:19:04","date_gmt":"2019-04-16T21:19:04","guid":{"rendered":"http:\/\/84310.fr\/jardin-morierois\/?page_id=2639"},"modified":"2019-04-20T21:30:48","modified_gmt":"2019-04-20T20:30:48","slug":"2019-annexe","status":"publish","type":"page","link":"https:\/\/84310.fr\/jardin-morierois\/2019-annexe\/","title":{"rendered":"2019 Annexe"},"content":{"rendered":"<p>Cette ann\u00e9e encore, le manque de place se fait ressentir \u00e0 la vue de tous les projets qui d\u00e9boulent &#8230;<br \/>\n<img loading=\"lazy\" decoding=\"async\" class=\"alignnone size-full wp-image-2641\" src=\"https:\/\/84310.fr\/jardin-morierois\/wp-content\/uploads\/2019\/04\/P_20190415_162558.jpg\" alt=\"\" width=\"640\" height=\"480\" srcset=\"https:\/\/84310.fr\/jardin-morierois\/wp-content\/uploads\/2019\/04\/P_20190415_162558.jpg 640w, https:\/\/84310.fr\/jardin-morierois\/wp-content\/uploads\/2019\/04\/P_20190415_162558-300x225.jpg 300w\" sizes=\"auto, (max-width: 640px) 100vw, 640px\" \/><\/p>\n<p>L&rsquo;annexe est de nouveau \u00a0\u00bb annex\u00e9e \u00a0\u00bb<\/p>\n<p><img loading=\"lazy\" decoding=\"async\" class=\"alignnone size-full wp-image-2642\" src=\"https:\/\/84310.fr\/jardin-morierois\/wp-content\/uploads\/2019\/04\/P_20190415_170110.jpg\" alt=\"\" width=\"640\" height=\"480\" srcset=\"https:\/\/84310.fr\/jardin-morierois\/wp-content\/uploads\/2019\/04\/P_20190415_170110.jpg 640w, https:\/\/84310.fr\/jardin-morierois\/wp-content\/uploads\/2019\/04\/P_20190415_170110-300x225.jpg 300w\" sizes=\"auto, (max-width: 640px) 100vw, 640px\" \/><br \/>\nUn petit \u00a0\u00bb labour \u00a0\u00bb est effectu\u00e9<\/p>\n<p><img loading=\"lazy\" decoding=\"async\" class=\"alignnone size-full wp-image-2640\" src=\"https:\/\/84310.fr\/jardin-morierois\/wp-content\/uploads\/2019\/04\/P_20190415_162542.jpg\" alt=\"\" width=\"640\" height=\"480\" srcset=\"https:\/\/84310.fr\/jardin-morierois\/wp-content\/uploads\/2019\/04\/P_20190415_162542.jpg 640w, https:\/\/84310.fr\/jardin-morierois\/wp-content\/uploads\/2019\/04\/P_20190415_162542-300x225.jpg 300w\" sizes=\"auto, (max-width: 640px) 100vw, 640px\" \/><br \/>\npour le plus grand plaisir des cocottes !!!<\/p>\n<p><img loading=\"lazy\" decoding=\"async\" class=\"alignnone size-full wp-image-2643\" src=\"https:\/\/84310.fr\/jardin-morierois\/wp-content\/uploads\/2019\/04\/P_20190415_170154.jpg\" alt=\"\" width=\"640\" height=\"480\" srcset=\"https:\/\/84310.fr\/jardin-morierois\/wp-content\/uploads\/2019\/04\/P_20190415_170154.jpg 640w, https:\/\/84310.fr\/jardin-morierois\/wp-content\/uploads\/2019\/04\/P_20190415_170154-300x225.jpg 300w\" sizes=\"auto, (max-width: 640px) 100vw, 640px\" \/><br \/>\nMais ce ne f\u00fbt que momentan\u00e9, les cocottes ne sont plus admises dans l&rsquo;annexe, pour plusieurs mois.<\/p>\n<p><img loading=\"lazy\" decoding=\"async\" class=\"alignnone size-full wp-image-2681\" src=\"https:\/\/84310.fr\/jardin-morierois\/wp-content\/uploads\/2019\/04\/DSCN8148.jpg\" alt=\"\" width=\"800\" height=\"600\" srcset=\"https:\/\/84310.fr\/jardin-morierois\/wp-content\/uploads\/2019\/04\/DSCN8148.jpg 800w, https:\/\/84310.fr\/jardin-morierois\/wp-content\/uploads\/2019\/04\/DSCN8148-300x225.jpg 300w, https:\/\/84310.fr\/jardin-morierois\/wp-content\/uploads\/2019\/04\/DSCN8148-768x576.jpg 768w\" sizes=\"auto, (max-width: 800px) 100vw, 800px\" \/><br \/>\nLe contour est r\u00e9alis\u00e9 \u00e0 l&rsquo;aide de planches de r\u00e9cup, La terre a \u00e9t\u00e9 l\u00e9g\u00e8rement a\u00e9r\u00e9e, puis arros\u00e9e.<\/p>\n<p><img loading=\"lazy\" decoding=\"async\" class=\"alignnone size-full wp-image-2682\" src=\"https:\/\/84310.fr\/jardin-morierois\/wp-content\/uploads\/2019\/04\/DSCN8149.jpg\" alt=\"\" width=\"800\" height=\"600\" srcset=\"https:\/\/84310.fr\/jardin-morierois\/wp-content\/uploads\/2019\/04\/DSCN8149.jpg 800w, https:\/\/84310.fr\/jardin-morierois\/wp-content\/uploads\/2019\/04\/DSCN8149-300x225.jpg 300w, https:\/\/84310.fr\/jardin-morierois\/wp-content\/uploads\/2019\/04\/DSCN8149-768x576.jpg 768w\" sizes=\"auto, (max-width: 800px) 100vw, 800px\" \/><br \/>\nUne bonne dose de crottin de cheval est rajout\u00e9e sur la terre humide, et un arrosage est encore r\u00e9alis\u00e9.<br \/>\n<img loading=\"lazy\" decoding=\"async\" class=\"alignnone size-full wp-image-2683\" src=\"https:\/\/84310.fr\/jardin-morierois\/wp-content\/uploads\/2019\/04\/DSCN8150.jpg\" alt=\"\" width=\"800\" height=\"600\" srcset=\"https:\/\/84310.fr\/jardin-morierois\/wp-content\/uploads\/2019\/04\/DSCN8150.jpg 800w, https:\/\/84310.fr\/jardin-morierois\/wp-content\/uploads\/2019\/04\/DSCN8150-300x225.jpg 300w, https:\/\/84310.fr\/jardin-morierois\/wp-content\/uploads\/2019\/04\/DSCN8150-768x576.jpg 768w\" sizes=\"auto, (max-width: 800px) 100vw, 800px\" \/><br \/>\nUn bon matelas de paille vient compl\u00e9ter les emplacements.<\/p>\n<p><img loading=\"lazy\" decoding=\"async\" class=\"alignnone size-full wp-image-2684\" src=\"https:\/\/84310.fr\/jardin-morierois\/wp-content\/uploads\/2019\/04\/DSCN8151.jpg\" alt=\"\" width=\"800\" height=\"600\" srcset=\"https:\/\/84310.fr\/jardin-morierois\/wp-content\/uploads\/2019\/04\/DSCN8151.jpg 800w, https:\/\/84310.fr\/jardin-morierois\/wp-content\/uploads\/2019\/04\/DSCN8151-300x225.jpg 300w, https:\/\/84310.fr\/jardin-morierois\/wp-content\/uploads\/2019\/04\/DSCN8151-768x576.jpg 768w\" sizes=\"auto, (max-width: 800px) 100vw, 800px\" \/><br \/>\nJ&rsquo;ai m\u00eame agrandi la surface de paillage en r\u00e9cup\u00e9rant des angles non utilis\u00e9s,<\/p>\n<p><img loading=\"lazy\" decoding=\"async\" class=\"alignnone size-full wp-image-2685\" src=\"https:\/\/84310.fr\/jardin-morierois\/wp-content\/uploads\/2019\/04\/DSCN8152.jpg\" alt=\"\" width=\"800\" height=\"600\" srcset=\"https:\/\/84310.fr\/jardin-morierois\/wp-content\/uploads\/2019\/04\/DSCN8152.jpg 800w, https:\/\/84310.fr\/jardin-morierois\/wp-content\/uploads\/2019\/04\/DSCN8152-300x225.jpg 300w, https:\/\/84310.fr\/jardin-morierois\/wp-content\/uploads\/2019\/04\/DSCN8152-768x576.jpg 768w\" sizes=\"auto, (max-width: 800px) 100vw, 800px\" \/><br \/>\nEncore un petit espace de r\u00e9cup\u00e9r\u00e9 en\u00a0 entrant \u00e0 droite dans l&rsquo;annexe,<\/p>\n<p>&nbsp;<\/p>\n<p><img loading=\"lazy\" decoding=\"async\" class=\"alignnone size-full wp-image-2686\" src=\"https:\/\/84310.fr\/jardin-morierois\/wp-content\/uploads\/2019\/04\/DSCN8161.jpg\" alt=\"\" width=\"800\" height=\"600\" srcset=\"https:\/\/84310.fr\/jardin-morierois\/wp-content\/uploads\/2019\/04\/DSCN8161.jpg 800w, https:\/\/84310.fr\/jardin-morierois\/wp-content\/uploads\/2019\/04\/DSCN8161-300x225.jpg 300w, https:\/\/84310.fr\/jardin-morierois\/wp-content\/uploads\/2019\/04\/DSCN8161-768x576.jpg 768w\" sizes=\"auto, (max-width: 800px) 100vw, 800px\" \/><br \/>\nJe suis \u00e0 la recherche du moindre endroit &#8230;Voici un petit coin qui pourrait se rendre bien utile\u00a0\u00a0 si &#8230;.<\/p>\n<p><img loading=\"lazy\" decoding=\"async\" class=\"alignnone size-full wp-image-2687\" src=\"https:\/\/84310.fr\/jardin-morierois\/wp-content\/uploads\/2019\/04\/DSCN8164.jpg\" alt=\"\" width=\"800\" height=\"600\" srcset=\"https:\/\/84310.fr\/jardin-morierois\/wp-content\/uploads\/2019\/04\/DSCN8164.jpg 800w, https:\/\/84310.fr\/jardin-morierois\/wp-content\/uploads\/2019\/04\/DSCN8164-300x225.jpg 300w, https:\/\/84310.fr\/jardin-morierois\/wp-content\/uploads\/2019\/04\/DSCN8164-768x576.jpg 768w\" sizes=\"auto, (max-width: 800px) 100vw, 800px\" \/><br \/>\nIl \u00e9tait agenc\u00e9 comme il se doit. C&rsquo;est chose faite, deux potimarrons, un concombre et quelques tomates iront parfaitement dans ce petit espace d&rsquo;un m\u00b2 et demi.<\/p>\n<p>&nbsp;<\/p>\n","protected":false},"excerpt":{"rendered":"<p>Cette ann\u00e9e encore, le manque de place se fait ressentir \u00e0 la vue de tous les projets qui d\u00e9boulent &#8230; L&rsquo;annexe est de nouveau \u00a0\u00bb annex\u00e9e \u00a0\u00bb Un petit \u00a0\u00bb labour \u00a0\u00bb est effectu\u00e9 pour le plus grand plaisir des&hellip; <\/p>\n","protected":false},"author":1,"featured_media":0,"parent":0,"menu_order":0,"comment_status":"closed","ping_status":"closed","template":"","meta":{"_exactmetrics_skip_tracking":false,"_exactmetrics_sitenote_active":false,"_exactmetrics_sitenote_note":"","_exactmetrics_sitenote_category":0,"footnotes":""},"class_list":["post-2639","page","type-page","status-publish","hentry"],"_links":{"self":[{"href":"https:\/\/84310.fr\/jardin-morierois\/wp-json\/wp\/v2\/pages\/2639","targetHints":{"allow":["GET"]}}],"collection":[{"href":"https:\/\/84310.fr\/jardin-morierois\/wp-json\/wp\/v2\/pages"}],"about":[{"href":"https:\/\/84310.fr\/jardin-morierois\/wp-json\/wp\/v2\/types\/page"}],"author":[{"embeddable":true,"href":"https:\/\/84310.fr\/jardin-morierois\/wp-json\/wp\/v2\/users\/1"}],"replies":[{"embeddable":true,"href":"https:\/\/84310.fr\/jardin-morierois\/wp-json\/wp\/v2\/comments?post=2639"}],"version-history":[{"count":3,"href":"https:\/\/84310.fr\/jardin-morierois\/wp-json\/wp\/v2\/pages\/2639\/revisions"}],"predecessor-version":[{"id":2688,"href":"https:\/\/84310.fr\/jardin-morierois\/wp-json\/wp\/v2\/pages\/2639\/revisions\/2688"}],"wp:attachment":[{"href":"https:\/\/84310.fr\/jardin-morierois\/wp-json\/wp\/v2\/media?parent=2639"}],"curies":[{"name":"wp","href":"https:\/\/api.w.org\/{rel}","templated":true}]}}