{"id":2628,"date":"2019-04-06T21:08:47","date_gmt":"2019-04-06T20:08:47","guid":{"rendered":"http:\/\/84310.fr\/jardin-morierois\/?page_id=2628"},"modified":"2019-05-02T21:25:06","modified_gmt":"2019-05-02T20:25:06","slug":"2019-salades-en-gouttiere","status":"publish","type":"page","link":"https:\/\/84310.fr\/jardin-morierois\/2019-salades-en-gouttiere\/","title":{"rendered":"2019 salades en gouttiere"},"content":{"rendered":"<h5><span style=\"color: #ff00ff;\"><strong>6 AVRIL 2019<\/strong><\/span><\/h5>\n<p>Un projet qui n&rsquo;avait plus \u00e9t\u00e9 fait depuis 2 saisons, ( projet goutti\u00e8res en 2016 puis non reconduit en 2017 et 2018 )<\/p>\n<p><a href=\"https:\/\/84310.fr\/jardin-morierois\/projet-gouttiere-1\/\">Goutti\u00e8re #1<\/a><br \/>\n<a href=\"https:\/\/84310.fr\/jardin-morierois\/projet-gouttiere-2\/\">Goutti\u00e8re #2<\/a><\/p>\n<p>Cette ann\u00e9e, c&rsquo;est reparti &#8230; des plants de salade qu&rsquo;on ne veut pas gaspiller, ils auront vite trouv\u00e9 une place.<br \/>\n<img loading=\"lazy\" decoding=\"async\" class=\"size-full wp-image-2629 aligncenter\" src=\"https:\/\/84310.fr\/jardin-morierois\/wp-content\/uploads\/2019\/04\/DSCN8091.jpg\" alt=\"\" width=\"480\" height=\"640\" srcset=\"https:\/\/84310.fr\/jardin-morierois\/wp-content\/uploads\/2019\/04\/DSCN8091.jpg 480w, https:\/\/84310.fr\/jardin-morierois\/wp-content\/uploads\/2019\/04\/DSCN8091-225x300.jpg 225w\" sizes=\"auto, (max-width: 480px) 100vw, 480px\" \/><\/p>\n<p><img loading=\"lazy\" decoding=\"async\" class=\"size-full wp-image-2630 aligncenter\" src=\"https:\/\/84310.fr\/jardin-morierois\/wp-content\/uploads\/2019\/04\/DSCN8092.jpg\" alt=\"\" width=\"480\" height=\"640\" srcset=\"https:\/\/84310.fr\/jardin-morierois\/wp-content\/uploads\/2019\/04\/DSCN8092.jpg 480w, https:\/\/84310.fr\/jardin-morierois\/wp-content\/uploads\/2019\/04\/DSCN8092-225x300.jpg 225w\" sizes=\"auto, (max-width: 480px) 100vw, 480px\" \/><br \/>\nComme les ann\u00e9es pr\u00e9c\u00e9dentes, il faudra pr\u00eater attention aux limaces et aux escargots qui sont cach\u00e9s dans l&rsquo;herbe juste en bas de la murette sur laquelle sont pos\u00e9es les goutti\u00e8res.<\/p>\n<h5><span style=\"color: #ff00ff;\"><strong>2 MAI 2019<\/strong><\/span><\/h5>\n<p>\u00e7a pousse !!!!<br \/>\n<img loading=\"lazy\" decoding=\"async\" class=\"alignnone size-full wp-image-2729\" src=\"https:\/\/84310.fr\/jardin-morierois\/wp-content\/uploads\/2019\/05\/DSCN8202.jpg\" alt=\"\" width=\"600\" height=\"800\" srcset=\"https:\/\/84310.fr\/jardin-morierois\/wp-content\/uploads\/2019\/05\/DSCN8202.jpg 600w, https:\/\/84310.fr\/jardin-morierois\/wp-content\/uploads\/2019\/05\/DSCN8202-225x300.jpg 225w\" sizes=\"auto, (max-width: 600px) 100vw, 600px\" \/><\/p>\n<p><img loading=\"lazy\" decoding=\"async\" class=\"alignnone size-full wp-image-2730\" src=\"https:\/\/84310.fr\/jardin-morierois\/wp-content\/uploads\/2019\/05\/DSCN8204.jpg\" alt=\"\" width=\"800\" height=\"600\" srcset=\"https:\/\/84310.fr\/jardin-morierois\/wp-content\/uploads\/2019\/05\/DSCN8204.jpg 800w, https:\/\/84310.fr\/jardin-morierois\/wp-content\/uploads\/2019\/05\/DSCN8204-300x225.jpg 300w, https:\/\/84310.fr\/jardin-morierois\/wp-content\/uploads\/2019\/05\/DSCN8204-768x576.jpg 768w\" sizes=\"auto, (max-width: 800px) 100vw, 800px\" \/><\/p>\n<p>pour l&rsquo;instant&#8230; pas de limaces ou d&rsquo;escargots affam\u00e9s<\/p>\n","protected":false},"excerpt":{"rendered":"<p>6 AVRIL 2019 Un projet qui n&rsquo;avait plus \u00e9t\u00e9 fait depuis 2 saisons, ( projet goutti\u00e8res en 2016 puis non reconduit en 2017 et 2018 ) Goutti\u00e8re #1 Goutti\u00e8re #2 Cette ann\u00e9e, c&rsquo;est reparti &#8230; des plants de salade qu&rsquo;on&hellip; <\/p>\n","protected":false},"author":1,"featured_media":0,"parent":0,"menu_order":0,"comment_status":"closed","ping_status":"closed","template":"","meta":{"_exactmetrics_skip_tracking":false,"_exactmetrics_sitenote_active":false,"_exactmetrics_sitenote_note":"","_exactmetrics_sitenote_category":0,"footnotes":""},"class_list":["post-2628","page","type-page","status-publish","hentry"],"_links":{"self":[{"href":"https:\/\/84310.fr\/jardin-morierois\/wp-json\/wp\/v2\/pages\/2628","targetHints":{"allow":["GET"]}}],"collection":[{"href":"https:\/\/84310.fr\/jardin-morierois\/wp-json\/wp\/v2\/pages"}],"about":[{"href":"https:\/\/84310.fr\/jardin-morierois\/wp-json\/wp\/v2\/types\/page"}],"author":[{"embeddable":true,"href":"https:\/\/84310.fr\/jardin-morierois\/wp-json\/wp\/v2\/users\/1"}],"replies":[{"embeddable":true,"href":"https:\/\/84310.fr\/jardin-morierois\/wp-json\/wp\/v2\/comments?post=2628"}],"version-history":[{"count":3,"href":"https:\/\/84310.fr\/jardin-morierois\/wp-json\/wp\/v2\/pages\/2628\/revisions"}],"predecessor-version":[{"id":2731,"href":"https:\/\/84310.fr\/jardin-morierois\/wp-json\/wp\/v2\/pages\/2628\/revisions\/2731"}],"wp:attachment":[{"href":"https:\/\/84310.fr\/jardin-morierois\/wp-json\/wp\/v2\/media?parent=2628"}],"curies":[{"name":"wp","href":"https:\/\/api.w.org\/{rel}","templated":true}]}}