{"id":2610,"date":"2019-04-04T21:39:22","date_gmt":"2019-04-04T20:39:22","guid":{"rendered":"http:\/\/84310.fr\/jardin-morierois\/?page_id=2610"},"modified":"2019-04-04T21:39:22","modified_gmt":"2019-04-04T20:39:22","slug":"2019-piments-zoizeau","status":"publish","type":"page","link":"https:\/\/84310.fr\/jardin-morierois\/2019-piments-zoizeau\/","title":{"rendered":"2019 Piments Zoizeau"},"content":{"rendered":"<h4><span style=\"color: #008080;\"><strong>23 F\u00e9vrier 2019<\/strong><\/span><\/h4>\n<p>Semis d&rsquo;une dizaine de graines de piment Oizeau ( de la r\u00e9union ) qu&rsquo;un coll\u00e8gue de travail m&rsquo;a donn\u00e9\u00a0 l&rsquo;ann\u00e9e derni\u00e8re, j&rsquo;avais essay\u00e9 en vain d&rsquo;en faire pousser plusieurs fois, mais les rares fois ou un plant a pris, il ne s&rsquo;est pas d\u00e9velopp\u00e9 plus que de deux ou trois centim\u00e8tres de hauteur, puis s&rsquo;est \u00e9tiol\u00e9 et n&rsquo;a rien donn\u00e9 de plus.<\/p>\n<p>Cette ann\u00e9e, je m&rsquo;y suis pris plus t\u00f4t, mis au chaud derri\u00e8re la baie vitr\u00e9e, bien arros\u00e9, et une dizaine de plants sont sortis, mis rapidement en godet particulier, ils grandissent doucement.<br \/>\n<img loading=\"lazy\" decoding=\"async\" class=\"size-full wp-image-2607 aligncenter\" src=\"https:\/\/84310.fr\/jardin-morierois\/wp-content\/uploads\/2019\/04\/DSCN8087.jpg\" alt=\"\" width=\"480\" height=\"360\" srcset=\"https:\/\/84310.fr\/jardin-morierois\/wp-content\/uploads\/2019\/04\/DSCN8087.jpg 480w, https:\/\/84310.fr\/jardin-morierois\/wp-content\/uploads\/2019\/04\/DSCN8087-300x225.jpg 300w\" sizes=\"auto, (max-width: 480px) 100vw, 480px\" \/><br \/>\n<img loading=\"lazy\" decoding=\"async\" class=\"size-full wp-image-2608 aligncenter\" src=\"https:\/\/84310.fr\/jardin-morierois\/wp-content\/uploads\/2019\/04\/DSCN8104.jpg\" alt=\"\" width=\"480\" height=\"640\" srcset=\"https:\/\/84310.fr\/jardin-morierois\/wp-content\/uploads\/2019\/04\/DSCN8104.jpg 480w, https:\/\/84310.fr\/jardin-morierois\/wp-content\/uploads\/2019\/04\/DSCN8104-225x300.jpg 225w\" sizes=\"auto, (max-width: 480px) 100vw, 480px\" \/>les 10 piments sont \u00e0 droite, dans le m\u00eame bac que les poivrons .<\/p>\n","protected":false},"excerpt":{"rendered":"<p>23 F\u00e9vrier 2019 Semis d&rsquo;une dizaine de graines de piment Oizeau ( de la r\u00e9union ) qu&rsquo;un coll\u00e8gue de travail m&rsquo;a donn\u00e9\u00a0 l&rsquo;ann\u00e9e derni\u00e8re, j&rsquo;avais essay\u00e9 en vain d&rsquo;en faire pousser plusieurs fois, mais les rares fois ou un plant&hellip; <\/p>\n","protected":false},"author":1,"featured_media":0,"parent":0,"menu_order":0,"comment_status":"closed","ping_status":"closed","template":"","meta":{"_exactmetrics_skip_tracking":false,"_exactmetrics_sitenote_active":false,"_exactmetrics_sitenote_note":"","_exactmetrics_sitenote_category":0,"footnotes":""},"class_list":["post-2610","page","type-page","status-publish","hentry"],"_links":{"self":[{"href":"https:\/\/84310.fr\/jardin-morierois\/wp-json\/wp\/v2\/pages\/2610","targetHints":{"allow":["GET"]}}],"collection":[{"href":"https:\/\/84310.fr\/jardin-morierois\/wp-json\/wp\/v2\/pages"}],"about":[{"href":"https:\/\/84310.fr\/jardin-morierois\/wp-json\/wp\/v2\/types\/page"}],"author":[{"embeddable":true,"href":"https:\/\/84310.fr\/jardin-morierois\/wp-json\/wp\/v2\/users\/1"}],"replies":[{"embeddable":true,"href":"https:\/\/84310.fr\/jardin-morierois\/wp-json\/wp\/v2\/comments?post=2610"}],"version-history":[{"count":1,"href":"https:\/\/84310.fr\/jardin-morierois\/wp-json\/wp\/v2\/pages\/2610\/revisions"}],"predecessor-version":[{"id":2611,"href":"https:\/\/84310.fr\/jardin-morierois\/wp-json\/wp\/v2\/pages\/2610\/revisions\/2611"}],"wp:attachment":[{"href":"https:\/\/84310.fr\/jardin-morierois\/wp-json\/wp\/v2\/media?parent=2610"}],"curies":[{"name":"wp","href":"https:\/\/api.w.org\/{rel}","templated":true}]}}