{"id":2561,"date":"2019-03-02T20:48:11","date_gmt":"2019-03-02T19:48:11","guid":{"rendered":"http:\/\/84310.fr\/jardin-morierois\/?page_id=2561"},"modified":"2019-06-02T10:44:56","modified_gmt":"2019-06-02T09:44:56","slug":"cocottes-2019","status":"publish","type":"page","link":"https:\/\/84310.fr\/jardin-morierois\/cocottes-2019\/","title":{"rendered":"Cocottes 2019"},"content":{"rendered":"<div class=\"entry-content clearfix\">\n<p>Cumul\u00e9 D\u00e9cembre 2018 =&gt; 855 Oeufs<\/p>\n<p><span style=\"color: #ff00ff;\"><strong>Le 1er F\u00e9vrier\u00a0 2019<\/strong><\/span><\/p>\n<p>31 jours =&gt; 42 Oeufs<\/p>\n<p>Cumul\u00e9 Janvier =&gt; 897 Oeufs<\/p>\n<p><span style=\"color: #ff00ff;\"><strong>Le 1er Mars\u00a0 2019<\/strong><\/span><\/p>\n<p>28 jours =&gt; 34 Oeufs<\/p>\n<p>Cumul\u00e9 F\u00e9vrier =&gt; 931 Oeufs<\/p>\n<p><span style=\"color: #ff00ff;\"><strong>Le 1er Avril 2019<\/strong><\/span><\/p>\n<p><span style=\"color: #000000;\">31 jours =&gt;\u00a0 40 Oeufs<\/span><\/p>\n<p><span style=\"color: #000000;\">Cumul\u00e9 Mars =&gt;\u00a0 971 Oeufs<\/span><\/p>\n<p><span style=\"color: #ff00ff;\"><strong>Le 1er Mai 2019<\/strong><\/span><\/p>\n<p><span style=\"color: #000000;\">30 jours =&gt; 35 Oeufs<\/span><\/p>\n<p><strong>le 25 AVRIL =&gt; 1000\u00e8me \u0153uf !!!!<\/strong><\/p>\n<p><span style=\"color: #000000;\">Cumul\u00e9 Avril =&gt; 1006 Oeufs<\/span><\/p>\n<p><span style=\"color: #ff00ff;\"><strong>Le 1er Juin 2019<\/strong><\/span><\/p>\n<p><span style=\"color: #000000;\">30 jours =&gt; 32 Oeufs<\/span><\/p>\n<p><span style=\"color: #000000;\">Cumul\u00e9 Mai =&gt;\u00a0 1038 Oeufs<\/span><\/p>\n<p><span style=\"color: #999999;\"><strong>Le 1er Juillet 2019<\/strong><\/span><\/p>\n<p><span style=\"color: #999999;\">30 jours =&gt; .. Oeufs<\/span><\/p>\n<p><span style=\"color: #999999;\">Cumul\u00e9 Juin =&gt; &#8230; Oeufs<\/span><\/p>\n<p><span style=\"color: #999999;\"><strong>Le 1er Aout 2019<\/strong><\/span><\/p>\n<p><span style=\"color: #999999;\">31 jours =&gt; .. Oeufs<\/span><\/p>\n<p><span style=\"color: #999999;\">Cumul\u00e9 Juillet =&gt; &#8230; Oeufs<\/span><\/p>\n<p><span style=\"color: #999999;\"><strong>Le 1er Septembre 2019<\/strong><\/span><\/p>\n<p><span style=\"color: #999999;\">31 jours =&gt; .. Oeufs<\/span><\/p>\n<p><span style=\"color: #999999;\">Cumul\u00e9 Aout =&gt; &#8230; Oeufs<\/span><\/p>\n<p><span style=\"color: #999999;\"><strong>Le 1er Octobre 2019<\/strong><\/span><\/p>\n<p><span style=\"color: #999999;\">30 jours =&gt; .. Oeufs<\/span><\/p>\n<p><span style=\"color: #999999;\">Cumul\u00e9 Septembre =&gt; &#8230;. Oeufs<\/span><\/p>\n<p><span style=\"color: #999999;\"><strong>Le 1er Novembre 2019<\/strong><\/span><\/p>\n<p><span style=\"color: #999999;\">31 jours =&gt; .. Oeufs<\/span><\/p>\n<p><span style=\"color: #999999;\">Cumul\u00e9 Octobre =&gt; &#8230;. Oeufs<\/span><\/p>\n<p><span style=\"color: #999999;\"><strong>Le 1er D\u00e9cembre 2019<\/strong><\/span><\/p>\n<p><span style=\"color: #999999;\">30 jours =&gt; 41 Oeufs<\/span><\/p>\n<p><span style=\"color: #999999;\">Cumul\u00e9 Novembre =&gt; &#8230;. Oeufs<\/span><\/p>\n<p><span style=\"color: #999999;\"><strong>Le 31 D\u00e9cembre 2019<\/strong><\/span><\/p>\n<p><span style=\"color: #999999;\">31 jours =&gt; 38 Oeufs<\/span><\/p>\n<p><span style=\"color: #999999;\">Cumul\u00e9 D\u00e9cembre =&gt; &#8230;.<\/span><\/p>\n<h5><span style=\"color: #999999;\"><strong>POUR L\u2019ANN\u00c9E 2019 =&gt; &#8230; \u0152UFS !!!<\/strong><\/span><\/h5>\n<\/div>\n","protected":false},"excerpt":{"rendered":"<p>Cumul\u00e9 D\u00e9cembre 2018 =&gt; 855 Oeufs Le 1er F\u00e9vrier\u00a0 2019 31 jours =&gt; 42 Oeufs Cumul\u00e9 Janvier =&gt; 897 Oeufs Le 1er Mars\u00a0 2019 28 jours =&gt; 34 Oeufs Cumul\u00e9 F\u00e9vrier =&gt; 931 Oeufs Le 1er Avril 2019 31 jours&hellip; <\/p>\n","protected":false},"author":1,"featured_media":0,"parent":0,"menu_order":0,"comment_status":"closed","ping_status":"closed","template":"","meta":{"_exactmetrics_skip_tracking":false,"_exactmetrics_sitenote_active":false,"_exactmetrics_sitenote_note":"","_exactmetrics_sitenote_category":0,"footnotes":""},"class_list":["post-2561","page","type-page","status-publish","hentry"],"_links":{"self":[{"href":"https:\/\/84310.fr\/jardin-morierois\/wp-json\/wp\/v2\/pages\/2561","targetHints":{"allow":["GET"]}}],"collection":[{"href":"https:\/\/84310.fr\/jardin-morierois\/wp-json\/wp\/v2\/pages"}],"about":[{"href":"https:\/\/84310.fr\/jardin-morierois\/wp-json\/wp\/v2\/types\/page"}],"author":[{"embeddable":true,"href":"https:\/\/84310.fr\/jardin-morierois\/wp-json\/wp\/v2\/users\/1"}],"replies":[{"embeddable":true,"href":"https:\/\/84310.fr\/jardin-morierois\/wp-json\/wp\/v2\/comments?post=2561"}],"version-history":[{"count":8,"href":"https:\/\/84310.fr\/jardin-morierois\/wp-json\/wp\/v2\/pages\/2561\/revisions"}],"predecessor-version":[{"id":2816,"href":"https:\/\/84310.fr\/jardin-morierois\/wp-json\/wp\/v2\/pages\/2561\/revisions\/2816"}],"wp:attachment":[{"href":"https:\/\/84310.fr\/jardin-morierois\/wp-json\/wp\/v2\/media?parent=2561"}],"curies":[{"name":"wp","href":"https:\/\/api.w.org\/{rel}","templated":true}]}}