{"id":253,"date":"2016-03-10T23:01:27","date_gmt":"2016-03-10T22:01:27","guid":{"rendered":"http:\/\/84310.fr\/jardin-morierois\/?page_id=253"},"modified":"2016-09-02T20:04:26","modified_gmt":"2016-09-02T19:04:26","slug":"cocottes-2016","status":"publish","type":"page","link":"https:\/\/84310.fr\/jardin-morierois\/cocottes-2016\/","title":{"rendered":"Cocottes 2016"},"content":{"rendered":"<p><img loading=\"lazy\" decoding=\"async\" class=\"alignnone size-full wp-image-254\" src=\"https:\/\/84310.fr\/jardin-morierois\/wp-content\/uploads\/2016\/03\/poule.jpg\" alt=\"poule\" width=\"455\" height=\"319\" srcset=\"https:\/\/84310.fr\/jardin-morierois\/wp-content\/uploads\/2016\/03\/poule.jpg 455w, https:\/\/84310.fr\/jardin-morierois\/wp-content\/uploads\/2016\/03\/poule-300x210.jpg 300w\" sizes=\"auto, (max-width: 455px) 100vw, 455px\" \/><\/p>\n<p><span style=\"color: #ff00ff;\"><strong>Le 10 Mars 2016<\/strong><\/span><\/p>\n<p>L&rsquo;autre soir, \u00e0 table nous parlions cuisine, et regrettions\u00a0 la couleur jaune fonc\u00e9-orang\u00e9 des \u0153ufs de la mam\u00e9\u00a0 compar\u00e9 au mauvais jaune laiteux d\u00e9lav\u00e9 des \u0153ufs trouv\u00e9s dans le commerce. Depuis plus de 10 mois d\u00e9j\u00e0, il y a p\u00e9nurie d\u2019\u0153ufs bio dans notre famille, allez savoir pourquoi, ces volatiles d&rsquo;habitude forts g\u00e9n\u00e9reux, observent scrupuleusement une gr\u00e8ve totale et illimit\u00e9e. C&rsquo;est la politique du cul cousu qui prime actuellement.<br \/>\nNous en sommes venus au point de dire que si nous avions un peu de place,deux ou trois poules feraient bien partie de la famille, mais ou les mettre ? au fond du jardin, \u00e0 cot\u00e9 de la piscine ? on s&rsquo;imaginait bien cet \u00e9t\u00e9 en train d&rsquo;\u00e9viter les fientes pour monter \u00e0 l&rsquo;\u00e9chelle de la piscine.. non vraiment impossible de prendre cette issue.<br \/>\nPendant la suite du repas, une id\u00e9e farfelue m&rsquo;a travers\u00e9 l&rsquo;esprit, je l&rsquo;ai propos\u00e9 au conseil des sages qui a approuv\u00e9 \u00e0 l\u2019unanimit\u00e9.<br \/>\n<img loading=\"lazy\" decoding=\"async\" class=\"alignnone size-full wp-image-373 aligncenter\" src=\"https:\/\/84310.fr\/jardin-morierois\/wp-content\/uploads\/2016\/03\/DSCN1787.jpg\" alt=\"DSCN1787\" width=\"800\" height=\"600\" srcset=\"https:\/\/84310.fr\/jardin-morierois\/wp-content\/uploads\/2016\/03\/DSCN1787.jpg 800w, https:\/\/84310.fr\/jardin-morierois\/wp-content\/uploads\/2016\/03\/DSCN1787-300x225.jpg 300w, https:\/\/84310.fr\/jardin-morierois\/wp-content\/uploads\/2016\/03\/DSCN1787-768x576.jpg 768w\" sizes=\"auto, (max-width: 800px) 100vw, 800px\" \/><br \/>\nAu bout de notre propri\u00e9t\u00e9, derri\u00e8re la cl\u00f4ture, se trouve une roubine ( <span class=\"st\">Petit canal d&rsquo;assainissement ou destin\u00e9 \u00e0 l&rsquo;irrigation<\/span> ) qui d\u00e9limitait autrefois la fin d&rsquo;une parcelle et le d\u00e9but d&rsquo;une autre. Cette roubine, \u00e0 l&rsquo;abandon ?, n&rsquo;est pas, ( souvent, r\u00e9cemment ) entretenue par les services de la mairie, et m\u00eame le dernier voisin arriv\u00e9 dans le quartier s&rsquo;est \u00a0\u00bb involontairement \u00a0\u00bb accapar\u00e9 toute la longueur de roubine qui borde sa propri\u00e9t\u00e9 en y stockant son bois de chauffage, son cabanon en bois et d&rsquo;autres merveilles qui ne pouvaient \u00eatre ailleurs. Il se trouve donc, que cette roubine est cl\u00f4tur\u00e9e de 3 cot\u00e9s, et y mettre 2 ou 3 volatiles pourrait ais\u00e9ment permettre au nettoyage Total de cet espace qui nous \u00a0\u00bb incombe \u00a0\u00bb chaque saison, de peur que les hautes herbes s\u00e8ches ne prennent feu pour des raison que seuls les abrutis d&rsquo;incendiaires volontaires ou non, connaissent. De plus, en contrepartie de leur dur labeur au nettoyage communal, se verraient nourrir de nos restes de cuisines, ( \u00e9cologie, quand tu nous tiens, ) au grand d\u00e9sespoir de mes composteurs. Ces charmantes volailles, dans un \u00e9lan de gentillesse, nous \u00e9gayeraient l&rsquo;estomac avec leurs bons \u0153ufs Bio !!!.<\/p>\n<p>L&rsquo;id\u00e9e est lanc\u00e9e, une vielle cabane \u00e0 poule inoccup\u00e9e sera r\u00e9cup\u00e9r\u00e9e chez la mam\u00e9 dans le quartier voisin, une cl\u00f4ture l\u00e9g\u00e8re mais solide sera pos\u00e9e pour emp\u00eacher les poules de sortir et d&rsquo;\u00e9ventuels chiens errants d&rsquo;entrer pour se faire un gueuleton. la cabane sera sur pilotis pour minimiser l\u2019encombrement et faciliter l&rsquo;\u00e9coulement des eaux qui est principale fonction de la roubine.<br \/>\n<img loading=\"lazy\" decoding=\"async\" class=\"alignnone size-full wp-image-376\" src=\"https:\/\/84310.fr\/jardin-morierois\/wp-content\/uploads\/2016\/03\/DSCN1784.jpg\" alt=\"DSCN1784\" width=\"800\" height=\"600\" srcset=\"https:\/\/84310.fr\/jardin-morierois\/wp-content\/uploads\/2016\/03\/DSCN1784.jpg 800w, https:\/\/84310.fr\/jardin-morierois\/wp-content\/uploads\/2016\/03\/DSCN1784-300x225.jpg 300w, https:\/\/84310.fr\/jardin-morierois\/wp-content\/uploads\/2016\/03\/DSCN1784-768x576.jpg 768w\" sizes=\"auto, (max-width: 800px) 100vw, 800px\" \/><\/p>\n<p style=\"text-align: right;\">\u00e0 droite&#8230;.<\/p>\n<p><img loading=\"lazy\" decoding=\"async\" class=\"alignnone size-full wp-image-375\" src=\"https:\/\/84310.fr\/jardin-morierois\/wp-content\/uploads\/2016\/03\/DSCN1783.jpg\" alt=\"DSCN1783\" width=\"800\" height=\"600\" srcset=\"https:\/\/84310.fr\/jardin-morierois\/wp-content\/uploads\/2016\/03\/DSCN1783.jpg 800w, https:\/\/84310.fr\/jardin-morierois\/wp-content\/uploads\/2016\/03\/DSCN1783-300x225.jpg 300w, https:\/\/84310.fr\/jardin-morierois\/wp-content\/uploads\/2016\/03\/DSCN1783-768x576.jpg 768w\" sizes=\"auto, (max-width: 800px) 100vw, 800px\" \/><br \/>\n\u00e0 gauche &#8230;.<br \/>\n<strong>rectification,\u00a0<\/strong>plus haut j&rsquo;ai parl\u00e9 de la mairie, mais apr\u00e8s avoir discut\u00e9 avec la voisine, il s&rsquo;av\u00e8re que l&rsquo;entretien de la dite roubine est, ou plut\u00f4t devrait \u00eatre l&rsquo;affaire de la soci\u00e9t\u00e9 du canal, enfin, de toute fa\u00e7on, personne ne s&rsquo;en occupe, si ce ne sont les voisins\u00a0 limitrophes, et encore &#8230;<\/p>\n<p><img loading=\"lazy\" decoding=\"async\" class=\"alignnone size-full wp-image-377\" src=\"https:\/\/84310.fr\/jardin-morierois\/wp-content\/uploads\/2016\/03\/DSCN1795.jpg\" alt=\"DSCN1795\" width=\"800\" height=\"600\" srcset=\"https:\/\/84310.fr\/jardin-morierois\/wp-content\/uploads\/2016\/03\/DSCN1795.jpg 800w, https:\/\/84310.fr\/jardin-morierois\/wp-content\/uploads\/2016\/03\/DSCN1795-300x225.jpg 300w, https:\/\/84310.fr\/jardin-morierois\/wp-content\/uploads\/2016\/03\/DSCN1795-768x576.jpg 768w\" sizes=\"auto, (max-width: 800px) 100vw, 800px\" \/><br \/>\npour limiter l&rsquo;aire de jeu des volatiles, nous avons \u00a0\u00bb cl\u00f4tur\u00e9 \u00a0\u00bb d&rsquo;une fa\u00e7on simple mais robuste et facilement d\u00e9montable au cas ou &#8230;<br \/>\nle bas a \u00e9t\u00e9 renforc\u00e9 mais tout en permettant une \u00e9vacuation maximale de l&rsquo;eau d&rsquo;\u00e9coulement sans que les cocottes puissent se faire la malle, mais surtout pour emp\u00eacher les \u00e9ventuels pr\u00e9dateurs ( chiens ou renards ) de p\u00e9n\u00e9trer et de se faire un festin de nos d\u00e9broussailleuses en herbe.<\/p>\n<p><strong><span style=\"color: #ff00ff;\">Le 20 Juin 2016<\/span><\/strong><\/p>\n<p>C&rsquo;est fait, apr\u00e8s de nombreuses tentatives d&rsquo;achats pas cher, d&rsquo;amis qui connait quelqu&rsquo;un qui connait quelqu&rsquo;un qui vend des poules de r\u00e9formes \u00e0 2 ou 3 euros, que le renard a bouff\u00e9, qu&rsquo;il en a plus, qu&rsquo;il faut attendre &#8230;\u00a0 on a franchi le cap.<br \/>\nLe bon coin, un petit jeune sur Montfavet, visiblement passionn\u00e9 d&rsquo;animaux, qui a des poules, des canards ,des lapins, des pintades, des oies, et m\u00eames des porcs &#8230; ( \u00e9noooormes !! )<\/p>\n<p>10 Euros pi\u00e8ce, 2 pour nous et 4 pour remplacer le parc vieillissant et non productif d\u2019\u0153ufs de ma maman.<br \/>\npas plus t\u00f4t les immigrantes ont rejoint le centre de r\u00e9tention provisoire que le coq leur a souhait\u00e9 la bienvenue en terre Mori\u00e9roise \u00e0 sa fa\u00e7on. Et crac ma poule comme on dit. En moins d&rsquo;une minute, 3 \u00e9taient d\u00e9j\u00e0 pass\u00e9es sous ses pulsions.<br \/>\nLes futures habitantes seront chez nous d&rsquo;ici peu.<br \/>\nleur portrait d&rsquo;ici quelques jours et une description plus d\u00e9taill\u00e9e du projet cocotte qui va d\u00e9couler.<br \/>\n<strong><span style=\"color: #ff00ff;\">Le 27 Juin 2016<\/span><\/strong><\/p>\n<p><span style=\"color: #000000;\">c&rsquo;est le grand jour&#8230; ou plut\u00f4t la grande nuit car elles sont arriv\u00e9es hier soir.<br \/>\nCe matin, petite d\u00e9ception, pas d\u2019\u0153uf<\/span><span style=\"color: #000000;\">\u00a0 &#8230; mais elles ont bien le droit de prendre leurs marques.<\/span><\/p>\n<p><span style=\"color: #000000;\"><img loading=\"lazy\" decoding=\"async\" class=\"alignnone wp-image-793\" src=\"https:\/\/84310.fr\/jardin-morierois\/wp-content\/uploads\/2016\/03\/DSCN2668.jpg\" alt=\"DSCN2668\" width=\"302\" height=\"227\" srcset=\"https:\/\/84310.fr\/jardin-morierois\/wp-content\/uploads\/2016\/03\/DSCN2668.jpg 800w, https:\/\/84310.fr\/jardin-morierois\/wp-content\/uploads\/2016\/03\/DSCN2668-300x225.jpg 300w, https:\/\/84310.fr\/jardin-morierois\/wp-content\/uploads\/2016\/03\/DSCN2668-768x576.jpg 768w\" sizes=\"auto, (max-width: 302px) 100vw, 302px\" \/><\/span><span style=\"color: #000000;\"><img loading=\"lazy\" decoding=\"async\" class=\"alignnone wp-image-794\" src=\"https:\/\/84310.fr\/jardin-morierois\/wp-content\/uploads\/2016\/03\/DSCN2669.jpg\" alt=\"DSCN2669\" width=\"299\" height=\"225\" srcset=\"https:\/\/84310.fr\/jardin-morierois\/wp-content\/uploads\/2016\/03\/DSCN2669.jpg 800w, https:\/\/84310.fr\/jardin-morierois\/wp-content\/uploads\/2016\/03\/DSCN2669-300x225.jpg 300w, https:\/\/84310.fr\/jardin-morierois\/wp-content\/uploads\/2016\/03\/DSCN2669-768x576.jpg 768w\" sizes=\"auto, (max-width: 299px) 100vw, 299px\" \/><\/span><span style=\"color: #000000;\"> une palette est dispos\u00e9e pour sur\u00e9lever l&rsquo;habitat<br \/>\n<\/span><\/p>\n<p><img loading=\"lazy\" decoding=\"async\" class=\"alignnone size-full wp-image-795\" src=\"https:\/\/84310.fr\/jardin-morierois\/wp-content\/uploads\/2016\/03\/DSCN2670.jpg\" alt=\"DSCN2670\" width=\"800\" height=\"600\" srcset=\"https:\/\/84310.fr\/jardin-morierois\/wp-content\/uploads\/2016\/03\/DSCN2670.jpg 800w, https:\/\/84310.fr\/jardin-morierois\/wp-content\/uploads\/2016\/03\/DSCN2670-300x225.jpg 300w, https:\/\/84310.fr\/jardin-morierois\/wp-content\/uploads\/2016\/03\/DSCN2670-768x576.jpg 768w\" sizes=\"auto, (max-width: 800px) 100vw, 800px\" \/>\u00a0\u00a0\u00a0 Une veille caisse en bois ayant certainement contenu de grands crus fera parfaitement office de nid. <img decoding=\"async\" class=\"alignnone size-full wp-image-797\" src=\"https:\/\/84310.fr\/jardin-morierois\/wp-content\/uploads\/2016\/03\/DSCN2672.jpg\" alt=\"DSCN2672\" \/><\/p>\n<p>Un peu de copeaux de bois rendra le nid plus douillet.<img loading=\"lazy\" decoding=\"async\" class=\"alignnone size-full wp-image-796\" src=\"https:\/\/84310.fr\/jardin-morierois\/wp-content\/uploads\/2016\/03\/DSCN2671.jpg\" alt=\"DSCN2671\" width=\"800\" height=\"600\" srcset=\"https:\/\/84310.fr\/jardin-morierois\/wp-content\/uploads\/2016\/03\/DSCN2671.jpg 800w, https:\/\/84310.fr\/jardin-morierois\/wp-content\/uploads\/2016\/03\/DSCN2671-300x225.jpg 300w, https:\/\/84310.fr\/jardin-morierois\/wp-content\/uploads\/2016\/03\/DSCN2671-768x576.jpg 768w\" sizes=\"auto, (max-width: 800px) 100vw, 800px\" \/><\/p>\n<p>La structure de la maison \u00e0 poules est faite \u00e0 partir de deux grandes caisses de pommes, r\u00e9cup\u00e9r\u00e9es sur mon lieu de travail il y a quelques ann\u00e9es. Ces caisses ont \u00e9t\u00e9 isol\u00e9es avec du polystyr\u00e8ne et doubl\u00e9es avec du BA13 ( Placo) et les espaces ont \u00e9t\u00e9 combl\u00e9s avec des lattes d&rsquo;autres caisses identiques.\u00a0 <img loading=\"lazy\" decoding=\"async\" class=\"alignnone size-full wp-image-799\" src=\"https:\/\/84310.fr\/jardin-morierois\/wp-content\/uploads\/2016\/03\/DSCN2674.jpg\" alt=\"DSCN2674\" width=\"800\" height=\"600\" srcset=\"https:\/\/84310.fr\/jardin-morierois\/wp-content\/uploads\/2016\/03\/DSCN2674.jpg 800w, https:\/\/84310.fr\/jardin-morierois\/wp-content\/uploads\/2016\/03\/DSCN2674-300x225.jpg 300w, https:\/\/84310.fr\/jardin-morierois\/wp-content\/uploads\/2016\/03\/DSCN2674-768x576.jpg 768w\" sizes=\"auto, (max-width: 800px) 100vw, 800px\" \/><\/p>\n<p>L&rsquo;entr\u00e9e a \u00e9t\u00e9 agrandie pour pouvoir r\u00e9colter les \u0153ufs sans avoir \u00e0 ouvrir tout l&rsquo;ensemble<\/p>\n<p><img loading=\"lazy\" decoding=\"async\" class=\"alignnone size-full wp-image-801\" src=\"https:\/\/84310.fr\/jardin-morierois\/wp-content\/uploads\/2016\/03\/DSCN2685.jpg\" alt=\"DSCN2685\" width=\"800\" height=\"600\" srcset=\"https:\/\/84310.fr\/jardin-morierois\/wp-content\/uploads\/2016\/03\/DSCN2685.jpg 800w, https:\/\/84310.fr\/jardin-morierois\/wp-content\/uploads\/2016\/03\/DSCN2685-300x225.jpg 300w, https:\/\/84310.fr\/jardin-morierois\/wp-content\/uploads\/2016\/03\/DSCN2685-768x576.jpg 768w\" sizes=\"auto, (max-width: 800px) 100vw, 800px\" \/><\/p>\n<p>Les principales int\u00e9ress\u00e9es, pondeuses et d\u00e9broussailleuses, environ10 mois, achet\u00e9es 10 Euros chez K\u00e9vin de Montfavet.<\/p>\n<p><strong><span style=\"color: #ff00ff;\">Le 1er Juillet\u00a0 2016<\/span><\/strong><\/p>\n<p>p\u00e9riode du 27 au 30 Juin<\/p>\n<p>4 jours =&gt; 2 Oeufs<\/p>\n<p>Cumul\u00e9 Juin =&gt; 2 Oeufs<\/p>\n<p>&nbsp;<\/p>\n<p><strong><span style=\"color: #ff00ff;\">Le 1er Aout\u00a0 2016<\/span><\/strong><\/p>\n<p>p\u00e9riode du 1er au 31 Juillet<\/p>\n<p>31 jours =&gt; 32 Oeufs<\/p>\n<p>Cumul\u00e9 Juillet =&gt; 34 Oeufs<\/p>\n<p>&nbsp;<\/p>\n<p><strong><span style=\"color: #ff00ff;\">Le 1er Septembre\u00a0 2016<\/span><\/strong><\/p>\n<p>p\u00e9riode du 1er au 31 Aout<\/p>\n<p>31 jours =&gt; 34 Oeufs<\/p>\n<p>Cumul\u00e9 Aout =&gt; 68 Oeufs<\/p>\n<p>&nbsp;<\/p>\n<p>&nbsp;<\/p>\n","protected":false},"excerpt":{"rendered":"<p>Le 10 Mars 2016 L&rsquo;autre soir, \u00e0 table nous parlions cuisine, et regrettions\u00a0 la couleur jaune fonc\u00e9-orang\u00e9 des \u0153ufs de la mam\u00e9\u00a0 compar\u00e9 au mauvais jaune laiteux d\u00e9lav\u00e9 des \u0153ufs trouv\u00e9s dans le commerce. Depuis plus de 10 mois d\u00e9j\u00e0,&hellip; <\/p>\n","protected":false},"author":1,"featured_media":0,"parent":0,"menu_order":0,"comment_status":"closed","ping_status":"closed","template":"","meta":{"_exactmetrics_skip_tracking":false,"_exactmetrics_sitenote_active":false,"_exactmetrics_sitenote_note":"","_exactmetrics_sitenote_category":0,"footnotes":""},"class_list":["post-253","page","type-page","status-publish","hentry"],"_links":{"self":[{"href":"https:\/\/84310.fr\/jardin-morierois\/wp-json\/wp\/v2\/pages\/253","targetHints":{"allow":["GET"]}}],"collection":[{"href":"https:\/\/84310.fr\/jardin-morierois\/wp-json\/wp\/v2\/pages"}],"about":[{"href":"https:\/\/84310.fr\/jardin-morierois\/wp-json\/wp\/v2\/types\/page"}],"author":[{"embeddable":true,"href":"https:\/\/84310.fr\/jardin-morierois\/wp-json\/wp\/v2\/users\/1"}],"replies":[{"embeddable":true,"href":"https:\/\/84310.fr\/jardin-morierois\/wp-json\/wp\/v2\/comments?post=253"}],"version-history":[{"count":11,"href":"https:\/\/84310.fr\/jardin-morierois\/wp-json\/wp\/v2\/pages\/253\/revisions"}],"predecessor-version":[{"id":829,"href":"https:\/\/84310.fr\/jardin-morierois\/wp-json\/wp\/v2\/pages\/253\/revisions\/829"}],"wp:attachment":[{"href":"https:\/\/84310.fr\/jardin-morierois\/wp-json\/wp\/v2\/media?parent=253"}],"curies":[{"name":"wp","href":"https:\/\/api.w.org\/{rel}","templated":true}]}}