{"id":2520,"date":"2019-02-28T18:24:10","date_gmt":"2019-02-28T17:24:10","guid":{"rendered":"http:\/\/84310.fr\/jardin-morierois\/?page_id=2520"},"modified":"2019-03-02T19:27:10","modified_gmt":"2019-03-02T18:27:10","slug":"2019-cuves-darrosage","status":"publish","type":"page","link":"https:\/\/84310.fr\/jardin-morierois\/2019-cuves-darrosage\/","title":{"rendered":"2019 cuves d&rsquo;arrosage"},"content":{"rendered":"<p>Une fois le projet Abri pour motoculteurs termin\u00e9, je peux commencer un projet qui me tient \u00e0 c\u0153ur depuis quelques temps d\u00e9j\u00e0 : \u00catre momentan\u00e9ment en capacit\u00e9 d&rsquo;arroser sans avoir \u00e0 tirer des rallonges \u00e9lectriques pour faire fonctionner les moteurs ou avoir \u00e0 pomper manuellement si un jour je ne suis plus capable de le faire.<br \/>\nil faudra bien que d&rsquo;ici quelques moments, je prenne le temps de concevoir une ligne \u00e9lectrique et un syst\u00e8me permanent de pompes d&rsquo;arrosage que je n&rsquo;aurai pas \u00e0 d\u00e9monter chaque d\u00e9but de saison froide et remonter chaque d\u00e9but de saison \u00a0\u00bb agr\u00e9able\u00a0\u00bb &#8230;<br \/>\nDe m\u00eame, il ne serait pas inutile de pr\u00e9voir un r\u00e9seau d&rsquo;arrosage enterr\u00e9, avec quelques sorties situ\u00e9es aux endroits strat\u00e9giques du jardin.<\/p>\n<p>le projet: deux cuves pouvant se remplir \u00e0 l&rsquo;aide des pompes, et se vider en remplissant soit des arrosoirs, soit par un syst\u00e8me de tuyaux faciles \u00e0 mettre en \u0153uvre.\u00a0 <img loading=\"lazy\" decoding=\"async\" class=\"size-full wp-image-2527 aligncenter\" src=\"https:\/\/84310.fr\/jardin-morierois\/wp-content\/uploads\/2019\/02\/cuve-1000-litres-eau.png\" alt=\"\" width=\"300\" height=\"318\" srcset=\"https:\/\/84310.fr\/jardin-morierois\/wp-content\/uploads\/2019\/02\/cuve-1000-litres-eau.png 300w, https:\/\/84310.fr\/jardin-morierois\/wp-content\/uploads\/2019\/02\/cuve-1000-litres-eau-283x300.png 283w\" sizes=\"auto, (max-width: 300px) 100vw, 300px\" \/>Une sera dispos\u00e9e \u00e0 cot\u00e9 de l&rsquo;abri pour motoculteurs, et ne g\u00eanera pas l&rsquo;organisation, l&rsquo;autre sera pour la seconde zone, \u00e0 c\u00f4t\u00e9 du pr\u00e9, dont j&rsquo;esp\u00e8re exploiter une plus grande partie cet \u00e9t\u00e9 une fois que les chevaux seront partis.<br \/>\nBon, une fois recherches faites, les grandes enseignes de bricolage, Leroypinpin &#8230; moins ch\u00e8re \u00e0 111 Euros ( sans livraison &#8230;) Amazon &#8230; entre 175 et 200 Euros ( sans livraison aussi )<br \/>\nsinon, le bon coin &#8230;. \u00e0 voir &#8230; de tout et &#8230;. moins que rien, des cuves explos\u00e9es \u00e0 20 Euros, des neuves \u00e0 nettoyer soit m\u00eame ( bonjour la gal\u00e8re ) \u00e0 25 Euros &#8230; sinon le prix des cuves soit disant \u00a0\u00bb propres \u00a0\u00bb oscille entre 40 et 80 Euros &#8230;<br \/>\nPlusieurs contacts, dont le premier qui propose m\u00eame une livraison dans une zone qui me correspondrait pour 5 Euros de plus &#8230; soit 50 Euros pi\u00e8ce &#8230; \u00e7a me va. Mais plus aucune r\u00e9ponse par la suite, ni par mail, ni par t\u00e9l\u00e9phone.<br \/>\nJe me tourne vers un second contact qui propose des cuves nettoy\u00e9es \u00e0 la javel puis nettoy\u00e9es au karcher \u00e0 eau chaude, le tout pour 40 Euros pi\u00e8ce. \u00e7a me va.<br \/>\nLe temps de pr\u00e9voir le transport et la manutention, les deux cuves sont rapidement \u00e0 la maison pour moins cher que pr\u00e9vu.<br \/>\nLa suite va pouvoir commencer.<\/p>\n<h4><span style=\"color: #3366ff;\"><strong>Vendredi 1er Mars 2019<\/strong><\/span><\/h4>\n<p><img loading=\"lazy\" decoding=\"async\" class=\"alignnone size-full wp-image-2541\" src=\"https:\/\/84310.fr\/jardin-morierois\/wp-content\/uploads\/2019\/03\/DSCN8011.jpg\" alt=\"\" width=\"600\" height=\"450\" srcset=\"https:\/\/84310.fr\/jardin-morierois\/wp-content\/uploads\/2019\/03\/DSCN8011.jpg 600w, https:\/\/84310.fr\/jardin-morierois\/wp-content\/uploads\/2019\/03\/DSCN8011-300x225.jpg 300w\" sizes=\"auto, (max-width: 600px) 100vw, 600px\" \/><br \/>\nQuelques voyages de parpaings et le tour est jou\u00e9. il a fallu gratter un peu le sol pour pouvoir mettre l&rsquo;ensemble de niveau. j&rsquo;ai mis deux rang\u00e9es de parpaings, cela permet de positionner un arrosoir sans difficult\u00e9 sous le robinet de sortie de la cuve.<\/p>\n<p><img loading=\"lazy\" decoding=\"async\" class=\"alignnone size-full wp-image-2544\" src=\"https:\/\/84310.fr\/jardin-morierois\/wp-content\/uploads\/2019\/03\/PALETTE.jpg\" alt=\"\" width=\"600\" height=\"483\" srcset=\"https:\/\/84310.fr\/jardin-morierois\/wp-content\/uploads\/2019\/03\/PALETTE.jpg 600w, https:\/\/84310.fr\/jardin-morierois\/wp-content\/uploads\/2019\/03\/PALETTE-300x242.jpg 300w\" sizes=\"auto, (max-width: 600px) 100vw, 600px\" \/><br \/>\nLa palette qui supporte la cuve et la structure de maintien en ferraille a \u00e9t\u00e9 trait\u00e9e avec une lasure. j&rsquo;esp\u00e8re que cela prolongera la vie de l&rsquo;ensemble.<\/p>\n<p><img loading=\"lazy\" decoding=\"async\" class=\"alignnone size-full wp-image-2542\" src=\"https:\/\/84310.fr\/jardin-morierois\/wp-content\/uploads\/2019\/03\/DSCN8013.jpg\" alt=\"\" width=\"600\" height=\"450\" srcset=\"https:\/\/84310.fr\/jardin-morierois\/wp-content\/uploads\/2019\/03\/DSCN8013.jpg 600w, https:\/\/84310.fr\/jardin-morierois\/wp-content\/uploads\/2019\/03\/DSCN8013-300x225.jpg 300w\" sizes=\"auto, (max-width: 600px) 100vw, 600px\" \/><br \/>\nl&rsquo;ensemble est pr\u00eat et fonctionnel. je pense donner un coup d&rsquo;eau \u00e0 l&rsquo;int\u00e9rieur pour nettoyer les r\u00e9sidus de produits qu&rsquo;il y avait avant ( malgr\u00e9 le nettoyage effectu\u00e9 par le vendeur ).<br \/>\nJe r\u00e9fl\u00e9chis sur une id\u00e9e pour \u00a0\u00bb cacher \u00a0\u00bb un peu le mat\u00e9riau blanc\/m\u00e9tal derri\u00e8re un ensemble bois, palette ou autres planches, =&gt; pour l&rsquo;esth\u00e9tique !!!!<\/p>\n<p><img loading=\"lazy\" decoding=\"async\" class=\"alignnone size-full wp-image-2543\" src=\"https:\/\/84310.fr\/jardin-morierois\/wp-content\/uploads\/2019\/03\/DSCN8014.jpg\" alt=\"\" width=\"600\" height=\"450\" srcset=\"https:\/\/84310.fr\/jardin-morierois\/wp-content\/uploads\/2019\/03\/DSCN8014.jpg 600w, https:\/\/84310.fr\/jardin-morierois\/wp-content\/uploads\/2019\/03\/DSCN8014-300x225.jpg 300w\" sizes=\"auto, (max-width: 600px) 100vw, 600px\" \/><br \/>\nl&rsquo;ensemble est de niveau, pourvu que sous l&rsquo;effet de la charge, il ne penche pas &#8230;<\/p>\n<p><img loading=\"lazy\" decoding=\"async\" class=\"alignnone size-full wp-image-2540\" src=\"https:\/\/84310.fr\/jardin-morierois\/wp-content\/uploads\/2019\/03\/CUVE.jpg\" alt=\"\" width=\"600\" height=\"456\" srcset=\"https:\/\/84310.fr\/jardin-morierois\/wp-content\/uploads\/2019\/03\/CUVE.jpg 600w, https:\/\/84310.fr\/jardin-morierois\/wp-content\/uploads\/2019\/03\/CUVE-300x228.jpg 300w\" sizes=\"auto, (max-width: 600px) 100vw, 600px\" \/><\/p>\n<p>le projet cuve dans jardin est FINI !!!!<br \/>\nil reste \u00e0 faire l&rsquo;autre cuve &#8230;(celle du pr\u00e9 )<\/p>\n<h4><span style=\"color: #3366ff;\"><strong>Samedi 2 Mars 2019<\/strong><\/span><\/h4>\n<p><img loading=\"lazy\" decoding=\"async\" class=\"alignnone size-full wp-image-2553\" src=\"https:\/\/84310.fr\/jardin-morierois\/wp-content\/uploads\/2019\/03\/P_20190302_160425.jpg\" alt=\"\" width=\"640\" height=\"480\" srcset=\"https:\/\/84310.fr\/jardin-morierois\/wp-content\/uploads\/2019\/03\/P_20190302_160425.jpg 640w, https:\/\/84310.fr\/jardin-morierois\/wp-content\/uploads\/2019\/03\/P_20190302_160425-300x225.jpg 300w\" sizes=\"auto, (max-width: 640px) 100vw, 640px\" \/><br \/>\nL&rsquo;ensemble est positionn\u00e9 de niveau. la palette a \u00e9t\u00e9 trait\u00e9e \u00e0 la lasure.<\/p>\n<p><img loading=\"lazy\" decoding=\"async\" class=\"alignnone size-full wp-image-2554\" src=\"https:\/\/84310.fr\/jardin-morierois\/wp-content\/uploads\/2019\/03\/P_20190302_160438.jpg\" alt=\"\" width=\"640\" height=\"480\" srcset=\"https:\/\/84310.fr\/jardin-morierois\/wp-content\/uploads\/2019\/03\/P_20190302_160438.jpg 640w, https:\/\/84310.fr\/jardin-morierois\/wp-content\/uploads\/2019\/03\/P_20190302_160438-300x225.jpg 300w\" sizes=\"auto, (max-width: 640px) 100vw, 640px\" \/><br \/>\nla cuve est pr\u00eate non loin.<\/p>\n<p><img loading=\"lazy\" decoding=\"async\" class=\"alignnone size-full wp-image-2555\" src=\"https:\/\/84310.fr\/jardin-morierois\/wp-content\/uploads\/2019\/03\/P_20190302_161722.jpg\" alt=\"\" width=\"640\" height=\"480\" srcset=\"https:\/\/84310.fr\/jardin-morierois\/wp-content\/uploads\/2019\/03\/P_20190302_161722.jpg 640w, https:\/\/84310.fr\/jardin-morierois\/wp-content\/uploads\/2019\/03\/P_20190302_161722-300x225.jpg 300w\" sizes=\"auto, (max-width: 640px) 100vw, 640px\" \/><br \/>\nL&rsquo;ensemble est mont\u00e9 sans grande difficult\u00e9.<\/p>\n<p><img loading=\"lazy\" decoding=\"async\" class=\"alignnone size-full wp-image-2556\" src=\"https:\/\/84310.fr\/jardin-morierois\/wp-content\/uploads\/2019\/03\/P_20190302_161735.jpg\" alt=\"\" width=\"640\" height=\"480\" srcset=\"https:\/\/84310.fr\/jardin-morierois\/wp-content\/uploads\/2019\/03\/P_20190302_161735.jpg 640w, https:\/\/84310.fr\/jardin-morierois\/wp-content\/uploads\/2019\/03\/P_20190302_161735-300x225.jpg 300w\" sizes=\"auto, (max-width: 640px) 100vw, 640px\" \/><\/p>\n<p>&nbsp;<\/p>\n<p><img loading=\"lazy\" decoding=\"async\" class=\"alignnone size-full wp-image-2557\" src=\"https:\/\/84310.fr\/jardin-morierois\/wp-content\/uploads\/2019\/03\/P_20190302_161750.jpg\" alt=\"\" width=\"640\" height=\"480\" srcset=\"https:\/\/84310.fr\/jardin-morierois\/wp-content\/uploads\/2019\/03\/P_20190302_161750.jpg 640w, https:\/\/84310.fr\/jardin-morierois\/wp-content\/uploads\/2019\/03\/P_20190302_161750-300x225.jpg 300w\" sizes=\"auto, (max-width: 640px) 100vw, 640px\" \/><br \/>\nLa deuxi\u00e8me cuve est pr\u00eate,\u00a0 je pense \u00e9galement y donner un coup d&rsquo;eau \u00e0 l&rsquo;int\u00e9rieur pour nettoyer les r\u00e9sidus de produits qu&rsquo;il y avait avant, comme pour l&rsquo;autre.<br \/>\nIl ne me reste qu&rsquo;a tirer la ligne d&rsquo;eau pour remplir, mais c&rsquo;est une autre histoire&#8230;<\/p>\n","protected":false},"excerpt":{"rendered":"<p>Une fois le projet Abri pour motoculteurs termin\u00e9, je peux commencer un projet qui me tient \u00e0 c\u0153ur depuis quelques temps d\u00e9j\u00e0 : \u00catre momentan\u00e9ment en capacit\u00e9 d&rsquo;arroser sans avoir \u00e0 tirer des rallonges \u00e9lectriques pour faire fonctionner les moteurs&hellip; <\/p>\n","protected":false},"author":1,"featured_media":0,"parent":0,"menu_order":0,"comment_status":"closed","ping_status":"closed","template":"","meta":{"_exactmetrics_skip_tracking":false,"_exactmetrics_sitenote_active":false,"_exactmetrics_sitenote_note":"","_exactmetrics_sitenote_category":0,"footnotes":""},"class_list":["post-2520","page","type-page","status-publish","hentry"],"_links":{"self":[{"href":"https:\/\/84310.fr\/jardin-morierois\/wp-json\/wp\/v2\/pages\/2520","targetHints":{"allow":["GET"]}}],"collection":[{"href":"https:\/\/84310.fr\/jardin-morierois\/wp-json\/wp\/v2\/pages"}],"about":[{"href":"https:\/\/84310.fr\/jardin-morierois\/wp-json\/wp\/v2\/types\/page"}],"author":[{"embeddable":true,"href":"https:\/\/84310.fr\/jardin-morierois\/wp-json\/wp\/v2\/users\/1"}],"replies":[{"embeddable":true,"href":"https:\/\/84310.fr\/jardin-morierois\/wp-json\/wp\/v2\/comments?post=2520"}],"version-history":[{"count":10,"href":"https:\/\/84310.fr\/jardin-morierois\/wp-json\/wp\/v2\/pages\/2520\/revisions"}],"predecessor-version":[{"id":2559,"href":"https:\/\/84310.fr\/jardin-morierois\/wp-json\/wp\/v2\/pages\/2520\/revisions\/2559"}],"wp:attachment":[{"href":"https:\/\/84310.fr\/jardin-morierois\/wp-json\/wp\/v2\/media?parent=2520"}],"curies":[{"name":"wp","href":"https:\/\/api.w.org\/{rel}","templated":true}]}}