{"id":241,"date":"2016-03-08T22:30:00","date_gmt":"2016-03-08T21:30:00","guid":{"rendered":"http:\/\/84310.fr\/jardin-morierois\/?page_id=241"},"modified":"2016-11-14T21:17:39","modified_gmt":"2016-11-14T20:17:39","slug":"statistiques","status":"publish","type":"page","link":"https:\/\/84310.fr\/jardin-morierois\/statistiques\/","title":{"rendered":"Statistiques"},"content":{"rendered":"<p>Situation au<span style=\"color: #ff9900;\"><strong> Mardi 8 Novembre 2016<\/strong><\/span><\/p>\n<p>au total &#8230; 223.810 &#8230;. on va pas chipoter &#8230; on arrondit \u00e0 224 &#8230;. m\u00eame si les derni\u00e8res tomates r\u00e9colt\u00e9es sont encore un peu vertes &#8230; elle muriront dans la cagette dans le cabanon ..<\/p>\n<p>sur 224 kilos<\/p>\n<p>79 kilos sont des greff\u00e9es ( 35% )<br \/>\n51 Kilos sont des tomates normales ( non greff\u00e9es ) ( 21% )<br \/>\n42 Kilos sont des repousses de tomates utilis\u00e9es pour les greffes ( 20% )<br \/>\n40 Kilos proviennent de l\u2019hexagone \u00e0 tomates ( 19% )<br \/>\n12 Kilos sont de la r\u00e9cup mises sur une butte ( 5%)<\/p>\n<p>vous pourrez parcourir les pages suivantes dont les statistiques d\u00e9taill\u00e9es sont faites.<\/p>\n<p><a href=\"https:\/\/84310.fr\/jardin-morierois\/amazon-chocolat\/\">AMAZON CHOCOLAT<\/a><\/p>\n<p><a href=\"https:\/\/84310.fr\/jardin-morierois\/ananas\/\">ANANAS<\/a><\/p>\n<p><a href=\"https:\/\/84310.fr\/jardin-morierois\/ananas-noire\/\">ANANAS NOIRE<\/a><\/p>\n<p><a href=\"https:\/\/84310.fr\/jardin-morierois\/beefsteack\/\">BEEFSTEAK<\/a><\/p>\n<p><a href=\"https:\/\/84310.fr\/jardin-morierois\/berao\/\">BERAO<\/a><\/p>\n<p><a href=\"https:\/\/84310.fr\/jardin-morierois\/black-prince\/\">BLACK PRINCE<\/a><\/p>\n<p><a href=\"https:\/\/84310.fr\/jardin-morierois\/black-trifele\/\">BLACK TRIFELE<\/a><\/p>\n<p><a href=\"https:\/\/84310.fr\/jardin-morierois\/bloody-butcher\/\">BLOODY BUTCHER<\/a><\/p>\n<p><a href=\"https:\/\/84310.fr\/jardin-morierois\/blue-fruit\/\">BLUE FRUIT<\/a><\/p>\n<p><a href=\"https:\/\/84310.fr\/jardin-morierois\/cobra\/\">COBRA<\/a><\/p>\n<p><a href=\"https:\/\/84310.fr\/jardin-morierois\/cocktails\/\">COCKTAIL<\/a><\/p>\n<p><a href=\"https:\/\/84310.fr\/jardin-morierois\/coeur-de-boeuf\/\">COEUR DE BOEUF<\/a><\/p>\n<p><a href=\"https:\/\/84310.fr\/jardin-morierois\/coeur-de-boeuf-orange\/\">COEUR DE BOEUF ORANGE<\/a><\/p>\n<p><a href=\"https:\/\/84310.fr\/jardin-morierois\/cornue-des-andes\/\">CORNUE DES ANDES<\/a><\/p>\n<p><a href=\"https:\/\/84310.fr\/jardin-morierois\/edouard\/\">EDOUARD<\/a><\/p>\n<p><a href=\"https:\/\/84310.fr\/jardin-morierois\/green-zebra\/\">GREEN ZEBRA<\/a><\/p>\n<p><a href=\"https:\/\/84310.fr\/jardin-morierois\/grosses-anciennes\/\">GROSSES ANCIENNES<\/a><\/p>\n<p><a href=\"https:\/\/84310.fr\/jardin-morierois\/inconnue-cadeau\/\">INCONNUE CADEAU<\/a><\/p>\n<p><a href=\"https:\/\/84310.fr\/jardin-morierois\/jaune\/\">JAUNE<\/a><\/p>\n<p><a href=\"https:\/\/84310.fr\/jardin-morierois\/kumato\/\">KUMATO<\/a><\/p>\n<p><a href=\"https:\/\/84310.fr\/jardin-morierois\/matina\/\">MATINA<\/a><\/p>\n<p><a href=\"https:\/\/84310.fr\/jardin-morierois\/merveille-des-marches\/\">MERVEILLE DES MARCHES<\/a><\/p>\n<p><a href=\"https:\/\/84310.fr\/jardin-morierois\/miel-de-mexique\/\">MIEL DE MEXIQUE<\/a><\/p>\n<p><a href=\"https:\/\/84310.fr\/jardin-morierois\/noires\/\">NOIRES<\/a><\/p>\n<p><a href=\"https:\/\/84310.fr\/jardin-morierois\/northern-light\/\">NORTHERN LIGHT<\/a><\/p>\n<p><a href=\"https:\/\/84310.fr\/jardin-morierois\/olympe\/\">OLYMPE<\/a><\/p>\n<p><a href=\"https:\/\/84310.fr\/jardin-morierois\/persimon\/\">PERSIMON<\/a><\/p>\n<p><a href=\"https:\/\/84310.fr\/jardin-morierois\/pink-berkeley-tie-dye\/\">PINK BERKELEY TIE DYE<\/a><\/p>\n<p><a href=\"https:\/\/84310.fr\/jardin-morierois\/purple-cabalash\/\">PURPLE CABALASH<\/a><\/p>\n<p><a href=\"https:\/\/84310.fr\/jardin-morierois\/pyros\/\">PYROS<\/a><\/p>\n<p><a href=\"https:\/\/84310.fr\/jardin-morierois\/roma\/\">ROMA<\/a><\/p>\n<p><a href=\"https:\/\/84310.fr\/jardin-morierois\/rostova\/\">ROSTOVA<\/a><\/p>\n<p><a href=\"https:\/\/84310.fr\/jardin-morierois\/rubis\/\">RUBIS<\/a><\/p>\n<p><a href=\"https:\/\/84310.fr\/jardin-morierois\/russes\/\">RUSSES<\/a><\/p>\n<p><a href=\"https:\/\/84310.fr\/jardin-morierois\/teton-de-venus-blanche\/\">TETON DE VENUS BLANCHE<\/a><\/p>\n<p>&nbsp;<\/p>\n<p>&nbsp;<\/p>\n<p>&nbsp;<\/p>\n<p>&nbsp;<\/p>\n<p>&nbsp;<\/p>\n<p>&nbsp;<\/p>\n<p>&nbsp;<\/p>\n<p>Situation au<span style=\"color: #ff9900;\"><strong> Mardi 8 Mars 2016<\/strong><\/span><br \/>\nOn dira que les d\u00e9buts sont prometteurs &#8230;<\/p>\n<p><img loading=\"lazy\" decoding=\"async\" class=\"alignnone size-full wp-image-242\" src=\"https:\/\/84310.fr\/jardin-morierois\/wp-content\/uploads\/2016\/03\/stat080316.jpg\" alt=\"stat080316\" width=\"577\" height=\"768\" srcset=\"https:\/\/84310.fr\/jardin-morierois\/wp-content\/uploads\/2016\/03\/stat080316.jpg 577w, https:\/\/84310.fr\/jardin-morierois\/wp-content\/uploads\/2016\/03\/stat080316-225x300.jpg 225w\" sizes=\"auto, (max-width: 577px) 100vw, 577px\" \/><\/p>\n<p>82 % de r\u00e9ussite de plants, pour l&rsquo;instant, car la derni\u00e8re plaque de semis n&rsquo;est pas encore sortie&#8230;( 15 jours d&rsquo;existence )<\/p>\n<p>et 40% de ce qui est sorti est d\u00e9j\u00e0 plac\u00e9 en godet.. d&rsquo;ici quelques jours, ce chiffre va augmenter<\/p>\n","protected":false},"excerpt":{"rendered":"<p>Situation au Mardi 8 Novembre 2016 au total &#8230; 223.810 &#8230;. on va pas chipoter &#8230; on arrondit \u00e0 224 &#8230;. m\u00eame si les derni\u00e8res tomates r\u00e9colt\u00e9es sont encore un peu vertes &#8230; elle muriront dans la cagette dans le&hellip; <\/p>\n","protected":false},"author":1,"featured_media":0,"parent":0,"menu_order":0,"comment_status":"closed","ping_status":"closed","template":"","meta":{"_exactmetrics_skip_tracking":false,"_exactmetrics_sitenote_active":false,"_exactmetrics_sitenote_note":"","_exactmetrics_sitenote_category":0,"footnotes":""},"class_list":["post-241","page","type-page","status-publish","hentry"],"_links":{"self":[{"href":"https:\/\/84310.fr\/jardin-morierois\/wp-json\/wp\/v2\/pages\/241","targetHints":{"allow":["GET"]}}],"collection":[{"href":"https:\/\/84310.fr\/jardin-morierois\/wp-json\/wp\/v2\/pages"}],"about":[{"href":"https:\/\/84310.fr\/jardin-morierois\/wp-json\/wp\/v2\/types\/page"}],"author":[{"embeddable":true,"href":"https:\/\/84310.fr\/jardin-morierois\/wp-json\/wp\/v2\/users\/1"}],"replies":[{"embeddable":true,"href":"https:\/\/84310.fr\/jardin-morierois\/wp-json\/wp\/v2\/comments?post=241"}],"version-history":[{"count":8,"href":"https:\/\/84310.fr\/jardin-morierois\/wp-json\/wp\/v2\/pages\/241\/revisions"}],"predecessor-version":[{"id":1020,"href":"https:\/\/84310.fr\/jardin-morierois\/wp-json\/wp\/v2\/pages\/241\/revisions\/1020"}],"wp:attachment":[{"href":"https:\/\/84310.fr\/jardin-morierois\/wp-json\/wp\/v2\/media?parent=241"}],"curies":[{"name":"wp","href":"https:\/\/api.w.org\/{rel}","templated":true}]}}