{"id":24,"date":"2016-03-04T21:44:05","date_gmt":"2016-03-04T20:44:05","guid":{"rendered":"http:\/\/84310.fr\/jardin-morierois\/?page_id=24"},"modified":"2016-11-10T18:00:50","modified_gmt":"2016-11-10T17:00:50","slug":"blue-fruit","status":"publish","type":"page","link":"https:\/\/84310.fr\/jardin-morierois\/blue-fruit\/","title":{"rendered":"BLUE FRUIT"},"content":{"rendered":"<p>Tomates BLUE FRUIT<\/p>\n<p>6 graines sem\u00e9es le 19 F\u00e9vrier 2016<\/p>\n<p>Le 24 F\u00e9vrier, comme il me restait quelques graines, j\u2019ai sem\u00e9 deux graines de plus par\u00a0\u00a0\u00a0\u00a0\u00a0\u00a0\u00a0\u00a0\u00a0\u00a0\u00a0 \u00bb s\u00e9curit\u00e9\u00a0 \u00bb<\/p>\n<p>Le 12 Mars, sur les 6 plants initiaux, 4 plants pr\u00e9vus pour greffe ont \u00e9t\u00e9 transplant\u00e9s en godet et les 2 plants restants pour graine ont \u00e9galement \u00e9t\u00e9 mis en\u00a0 godet.<br \/>\nLe 14 Mars, j&rsquo;ai mis les deux plants Bonus, cit\u00e9s plus hauts, en godet.<\/p>\n<p><span style=\"color: #3366ff;\"><strong>Total au 14\/06\/16<\/strong><\/span><\/p>\n<p>Greff\u00e9 =&gt; 2<br \/>\nNormales =&gt; 2<br \/>\nR\u00e9cup =&gt; 2<br \/>\nChez moi =&gt; 1<\/p>\n<p><img loading=\"lazy\" decoding=\"async\" class=\"alignnone size-full wp-image-702\" src=\"https:\/\/84310.fr\/jardin-morierois\/wp-content\/uploads\/2016\/03\/blue-fruit.jpg\" alt=\"blue fruit\" width=\"800\" height=\"600\" srcset=\"https:\/\/84310.fr\/jardin-morierois\/wp-content\/uploads\/2016\/03\/blue-fruit.jpg 800w, https:\/\/84310.fr\/jardin-morierois\/wp-content\/uploads\/2016\/03\/blue-fruit-300x225.jpg 300w, https:\/\/84310.fr\/jardin-morierois\/wp-content\/uploads\/2016\/03\/blue-fruit-768x576.jpg 768w\" sizes=\"auto, (max-width: 800px) 100vw, 800px\" \/><\/p>\n<h2 style=\"text-align: center;\"><span style=\"color: #ff0000;\"><strong>STATISTIQUES de la saison 2016<\/strong><\/span><\/h2>\n<p><img loading=\"lazy\" decoding=\"async\" class=\"alignnone size-full wp-image-938\" src=\"https:\/\/84310.fr\/jardin-morierois\/wp-content\/uploads\/2016\/03\/blue.jpg\" alt=\"blue\" width=\"711\" height=\"157\" srcset=\"https:\/\/84310.fr\/jardin-morierois\/wp-content\/uploads\/2016\/03\/blue.jpg 711w, https:\/\/84310.fr\/jardin-morierois\/wp-content\/uploads\/2016\/03\/blue-300x66.jpg 300w\" sizes=\"auto, (max-width: 711px) 100vw, 711px\" \/><br \/>\nLe r\u00e9sultat sur le plan \u00a0\u00bb greff\u00e9es \u00a0\u00bb montre une diff\u00e9rence notable entre le plant 50 ( dont les gourmands ont \u00e9t\u00e9 enlev\u00e9s ) et le plant 51 ou le plant est rest\u00e9 libre de toute modification, \u00e9tonnamment, le plant laiss\u00e9 avec les gourmands a produit plus que celui ou ils ont \u00e9t\u00e9 enlev\u00e9s ( presque le double )<\/p>\n<p>Les plants greff\u00e9s ont plus donn\u00e9 que les non greff\u00e9s. c&rsquo;est ind\u00e9niable ..<\/p>\n<p>les plants de r\u00e9cup ( perdus )\u00a0 ont du b\u00e9n\u00e9ficier d&rsquo;un terrain plus riche et mieux arros\u00e9 ( \u00e0 cot\u00e9 de l&rsquo;arrosage de la pelouse ) car la production a m\u00eame d\u00e9pass\u00e9 les plants non greff\u00e9s &#8230;<\/p>\n<p><span style=\"color: #ff0000;\"><strong>ce n&rsquo;est pas une vari\u00e9t\u00e9 que je referai en 2017 &#8230;<\/strong><\/span><\/p>\n","protected":false},"excerpt":{"rendered":"<p>Tomates BLUE FRUIT 6 graines sem\u00e9es le 19 F\u00e9vrier 2016 Le 24 F\u00e9vrier, comme il me restait quelques graines, j\u2019ai sem\u00e9 deux graines de plus par\u00a0\u00a0\u00a0\u00a0\u00a0\u00a0\u00a0\u00a0\u00a0\u00a0\u00a0 \u00bb s\u00e9curit\u00e9\u00a0 \u00bb Le 12 Mars, sur les 6 plants initiaux, 4 plants pr\u00e9vus&hellip; <\/p>\n","protected":false},"author":1,"featured_media":0,"parent":0,"menu_order":0,"comment_status":"closed","ping_status":"closed","template":"","meta":{"_exactmetrics_skip_tracking":false,"_exactmetrics_sitenote_active":false,"_exactmetrics_sitenote_note":"","_exactmetrics_sitenote_category":0,"footnotes":""},"class_list":["post-24","page","type-page","status-publish","hentry"],"_links":{"self":[{"href":"https:\/\/84310.fr\/jardin-morierois\/wp-json\/wp\/v2\/pages\/24","targetHints":{"allow":["GET"]}}],"collection":[{"href":"https:\/\/84310.fr\/jardin-morierois\/wp-json\/wp\/v2\/pages"}],"about":[{"href":"https:\/\/84310.fr\/jardin-morierois\/wp-json\/wp\/v2\/types\/page"}],"author":[{"embeddable":true,"href":"https:\/\/84310.fr\/jardin-morierois\/wp-json\/wp\/v2\/users\/1"}],"replies":[{"embeddable":true,"href":"https:\/\/84310.fr\/jardin-morierois\/wp-json\/wp\/v2\/comments?post=24"}],"version-history":[{"count":7,"href":"https:\/\/84310.fr\/jardin-morierois\/wp-json\/wp\/v2\/pages\/24\/revisions"}],"predecessor-version":[{"id":973,"href":"https:\/\/84310.fr\/jardin-morierois\/wp-json\/wp\/v2\/pages\/24\/revisions\/973"}],"wp:attachment":[{"href":"https:\/\/84310.fr\/jardin-morierois\/wp-json\/wp\/v2\/media?parent=24"}],"curies":[{"name":"wp","href":"https:\/\/api.w.org\/{rel}","templated":true}]}}