{"id":2391,"date":"2019-01-21T23:14:40","date_gmt":"2019-01-21T22:14:40","guid":{"rendered":"http:\/\/84310.fr\/jardin-morierois\/?page_id=2391"},"modified":"2019-08-26T21:53:18","modified_gmt":"2019-08-26T20:53:18","slug":"2019-tabac-blond-de-virginie","status":"publish","type":"page","link":"https:\/\/84310.fr\/jardin-morierois\/2019-tabac-blond-de-virginie\/","title":{"rendered":"2019 Tabac Blond de Virginie"},"content":{"rendered":"<p>D\u00e9but du projet :<\/p>\n<h5><span style=\"color: #ff00ff;\"><strong>Mercredi 23 JANVIER 2019<\/strong><\/span><\/h5>\n<p>suite \u00e0 une commande sur le bon coin, r\u00e9ception ce jour d&rsquo;un nombre important de tr\u00e8s petites graines de Tabac.<\/p>\n<p><img loading=\"lazy\" decoding=\"async\" class=\"size-full wp-image-2411 aligncenter\" src=\"https:\/\/84310.fr\/jardin-morierois\/wp-content\/uploads\/2019\/01\/tabac.jpg\" alt=\"\" width=\"300\" height=\"233\" \/> <img loading=\"lazy\" decoding=\"async\" class=\"size-full wp-image-2412 aligncenter\" src=\"https:\/\/84310.fr\/jardin-morierois\/wp-content\/uploads\/2019\/01\/tabac2.jpg\" alt=\"\" width=\"400\" height=\"265\" srcset=\"https:\/\/84310.fr\/jardin-morierois\/wp-content\/uploads\/2019\/01\/tabac2.jpg 400w, https:\/\/84310.fr\/jardin-morierois\/wp-content\/uploads\/2019\/01\/tabac2-300x199.jpg 300w\" sizes=\"auto, (max-width: 400px) 100vw, 400px\" \/><\/p>\n<h5><span style=\"color: #ff00ff;\"><strong>Dimanche 17 F\u00e9vrier 2019<\/strong><\/span><\/h5>\n<p>Je viens de semer une bonne pinc\u00e9e de tabac dans un petit bac ..<\/p>\n<h5><span style=\"color: #ff00ff;\"><strong>Vendredi 1er Mars 2019<\/strong><\/span><\/h5>\n<p>Depuis quelques jours, de petits pigments verts pointent leur nez dans le petit bac contenant les petites graines de tabac.<br \/>\nil aura fallu une dizaine de jours pour que les graines l\u00e8vent.<\/p>\n<p><img loading=\"lazy\" decoding=\"async\" class=\"alignnone size-full wp-image-2547\" src=\"https:\/\/84310.fr\/jardin-morierois\/wp-content\/uploads\/2019\/03\/P_20190301_174011.jpg\" alt=\"\" width=\"600\" height=\"450\" srcset=\"https:\/\/84310.fr\/jardin-morierois\/wp-content\/uploads\/2019\/03\/P_20190301_174011.jpg 600w, https:\/\/84310.fr\/jardin-morierois\/wp-content\/uploads\/2019\/03\/P_20190301_174011-300x225.jpg 300w\" sizes=\"auto, (max-width: 600px) 100vw, 600px\" \/><br \/>\nPour l&rsquo;instant, je compte plus d&rsquo;une quarantaine de plants rien que dans cette barquette&#8230;<\/p>\n<p><img loading=\"lazy\" decoding=\"async\" class=\"alignnone size-full wp-image-2558\" src=\"https:\/\/84310.fr\/jardin-morierois\/wp-content\/uploads\/2019\/03\/tabac-zoom.jpg\" alt=\"\" width=\"600\" height=\"446\" srcset=\"https:\/\/84310.fr\/jardin-morierois\/wp-content\/uploads\/2019\/03\/tabac-zoom.jpg 600w, https:\/\/84310.fr\/jardin-morierois\/wp-content\/uploads\/2019\/03\/tabac-zoom-300x223.jpg 300w\" sizes=\"auto, (max-width: 600px) 100vw, 600px\" \/><br \/>\nAvec une photo en mode macro, on y voit mieux !<\/p>\n<h5><strong><span style=\"color: #ff00ff;\">Jeudi 4 Avril 2019<\/span><br \/>\n<\/strong><\/h5>\n<p>les plus beaux plants de tabac de la barquette ont \u00e9t\u00e9 mis en godets, les autres continuent \u00e0 grandir serr\u00e9s.<br \/>\n<img loading=\"lazy\" decoding=\"async\" class=\"alignnone size-full wp-image-2613 aligncenter\" src=\"https:\/\/84310.fr\/jardin-morierois\/wp-content\/uploads\/2019\/04\/tabac-1.png\" alt=\"\" width=\"400\" height=\"381\" srcset=\"https:\/\/84310.fr\/jardin-morierois\/wp-content\/uploads\/2019\/04\/tabac-1.png 400w, https:\/\/84310.fr\/jardin-morierois\/wp-content\/uploads\/2019\/04\/tabac-1-300x286.png 300w\" sizes=\"auto, (max-width: 400px) 100vw, 400px\" \/><\/p>\n<h5><strong><span style=\"color: #ff00ff;\">Samedi 20 Avril 2019<\/span><br \/>\n<\/strong><\/h5>\n<p>Les derniers beaux plants de tabac ont \u00e9t\u00e9 mis en godets, ils poussent doucement mais surement. Je ne dois pas \u00eatre loin d&rsquo;une cinquantaine de godets. j&rsquo;ai d\u00e9j\u00e0 commenc\u00e9 \u00e0 en donner quelques uns.<\/p>\n<h5><strong>23 Avril 2019<\/strong><\/h5>\n<p>Il m&rsquo;en reste une soixantaine de plants &#8230; et ils deviennent de plus en plus beaux,<\/p>\n<p><img loading=\"lazy\" decoding=\"async\" class=\"alignnone size-full wp-image-2711\" src=\"https:\/\/84310.fr\/jardin-morierois\/wp-content\/uploads\/2019\/04\/DSCN8174.jpg\" alt=\"\" width=\"720\" height=\"538\" srcset=\"https:\/\/84310.fr\/jardin-morierois\/wp-content\/uploads\/2019\/04\/DSCN8174.jpg 720w, https:\/\/84310.fr\/jardin-morierois\/wp-content\/uploads\/2019\/04\/DSCN8174-300x224.jpg 300w\" sizes=\"auto, (max-width: 720px) 100vw, 720px\" \/><\/p>\n<p>j&rsquo;ai gard\u00e9 pour moi 23 plants, qui sont dispers\u00e9s un peu de partout dans le jardin, et m\u00eame chez moi &#8230;<\/p>\n<p>les r\u00e9sultats sont disparates suivant l&rsquo;endroit et l&rsquo;ensoleillement qu&rsquo;ils ont re\u00e7u.<br \/>\nCertains se sont content\u00e9s de v\u00e9g\u00e9ter, ils n&rsquo;ont que tr\u00e8s peu grandi, autant par la taille que par le nombre de feuilles&#8230;<\/p>\n<p><img loading=\"lazy\" decoding=\"async\" class=\"alignnone size-full wp-image-2888\" src=\"https:\/\/84310.fr\/jardin-morierois\/wp-content\/uploads\/2019\/08\/DSCN8280.jpg\" alt=\"\" width=\"800\" height=\"600\" srcset=\"https:\/\/84310.fr\/jardin-morierois\/wp-content\/uploads\/2019\/08\/DSCN8280.jpg 800w, https:\/\/84310.fr\/jardin-morierois\/wp-content\/uploads\/2019\/08\/DSCN8280-300x225.jpg 300w, https:\/\/84310.fr\/jardin-morierois\/wp-content\/uploads\/2019\/08\/DSCN8280-768x576.jpg 768w\" sizes=\"auto, (max-width: 800px) 100vw, 800px\" \/><\/p>\n<p>D&rsquo;autres, la majorit\u00e9 situ\u00e9s dans des endroits de mi ombre, plus frais, donc plus humides, et un peu prot\u00e9g\u00e9s des intemp\u00e9ries, se sont mis \u00e0 bien pousser, ils ont fait de larges feuilles bien vertes, toutes douces, et on donn\u00e9 beaucoup de fleurs qui par la suite ont donn\u00e9 pas mal de graines.<\/p>\n<h5><strong><span style=\"color: #ff00ff;\">Dimanche 25 Aout 2019<\/span><br \/>\n<\/strong><\/h5>\n<p>L&rsquo;ensemble du jardin commence s\u00e9rieusement \u00e0 p\u00e2tir de la s\u00e8cheresse et de la forte chaleur<br \/>\nles plants les plus verts sont pour le moment les plants de tabac, le reste du jardin est atteint par l\u2019O\u00efdium, \u00e7a ne doit pas \u00eatre le mildiou, il n&rsquo;a pas plus depuis plusieurs semaines \/ mois&#8230;<\/p>\n<p><img loading=\"lazy\" decoding=\"async\" class=\"alignnone size-full wp-image-2879\" src=\"https:\/\/84310.fr\/jardin-morierois\/wp-content\/uploads\/2019\/08\/DSCN9798.jpg\" alt=\"\" width=\"800\" height=\"600\" srcset=\"https:\/\/84310.fr\/jardin-morierois\/wp-content\/uploads\/2019\/08\/DSCN9798.jpg 800w, https:\/\/84310.fr\/jardin-morierois\/wp-content\/uploads\/2019\/08\/DSCN9798-300x225.jpg 300w, https:\/\/84310.fr\/jardin-morierois\/wp-content\/uploads\/2019\/08\/DSCN9798-768x576.jpg 768w\" sizes=\"auto, (max-width: 800px) 100vw, 800px\" \/><br \/>\nLes plants ont bien grandi pour certains, humidit\u00e9, soleil mod\u00e9r\u00e9, \u00e0 l&rsquo;abri des rafales de vent,\u00a0 \u00a0 <img loading=\"lazy\" decoding=\"async\" class=\"alignnone size-full wp-image-2882\" src=\"https:\/\/84310.fr\/jardin-morierois\/wp-content\/uploads\/2019\/08\/DSCN9813.jpg\" alt=\"\" width=\"800\" height=\"600\" srcset=\"https:\/\/84310.fr\/jardin-morierois\/wp-content\/uploads\/2019\/08\/DSCN9813.jpg 800w, https:\/\/84310.fr\/jardin-morierois\/wp-content\/uploads\/2019\/08\/DSCN9813-300x225.jpg 300w, https:\/\/84310.fr\/jardin-morierois\/wp-content\/uploads\/2019\/08\/DSCN9813-768x576.jpg 768w\" sizes=\"auto, (max-width: 800px) 100vw, 800px\" \/><br \/>\nLes plus beaux pieds d\u00e9passent les 1.80m, ils se couchent sur le poids des feuilles<\/p>\n<p><img loading=\"lazy\" decoding=\"async\" class=\"alignnone size-full wp-image-2886\" src=\"https:\/\/84310.fr\/jardin-morierois\/wp-content\/uploads\/2019\/08\/DSCN8449.jpg\" alt=\"\" width=\"800\" height=\"600\" srcset=\"https:\/\/84310.fr\/jardin-morierois\/wp-content\/uploads\/2019\/08\/DSCN8449.jpg 800w, https:\/\/84310.fr\/jardin-morierois\/wp-content\/uploads\/2019\/08\/DSCN8449-300x225.jpg 300w, https:\/\/84310.fr\/jardin-morierois\/wp-content\/uploads\/2019\/08\/DSCN8449-768x576.jpg 768w\" sizes=\"auto, (max-width: 800px) 100vw, 800px\" \/> <img loading=\"lazy\" decoding=\"async\" class=\"alignnone size-full wp-image-2887\" src=\"https:\/\/84310.fr\/jardin-morierois\/wp-content\/uploads\/2019\/08\/DSCN8450.jpg\" alt=\"\" width=\"600\" height=\"800\" srcset=\"https:\/\/84310.fr\/jardin-morierois\/wp-content\/uploads\/2019\/08\/DSCN8450.jpg 600w, https:\/\/84310.fr\/jardin-morierois\/wp-content\/uploads\/2019\/08\/DSCN8450-225x300.jpg 225w\" sizes=\"auto, (max-width: 600px) 100vw, 600px\" \/><\/p>\n<p><img loading=\"lazy\" decoding=\"async\" class=\"alignnone size-full wp-image-2880\" src=\"https:\/\/84310.fr\/jardin-morierois\/wp-content\/uploads\/2019\/08\/DSCN9799.jpg\" alt=\"\" width=\"800\" height=\"600\" srcset=\"https:\/\/84310.fr\/jardin-morierois\/wp-content\/uploads\/2019\/08\/DSCN9799.jpg 800w, https:\/\/84310.fr\/jardin-morierois\/wp-content\/uploads\/2019\/08\/DSCN9799-300x225.jpg 300w, https:\/\/84310.fr\/jardin-morierois\/wp-content\/uploads\/2019\/08\/DSCN9799-768x576.jpg 768w\" sizes=\"auto, (max-width: 800px) 100vw, 800px\" \/><br \/>\nUne partie des fleurs est termin\u00e9e, les fruits se forment et s\u00e8chent.<\/p>\n<p><img loading=\"lazy\" decoding=\"async\" class=\"alignnone size-full wp-image-2883\" src=\"https:\/\/84310.fr\/jardin-morierois\/wp-content\/uploads\/2019\/08\/DSCN9848.jpg\" alt=\"\" width=\"800\" height=\"600\" srcset=\"https:\/\/84310.fr\/jardin-morierois\/wp-content\/uploads\/2019\/08\/DSCN9848.jpg 800w, https:\/\/84310.fr\/jardin-morierois\/wp-content\/uploads\/2019\/08\/DSCN9848-300x225.jpg 300w, https:\/\/84310.fr\/jardin-morierois\/wp-content\/uploads\/2019\/08\/DSCN9848-768x576.jpg 768w\" sizes=\"auto, (max-width: 800px) 100vw, 800px\" \/><br \/>\nApr\u00e8s quelques jours dans un endroit sec et ventil\u00e9, les \u00a0\u00bb gousses\u00a0\u00bb sont vid\u00e9es\u00a0 <img loading=\"lazy\" decoding=\"async\" class=\"alignnone size-full wp-image-2884\" src=\"https:\/\/84310.fr\/jardin-morierois\/wp-content\/uploads\/2019\/08\/DSCN9849.jpg\" alt=\"\" width=\"800\" height=\"600\" srcset=\"https:\/\/84310.fr\/jardin-morierois\/wp-content\/uploads\/2019\/08\/DSCN9849.jpg 800w, https:\/\/84310.fr\/jardin-morierois\/wp-content\/uploads\/2019\/08\/DSCN9849-300x225.jpg 300w, https:\/\/84310.fr\/jardin-morierois\/wp-content\/uploads\/2019\/08\/DSCN9849-768x576.jpg 768w\" sizes=\"auto, (max-width: 800px) 100vw, 800px\" \/><br \/>\nIl reste pas mal de d\u00e9chets, de peaux ou de morceaux de p\u00e9tales. <img loading=\"lazy\" decoding=\"async\" class=\"alignnone size-full wp-image-2885\" src=\"https:\/\/84310.fr\/jardin-morierois\/wp-content\/uploads\/2019\/08\/DSCN9853.jpg\" alt=\"\" width=\"800\" height=\"600\" srcset=\"https:\/\/84310.fr\/jardin-morierois\/wp-content\/uploads\/2019\/08\/DSCN9853.jpg 800w, https:\/\/84310.fr\/jardin-morierois\/wp-content\/uploads\/2019\/08\/DSCN9853-300x225.jpg 300w, https:\/\/84310.fr\/jardin-morierois\/wp-content\/uploads\/2019\/08\/DSCN9853-768x576.jpg 768w\" sizes=\"auto, (max-width: 800px) 100vw, 800px\" \/><br \/>\nUne fine passoire permet de ne garder que les minuscules graines.<br \/>\nle bocal a pass\u00e9 une paire de jours au cong\u00e9lateur, histoire d&rsquo;\u00e9liminer de potentiels parasites ou microbes.<br \/>\nIl ne me reste qu&rsquo;a r\u00e9colter le reste des fleurs s\u00e9ch\u00e9es, et a refaire la m\u00eame histoire&#8230;..<br \/>\nd&rsquo;ici peu il faudra que je m&rsquo;attaque aux plants entiers et aux feuilles &#8230;<\/p>\n<p>&nbsp;<\/p>\n","protected":false},"excerpt":{"rendered":"<p>D\u00e9but du projet : Mercredi 23 JANVIER 2019 suite \u00e0 une commande sur le bon coin, r\u00e9ception ce jour d&rsquo;un nombre important de tr\u00e8s petites graines de Tabac. Dimanche 17 F\u00e9vrier 2019 Je viens de semer une bonne pinc\u00e9e de&hellip; <\/p>\n","protected":false},"author":1,"featured_media":0,"parent":0,"menu_order":0,"comment_status":"closed","ping_status":"closed","template":"","meta":{"_exactmetrics_skip_tracking":false,"_exactmetrics_sitenote_active":false,"_exactmetrics_sitenote_note":"","_exactmetrics_sitenote_category":0,"footnotes":""},"class_list":["post-2391","page","type-page","status-publish","hentry"],"_links":{"self":[{"href":"https:\/\/84310.fr\/jardin-morierois\/wp-json\/wp\/v2\/pages\/2391","targetHints":{"allow":["GET"]}}],"collection":[{"href":"https:\/\/84310.fr\/jardin-morierois\/wp-json\/wp\/v2\/pages"}],"about":[{"href":"https:\/\/84310.fr\/jardin-morierois\/wp-json\/wp\/v2\/types\/page"}],"author":[{"embeddable":true,"href":"https:\/\/84310.fr\/jardin-morierois\/wp-json\/wp\/v2\/users\/1"}],"replies":[{"embeddable":true,"href":"https:\/\/84310.fr\/jardin-morierois\/wp-json\/wp\/v2\/comments?post=2391"}],"version-history":[{"count":10,"href":"https:\/\/84310.fr\/jardin-morierois\/wp-json\/wp\/v2\/pages\/2391\/revisions"}],"predecessor-version":[{"id":2889,"href":"https:\/\/84310.fr\/jardin-morierois\/wp-json\/wp\/v2\/pages\/2391\/revisions\/2889"}],"wp:attachment":[{"href":"https:\/\/84310.fr\/jardin-morierois\/wp-json\/wp\/v2\/media?parent=2391"}],"curies":[{"name":"wp","href":"https:\/\/api.w.org\/{rel}","templated":true}]}}