{"id":2389,"date":"2019-01-21T23:14:09","date_gmt":"2019-01-21T22:14:09","guid":{"rendered":"http:\/\/84310.fr\/jardin-morierois\/?page_id=2389"},"modified":"2019-08-04T15:44:44","modified_gmt":"2019-08-04T14:44:44","slug":"2019-concombre-citron","status":"publish","type":"page","link":"https:\/\/84310.fr\/jardin-morierois\/2019-concombre-citron\/","title":{"rendered":"2019 Concombre Citron"},"content":{"rendered":"<p>D\u00e9but du projet :<\/p>\n<h4><span style=\"color: #3366ff;\"><strong>Mercredi 23 JANVIER 2019<\/strong><\/span><\/h4>\n<p>suite \u00e0 une commande sur le bon coin, r\u00e9ception ce jour d&rsquo;une vingtaine de graines<\/p>\n<h4><img loading=\"lazy\" decoding=\"async\" class=\"size-full wp-image-2401 aligncenter\" src=\"https:\/\/84310.fr\/jardin-morierois\/wp-content\/uploads\/2019\/01\/concombre-citron.jpg\" alt=\"\" width=\"300\" height=\"218\" \/> <img loading=\"lazy\" decoding=\"async\" class=\"size-full wp-image-2402 aligncenter\" src=\"https:\/\/84310.fr\/jardin-morierois\/wp-content\/uploads\/2019\/01\/concombre-citron2.jpg\" alt=\"\" width=\"300\" height=\"248\" \/><br \/>\n<span style=\"color: #3366ff;\"><strong>Lundi 2 Avril 2019<\/strong><\/span><\/h4>\n<p>j\u2019ai sem\u00e9 15 graines de concombre Citron ( tout ce que j\u2019avais comme graines \u2026pas mal de graines \u00e9taient creuses, ou cass\u00e9es )<\/p>\n<p><img loading=\"lazy\" decoding=\"async\" class=\"alignnone size-full wp-image-2593\" src=\"https:\/\/84310.fr\/jardin-morierois\/wp-content\/uploads\/2019\/04\/P_20190401_184153.jpg\" sizes=\"auto, (max-width: 600px) 100vw, 600px\" srcset=\"https:\/\/84310.fr\/jardin-morierois\/wp-content\/uploads\/2019\/04\/P_20190401_184153.jpg 600w, https:\/\/84310.fr\/jardin-morierois\/wp-content\/uploads\/2019\/04\/P_20190401_184153-300x225.jpg 300w\" alt=\"\" width=\"600\" height=\"450\" \/><\/p>\n<p>Elles sont au chaud dans la v\u00e9randa, dans une petite serre pas cher ( LIDL ) mais bien utile\u2026.<\/p>\n<h4><span style=\"color: #3366ff;\"><strong>Samedi 6 Avril 2019<\/strong><\/span><\/h4>\n<p>au bout de 4 jours, la totalit\u00e9 des graines sont sorties, ou sont en train de sortir<br \/>\n<img loading=\"lazy\" decoding=\"async\" class=\"wp-image-2619 aligncenter\" src=\"https:\/\/84310.fr\/jardin-morierois\/wp-content\/uploads\/2019\/04\/DSCN8119.jpg\" alt=\"\" width=\"402\" height=\"536\" srcset=\"https:\/\/84310.fr\/jardin-morierois\/wp-content\/uploads\/2019\/04\/DSCN8119.jpg 480w, https:\/\/84310.fr\/jardin-morierois\/wp-content\/uploads\/2019\/04\/DSCN8119-225x300.jpg 225w\" sizes=\"auto, (max-width: 402px) 100vw, 402px\" \/>sur cette plaque, 13 sont sortis, il y en a deux autres sur une autre plaque.<\/p>\n<h4><strong>Dimanche 4 Aout 2019<\/strong><\/h4>\n<p>Sur la quinzaine de plants sortis, une dizaine seulement a surv\u00e9cu. j&rsquo;en ai donn\u00e9 quelques uns.<br \/>\nIl ont \u00e9t\u00e9 plant\u00e9s \u00e0 divers endroits du jardin, mais je crois que seuls 4 plants ont r\u00e9ussi \u00e0 se tirer d&rsquo;affaire.<br \/>\n<img loading=\"lazy\" decoding=\"async\" class=\"alignnone size-full wp-image-2840\" src=\"https:\/\/84310.fr\/jardin-morierois\/wp-content\/uploads\/2019\/08\/DSCN9794.jpg\" alt=\"\" width=\"600\" height=\"800\" srcset=\"https:\/\/84310.fr\/jardin-morierois\/wp-content\/uploads\/2019\/08\/DSCN9794.jpg 600w, https:\/\/84310.fr\/jardin-morierois\/wp-content\/uploads\/2019\/08\/DSCN9794-225x300.jpg 225w\" sizes=\"auto, (max-width: 600px) 100vw, 600px\" \/><br \/>\nJe vais cueillir les premiers exemplaires d&rsquo;ici peu. j&rsquo;en ai ou moins 3 ou 4 de pr\u00eats.<\/p>\n","protected":false},"excerpt":{"rendered":"<p>D\u00e9but du projet : Mercredi 23 JANVIER 2019 suite \u00e0 une commande sur le bon coin, r\u00e9ception ce jour d&rsquo;une vingtaine de graines Lundi 2 Avril 2019 j\u2019ai sem\u00e9 15 graines de concombre Citron ( tout ce que j\u2019avais comme&hellip; <\/p>\n","protected":false},"author":1,"featured_media":0,"parent":0,"menu_order":0,"comment_status":"closed","ping_status":"closed","template":"","meta":{"_exactmetrics_skip_tracking":false,"_exactmetrics_sitenote_active":false,"_exactmetrics_sitenote_note":"","_exactmetrics_sitenote_category":0,"footnotes":""},"class_list":["post-2389","page","type-page","status-publish","hentry"],"_links":{"self":[{"href":"https:\/\/84310.fr\/jardin-morierois\/wp-json\/wp\/v2\/pages\/2389","targetHints":{"allow":["GET"]}}],"collection":[{"href":"https:\/\/84310.fr\/jardin-morierois\/wp-json\/wp\/v2\/pages"}],"about":[{"href":"https:\/\/84310.fr\/jardin-morierois\/wp-json\/wp\/v2\/types\/page"}],"author":[{"embeddable":true,"href":"https:\/\/84310.fr\/jardin-morierois\/wp-json\/wp\/v2\/users\/1"}],"replies":[{"embeddable":true,"href":"https:\/\/84310.fr\/jardin-morierois\/wp-json\/wp\/v2\/comments?post=2389"}],"version-history":[{"count":6,"href":"https:\/\/84310.fr\/jardin-morierois\/wp-json\/wp\/v2\/pages\/2389\/revisions"}],"predecessor-version":[{"id":2841,"href":"https:\/\/84310.fr\/jardin-morierois\/wp-json\/wp\/v2\/pages\/2389\/revisions\/2841"}],"wp:attachment":[{"href":"https:\/\/84310.fr\/jardin-morierois\/wp-json\/wp\/v2\/media?parent=2389"}],"curies":[{"name":"wp","href":"https:\/\/api.w.org\/{rel}","templated":true}]}}