{"id":2387,"date":"2019-01-21T23:13:40","date_gmt":"2019-01-21T22:13:40","guid":{"rendered":"http:\/\/84310.fr\/jardin-morierois\/?page_id=2387"},"modified":"2019-05-18T21:32:25","modified_gmt":"2019-05-18T20:32:25","slug":"2019-melon-sucrin-de-tours","status":"publish","type":"page","link":"https:\/\/84310.fr\/jardin-morierois\/2019-melon-sucrin-de-tours\/","title":{"rendered":"2019 Melon sucrin de Tours"},"content":{"rendered":"<p>D\u00e9but du projet :<\/p>\n<h4><span style=\"color: #ff00ff;\"><strong>Mercredi 23 JANVIER 2019<\/strong><\/span><\/h4>\n<p>suite \u00e0 une commande sur le bon coin, r\u00e9ception ce jour d&rsquo;une bonne vingtaine de graines<\/p>\n<p><img loading=\"lazy\" decoding=\"async\" class=\"alignnone size-full wp-image-2403 aligncenter\" src=\"https:\/\/84310.fr\/jardin-morierois\/wp-content\/uploads\/2019\/01\/melon-sucrin.jpg\" alt=\"\" width=\"300\" height=\"228\" \/> <img loading=\"lazy\" decoding=\"async\" class=\"size-full wp-image-2404 aligncenter\" src=\"https:\/\/84310.fr\/jardin-morierois\/wp-content\/uploads\/2019\/01\/melon-sucrin2.jpg\" alt=\"\" width=\"400\" height=\"297\" srcset=\"https:\/\/84310.fr\/jardin-morierois\/wp-content\/uploads\/2019\/01\/melon-sucrin2.jpg 400w, https:\/\/84310.fr\/jardin-morierois\/wp-content\/uploads\/2019\/01\/melon-sucrin2-300x223.jpg 300w\" sizes=\"auto, (max-width: 400px) 100vw, 400px\" \/><\/p>\n<p>&nbsp;<\/p>\n<h4><span style=\"color: #ff00ff;\"><strong>Mercredi 23 JANVIER 2019<\/strong><\/span><\/h4>\n<p>j\u2019ai sem\u00e9 22 graines de Melon Sucrin de Tours ( tout ce que j\u2019avais comme graines \u2026)<\/p>\n<p><img loading=\"lazy\" decoding=\"async\" class=\"alignnone size-full wp-image-2593\" src=\"https:\/\/84310.fr\/jardin-morierois\/wp-content\/uploads\/2019\/04\/P_20190401_184153.jpg\" sizes=\"auto, (max-width: 600px) 100vw, 600px\" srcset=\"https:\/\/84310.fr\/jardin-morierois\/wp-content\/uploads\/2019\/04\/P_20190401_184153.jpg 600w, https:\/\/84310.fr\/jardin-morierois\/wp-content\/uploads\/2019\/04\/P_20190401_184153-300x225.jpg 300w\" alt=\"\" width=\"600\" height=\"450\" \/><\/p>\n<p>Elles sont au chaud dans la v\u00e9randa, dans une petite serre pas cher ( LIDL ) mais bien utile\u2026.<\/p>\n<h4><span style=\"color: #ff00ff;\"><strong>Jeudi 11 AVRIL 2019<\/strong><\/span><\/h4>\n<p>Toutes les graines ne sont pas sorties, mais cela suffira pour tester les melons cette ann\u00e9e.<br \/>\n<img loading=\"lazy\" decoding=\"async\" class=\"alignnone size-full wp-image-2779\" src=\"https:\/\/84310.fr\/jardin-morierois\/wp-content\/uploads\/2019\/05\/P_20190411_183156.jpg\" alt=\"\" width=\"600\" height=\"800\" srcset=\"https:\/\/84310.fr\/jardin-morierois\/wp-content\/uploads\/2019\/05\/P_20190411_183156.jpg 600w, https:\/\/84310.fr\/jardin-morierois\/wp-content\/uploads\/2019\/05\/P_20190411_183156-225x300.jpg 225w\" sizes=\"auto, (max-width: 600px) 100vw, 600px\" \/><\/p>\n<h4><span style=\"color: #ff00ff;\"><strong>Lundi 22 AVRIL 2019<\/strong><\/span><\/h4>\n<p>18 godets sont faits. Ils vont rester derri\u00e8re une vitre pour le moment, il fait encore frais.<\/p>\n<p>&nbsp;<\/p>\n<p><img loading=\"lazy\" decoding=\"async\" class=\"size-full wp-image-2778 aligncenter\" src=\"https:\/\/84310.fr\/jardin-morierois\/wp-content\/uploads\/2019\/05\/DSCN8177.jpg\" alt=\"\" width=\"4608\" height=\"3456\" srcset=\"https:\/\/84310.fr\/jardin-morierois\/wp-content\/uploads\/2019\/05\/DSCN8177.jpg 4608w, https:\/\/84310.fr\/jardin-morierois\/wp-content\/uploads\/2019\/05\/DSCN8177-300x225.jpg 300w, https:\/\/84310.fr\/jardin-morierois\/wp-content\/uploads\/2019\/05\/DSCN8177-768x576.jpg 768w, https:\/\/84310.fr\/jardin-morierois\/wp-content\/uploads\/2019\/05\/DSCN8177-1024x768.jpg 1024w\" sizes=\"auto, (max-width: 4608px) 100vw, 4608px\" \/><\/p>\n<h4><span style=\"color: #ff00ff;\"><strong>Jeudi 16 MAI 2019<\/strong><\/span><\/h4>\n<p>Quelques plants n&rsquo;ont pas surv\u00e9cu entre temps, il ne reste que 14 melons.<br \/>\nPour une question de place il n&rsquo;est pas possible de mettre les plants de melon dans le jardin.<\/p>\n<p><img loading=\"lazy\" decoding=\"async\" class=\"alignnone size-full wp-image-2782\" src=\"https:\/\/84310.fr\/jardin-morierois\/wp-content\/uploads\/2019\/05\/P_20190516_161207.jpg\" alt=\"\" width=\"800\" height=\"600\" srcset=\"https:\/\/84310.fr\/jardin-morierois\/wp-content\/uploads\/2019\/05\/P_20190516_161207.jpg 800w, https:\/\/84310.fr\/jardin-morierois\/wp-content\/uploads\/2019\/05\/P_20190516_161207-300x225.jpg 300w, https:\/\/84310.fr\/jardin-morierois\/wp-content\/uploads\/2019\/05\/P_20190516_161207-768x576.jpg 768w\" sizes=\"auto, (max-width: 800px) 100vw, 800px\" \/><br \/>\nLa seule solution, c&rsquo;est d&rsquo;occuper la place lib\u00e9r\u00e9e par les chevaux.<\/p>\n<p><img loading=\"lazy\" decoding=\"async\" class=\"alignnone size-full wp-image-2780\" src=\"https:\/\/84310.fr\/jardin-morierois\/wp-content\/uploads\/2019\/05\/P_20190516_161127.jpg\" alt=\"\" width=\"800\" height=\"557\" srcset=\"https:\/\/84310.fr\/jardin-morierois\/wp-content\/uploads\/2019\/05\/P_20190516_161127.jpg 800w, https:\/\/84310.fr\/jardin-morierois\/wp-content\/uploads\/2019\/05\/P_20190516_161127-300x209.jpg 300w, https:\/\/84310.fr\/jardin-morierois\/wp-content\/uploads\/2019\/05\/P_20190516_161127-768x535.jpg 768w\" sizes=\"auto, (max-width: 800px) 100vw, 800px\" \/><br \/>\nLa terre est bien dure, il s&rsquo;agit d&rsquo;un pr\u00e9 jamais travaill\u00e9, beaucoup de chiendent. et sous le chiendent, beaucoup de galets ensevelis sous une dizaine de cm de terre compact\u00e9e.<img loading=\"lazy\" decoding=\"async\" class=\"alignnone size-full wp-image-2781\" src=\"https:\/\/84310.fr\/jardin-morierois\/wp-content\/uploads\/2019\/05\/P_20190516_161156.jpg\" alt=\"\" width=\"800\" height=\"666\" srcset=\"https:\/\/84310.fr\/jardin-morierois\/wp-content\/uploads\/2019\/05\/P_20190516_161156.jpg 800w, https:\/\/84310.fr\/jardin-morierois\/wp-content\/uploads\/2019\/05\/P_20190516_161156-300x250.jpg 300w, https:\/\/84310.fr\/jardin-morierois\/wp-content\/uploads\/2019\/05\/P_20190516_161156-768x639.jpg 768w\" sizes=\"auto, (max-width: 800px) 100vw, 800px\" \/><br \/>\nLe foin ( l&rsquo;herbe s\u00e8che laiss\u00e9e par les chevaux ) servira de paillage.<\/p>\n<p>&nbsp;<\/p>\n<p>&nbsp;<\/p>\n<p>&nbsp;<\/p>\n<p>&nbsp;<\/p>\n","protected":false},"excerpt":{"rendered":"<p>D\u00e9but du projet : Mercredi 23 JANVIER 2019 suite \u00e0 une commande sur le bon coin, r\u00e9ception ce jour d&rsquo;une bonne vingtaine de graines &nbsp; Mercredi 23 JANVIER 2019 j\u2019ai sem\u00e9 22 graines de Melon Sucrin de Tours ( tout&hellip; <\/p>\n","protected":false},"author":1,"featured_media":0,"parent":0,"menu_order":0,"comment_status":"closed","ping_status":"closed","template":"","meta":{"_exactmetrics_skip_tracking":false,"_exactmetrics_sitenote_active":false,"_exactmetrics_sitenote_note":"","_exactmetrics_sitenote_category":0,"footnotes":""},"class_list":["post-2387","page","type-page","status-publish","hentry"],"_links":{"self":[{"href":"https:\/\/84310.fr\/jardin-morierois\/wp-json\/wp\/v2\/pages\/2387","targetHints":{"allow":["GET"]}}],"collection":[{"href":"https:\/\/84310.fr\/jardin-morierois\/wp-json\/wp\/v2\/pages"}],"about":[{"href":"https:\/\/84310.fr\/jardin-morierois\/wp-json\/wp\/v2\/types\/page"}],"author":[{"embeddable":true,"href":"https:\/\/84310.fr\/jardin-morierois\/wp-json\/wp\/v2\/users\/1"}],"replies":[{"embeddable":true,"href":"https:\/\/84310.fr\/jardin-morierois\/wp-json\/wp\/v2\/comments?post=2387"}],"version-history":[{"count":6,"href":"https:\/\/84310.fr\/jardin-morierois\/wp-json\/wp\/v2\/pages\/2387\/revisions"}],"predecessor-version":[{"id":2783,"href":"https:\/\/84310.fr\/jardin-morierois\/wp-json\/wp\/v2\/pages\/2387\/revisions\/2783"}],"wp:attachment":[{"href":"https:\/\/84310.fr\/jardin-morierois\/wp-json\/wp\/v2\/media?parent=2387"}],"curies":[{"name":"wp","href":"https:\/\/api.w.org\/{rel}","templated":true}]}}