{"id":2385,"date":"2019-01-21T23:13:11","date_gmt":"2019-01-21T22:13:11","guid":{"rendered":"http:\/\/84310.fr\/jardin-morierois\/?page_id=2385"},"modified":"2019-08-04T16:08:10","modified_gmt":"2019-08-04T15:08:10","slug":"2019-courges-pomme-dor","status":"publish","type":"page","link":"https:\/\/84310.fr\/jardin-morierois\/2019-courges-pomme-dor\/","title":{"rendered":"2019 Courges pomme d&rsquo;or"},"content":{"rendered":"<p>D\u00e9but du projet :<\/p>\n<h4><span style=\"color: #ff00ff;\"><strong>Mercredi 23 JANVIER 2019<\/strong><\/span><\/h4>\n<p>suite \u00e0 une commande sur le bon coin, r\u00e9ception ce jour d&rsquo;une dizaine de graines<\/p>\n<p><img loading=\"lazy\" decoding=\"async\" class=\"size-full wp-image-2407 aligncenter\" src=\"https:\/\/84310.fr\/jardin-morierois\/wp-content\/uploads\/2019\/01\/pomme-dor.jpg\" alt=\"\" width=\"308\" height=\"245\" srcset=\"https:\/\/84310.fr\/jardin-morierois\/wp-content\/uploads\/2019\/01\/pomme-dor.jpg 308w, https:\/\/84310.fr\/jardin-morierois\/wp-content\/uploads\/2019\/01\/pomme-dor-300x239.jpg 300w\" sizes=\"auto, (max-width: 308px) 100vw, 308px\" \/> <img loading=\"lazy\" decoding=\"async\" class=\"size-full wp-image-2408 aligncenter\" src=\"https:\/\/84310.fr\/jardin-morierois\/wp-content\/uploads\/2019\/01\/pomme-dor2.jpg\" alt=\"\" width=\"400\" height=\"278\" srcset=\"https:\/\/84310.fr\/jardin-morierois\/wp-content\/uploads\/2019\/01\/pomme-dor2.jpg 400w, https:\/\/84310.fr\/jardin-morierois\/wp-content\/uploads\/2019\/01\/pomme-dor2-300x209.jpg 300w\" sizes=\"auto, (max-width: 400px) 100vw, 400px\" \/><\/p>\n<h4><span style=\"color: #ff00ff;\"><strong>Lundi 1er AVRIL 2019<\/strong><\/span><\/h4>\n<p>j&rsquo;ai sem\u00e9 11 graines de courges pommes d&rsquo;or ( tout ce que j&rsquo;avais comme graines &#8230;)<\/p>\n<p><img loading=\"lazy\" decoding=\"async\" class=\"alignnone size-full wp-image-2593\" src=\"https:\/\/84310.fr\/jardin-morierois\/wp-content\/uploads\/2019\/04\/P_20190401_184153.jpg\" alt=\"\" width=\"600\" height=\"450\" srcset=\"https:\/\/84310.fr\/jardin-morierois\/wp-content\/uploads\/2019\/04\/P_20190401_184153.jpg 600w, https:\/\/84310.fr\/jardin-morierois\/wp-content\/uploads\/2019\/04\/P_20190401_184153-300x225.jpg 300w\" sizes=\"auto, (max-width: 600px) 100vw, 600px\" \/><\/p>\n<p>Elles sont au chaud dans la veranda, dans une petite serre pas cher ( LIDL ) mais bien utile&#8230;.<\/p>\n<h4><span style=\"color: #ff00ff;\"><strong>Dimanche 4 Aout 2019<\/strong><\/span><\/h4>\n<p>sur les 11 graines, 9 plants ont r\u00e9ussi \u00e0 pousser, et je les ai tous mis au jardin.<br \/>\n7 dans l&rsquo;annexe, 1 \u00e0 l&rsquo;entr\u00e9e et le dernier dans l&rsquo;espace ph\u00e9noculture.<br \/>\ncertains plants ont fait le r\u00e9gal des limaces ou escargots d\u00e8s leur mise en terre, mais quelques uns ont su croitre suffisamment pour \u00e9chapper aux pr\u00e9dateurs.<br \/>\nil a fallu prendre le temps d&rsquo;attacher et de diriger ces lianes pour ne pas avoir tout un emm\u00ealement . J&rsquo;ai pu compter jusqu\u2019\u00e0 une douzaine de courges pommes d&rsquo;or sur une \u00a0\u00bb liane \u00a0\u00bb<\/p>\n<p><img loading=\"lazy\" decoding=\"async\" class=\"alignnone size-full wp-image-2842\" src=\"https:\/\/84310.fr\/jardin-morierois\/wp-content\/uploads\/2019\/08\/DSCN9795.jpg\" alt=\"\" width=\"600\" height=\"800\" srcset=\"https:\/\/84310.fr\/jardin-morierois\/wp-content\/uploads\/2019\/08\/DSCN9795.jpg 600w, https:\/\/84310.fr\/jardin-morierois\/wp-content\/uploads\/2019\/08\/DSCN9795-225x300.jpg 225w\" sizes=\"auto, (max-width: 600px) 100vw, 600px\" \/><br \/>\nles fruits sont au d\u00e9but tout verts, et deviennent orange par la suite.<\/p>\n<p><img loading=\"lazy\" decoding=\"async\" class=\"size-full wp-image-2843 aligncenter\" src=\"https:\/\/84310.fr\/jardin-morierois\/wp-content\/uploads\/2019\/08\/DSCN9796.jpg\" alt=\"\" width=\"600\" height=\"800\" srcset=\"https:\/\/84310.fr\/jardin-morierois\/wp-content\/uploads\/2019\/08\/DSCN9796.jpg 600w, https:\/\/84310.fr\/jardin-morierois\/wp-content\/uploads\/2019\/08\/DSCN9796-225x300.jpg 225w\" sizes=\"auto, (max-width: 600px) 100vw, 600px\" \/><\/p>\n<p>pour la r\u00e9colte, je viens de trouver \u00e7a : \u00a0\u00bb <strong>Entre septembre et novembre, g\u00e9n\u00e9ralement autour du mois d&rsquo;octobre avant les gel\u00e9es<\/strong> \u00a0\u00bb<\/p>\n<p>je dois bien en avoir une trentaine ..<\/p>\n","protected":false},"excerpt":{"rendered":"<p>D\u00e9but du projet : Mercredi 23 JANVIER 2019 suite \u00e0 une commande sur le bon coin, r\u00e9ception ce jour d&rsquo;une dizaine de graines Lundi 1er AVRIL 2019 j&rsquo;ai sem\u00e9 11 graines de courges pommes d&rsquo;or ( tout ce que j&rsquo;avais&hellip; <\/p>\n","protected":false},"author":1,"featured_media":0,"parent":0,"menu_order":0,"comment_status":"closed","ping_status":"closed","template":"","meta":{"_exactmetrics_skip_tracking":false,"_exactmetrics_sitenote_active":false,"_exactmetrics_sitenote_note":"","_exactmetrics_sitenote_category":0,"footnotes":""},"class_list":["post-2385","page","type-page","status-publish","hentry"],"_links":{"self":[{"href":"https:\/\/84310.fr\/jardin-morierois\/wp-json\/wp\/v2\/pages\/2385","targetHints":{"allow":["GET"]}}],"collection":[{"href":"https:\/\/84310.fr\/jardin-morierois\/wp-json\/wp\/v2\/pages"}],"about":[{"href":"https:\/\/84310.fr\/jardin-morierois\/wp-json\/wp\/v2\/types\/page"}],"author":[{"embeddable":true,"href":"https:\/\/84310.fr\/jardin-morierois\/wp-json\/wp\/v2\/users\/1"}],"replies":[{"embeddable":true,"href":"https:\/\/84310.fr\/jardin-morierois\/wp-json\/wp\/v2\/comments?post=2385"}],"version-history":[{"count":5,"href":"https:\/\/84310.fr\/jardin-morierois\/wp-json\/wp\/v2\/pages\/2385\/revisions"}],"predecessor-version":[{"id":2844,"href":"https:\/\/84310.fr\/jardin-morierois\/wp-json\/wp\/v2\/pages\/2385\/revisions\/2844"}],"wp:attachment":[{"href":"https:\/\/84310.fr\/jardin-morierois\/wp-json\/wp\/v2\/media?parent=2385"}],"curies":[{"name":"wp","href":"https:\/\/api.w.org\/{rel}","templated":true}]}}