{"id":2383,"date":"2019-01-21T23:12:15","date_gmt":"2019-01-21T22:12:15","guid":{"rendered":"http:\/\/84310.fr\/jardin-morierois\/?page_id=2383"},"modified":"2019-04-06T20:20:07","modified_gmt":"2019-04-06T19:20:07","slug":"2019-quinoa","status":"publish","type":"page","link":"https:\/\/84310.fr\/jardin-morierois\/2019-quinoa\/","title":{"rendered":"2019 Quinoa"},"content":{"rendered":"<p>D\u00e9but du projet :<\/p>\n<h3><span style=\"color: #ff00ff;\"><strong>Mercredi 23 JANVIER 2019<\/strong><\/span><\/h3>\n<p>suite \u00e0 une commande sur le bon coin, r\u00e9ception ce jour de deux ou trois centaines de graines<\/p>\n<p>&nbsp;<\/p>\n<p><img loading=\"lazy\" decoding=\"async\" class=\"alignnone wp-image-2409 aligncenter\" src=\"https:\/\/84310.fr\/jardin-morierois\/wp-content\/uploads\/2019\/01\/quinoa.jpg\" alt=\"\" width=\"292\" height=\"249\" srcset=\"https:\/\/84310.fr\/jardin-morierois\/wp-content\/uploads\/2019\/01\/quinoa.jpg 600w, https:\/\/84310.fr\/jardin-morierois\/wp-content\/uploads\/2019\/01\/quinoa-300x256.jpg 300w\" sizes=\"auto, (max-width: 292px) 100vw, 292px\" \/> <img loading=\"lazy\" decoding=\"async\" class=\"alignnone size-full wp-image-2410 aligncenter\" src=\"https:\/\/84310.fr\/jardin-morierois\/wp-content\/uploads\/2019\/01\/quinoa2.jpg\" alt=\"\" width=\"400\" height=\"277\" srcset=\"https:\/\/84310.fr\/jardin-morierois\/wp-content\/uploads\/2019\/01\/quinoa2.jpg 400w, https:\/\/84310.fr\/jardin-morierois\/wp-content\/uploads\/2019\/01\/quinoa2-300x208.jpg 300w\" sizes=\"auto, (max-width: 400px) 100vw, 400px\" \/><\/p>\n<h3><span style=\"color: #ff00ff;\"><strong>Samedi 9 MARS 2019<\/strong><\/span><\/h3>\n<p>Le temps de l&rsquo;exp\u00e9rimentation est arriv\u00e9.<br \/>\n4 Tests pour le quinoa 372 graines en tout &#8230; le restant des graines est mis de cot\u00e9 au cas ou il faille refaire des semis un peu plus tard.<\/p>\n<p>&nbsp;<\/p>\n<p><img loading=\"lazy\" decoding=\"async\" class=\"alignnone size-full wp-image-2578\" src=\"https:\/\/84310.fr\/jardin-morierois\/wp-content\/uploads\/2019\/03\/P_20190309_172434.jpg\" alt=\"\" width=\"640\" height=\"480\" srcset=\"https:\/\/84310.fr\/jardin-morierois\/wp-content\/uploads\/2019\/03\/P_20190309_172434.jpg 640w, https:\/\/84310.fr\/jardin-morierois\/wp-content\/uploads\/2019\/03\/P_20190309_172434-300x225.jpg 300w\" sizes=\"auto, (max-width: 640px) 100vw, 640px\" \/><br \/>\n72 graines ( 3 dans chaque godet ) sont sem\u00e9es, l&rsquo;ensemble sera mis au chaud, derri\u00e8re la baie vitr\u00e9e.<\/p>\n<p><img loading=\"lazy\" decoding=\"async\" class=\"alignnone size-full wp-image-2577\" src=\"https:\/\/84310.fr\/jardin-morierois\/wp-content\/uploads\/2019\/03\/P_20190309_172418.jpg\" alt=\"\" width=\"640\" height=\"480\" srcset=\"https:\/\/84310.fr\/jardin-morierois\/wp-content\/uploads\/2019\/03\/P_20190309_172418.jpg 640w, https:\/\/84310.fr\/jardin-morierois\/wp-content\/uploads\/2019\/03\/P_20190309_172418-300x225.jpg 300w\" sizes=\"auto, (max-width: 640px) 100vw, 640px\" \/><\/p>\n<p>100 Graines sont sem\u00e9es dans le petit bac. il sera \u00e0 l&rsquo;abri dans la cabanon, derri\u00e8re la fen\u00eatre mais sans chauffage.<\/p>\n<p>&nbsp;<\/p>\n<p>&nbsp;<\/p>\n<p>&nbsp;<\/p>\n<p><img loading=\"lazy\" decoding=\"async\" class=\"alignnone size-full wp-image-2579\" src=\"https:\/\/84310.fr\/jardin-morierois\/wp-content\/uploads\/2019\/03\/P_20190309_172504.jpg\" alt=\"\" width=\"640\" height=\"480\" srcset=\"https:\/\/84310.fr\/jardin-morierois\/wp-content\/uploads\/2019\/03\/P_20190309_172504.jpg 640w, https:\/\/84310.fr\/jardin-morierois\/wp-content\/uploads\/2019\/03\/P_20190309_172504-300x225.jpg 300w\" sizes=\"auto, (max-width: 640px) 100vw, 640px\" \/><br \/>\n100 Graines sont sem\u00e9es dans l&rsquo;espace permaculture, pas de protection, pas de chaleur autre que celle du soleil quand il y en a. L&rsquo;espace a juste subi un coup de r\u00e2teau pour niveler, un coup d&rsquo;arrosoir rapide pour \u00a0\u00bb encrer\u00a0\u00bb les graines dans leur espace de poussse.<\/p>\n<p><img loading=\"lazy\" decoding=\"async\" class=\"alignnone size-full wp-image-2576\" src=\"https:\/\/84310.fr\/jardin-morierois\/wp-content\/uploads\/2019\/03\/P_20190309_171813.jpg\" alt=\"\" width=\"640\" height=\"480\" srcset=\"https:\/\/84310.fr\/jardin-morierois\/wp-content\/uploads\/2019\/03\/P_20190309_171813.jpg 640w, https:\/\/84310.fr\/jardin-morierois\/wp-content\/uploads\/2019\/03\/P_20190309_171813-300x225.jpg 300w\" sizes=\"auto, (max-width: 640px) 100vw, 640px\" \/><br \/>\n100 graines sont sem\u00e9es \u00e0 la vol\u00e9e contre le mur, derri\u00e8re les groseilliers. La cuve va peut \u00eatre former un rempart au fort mistral qui souffle \u00e0 cet endroit l\u00e0.<\/p>\n<p>&nbsp;<\/p>\n<p>cinqui\u00e8me exp\u00e9rience avec le Quinoa,<br \/>\nd\u00e9\u00e7u de ne presque rien voir pousser dans les 4 pr\u00e9c\u00e9dents endroits, j&rsquo;ai mis toutes les graines qu&rsquo;il me restait dans un grand bac.<\/p>\n<p><img loading=\"lazy\" decoding=\"async\" class=\"alignnone size-full wp-image-2617\" src=\"https:\/\/84310.fr\/jardin-morierois\/wp-content\/uploads\/2019\/04\/DSCN8118.jpg\" alt=\"\" width=\"640\" height=\"480\" srcset=\"https:\/\/84310.fr\/jardin-morierois\/wp-content\/uploads\/2019\/04\/DSCN8118.jpg 640w, https:\/\/84310.fr\/jardin-morierois\/wp-content\/uploads\/2019\/04\/DSCN8118-300x225.jpg 300w\" sizes=\"auto, (max-width: 640px) 100vw, 640px\" \/><\/p>\n<p>on va voir si cela vient de la qualit\u00e9 des graines, ou des conditions qui ne sont pas optimales pour la lev\u00e9e des plants.<\/p>\n","protected":false},"excerpt":{"rendered":"<p>D\u00e9but du projet : Mercredi 23 JANVIER 2019 suite \u00e0 une commande sur le bon coin, r\u00e9ception ce jour de deux ou trois centaines de graines &nbsp; Samedi 9 MARS 2019 Le temps de l&rsquo;exp\u00e9rimentation est arriv\u00e9. 4 Tests pour&hellip; <\/p>\n","protected":false},"author":1,"featured_media":0,"parent":0,"menu_order":0,"comment_status":"closed","ping_status":"closed","template":"","meta":{"_exactmetrics_skip_tracking":false,"_exactmetrics_sitenote_active":false,"_exactmetrics_sitenote_note":"","_exactmetrics_sitenote_category":0,"footnotes":""},"class_list":["post-2383","page","type-page","status-publish","hentry"],"_links":{"self":[{"href":"https:\/\/84310.fr\/jardin-morierois\/wp-json\/wp\/v2\/pages\/2383","targetHints":{"allow":["GET"]}}],"collection":[{"href":"https:\/\/84310.fr\/jardin-morierois\/wp-json\/wp\/v2\/pages"}],"about":[{"href":"https:\/\/84310.fr\/jardin-morierois\/wp-json\/wp\/v2\/types\/page"}],"author":[{"embeddable":true,"href":"https:\/\/84310.fr\/jardin-morierois\/wp-json\/wp\/v2\/users\/1"}],"replies":[{"embeddable":true,"href":"https:\/\/84310.fr\/jardin-morierois\/wp-json\/wp\/v2\/comments?post=2383"}],"version-history":[{"count":6,"href":"https:\/\/84310.fr\/jardin-morierois\/wp-json\/wp\/v2\/pages\/2383\/revisions"}],"predecessor-version":[{"id":2618,"href":"https:\/\/84310.fr\/jardin-morierois\/wp-json\/wp\/v2\/pages\/2383\/revisions\/2618"}],"wp:attachment":[{"href":"https:\/\/84310.fr\/jardin-morierois\/wp-json\/wp\/v2\/media?parent=2383"}],"curies":[{"name":"wp","href":"https:\/\/api.w.org\/{rel}","templated":true}]}}