{"id":2378,"date":"2019-01-21T21:19:56","date_gmt":"2019-01-21T20:19:56","guid":{"rendered":"http:\/\/84310.fr\/jardin-morierois\/?page_id=2378"},"modified":"2019-01-21T21:19:56","modified_gmt":"2019-01-21T20:19:56","slug":"score-jardin-2018","status":"publish","type":"page","link":"https:\/\/84310.fr\/jardin-morierois\/score-jardin-2018\/","title":{"rendered":"SCORE Jardin 2018"},"content":{"rendered":"<p>Cette ann\u00e9e 2018 a \u00e9t\u00e9 charg\u00e9e de projets, de r\u00e9ussites, d&rsquo;\u00e9checs, et de r\u00e9coltes..<br \/>\nen tout, plus de 345 Kilos de nourriture ont \u00e9t\u00e9 r\u00e9colt\u00e9s dans le jardin cette ann\u00e9e,<\/p>\n<p>116.5 kilos de tomates ( petit \u00e9chec sur les greffes )<\/p>\n<p>presque 12 kilos de haricots verts, au moins 6 kilos de petits pois ..<\/p>\n<p>13 kilos de patates, plus de 67 Kilos de courgettes de Nice ( 127 courgettes )<\/p>\n<p>presque 96 kilos de courge de Nice ( courgettes qui ont grossi, grossi &#8230;)<\/p>\n<p>presque 12 kilos d&rsquo;Aubergines, Blanches en principal, noire pour une seule &#8230;<br \/>\npresque 15 kilos de potimarrons, 4 kilos de courgettes ordinaires,<br \/>\nplus de 4 kilos de betteraves rouges, sans compter les poireaux, les radis noirs, les radis classiques, les salades que nous mangeons depuis l&rsquo;hiver dernier sans discontinuer&#8230; la mache et les presque 200 salades qui nous restent encore au jardin, en plein air et sous serre &#8230;..<\/p>\n<p>quelques loup\u00e9s, le projet champignons, un gros Flop, que je ne pense pas essayer de nouveau, le ma\u00efs \u00e9galement &#8230; tout comme les patates en caisse, ou les poubelles \u00e0 tomates<br \/>\n&#8230;.<br \/>\nd&rsquo;autres projets sont en cours &#8230; d&rsquo;autres essais farfelus&#8230; qui risquent de ne pas marcher &#8230; mais au moins &#8230; l&rsquo;envie me sera \u00f4t\u00e9e &#8230; m\u00eame si \u00e7a loupe. d&rsquo;autres envies prendront alors place&#8230;<\/p>\n<p>&nbsp;<\/p>\n<p>&nbsp;<\/p>\n<p>&nbsp;<\/p>\n","protected":false},"excerpt":{"rendered":"<p>Cette ann\u00e9e 2018 a \u00e9t\u00e9 charg\u00e9e de projets, de r\u00e9ussites, d&rsquo;\u00e9checs, et de r\u00e9coltes.. en tout, plus de 345 Kilos de nourriture ont \u00e9t\u00e9 r\u00e9colt\u00e9s dans le jardin cette ann\u00e9e, 116.5 kilos de tomates ( petit \u00e9chec sur les greffes&hellip; <\/p>\n","protected":false},"author":1,"featured_media":0,"parent":0,"menu_order":0,"comment_status":"closed","ping_status":"closed","template":"","meta":{"_exactmetrics_skip_tracking":false,"_exactmetrics_sitenote_active":false,"_exactmetrics_sitenote_note":"","_exactmetrics_sitenote_category":0,"footnotes":""},"class_list":["post-2378","page","type-page","status-publish","hentry"],"_links":{"self":[{"href":"https:\/\/84310.fr\/jardin-morierois\/wp-json\/wp\/v2\/pages\/2378","targetHints":{"allow":["GET"]}}],"collection":[{"href":"https:\/\/84310.fr\/jardin-morierois\/wp-json\/wp\/v2\/pages"}],"about":[{"href":"https:\/\/84310.fr\/jardin-morierois\/wp-json\/wp\/v2\/types\/page"}],"author":[{"embeddable":true,"href":"https:\/\/84310.fr\/jardin-morierois\/wp-json\/wp\/v2\/users\/1"}],"replies":[{"embeddable":true,"href":"https:\/\/84310.fr\/jardin-morierois\/wp-json\/wp\/v2\/comments?post=2378"}],"version-history":[{"count":1,"href":"https:\/\/84310.fr\/jardin-morierois\/wp-json\/wp\/v2\/pages\/2378\/revisions"}],"predecessor-version":[{"id":2379,"href":"https:\/\/84310.fr\/jardin-morierois\/wp-json\/wp\/v2\/pages\/2378\/revisions\/2379"}],"wp:attachment":[{"href":"https:\/\/84310.fr\/jardin-morierois\/wp-json\/wp\/v2\/media?parent=2378"}],"curies":[{"name":"wp","href":"https:\/\/api.w.org\/{rel}","templated":true}]}}