{"id":2024,"date":"2018-05-10T21:13:38","date_gmt":"2018-05-10T20:13:38","guid":{"rendered":"http:\/\/84310.fr\/jardin-morierois\/?page_id=2024"},"modified":"2018-10-20T21:46:45","modified_gmt":"2018-10-20T20:46:45","slug":"patates-en-caisses-2018","status":"publish","type":"page","link":"https:\/\/84310.fr\/jardin-morierois\/patates-en-caisses-2018\/","title":{"rendered":"patates en caisses 2018"},"content":{"rendered":"<h6><span style=\"color: #3366ff;\"><strong>15 AVRIL 2018<\/strong><\/span><\/h6>\n<p>Une voisine nous a laiss\u00e9 un sac pour les cocottes, \u00e0 l&rsquo;int\u00e9rieur de ce sac, se trouvaient 7 patates qui avaient germ\u00e9. L&rsquo;id\u00e9e n&rsquo;est pas de moi, mais perdues pour perdues, ces 7 patates ont eu une seconde chance.<br \/>\nUne cagette avec au fond, une couche de compost, du crottin de cheval de l&rsquo;ann\u00e9e derni\u00e8re, de la tonte fraiche, un peu de foin, et hop les patates bien au chaud<\/p>\n<h6><span style=\"color: #3366ff;\"><strong>7 MAI 2018<\/strong><\/span><\/h6>\n<p><img loading=\"lazy\" decoding=\"async\" class=\"alignnone size-full wp-image-2027\" src=\"https:\/\/84310.fr\/jardin-morierois\/wp-content\/uploads\/2018\/05\/DSCN6223.jpg\" alt=\"\" width=\"1000\" height=\"750\" srcset=\"https:\/\/84310.fr\/jardin-morierois\/wp-content\/uploads\/2018\/05\/DSCN6223.jpg 1000w, https:\/\/84310.fr\/jardin-morierois\/wp-content\/uploads\/2018\/05\/DSCN6223-300x225.jpg 300w, https:\/\/84310.fr\/jardin-morierois\/wp-content\/uploads\/2018\/05\/DSCN6223-768x576.jpg 768w\" sizes=\"auto, (max-width: 1000px) 100vw, 1000px\" \/><\/p>\n<p>Quelques semaines plus tard, les tiges ont r\u00e9ussi \u00e0 remonter et percer les couches successives de la cagette.<\/p>\n<h6><span style=\"color: #3366ff;\"><strong>10 Mai 2018<\/strong><\/span><\/h6>\n<p>un nouvel arrivage de patates germ\u00e9es, 17 en tout, il fallait un r\u00e9ceptacle plus grand qu&rsquo;une cagette. l&rsquo;ancien Bac \u00e0 poisson reconverti dans la fontaine de jouvence des plants de potimarrons en d\u00e9tresses servira bien pour cette exp\u00e9rience de patates en caisse.<\/p>\n<p><img loading=\"lazy\" decoding=\"async\" class=\"alignnone size-full wp-image-2028\" src=\"https:\/\/84310.fr\/jardin-morierois\/wp-content\/uploads\/2018\/05\/DSCN6267.jpg\" alt=\"\" width=\"1000\" height=\"750\" srcset=\"https:\/\/84310.fr\/jardin-morierois\/wp-content\/uploads\/2018\/05\/DSCN6267.jpg 1000w, https:\/\/84310.fr\/jardin-morierois\/wp-content\/uploads\/2018\/05\/DSCN6267-300x225.jpg 300w, https:\/\/84310.fr\/jardin-morierois\/wp-content\/uploads\/2018\/05\/DSCN6267-768x576.jpg 768w\" sizes=\"auto, (max-width: 1000px) 100vw, 1000px\" \/><\/p>\n<p>17 patates en sursis&#8230;<\/p>\n<p><img loading=\"lazy\" decoding=\"async\" class=\"alignnone size-full wp-image-2029\" src=\"https:\/\/84310.fr\/jardin-morierois\/wp-content\/uploads\/2018\/05\/DSCN6268.jpg\" alt=\"\" width=\"1000\" height=\"750\" srcset=\"https:\/\/84310.fr\/jardin-morierois\/wp-content\/uploads\/2018\/05\/DSCN6268.jpg 1000w, https:\/\/84310.fr\/jardin-morierois\/wp-content\/uploads\/2018\/05\/DSCN6268-300x225.jpg 300w, https:\/\/84310.fr\/jardin-morierois\/wp-content\/uploads\/2018\/05\/DSCN6268-768x576.jpg 768w\" sizes=\"auto, (max-width: 1000px) 100vw, 1000px\" \/><\/p>\n<p>\u00e0 voir dans quelques semaines&#8230;<\/p>\n<h6><span style=\"color: #3366ff;\"><strong>31 MAI 2018<\/strong><\/span><\/h6>\n<p><img loading=\"lazy\" decoding=\"async\" class=\"alignnone size-full wp-image-2092\" src=\"https:\/\/84310.fr\/jardin-morierois\/wp-content\/uploads\/2018\/05\/DSCN6473.jpg\" alt=\"\" width=\"800\" height=\"600\" srcset=\"https:\/\/84310.fr\/jardin-morierois\/wp-content\/uploads\/2018\/05\/DSCN6473.jpg 800w, https:\/\/84310.fr\/jardin-morierois\/wp-content\/uploads\/2018\/05\/DSCN6473-300x225.jpg 300w, https:\/\/84310.fr\/jardin-morierois\/wp-content\/uploads\/2018\/05\/DSCN6473-768x576.jpg 768w\" sizes=\"auto, (max-width: 800px) 100vw, 800px\" \/><br \/>\nla premi\u00e8re s\u00e9rie de patates en caisse grandit bien&#8230;<\/p>\n<p><img loading=\"lazy\" decoding=\"async\" class=\"alignnone size-full wp-image-2091\" src=\"https:\/\/84310.fr\/jardin-morierois\/wp-content\/uploads\/2018\/05\/DSCN6472.jpg\" alt=\"\" width=\"800\" height=\"600\" srcset=\"https:\/\/84310.fr\/jardin-morierois\/wp-content\/uploads\/2018\/05\/DSCN6472.jpg 800w, https:\/\/84310.fr\/jardin-morierois\/wp-content\/uploads\/2018\/05\/DSCN6472-300x225.jpg 300w, https:\/\/84310.fr\/jardin-morierois\/wp-content\/uploads\/2018\/05\/DSCN6472-768x576.jpg 768w\" sizes=\"auto, (max-width: 800px) 100vw, 800px\" \/><br \/>\nla deuxi\u00e8me s\u00e9rie de 17 patates a \u00e9t\u00e9 chang\u00e9e de contenant, la caisse en polystyr\u00e8ne a \u00e9t\u00e9 remplac\u00e9e par deux bonnes caisses en bois.<\/p>\n<p><img loading=\"lazy\" decoding=\"async\" class=\"alignnone size-full wp-image-2090\" src=\"https:\/\/84310.fr\/jardin-morierois\/wp-content\/uploads\/2018\/05\/DSCN6471.jpg\" alt=\"\" width=\"800\" height=\"600\" srcset=\"https:\/\/84310.fr\/jardin-morierois\/wp-content\/uploads\/2018\/05\/DSCN6471.jpg 800w, https:\/\/84310.fr\/jardin-morierois\/wp-content\/uploads\/2018\/05\/DSCN6471-300x225.jpg 300w, https:\/\/84310.fr\/jardin-morierois\/wp-content\/uploads\/2018\/05\/DSCN6471-768x576.jpg 768w\" sizes=\"auto, (max-width: 800px) 100vw, 800px\" \/><br \/>\nelles commencent \u00e0 sortir sous l\u2019\u00e9paisse couche tonte, de compost et de crottin de cheval.<br \/>\n\u00e0 suivre &#8230;.<\/p>\n<h6><span style=\"color: #3366ff;\"><strong>Mi\u00a0 JUIN 2018<\/strong><\/span><\/h6>\n<p><img loading=\"lazy\" decoding=\"async\" class=\"alignnone size-full wp-image-2188\" src=\"https:\/\/84310.fr\/jardin-morierois\/wp-content\/uploads\/2018\/10\/DSCN6619.jpg\" alt=\"\" width=\"800\" height=\"600\" srcset=\"https:\/\/84310.fr\/jardin-morierois\/wp-content\/uploads\/2018\/10\/DSCN6619.jpg 800w, https:\/\/84310.fr\/jardin-morierois\/wp-content\/uploads\/2018\/10\/DSCN6619-300x225.jpg 300w, https:\/\/84310.fr\/jardin-morierois\/wp-content\/uploads\/2018\/10\/DSCN6619-768x576.jpg 768w\" sizes=\"auto, (max-width: 800px) 100vw, 800px\" \/><\/p>\n<p>Les plants se sont bien d\u00e9velopp\u00e9s, et commencent a p\u00e9ricliter un peu &#8230;<\/p>\n<h6><span style=\"color: #3366ff;\"><strong>30 JUIN 2018<\/strong><\/span><\/h6>\n<p><img loading=\"lazy\" decoding=\"async\" class=\"alignnone size-full wp-image-2189\" src=\"https:\/\/84310.fr\/jardin-morierois\/wp-content\/uploads\/2018\/10\/DSCN6668.jpg\" alt=\"\" width=\"800\" height=\"600\" srcset=\"https:\/\/84310.fr\/jardin-morierois\/wp-content\/uploads\/2018\/10\/DSCN6668.jpg 800w, https:\/\/84310.fr\/jardin-morierois\/wp-content\/uploads\/2018\/10\/DSCN6668-300x225.jpg 300w, https:\/\/84310.fr\/jardin-morierois\/wp-content\/uploads\/2018\/10\/DSCN6668-768x576.jpg 768w\" sizes=\"auto, (max-width: 800px) 100vw, 800px\" \/><\/p>\n<h6><strong>\u00a0<\/strong><\/h6>\n<p>Les plants commencent \u00e0 s\u00e9cher, la r\u00e9colte va se faire dans quelques jours&#8230;<\/p>\n<p>Finalement, un r\u00e9sultat d\u00e9cevant, 340 grammes de patates r\u00e9colt\u00e9es dans les 3 cagettes&#8230;<br \/>\nLa seule consolation, c&rsquo;est qu&rsquo;elle ne nous ont rien cout\u00e9, mais en plus, elles \u00e9taient tr\u00e8s bonnes&#8230;.<br \/>\n<img loading=\"lazy\" decoding=\"async\" class=\"size-full wp-image-1838 aligncenter\" src=\"https:\/\/84310.fr\/jardin-morierois\/wp-content\/uploads\/2018\/03\/ECHECpetit.png\" alt=\"\" width=\"300\" height=\"200\" \/><\/p>\n<p>Je ne pense pas que je referai comme \u00e7a en 2019 &#8230;.<\/p>\n<p>&nbsp;<\/p>\n<p>&nbsp;<\/p>\n","protected":false},"excerpt":{"rendered":"<p>15 AVRIL 2018 Une voisine nous a laiss\u00e9 un sac pour les cocottes, \u00e0 l&rsquo;int\u00e9rieur de ce sac, se trouvaient 7 patates qui avaient germ\u00e9. L&rsquo;id\u00e9e n&rsquo;est pas de moi, mais perdues pour perdues, ces 7 patates ont eu une&hellip; <\/p>\n","protected":false},"author":1,"featured_media":0,"parent":0,"menu_order":0,"comment_status":"closed","ping_status":"closed","template":"","meta":{"_exactmetrics_skip_tracking":false,"_exactmetrics_sitenote_active":false,"_exactmetrics_sitenote_note":"","_exactmetrics_sitenote_category":0,"footnotes":""},"class_list":["post-2024","page","type-page","status-publish","hentry"],"_links":{"self":[{"href":"https:\/\/84310.fr\/jardin-morierois\/wp-json\/wp\/v2\/pages\/2024","targetHints":{"allow":["GET"]}}],"collection":[{"href":"https:\/\/84310.fr\/jardin-morierois\/wp-json\/wp\/v2\/pages"}],"about":[{"href":"https:\/\/84310.fr\/jardin-morierois\/wp-json\/wp\/v2\/types\/page"}],"author":[{"embeddable":true,"href":"https:\/\/84310.fr\/jardin-morierois\/wp-json\/wp\/v2\/users\/1"}],"replies":[{"embeddable":true,"href":"https:\/\/84310.fr\/jardin-morierois\/wp-json\/wp\/v2\/comments?post=2024"}],"version-history":[{"count":6,"href":"https:\/\/84310.fr\/jardin-morierois\/wp-json\/wp\/v2\/pages\/2024\/revisions"}],"predecessor-version":[{"id":2191,"href":"https:\/\/84310.fr\/jardin-morierois\/wp-json\/wp\/v2\/pages\/2024\/revisions\/2191"}],"wp:attachment":[{"href":"https:\/\/84310.fr\/jardin-morierois\/wp-json\/wp\/v2\/media?parent=2024"}],"curies":[{"name":"wp","href":"https:\/\/api.w.org\/{rel}","templated":true}]}}