{"id":2018,"date":"2018-05-09T22:52:04","date_gmt":"2018-05-09T21:52:04","guid":{"rendered":"http:\/\/84310.fr\/jardin-morierois\/?page_id=2018"},"modified":"2018-05-09T22:52:04","modified_gmt":"2018-05-09T21:52:04","slug":"2018-honda-f560","status":"publish","type":"page","link":"https:\/\/84310.fr\/jardin-morierois\/2018-honda-f560\/","title":{"rendered":"2018 Honda F560"},"content":{"rendered":"<p>bon, j&rsquo;avoue qu\u2019apr\u00e8s avoir entendu de la part de mon entourage, de mes coll\u00e8gues,que cela reviendrait plus cher de remettre en \u00e9tat le vieux F600 paternel que d&rsquo;en prendre un plus r\u00e9cent, cela m&rsquo;a fait r\u00e9fl\u00e9chir,<\/p>\n<p>depuis quelques semaines, je scanne matin, midi et soir,\u00a0 le bon coin sur tout ce qui est motoculteur &#8230; ou motobineuse.<\/p>\n<p>quelques bonnes affaires, mais situ\u00e9es trop loin, ou d\u00e9j\u00e0 vendues le temps que je me d\u00e9cide \u00e0 franchir le cap, m&rsquo;encouragent et me d\u00e9\u00e7oivent au fur et \u00e0 mesure des d\u00e9sillusions ou des r\u00e9ponses n\u00e9gatives.<br \/>\ndepuis deux jours, je suis une annonce qui m&rsquo;a interpell\u00e9, ayant rapidement pris contact avec le posteur, quelques informations encourageantes, mais des doutes, puis de l&rsquo;attente, pourquoi est il si peu cher ? ( cher pour mes petits moyens, mais si on compare avec les autres qui se trouvent sur le bon coin, il n&rsquo;est pas cher du tout )..Arnaque ? je verrai avec le temps &#8230;.<img loading=\"lazy\" decoding=\"async\" class=\"size-full wp-image-2019 aligncenter\" src=\"https:\/\/84310.fr\/jardin-morierois\/wp-content\/uploads\/2018\/05\/F560.jpg\" alt=\"\" width=\"410\" height=\"500\" srcset=\"https:\/\/84310.fr\/jardin-morierois\/wp-content\/uploads\/2018\/05\/F560.jpg 410w, https:\/\/84310.fr\/jardin-morierois\/wp-content\/uploads\/2018\/05\/F560-246x300.jpg 246w\" sizes=\"auto, (max-width: 410px) 100vw, 410px\" \/>Voici un F560 &#8230;<\/p>\n<p><img loading=\"lazy\" decoding=\"async\" class=\"alignnone size-full wp-image-2020\" src=\"https:\/\/84310.fr\/jardin-morierois\/wp-content\/uploads\/2018\/05\/DSCN6239.jpg\" alt=\"\" width=\"1000\" height=\"750\" srcset=\"https:\/\/84310.fr\/jardin-morierois\/wp-content\/uploads\/2018\/05\/DSCN6239.jpg 1000w, https:\/\/84310.fr\/jardin-morierois\/wp-content\/uploads\/2018\/05\/DSCN6239-300x225.jpg 300w, https:\/\/84310.fr\/jardin-morierois\/wp-content\/uploads\/2018\/05\/DSCN6239-768x576.jpg 768w\" sizes=\"auto, (max-width: 1000px) 100vw, 1000px\" \/> <img loading=\"lazy\" decoding=\"async\" class=\"alignnone size-full wp-image-2021\" src=\"https:\/\/84310.fr\/jardin-morierois\/wp-content\/uploads\/2018\/05\/DSCN6243.jpg\" alt=\"\" width=\"1000\" height=\"750\" srcset=\"https:\/\/84310.fr\/jardin-morierois\/wp-content\/uploads\/2018\/05\/DSCN6243.jpg 1000w, https:\/\/84310.fr\/jardin-morierois\/wp-content\/uploads\/2018\/05\/DSCN6243-300x225.jpg 300w, https:\/\/84310.fr\/jardin-morierois\/wp-content\/uploads\/2018\/05\/DSCN6243-768x576.jpg 768w\" sizes=\"auto, (max-width: 1000px) 100vw, 1000px\" \/><\/p>\n<p>Et voici le mien !!!<\/p>\n","protected":false},"excerpt":{"rendered":"<p>bon, j&rsquo;avoue qu\u2019apr\u00e8s avoir entendu de la part de mon entourage, de mes coll\u00e8gues,que cela reviendrait plus cher de remettre en \u00e9tat le vieux F600 paternel que d&rsquo;en prendre un plus r\u00e9cent, cela m&rsquo;a fait r\u00e9fl\u00e9chir, depuis quelques semaines, je&hellip; <\/p>\n","protected":false},"author":1,"featured_media":0,"parent":0,"menu_order":0,"comment_status":"closed","ping_status":"closed","template":"","meta":{"_exactmetrics_skip_tracking":false,"_exactmetrics_sitenote_active":false,"_exactmetrics_sitenote_note":"","_exactmetrics_sitenote_category":0,"footnotes":""},"class_list":["post-2018","page","type-page","status-publish","hentry"],"_links":{"self":[{"href":"https:\/\/84310.fr\/jardin-morierois\/wp-json\/wp\/v2\/pages\/2018","targetHints":{"allow":["GET"]}}],"collection":[{"href":"https:\/\/84310.fr\/jardin-morierois\/wp-json\/wp\/v2\/pages"}],"about":[{"href":"https:\/\/84310.fr\/jardin-morierois\/wp-json\/wp\/v2\/types\/page"}],"author":[{"embeddable":true,"href":"https:\/\/84310.fr\/jardin-morierois\/wp-json\/wp\/v2\/users\/1"}],"replies":[{"embeddable":true,"href":"https:\/\/84310.fr\/jardin-morierois\/wp-json\/wp\/v2\/comments?post=2018"}],"version-history":[{"count":1,"href":"https:\/\/84310.fr\/jardin-morierois\/wp-json\/wp\/v2\/pages\/2018\/revisions"}],"predecessor-version":[{"id":2022,"href":"https:\/\/84310.fr\/jardin-morierois\/wp-json\/wp\/v2\/pages\/2018\/revisions\/2022"}],"wp:attachment":[{"href":"https:\/\/84310.fr\/jardin-morierois\/wp-json\/wp\/v2\/media?parent=2018"}],"curies":[{"name":"wp","href":"https:\/\/api.w.org\/{rel}","templated":true}]}}