{"id":20,"date":"2016-03-04T21:42:42","date_gmt":"2016-03-04T20:42:42","guid":{"rendered":"http:\/\/84310.fr\/jardin-morierois\/?page_id=20"},"modified":"2016-11-10T14:55:44","modified_gmt":"2016-11-10T13:55:44","slug":"black-trifele","status":"publish","type":"page","link":"https:\/\/84310.fr\/jardin-morierois\/black-trifele\/","title":{"rendered":"BLACK TRIFELE"},"content":{"rendered":"<p>Tomate BLACK TRIFELE<\/p>\n<p>6 graines sem\u00e9es le 14 F\u00e9vrier 2016<\/p>\n<p>Le 24 F\u00e9vrier, comme il me restait quelques graines, j\u2019ai sem\u00e9 deux graines de plus par \u00a0\u00bb s\u00e9curit\u00e9 \u00a0\u00bb<\/p>\n<p>Le 11 Mars, sur les 6 plants initiaux, 4 plants pr\u00e9vus pour greffe ont \u00e9t\u00e9 transplant\u00e9s en godet et le plant restant pour graine a \u00e9galement \u00e9t\u00e9 mis en godet.<\/p>\n<p>Le 14 Mars, j&rsquo;ai mis les deux plants Bonus, cit\u00e9s plus hauts, en godet.<br \/>\nLe 20 Mars, 2 plants ont \u00e9t\u00e9 greff\u00e9s. les deux autres pr\u00e9vus pour greffe sont encore trop petits<\/p>\n<h2 style=\"text-align: center;\"><span style=\"color: #ff0000;\"><strong>STATISTIQUES de la saison 2016<\/strong><\/span><\/h2>\n<p><img loading=\"lazy\" decoding=\"async\" class=\"alignnone size-full wp-image-933\" src=\"https:\/\/84310.fr\/jardin-morierois\/wp-content\/uploads\/2016\/03\/black-trifele.jpg\" alt=\"black-trifele\" width=\"711\" height=\"178\" srcset=\"https:\/\/84310.fr\/jardin-morierois\/wp-content\/uploads\/2016\/03\/black-trifele.jpg 711w, https:\/\/84310.fr\/jardin-morierois\/wp-content\/uploads\/2016\/03\/black-trifele-300x75.jpg 300w\" sizes=\"auto, (max-width: 711px) 100vw, 711px\" \/><\/p>\n<p>Le r\u00e9sultat sur le plan \u00a0\u00bb greff\u00e9es \u00a0\u00bb montre une diff\u00e9rence notable entre le plant 56 ( dont les gourmands ont \u00e9t\u00e9 enlev\u00e9s ) et le plant 57 ou le plant est rest\u00e9 libre de toute modification, ( plus du simple au double )<\/p>\n<p>au niveau g\u00e9n\u00e9ral on constate une diff\u00e9rence de rendement , il y a plus de fruits sur les plants greff\u00e9s,et ils sont plus gros.<\/p>\n<p>Les plants greff\u00e9s ont plus donn\u00e9 que les non greff\u00e9s.<\/p>\n<p>sinon, pour ce qui est des plants de r\u00e9cup ( perdus ) le premiers ont du b\u00e9n\u00e9ficier d&rsquo;un terrain plus riche et mieux arros\u00e9 ( \u00e0 cot\u00e9 de l&rsquo;arrosage de la pelouse ) le premier plant des perdues restera la surprise positive de cette exp\u00e9rience de r\u00e9cup.<\/p>\n<p><span style=\"color: #ff0000;\"><strong>je ne referai pas cette vari\u00e9t\u00e9 en 2017<\/strong><\/span><\/p>\n","protected":false},"excerpt":{"rendered":"<p>Tomate BLACK TRIFELE 6 graines sem\u00e9es le 14 F\u00e9vrier 2016 Le 24 F\u00e9vrier, comme il me restait quelques graines, j\u2019ai sem\u00e9 deux graines de plus par \u00a0\u00bb s\u00e9curit\u00e9 \u00a0\u00bb Le 11 Mars, sur les 6 plants initiaux, 4 plants pr\u00e9vus&hellip; <\/p>\n","protected":false},"author":1,"featured_media":0,"parent":0,"menu_order":0,"comment_status":"closed","ping_status":"closed","template":"","meta":{"_exactmetrics_skip_tracking":false,"_exactmetrics_sitenote_active":false,"_exactmetrics_sitenote_note":"","_exactmetrics_sitenote_category":0,"footnotes":""},"class_list":["post-20","page","type-page","status-publish","hentry"],"_links":{"self":[{"href":"https:\/\/84310.fr\/jardin-morierois\/wp-json\/wp\/v2\/pages\/20","targetHints":{"allow":["GET"]}}],"collection":[{"href":"https:\/\/84310.fr\/jardin-morierois\/wp-json\/wp\/v2\/pages"}],"about":[{"href":"https:\/\/84310.fr\/jardin-morierois\/wp-json\/wp\/v2\/types\/page"}],"author":[{"embeddable":true,"href":"https:\/\/84310.fr\/jardin-morierois\/wp-json\/wp\/v2\/users\/1"}],"replies":[{"embeddable":true,"href":"https:\/\/84310.fr\/jardin-morierois\/wp-json\/wp\/v2\/comments?post=20"}],"version-history":[{"count":9,"href":"https:\/\/84310.fr\/jardin-morierois\/wp-json\/wp\/v2\/pages\/20\/revisions"}],"predecessor-version":[{"id":971,"href":"https:\/\/84310.fr\/jardin-morierois\/wp-json\/wp\/v2\/pages\/20\/revisions\/971"}],"wp:attachment":[{"href":"https:\/\/84310.fr\/jardin-morierois\/wp-json\/wp\/v2\/media?parent=20"}],"curies":[{"name":"wp","href":"https:\/\/api.w.org\/{rel}","templated":true}]}}