{"id":1992,"date":"2018-05-03T18:26:54","date_gmt":"2018-05-03T17:26:54","guid":{"rendered":"http:\/\/84310.fr\/jardin-morierois\/?page_id=1992"},"modified":"2019-01-03T09:08:34","modified_gmt":"2019-01-03T08:08:34","slug":"2018-aubergines-blanches","status":"publish","type":"page","link":"https:\/\/84310.fr\/jardin-morierois\/2018-aubergines-blanches\/","title":{"rendered":"2018 Aubergines Blanches"},"content":{"rendered":"<h5><span style=\"color: #00ff00;\"><strong>3 MAI 2018<\/strong><\/span><\/h5>\n<p>Cette Ann\u00e9e, sur les conseils avis\u00e9s d&rsquo;une Amie Jardini\u00e8re, nous nous sommes port\u00e9s acqu\u00e9reurs d&rsquo;Aubergines Blanches ( beaucoup plus douces en go\u00fbt que les noires parait il )<\/p>\n<p>cela fera l&rsquo;objet d&rsquo;un nouveau test pour cette saison 2018.<\/p>\n<p>l&rsquo;exp\u00e9rience du moment :<br \/>\nSavoir s&rsquo;il lest rentable d&rsquo;acheter un plant d&rsquo;aubergine Greff\u00e9e \u00e0 3.50 Euros ou s&rsquo;il vaut mieux acheter 4 plants simples \u00e0 0,90 Euro. ( presque pareil niveau prix 3,50 &#8211; 3,60 )<\/p>\n<p>ces plants vont \u00eatre plant\u00e9s par paire ( 1 greff\u00e9 + 1 normal ) dans deux zones s\u00e9par\u00e9es du jardin, avec deux sols diff\u00e9rents. 1 dans un carr\u00e9 ayant \u00e9t\u00e9 con\u00e7u en lasagne et l&rsquo;autre dans le jardin classique, avec de la terre mori\u00e8roise\u00a0 enrichie par nos soins depuis quelques d\u00e9cennies.<\/p>\n<h5><span style=\"color: #00ff00;\"><strong>13 MAI 2018<\/strong> <\/span><\/h5>\n<p>l&rsquo;exp\u00e9rience est lanc\u00e9e. une aubergine Blanche Greff\u00e9e et une NON Greff\u00e9e sont en terre dans deux zones diff\u00e9rentes, <img loading=\"lazy\" decoding=\"async\" class=\"alignnone size-full wp-image-2041\" src=\"https:\/\/84310.fr\/jardin-morierois\/wp-content\/uploads\/2018\/05\/DSCN6274.jpg\" alt=\"\" width=\"1000\" height=\"750\" srcset=\"https:\/\/84310.fr\/jardin-morierois\/wp-content\/uploads\/2018\/05\/DSCN6274.jpg 1000w, https:\/\/84310.fr\/jardin-morierois\/wp-content\/uploads\/2018\/05\/DSCN6274-300x225.jpg 300w, https:\/\/84310.fr\/jardin-morierois\/wp-content\/uploads\/2018\/05\/DSCN6274-768x576.jpg 768w\" sizes=\"auto, (max-width: 1000px) 100vw, 1000px\" \/><br \/>\nLa greff\u00e9e \u00e0 Gauche, la Non greff\u00e9e \u00e0 droite (on voit la diff\u00e9rence). Elles sont positionn\u00e9es dans le jardin classique, \u00e0 la t\u00eate d&rsquo;une rang\u00e9e de tomates.<br \/>\n<img loading=\"lazy\" decoding=\"async\" class=\"alignnone size-full wp-image-2043\" src=\"https:\/\/84310.fr\/jardin-morierois\/wp-content\/uploads\/2018\/05\/DSCN6277.jpg\" alt=\"\" width=\"563\" height=\"750\" srcset=\"https:\/\/84310.fr\/jardin-morierois\/wp-content\/uploads\/2018\/05\/DSCN6277.jpg 563w, https:\/\/84310.fr\/jardin-morierois\/wp-content\/uploads\/2018\/05\/DSCN6277-225x300.jpg 225w\" sizes=\"auto, (max-width: 563px) 100vw, 563px\" \/><br \/>\nLa Greff\u00e9e dans l&rsquo;espace permaculture (carr\u00e9 en lasagne qui date de deux ans )<br \/>\n<img loading=\"lazy\" decoding=\"async\" class=\"alignnone size-full wp-image-2044\" src=\"https:\/\/84310.fr\/jardin-morierois\/wp-content\/uploads\/2018\/05\/DSCN6278.jpg\" alt=\"\" width=\"563\" height=\"750\" srcset=\"https:\/\/84310.fr\/jardin-morierois\/wp-content\/uploads\/2018\/05\/DSCN6278.jpg 563w, https:\/\/84310.fr\/jardin-morierois\/wp-content\/uploads\/2018\/05\/DSCN6278-225x300.jpg 225w\" sizes=\"auto, (max-width: 563px) 100vw, 563px\" \/><br \/>\nLa non greff\u00e9e dans le m\u00eame espace permaculture mais un peu plus loin.<br \/>\n<img loading=\"lazy\" decoding=\"async\" class=\"alignnone size-full wp-image-2042\" src=\"https:\/\/84310.fr\/jardin-morierois\/wp-content\/uploads\/2018\/05\/DSCN6275.jpg\" alt=\"\" width=\"563\" height=\"750\" srcset=\"https:\/\/84310.fr\/jardin-morierois\/wp-content\/uploads\/2018\/05\/DSCN6275.jpg 563w, https:\/\/84310.fr\/jardin-morierois\/wp-content\/uploads\/2018\/05\/DSCN6275-225x300.jpg 225w\" sizes=\"auto, (max-width: 563px) 100vw, 563px\" \/><br \/>\nJ&rsquo;en profite pour pr\u00e9senter une aubergine Noire, donn\u00e9e par le paysan des Valayans ou nous nous procurons certains l\u00e9gumes que nous ne faisons pas. C&rsquo;est une Greff\u00e9e, et elle est aussi dans le jardin classique, dans la m\u00eame rang\u00e9e de tomates que les deux autres ( Blanches ).<\/p>\n<h5><span style=\"color: #00ff00;\"><strong>31 MAI 2018<\/strong><\/span><\/h5>\n<p><img loading=\"lazy\" decoding=\"async\" class=\"alignnone size-full wp-image-2083\" src=\"https:\/\/84310.fr\/jardin-morierois\/wp-content\/uploads\/2018\/05\/DSCN6463.jpg\" alt=\"\" width=\"800\" height=\"600\" srcset=\"https:\/\/84310.fr\/jardin-morierois\/wp-content\/uploads\/2018\/05\/DSCN6463.jpg 800w, https:\/\/84310.fr\/jardin-morierois\/wp-content\/uploads\/2018\/05\/DSCN6463-300x225.jpg 300w, https:\/\/84310.fr\/jardin-morierois\/wp-content\/uploads\/2018\/05\/DSCN6463-768x576.jpg 768w\" sizes=\"auto, (max-width: 800px) 100vw, 800px\" \/><br \/>\nLes deux en pleine terre commencent \u00e0 bien grandir, \u00e0 Gauche la greff\u00e9e, \u00e0 droite la non greff\u00e9e.<\/p>\n<p><img loading=\"lazy\" decoding=\"async\" class=\"alignnone size-full wp-image-2089\" src=\"https:\/\/84310.fr\/jardin-morierois\/wp-content\/uploads\/2018\/05\/DSCN6470.jpg\" alt=\"\" width=\"800\" height=\"600\" srcset=\"https:\/\/84310.fr\/jardin-morierois\/wp-content\/uploads\/2018\/05\/DSCN6470.jpg 800w, https:\/\/84310.fr\/jardin-morierois\/wp-content\/uploads\/2018\/05\/DSCN6470-300x225.jpg 300w, https:\/\/84310.fr\/jardin-morierois\/wp-content\/uploads\/2018\/05\/DSCN6470-768x576.jpg 768w\" sizes=\"auto, (max-width: 800px) 100vw, 800px\" \/><br \/>\nla greff\u00e9e dans la butte.<\/p>\n<p>MI JUILLET 2018<\/p>\n<p><img loading=\"lazy\" decoding=\"async\" class=\"alignnone size-full wp-image-2363\" src=\"https:\/\/84310.fr\/jardin-morierois\/wp-content\/uploads\/2019\/01\/DSCN6689.jpg\" alt=\"\" width=\"640\" height=\"480\" srcset=\"https:\/\/84310.fr\/jardin-morierois\/wp-content\/uploads\/2019\/01\/DSCN6689.jpg 640w, https:\/\/84310.fr\/jardin-morierois\/wp-content\/uploads\/2019\/01\/DSCN6689-300x225.jpg 300w\" sizes=\"auto, (max-width: 640px) 100vw, 640px\" \/><br \/>\nLa premi\u00e8re !!! jolie !!!<\/p>\n<p>conclusion :11.250 kilos d&rsquo;Aubergines en tout pour ce premier essai. ( 4 plants )<\/p>\n<p>les deux ( une greff\u00e9e et une normale ) qui \u00e9taient plant\u00e9es en terre ont produit 75% de plus que les deux qui \u00e9taient situ\u00e9es dans l&rsquo;espace permaculture. ces derni\u00e8res ont du b\u00e9n\u00e9ficier de moins de soleil, car elles ont \u00e9t\u00e9 \u00e9touff\u00e9es par les plants de tomates environnants.<br \/>\nR\u00e9sultats en chiffres :<br \/>\nNormale Jardin :\u00a02368g =&gt; 11 Aubergines =&gt; poids moyen 240g<\/p>\n<p>Greff\u00e9e Jardin : 4541g ( +92% ) =&gt;\u00a0 19 Aubergines ( +73% ) =&gt; poids moyen 240g<\/p>\n<p>Normale Perma :\u00a0 1149g =&gt; 4 Aubergines =&gt; poids moyen 287g<\/p>\n<p>Greff\u00e9e Perma : 2923g ( +154% ) =&gt;\u00a0 13 Aubergines ( +225% ) =&gt; poids moyen 225g<\/p>\n<p>Pour moi, le rapport de 1 \u00e0 4 concernant le prix d&rsquo;achat ne se justifie pas pour les plants normaux ou greff\u00e9s. L&rsquo;ann\u00e9e prochaine, j&rsquo;investirai plus dans les plants normaux que dans les greff\u00e9s.<br \/>\nIl est m\u00eame pr\u00e9vu de faire une rang\u00e9e enti\u00e8re de plants d&rsquo; aubergines, vu le succ\u00e8s culinaire que cela a eu aupr\u00e8s de mon entourage.<\/p>\n<p>Projet Aubergine 2019<br \/>\nune de mes voisines m&rsquo;a indiqu\u00e9 que l&rsquo;hiver elle rentrait ses plants d&rsquo;aubergines dans sa v\u00e9randa, apr\u00e8s les avoir arrach\u00e9 avec racine et terre\u00a0 et mis dans un pot.<br \/>\nCela fait plusieurs saisons qu&rsquo;elle fait cela, et replante ses aubergines \u00e0 la belle saison, les plants ayant d\u00e9j\u00e0 un bon syst\u00e8me racinaire. Le plant ressemblant plus \u00e0 un arbuste qu&rsquo;a un plant d&rsquo;aubergine classique.<\/p>\n<p><img loading=\"lazy\" decoding=\"async\" class=\"alignnone size-full wp-image-2365\" src=\"https:\/\/84310.fr\/jardin-morierois\/wp-content\/uploads\/2019\/01\/DSCN7893.jpg\" alt=\"\" width=\"640\" height=\"480\" srcset=\"https:\/\/84310.fr\/jardin-morierois\/wp-content\/uploads\/2019\/01\/DSCN7893.jpg 640w, https:\/\/84310.fr\/jardin-morierois\/wp-content\/uploads\/2019\/01\/DSCN7893-300x225.jpg 300w\" sizes=\"auto, (max-width: 640px) 100vw, 640px\" \/><br \/>\nNous allons faire de m\u00eame et tester, cela sera notre premier projet pour 2019 !<\/p>\n","protected":false},"excerpt":{"rendered":"<p>3 MAI 2018 Cette Ann\u00e9e, sur les conseils avis\u00e9s d&rsquo;une Amie Jardini\u00e8re, nous nous sommes port\u00e9s acqu\u00e9reurs d&rsquo;Aubergines Blanches ( beaucoup plus douces en go\u00fbt que les noires parait il ) cela fera l&rsquo;objet d&rsquo;un nouveau test pour cette saison&hellip; <\/p>\n","protected":false},"author":1,"featured_media":0,"parent":0,"menu_order":0,"comment_status":"closed","ping_status":"closed","template":"","meta":{"_exactmetrics_skip_tracking":false,"_exactmetrics_sitenote_active":false,"_exactmetrics_sitenote_note":"","_exactmetrics_sitenote_category":0,"footnotes":""},"class_list":["post-1992","page","type-page","status-publish","hentry"],"_links":{"self":[{"href":"https:\/\/84310.fr\/jardin-morierois\/wp-json\/wp\/v2\/pages\/1992","targetHints":{"allow":["GET"]}}],"collection":[{"href":"https:\/\/84310.fr\/jardin-morierois\/wp-json\/wp\/v2\/pages"}],"about":[{"href":"https:\/\/84310.fr\/jardin-morierois\/wp-json\/wp\/v2\/types\/page"}],"author":[{"embeddable":true,"href":"https:\/\/84310.fr\/jardin-morierois\/wp-json\/wp\/v2\/users\/1"}],"replies":[{"embeddable":true,"href":"https:\/\/84310.fr\/jardin-morierois\/wp-json\/wp\/v2\/comments?post=1992"}],"version-history":[{"count":8,"href":"https:\/\/84310.fr\/jardin-morierois\/wp-json\/wp\/v2\/pages\/1992\/revisions"}],"predecessor-version":[{"id":2367,"href":"https:\/\/84310.fr\/jardin-morierois\/wp-json\/wp\/v2\/pages\/1992\/revisions\/2367"}],"wp:attachment":[{"href":"https:\/\/84310.fr\/jardin-morierois\/wp-json\/wp\/v2\/media?parent=1992"}],"curies":[{"name":"wp","href":"https:\/\/api.w.org\/{rel}","templated":true}]}}