{"id":197,"date":"2016-03-05T20:56:13","date_gmt":"2016-03-05T19:56:13","guid":{"rendered":"http:\/\/84310.fr\/jardin-morierois\/?page_id=197"},"modified":"2016-03-05T20:56:13","modified_gmt":"2016-03-05T19:56:13","slug":"piscine","status":"publish","type":"page","link":"https:\/\/84310.fr\/jardin-morierois\/piscine\/","title":{"rendered":"\u00a0\u00bb PISCINE \u00ab\u00a0"},"content":{"rendered":"<p>Tomates PISCINE<\/p>\n<p>non, il ne s&rsquo;agit pas d&rsquo;une vari\u00e9t\u00e9 de tomates aquatiques, mais simplement d&rsquo;une vari\u00e9t\u00e9 que mon p\u00e8re cultivait et quelques plants sont ressortis \u00e0 travers les dalles de la piscine qui a \u00e9t\u00e9 construite \u00e0 leur emplacement initial.<\/p>\n<p>3 graines ont \u00e9t\u00e9 sem\u00e9es le 24 F\u00e9vrier<\/p>\n","protected":false},"excerpt":{"rendered":"<p>Tomates PISCINE non, il ne s&rsquo;agit pas d&rsquo;une vari\u00e9t\u00e9 de tomates aquatiques, mais simplement d&rsquo;une vari\u00e9t\u00e9 que mon p\u00e8re cultivait et quelques plants sont ressortis \u00e0 travers les dalles de la piscine qui a \u00e9t\u00e9 construite \u00e0 leur emplacement initial.&hellip; <\/p>\n","protected":false},"author":1,"featured_media":0,"parent":0,"menu_order":0,"comment_status":"closed","ping_status":"closed","template":"","meta":{"_exactmetrics_skip_tracking":false,"_exactmetrics_sitenote_active":false,"_exactmetrics_sitenote_note":"","_exactmetrics_sitenote_category":0,"footnotes":""},"class_list":["post-197","page","type-page","status-publish","hentry"],"_links":{"self":[{"href":"https:\/\/84310.fr\/jardin-morierois\/wp-json\/wp\/v2\/pages\/197","targetHints":{"allow":["GET"]}}],"collection":[{"href":"https:\/\/84310.fr\/jardin-morierois\/wp-json\/wp\/v2\/pages"}],"about":[{"href":"https:\/\/84310.fr\/jardin-morierois\/wp-json\/wp\/v2\/types\/page"}],"author":[{"embeddable":true,"href":"https:\/\/84310.fr\/jardin-morierois\/wp-json\/wp\/v2\/users\/1"}],"replies":[{"embeddable":true,"href":"https:\/\/84310.fr\/jardin-morierois\/wp-json\/wp\/v2\/comments?post=197"}],"version-history":[{"count":1,"href":"https:\/\/84310.fr\/jardin-morierois\/wp-json\/wp\/v2\/pages\/197\/revisions"}],"predecessor-version":[{"id":198,"href":"https:\/\/84310.fr\/jardin-morierois\/wp-json\/wp\/v2\/pages\/197\/revisions\/198"}],"wp:attachment":[{"href":"https:\/\/84310.fr\/jardin-morierois\/wp-json\/wp\/v2\/media?parent=197"}],"curies":[{"name":"wp","href":"https:\/\/api.w.org\/{rel}","templated":true}]}}