{"id":1903,"date":"2018-03-31T22:46:05","date_gmt":"2018-03-31T21:46:05","guid":{"rendered":"http:\/\/84310.fr\/jardin-morierois\/?page_id=1903"},"modified":"2018-04-28T22:59:43","modified_gmt":"2018-04-28T21:59:43","slug":"phenoculture-2018","status":"publish","type":"page","link":"https:\/\/84310.fr\/jardin-morierois\/phenoculture-2018\/","title":{"rendered":"Ph\u00e9noculture 2018"},"content":{"rendered":"<h6><span style=\"color: #cc99ff;\"><strong>Samedi 31 Mars 2018<\/strong><\/span><\/h6>\n<p>L&rsquo;espace Ph\u00e9noculture n&rsquo;a que peu boug\u00e9 cet hiver, j&rsquo;y ai sem\u00e9 quelques petits pois grimpants que l&rsquo;on peut apercevoir sur le cot\u00e9 gauche, et deux plants de patates repoussent de l&rsquo;ann\u00e9e derni\u00e8re, surement\u00a0 un oubli de ma part. la cote de blette qui reste au milieu a servi a nourrir les petites bestioles pendant l&rsquo;hiver.<\/p>\n<p><img loading=\"lazy\" decoding=\"async\" class=\"alignnone size-full wp-image-1904\" src=\"https:\/\/84310.fr\/jardin-morierois\/wp-content\/uploads\/2018\/03\/DSCN6021.jpg\" alt=\"\" width=\"750\" height=\"1000\" srcset=\"https:\/\/84310.fr\/jardin-morierois\/wp-content\/uploads\/2018\/03\/DSCN6021.jpg 750w, https:\/\/84310.fr\/jardin-morierois\/wp-content\/uploads\/2018\/03\/DSCN6021-225x300.jpg 225w\" sizes=\"auto, (max-width: 750px) 100vw, 750px\" \/><\/p>\n<p>L&rsquo;espace Ph\u00e9noculture a \u00e9t\u00e9 entretenu suite au d\u00e9versement de tontes et de d\u00e9sherbages divers.<\/p>\n<p><img loading=\"lazy\" decoding=\"async\" class=\"alignnone size-full wp-image-1905\" src=\"https:\/\/84310.fr\/jardin-morierois\/wp-content\/uploads\/2018\/03\/DSCN6022.jpg\" alt=\"\" width=\"1000\" height=\"750\" srcset=\"https:\/\/84310.fr\/jardin-morierois\/wp-content\/uploads\/2018\/03\/DSCN6022.jpg 1000w, https:\/\/84310.fr\/jardin-morierois\/wp-content\/uploads\/2018\/03\/DSCN6022-300x225.jpg 300w, https:\/\/84310.fr\/jardin-morierois\/wp-content\/uploads\/2018\/03\/DSCN6022-768x576.jpg 768w\" sizes=\"auto, (max-width: 1000px) 100vw, 1000px\" \/><br \/>\nLe foin est l\u00e9g\u00e8rement \u00e9cart\u00e9 et la patate y est d\u00e9pos\u00e9e .<\/p>\n<p><img loading=\"lazy\" decoding=\"async\" class=\"alignnone size-full wp-image-1906\" src=\"https:\/\/84310.fr\/jardin-morierois\/wp-content\/uploads\/2018\/03\/DSCN6023.jpg\" alt=\"\" width=\"750\" height=\"1000\" srcset=\"https:\/\/84310.fr\/jardin-morierois\/wp-content\/uploads\/2018\/03\/DSCN6023.jpg 750w, https:\/\/84310.fr\/jardin-morierois\/wp-content\/uploads\/2018\/03\/DSCN6023-225x300.jpg 225w\" sizes=\"auto, (max-width: 750px) 100vw, 750px\" \/><br \/>\nle foin a \u00e9t\u00e9 remis sur les patates juste apr\u00e8s la photo.<br \/>\nrendez vous dans quelques semaines pour l&rsquo;\u00e9volution.<\/p>\n<h6><span style=\"color: #cc99ff;\"><strong>MARDI 24 AVRIL 2018<\/strong><\/span><\/h6>\n<p>Un peu plus de trois semaines plus tard&#8230; les patates montrent leur nez &#8230;<\/p>\n<p><img loading=\"lazy\" decoding=\"async\" class=\"alignnone size-full wp-image-1976\" src=\"https:\/\/84310.fr\/jardin-morierois\/wp-content\/uploads\/2018\/04\/DSCN6150.jpg\" alt=\"\" width=\"750\" height=\"1000\" srcset=\"https:\/\/84310.fr\/jardin-morierois\/wp-content\/uploads\/2018\/04\/DSCN6150.jpg 750w, https:\/\/84310.fr\/jardin-morierois\/wp-content\/uploads\/2018\/04\/DSCN6150-225x300.jpg 225w\" sizes=\"auto, (max-width: 750px) 100vw, 750px\" \/> <img loading=\"lazy\" decoding=\"async\" class=\"alignnone size-full wp-image-1977\" src=\"https:\/\/84310.fr\/jardin-morierois\/wp-content\/uploads\/2018\/04\/DSCN6151.jpg\" alt=\"\" width=\"750\" height=\"1000\" srcset=\"https:\/\/84310.fr\/jardin-morierois\/wp-content\/uploads\/2018\/04\/DSCN6151.jpg 750w, https:\/\/84310.fr\/jardin-morierois\/wp-content\/uploads\/2018\/04\/DSCN6151-225x300.jpg 225w\" sizes=\"auto, (max-width: 750px) 100vw, 750px\" \/><\/p>\n","protected":false},"excerpt":{"rendered":"<p>Samedi 31 Mars 2018 L&rsquo;espace Ph\u00e9noculture n&rsquo;a que peu boug\u00e9 cet hiver, j&rsquo;y ai sem\u00e9 quelques petits pois grimpants que l&rsquo;on peut apercevoir sur le cot\u00e9 gauche, et deux plants de patates repoussent de l&rsquo;ann\u00e9e derni\u00e8re, surement\u00a0 un oubli de&hellip; <\/p>\n","protected":false},"author":1,"featured_media":0,"parent":0,"menu_order":0,"comment_status":"closed","ping_status":"closed","template":"","meta":{"_exactmetrics_skip_tracking":false,"_exactmetrics_sitenote_active":false,"_exactmetrics_sitenote_note":"","_exactmetrics_sitenote_category":0,"footnotes":""},"class_list":["post-1903","page","type-page","status-publish","hentry"],"_links":{"self":[{"href":"https:\/\/84310.fr\/jardin-morierois\/wp-json\/wp\/v2\/pages\/1903","targetHints":{"allow":["GET"]}}],"collection":[{"href":"https:\/\/84310.fr\/jardin-morierois\/wp-json\/wp\/v2\/pages"}],"about":[{"href":"https:\/\/84310.fr\/jardin-morierois\/wp-json\/wp\/v2\/types\/page"}],"author":[{"embeddable":true,"href":"https:\/\/84310.fr\/jardin-morierois\/wp-json\/wp\/v2\/users\/1"}],"replies":[{"embeddable":true,"href":"https:\/\/84310.fr\/jardin-morierois\/wp-json\/wp\/v2\/comments?post=1903"}],"version-history":[{"count":5,"href":"https:\/\/84310.fr\/jardin-morierois\/wp-json\/wp\/v2\/pages\/1903\/revisions"}],"predecessor-version":[{"id":1978,"href":"https:\/\/84310.fr\/jardin-morierois\/wp-json\/wp\/v2\/pages\/1903\/revisions\/1978"}],"wp:attachment":[{"href":"https:\/\/84310.fr\/jardin-morierois\/wp-json\/wp\/v2\/media?parent=1903"}],"curies":[{"name":"wp","href":"https:\/\/api.w.org\/{rel}","templated":true}]}}