{"id":186,"date":"2016-03-05T19:46:49","date_gmt":"2016-03-05T18:46:49","guid":{"rendered":"http:\/\/84310.fr\/jardin-morierois\/?page_id=186"},"modified":"2016-11-11T10:32:57","modified_gmt":"2016-11-11T09:32:57","slug":"jaune","status":"publish","type":"page","link":"https:\/\/84310.fr\/jardin-morierois\/jaune\/","title":{"rendered":"JAUNE"},"content":{"rendered":"<p>Tomates JAUNES<\/p>\n<p>Le 24 F\u00e9vrier , 3 graines ont \u00e9t\u00e9 sem\u00e9es<\/p>\n<h2 style=\"text-align: center;\"><span style=\"color: #ff0000;\"><strong>STATISTIQUES de la saison 2016<\/strong><\/span><img loading=\"lazy\" decoding=\"async\" class=\"alignnone size-full wp-image-946\" src=\"https:\/\/84310.fr\/jardin-morierois\/wp-content\/uploads\/2016\/03\/jaune.jpg\" alt=\"jaune\" width=\"711\" height=\"177\" srcset=\"https:\/\/84310.fr\/jardin-morierois\/wp-content\/uploads\/2016\/03\/jaune.jpg 711w, https:\/\/84310.fr\/jardin-morierois\/wp-content\/uploads\/2016\/03\/jaune-300x75.jpg 300w\" sizes=\"auto, (max-width: 711px) 100vw, 711px\" \/><\/h2>\n<p>Le r\u00e9sultat sur le plan \u00a0\u00bb greff\u00e9es \u00a0\u00bb ne montre d&rsquo;une l\u00e9g\u00e8re diff\u00e9rence entre le plant 32 ( dont les gourmands ont \u00e9t\u00e9 enlev\u00e9s ) et le plant 33 ou le plant est rest\u00e9 libre de toute modification,<\/p>\n<p>au niveau g\u00e9n\u00e9ral on constate une diff\u00e9rence de rendement , il y a plus de fruits sur les plants greff\u00e9s.le format des tomates est convenable &#8230; appr\u00e9ciable<\/p>\n<p>Les plants greff\u00e9s ont plus donn\u00e9 que les non greff\u00e9s.<\/p>\n<p><span style=\"color: #ff9900;\"><strong>ce n&rsquo;est pas une vari\u00e9t\u00e9 que je referai en 2017 &#8230; \u00e0 moins que &#8230;<\/strong><\/span><\/p>\n","protected":false},"excerpt":{"rendered":"<p>Tomates JAUNES Le 24 F\u00e9vrier , 3 graines ont \u00e9t\u00e9 sem\u00e9es STATISTIQUES de la saison 2016 Le r\u00e9sultat sur le plan \u00a0\u00bb greff\u00e9es \u00a0\u00bb ne montre d&rsquo;une l\u00e9g\u00e8re diff\u00e9rence entre le plant 32 ( dont les gourmands ont \u00e9t\u00e9 enlev\u00e9s&hellip; <\/p>\n","protected":false},"author":1,"featured_media":0,"parent":0,"menu_order":0,"comment_status":"closed","ping_status":"closed","template":"","meta":{"_exactmetrics_skip_tracking":false,"_exactmetrics_sitenote_active":false,"_exactmetrics_sitenote_note":"","_exactmetrics_sitenote_category":0,"footnotes":""},"class_list":["post-186","page","type-page","status-publish","hentry"],"_links":{"self":[{"href":"https:\/\/84310.fr\/jardin-morierois\/wp-json\/wp\/v2\/pages\/186","targetHints":{"allow":["GET"]}}],"collection":[{"href":"https:\/\/84310.fr\/jardin-morierois\/wp-json\/wp\/v2\/pages"}],"about":[{"href":"https:\/\/84310.fr\/jardin-morierois\/wp-json\/wp\/v2\/types\/page"}],"author":[{"embeddable":true,"href":"https:\/\/84310.fr\/jardin-morierois\/wp-json\/wp\/v2\/users\/1"}],"replies":[{"embeddable":true,"href":"https:\/\/84310.fr\/jardin-morierois\/wp-json\/wp\/v2\/comments?post=186"}],"version-history":[{"count":4,"href":"https:\/\/84310.fr\/jardin-morierois\/wp-json\/wp\/v2\/pages\/186\/revisions"}],"predecessor-version":[{"id":991,"href":"https:\/\/84310.fr\/jardin-morierois\/wp-json\/wp\/v2\/pages\/186\/revisions\/991"}],"wp:attachment":[{"href":"https:\/\/84310.fr\/jardin-morierois\/wp-json\/wp\/v2\/media?parent=186"}],"curies":[{"name":"wp","href":"https:\/\/api.w.org\/{rel}","templated":true}]}}