{"id":1823,"date":"2018-03-20T18:06:18","date_gmt":"2018-03-20T17:06:18","guid":{"rendered":"http:\/\/84310.fr\/jardin-morierois\/?page_id=1823"},"modified":"2018-10-20T22:32:37","modified_gmt":"2018-10-20T21:32:37","slug":"espaces-aromates-2018","status":"publish","type":"page","link":"https:\/\/84310.fr\/jardin-morierois\/espaces-aromates-2018\/","title":{"rendered":"Espaces Aromates 2018"},"content":{"rendered":"<h6><span style=\"color: #339966;\"><strong>6 Mars 2018<\/strong><\/span><\/h6>\n<p>Il \u00e9tait une fois &#8230;. un petit coin mal rang\u00e9 et qui ne servait pas \u00e0 grand chose&#8230;<img loading=\"lazy\" decoding=\"async\" class=\"alignnone size-full wp-image-1824\" src=\"https:\/\/84310.fr\/jardin-morierois\/wp-content\/uploads\/2018\/03\/DSCN5925.jpg\" alt=\"\" width=\"1000\" height=\"750\" srcset=\"https:\/\/84310.fr\/jardin-morierois\/wp-content\/uploads\/2018\/03\/DSCN5925.jpg 1000w, https:\/\/84310.fr\/jardin-morierois\/wp-content\/uploads\/2018\/03\/DSCN5925-300x225.jpg 300w, https:\/\/84310.fr\/jardin-morierois\/wp-content\/uploads\/2018\/03\/DSCN5925-768x576.jpg 768w\" sizes=\"auto, (max-width: 1000px) 100vw, 1000px\" \/><br \/>\nQuelques vieux pots d\u00e9pareill\u00e9s et en mauvais \u00e9tat ou ma foi, survivait un peu ce qui en avait le courage &#8230;.<\/p>\n<p><img loading=\"lazy\" decoding=\"async\" class=\"alignnone size-full wp-image-1825\" src=\"https:\/\/84310.fr\/jardin-morierois\/wp-content\/uploads\/2018\/03\/DSCN5926.jpg\" alt=\"\" width=\"1000\" height=\"750\" srcset=\"https:\/\/84310.fr\/jardin-morierois\/wp-content\/uploads\/2018\/03\/DSCN5926.jpg 1000w, https:\/\/84310.fr\/jardin-morierois\/wp-content\/uploads\/2018\/03\/DSCN5926-300x225.jpg 300w, https:\/\/84310.fr\/jardin-morierois\/wp-content\/uploads\/2018\/03\/DSCN5926-768x576.jpg 768w\" sizes=\"auto, (max-width: 1000px) 100vw, 1000px\" \/>Un espace mal rentabilis\u00e9 &#8230;.<\/p>\n<p><img loading=\"lazy\" decoding=\"async\" class=\"alignnone size-full wp-image-1826\" src=\"https:\/\/84310.fr\/jardin-morierois\/wp-content\/uploads\/2018\/03\/DSCN5927.jpg\" alt=\"\" width=\"1000\" height=\"750\" srcset=\"https:\/\/84310.fr\/jardin-morierois\/wp-content\/uploads\/2018\/03\/DSCN5927.jpg 1000w, https:\/\/84310.fr\/jardin-morierois\/wp-content\/uploads\/2018\/03\/DSCN5927-300x225.jpg 300w, https:\/\/84310.fr\/jardin-morierois\/wp-content\/uploads\/2018\/03\/DSCN5927-768x576.jpg 768w\" sizes=\"auto, (max-width: 1000px) 100vw, 1000px\" \/>Ou est le principe de permaculture ?&#8230;.<img loading=\"lazy\" decoding=\"async\" class=\"alignnone size-full wp-image-1827\" src=\"https:\/\/84310.fr\/jardin-morierois\/wp-content\/uploads\/2018\/03\/DSCN5928.jpg\" alt=\"\" width=\"1000\" height=\"750\" srcset=\"https:\/\/84310.fr\/jardin-morierois\/wp-content\/uploads\/2018\/03\/DSCN5928.jpg 1000w, https:\/\/84310.fr\/jardin-morierois\/wp-content\/uploads\/2018\/03\/DSCN5928-300x225.jpg 300w, https:\/\/84310.fr\/jardin-morierois\/wp-content\/uploads\/2018\/03\/DSCN5928-768x576.jpg 768w\" sizes=\"auto, (max-width: 1000px) 100vw, 1000px\" \/>Quelques minutes plus tard, apr\u00e8s le d\u00e9gagement de la zone en question.<\/p>\n<p><img loading=\"lazy\" decoding=\"async\" class=\"alignnone size-full wp-image-1828\" src=\"https:\/\/84310.fr\/jardin-morierois\/wp-content\/uploads\/2018\/03\/DSCN5930.jpg\" alt=\"\" width=\"1000\" height=\"750\" srcset=\"https:\/\/84310.fr\/jardin-morierois\/wp-content\/uploads\/2018\/03\/DSCN5930.jpg 1000w, https:\/\/84310.fr\/jardin-morierois\/wp-content\/uploads\/2018\/03\/DSCN5930-300x225.jpg 300w, https:\/\/84310.fr\/jardin-morierois\/wp-content\/uploads\/2018\/03\/DSCN5930-768x576.jpg 768w\" sizes=\"auto, (max-width: 1000px) 100vw, 1000px\" \/><br \/>\nDes planches de r\u00e9cup\u00e9ration.. quelques clou et vis<\/p>\n<p><img loading=\"lazy\" decoding=\"async\" class=\"alignnone size-full wp-image-1829\" src=\"https:\/\/84310.fr\/jardin-morierois\/wp-content\/uploads\/2018\/03\/DSCN5932.jpg\" alt=\"\" width=\"1000\" height=\"750\" srcset=\"https:\/\/84310.fr\/jardin-morierois\/wp-content\/uploads\/2018\/03\/DSCN5932.jpg 1000w, https:\/\/84310.fr\/jardin-morierois\/wp-content\/uploads\/2018\/03\/DSCN5932-300x225.jpg 300w, https:\/\/84310.fr\/jardin-morierois\/wp-content\/uploads\/2018\/03\/DSCN5932-768x576.jpg 768w\" sizes=\"auto, (max-width: 1000px) 100vw, 1000px\" \/>quelques restes de pots et un fond de terre&#8230;<img loading=\"lazy\" decoding=\"async\" class=\"alignnone size-full wp-image-1830\" src=\"https:\/\/84310.fr\/jardin-morierois\/wp-content\/uploads\/2018\/03\/DSCN5935.jpg\" alt=\"\" width=\"1000\" height=\"750\" srcset=\"https:\/\/84310.fr\/jardin-morierois\/wp-content\/uploads\/2018\/03\/DSCN5935.jpg 1000w, https:\/\/84310.fr\/jardin-morierois\/wp-content\/uploads\/2018\/03\/DSCN5935-300x225.jpg 300w, https:\/\/84310.fr\/jardin-morierois\/wp-content\/uploads\/2018\/03\/DSCN5935-768x576.jpg 768w\" sizes=\"auto, (max-width: 1000px) 100vw, 1000px\" \/>Des cartons humidifi\u00e9s par la suite&#8230;<img loading=\"lazy\" decoding=\"async\" class=\"alignnone size-full wp-image-1831\" src=\"https:\/\/84310.fr\/jardin-morierois\/wp-content\/uploads\/2018\/03\/DSCN5936.jpg\" alt=\"\" width=\"1000\" height=\"750\" srcset=\"https:\/\/84310.fr\/jardin-morierois\/wp-content\/uploads\/2018\/03\/DSCN5936.jpg 1000w, https:\/\/84310.fr\/jardin-morierois\/wp-content\/uploads\/2018\/03\/DSCN5936-300x225.jpg 300w, https:\/\/84310.fr\/jardin-morierois\/wp-content\/uploads\/2018\/03\/DSCN5936-768x576.jpg 768w\" sizes=\"auto, (max-width: 1000px) 100vw, 1000px\" \/><br \/>\ndes r\u00e9sidus de compost, des feuillages, quelques paniers de tonte fraiche, en couche avec de la bonne terre des Valayans&#8230;<\/p>\n<p><img loading=\"lazy\" decoding=\"async\" class=\"alignnone size-full wp-image-1832\" src=\"https:\/\/84310.fr\/jardin-morierois\/wp-content\/uploads\/2018\/03\/DSCN5956.jpg\" alt=\"\" width=\"1000\" height=\"750\" srcset=\"https:\/\/84310.fr\/jardin-morierois\/wp-content\/uploads\/2018\/03\/DSCN5956.jpg 1000w, https:\/\/84310.fr\/jardin-morierois\/wp-content\/uploads\/2018\/03\/DSCN5956-300x225.jpg 300w, https:\/\/84310.fr\/jardin-morierois\/wp-content\/uploads\/2018\/03\/DSCN5956-768x576.jpg 768w\" sizes=\"auto, (max-width: 1000px) 100vw, 1000px\" \/><br \/>\nEt voila un nouvel espace cr\u00e9\u00e9 en quelques quarts d&rsquo;heures co\u00fbt =&gt; Z\u00e9ro Euro<\/p>\n<p>c&rsquo;est un espace d\u00e9di\u00e9 aux aromates, j&rsquo;y ai d\u00e9j\u00e0 dispos\u00e9 quelques salades, du persil, deux plants de ciboulette, j&rsquo;y transplanterai du basilic quand il sera suffisamment grand&#8230;<\/p>\n<h6><span style=\"color: #339966;\"><strong>5 AVRIL 2018<\/strong><\/span><\/h6>\n<p>&nbsp;<\/p>\n<p><img loading=\"lazy\" decoding=\"async\" class=\"alignnone size-full wp-image-1912\" src=\"https:\/\/84310.fr\/jardin-morierois\/wp-content\/uploads\/2018\/04\/DSCN6084.jpg\" alt=\"\" width=\"750\" height=\"1000\" srcset=\"https:\/\/84310.fr\/jardin-morierois\/wp-content\/uploads\/2018\/04\/DSCN6084.jpg 750w, https:\/\/84310.fr\/jardin-morierois\/wp-content\/uploads\/2018\/04\/DSCN6084-225x300.jpg 225w\" sizes=\"auto, (max-width: 750px) 100vw, 750px\" \/><\/p>\n<p>En attendant que les Aromates poussent, j&rsquo;y ai parsem\u00e9 des radis, et mis quelques salades qui ont pouss\u00e9 dans des endroits improbables.<img loading=\"lazy\" decoding=\"async\" class=\"alignnone size-full wp-image-1913\" src=\"https:\/\/84310.fr\/jardin-morierois\/wp-content\/uploads\/2018\/04\/DSCN6085.jpg\" alt=\"\" width=\"750\" height=\"1000\" srcset=\"https:\/\/84310.fr\/jardin-morierois\/wp-content\/uploads\/2018\/04\/DSCN6085.jpg 750w, https:\/\/84310.fr\/jardin-morierois\/wp-content\/uploads\/2018\/04\/DSCN6085-225x300.jpg 225w\" sizes=\"auto, (max-width: 750px) 100vw, 750px\" \/><\/p>\n<p>\u00c7a commence \u00e0 bien sortir.<\/p>\n<h6><span style=\"color: #339966;\"><strong>12 MAI 2018<\/strong><\/span><\/h6>\n<p>apr\u00e8s une r\u00e9colte sympathique de radis, mais beaucoup sont rapidement mont\u00e9 \u00e0 cause des grosses chaleurs, l&rsquo;espace s&rsquo;est vid\u00e9 pour laisser place aux salades<\/p>\n<p><img loading=\"lazy\" decoding=\"async\" class=\"alignnone size-full wp-image-2149\" src=\"https:\/\/84310.fr\/jardin-morierois\/wp-content\/uploads\/2018\/06\/DSCN6291.jpg\" alt=\"\" width=\"800\" height=\"600\" srcset=\"https:\/\/84310.fr\/jardin-morierois\/wp-content\/uploads\/2018\/06\/DSCN6291.jpg 800w, https:\/\/84310.fr\/jardin-morierois\/wp-content\/uploads\/2018\/06\/DSCN6291-300x225.jpg 300w, https:\/\/84310.fr\/jardin-morierois\/wp-content\/uploads\/2018\/06\/DSCN6291-768x576.jpg 768w\" sizes=\"auto, (max-width: 800px) 100vw, 800px\" \/><\/p>\n<h6><span style=\"color: #339966;\"><strong>26 MAI 2018<\/strong><\/span><\/h6>\n<p><img loading=\"lazy\" decoding=\"async\" class=\"alignnone size-full wp-image-2150\" src=\"https:\/\/84310.fr\/jardin-morierois\/wp-content\/uploads\/2018\/06\/DSCN6410.jpg\" alt=\"\" width=\"800\" height=\"600\" srcset=\"https:\/\/84310.fr\/jardin-morierois\/wp-content\/uploads\/2018\/06\/DSCN6410.jpg 800w, https:\/\/84310.fr\/jardin-morierois\/wp-content\/uploads\/2018\/06\/DSCN6410-300x225.jpg 300w, https:\/\/84310.fr\/jardin-morierois\/wp-content\/uploads\/2018\/06\/DSCN6410-768x576.jpg 768w\" sizes=\"auto, (max-width: 800px) 100vw, 800px\" \/><\/p>\n<p>quelques plants de basilics qui restaient sont venus renforcer l&rsquo;espace Aromates<\/p>\n<h6><span style=\"color: #339966;\"><strong>31 MAI 2018<\/strong><\/span><\/h6>\n<p><img loading=\"lazy\" decoding=\"async\" class=\"alignnone size-full wp-image-2151\" src=\"https:\/\/84310.fr\/jardin-morierois\/wp-content\/uploads\/2018\/06\/DSCN6451.jpg\" alt=\"\" width=\"600\" height=\"800\" srcset=\"https:\/\/84310.fr\/jardin-morierois\/wp-content\/uploads\/2018\/06\/DSCN6451.jpg 600w, https:\/\/84310.fr\/jardin-morierois\/wp-content\/uploads\/2018\/06\/DSCN6451-225x300.jpg 225w\" sizes=\"auto, (max-width: 600px) 100vw, 600px\" \/><br \/>\nTout pousse bien mais il faut faire la chasse aux limaces, escargots, tr\u00e8s souvent&#8230;<\/p>\n<h6><span style=\"color: #339966;\"><strong>5 JUILLET 2018<\/strong><\/span><\/h6>\n<p><img loading=\"lazy\" decoding=\"async\" class=\"alignnone size-full wp-image-2192\" src=\"https:\/\/84310.fr\/jardin-morierois\/wp-content\/uploads\/2018\/10\/DSCN6722.jpg\" alt=\"\" width=\"800\" height=\"600\" srcset=\"https:\/\/84310.fr\/jardin-morierois\/wp-content\/uploads\/2018\/10\/DSCN6722.jpg 800w, https:\/\/84310.fr\/jardin-morierois\/wp-content\/uploads\/2018\/10\/DSCN6722-300x225.jpg 300w, https:\/\/84310.fr\/jardin-morierois\/wp-content\/uploads\/2018\/10\/DSCN6722-768x576.jpg 768w\" sizes=\"auto, (max-width: 800px) 100vw, 800px\" \/><br \/>\nUne fois les salades mang\u00e9es, c&rsquo;est au tour du basilic d&rsquo;occuper l&rsquo;espace aromates.<\/p>\n<p><img loading=\"lazy\" decoding=\"async\" class=\"alignnone size-full wp-image-2193\" src=\"https:\/\/84310.fr\/jardin-morierois\/wp-content\/uploads\/2018\/10\/DSCN6723.jpg\" alt=\"\" width=\"600\" height=\"800\" srcset=\"https:\/\/84310.fr\/jardin-morierois\/wp-content\/uploads\/2018\/10\/DSCN6723.jpg 600w, https:\/\/84310.fr\/jardin-morierois\/wp-content\/uploads\/2018\/10\/DSCN6723-225x300.jpg 225w\" sizes=\"auto, (max-width: 600px) 100vw, 600px\" \/><\/p>\n<p>d&rsquo;un cot\u00e9 comme de l&rsquo;autre , un plant d&rsquo;origan pousse tout doucement,<\/p>\n<h4><span style=\"color: #339966;\"><strong>20 OCTOBRE 2018<\/strong><\/span><\/h4>\n<p>Une fois le basilic mang\u00e9, et \/ ou mont\u00e9 en fleur et les graines r\u00e9cup\u00e9r\u00e9es, c&rsquo;est au tour de nouvelles salades\u00a0 d&rsquo;occuper l&rsquo;espace, quelques radis et carottes y sont \u00e9galement.<strong><br \/>\n<\/strong><\/p>\n","protected":false},"excerpt":{"rendered":"<p>6 Mars 2018 Il \u00e9tait une fois &#8230;. un petit coin mal rang\u00e9 et qui ne servait pas \u00e0 grand chose&#8230; Quelques vieux pots d\u00e9pareill\u00e9s et en mauvais \u00e9tat ou ma foi, survivait un peu ce qui en avait le&hellip; <\/p>\n","protected":false},"author":1,"featured_media":0,"parent":0,"menu_order":0,"comment_status":"closed","ping_status":"closed","template":"","meta":{"_exactmetrics_skip_tracking":false,"_exactmetrics_sitenote_active":false,"_exactmetrics_sitenote_note":"","_exactmetrics_sitenote_category":0,"footnotes":""},"class_list":["post-1823","page","type-page","status-publish","hentry"],"_links":{"self":[{"href":"https:\/\/84310.fr\/jardin-morierois\/wp-json\/wp\/v2\/pages\/1823","targetHints":{"allow":["GET"]}}],"collection":[{"href":"https:\/\/84310.fr\/jardin-morierois\/wp-json\/wp\/v2\/pages"}],"about":[{"href":"https:\/\/84310.fr\/jardin-morierois\/wp-json\/wp\/v2\/types\/page"}],"author":[{"embeddable":true,"href":"https:\/\/84310.fr\/jardin-morierois\/wp-json\/wp\/v2\/users\/1"}],"replies":[{"embeddable":true,"href":"https:\/\/84310.fr\/jardin-morierois\/wp-json\/wp\/v2\/comments?post=1823"}],"version-history":[{"count":7,"href":"https:\/\/84310.fr\/jardin-morierois\/wp-json\/wp\/v2\/pages\/1823\/revisions"}],"predecessor-version":[{"id":2195,"href":"https:\/\/84310.fr\/jardin-morierois\/wp-json\/wp\/v2\/pages\/1823\/revisions\/2195"}],"wp:attachment":[{"href":"https:\/\/84310.fr\/jardin-morierois\/wp-json\/wp\/v2\/media?parent=1823"}],"curies":[{"name":"wp","href":"https:\/\/api.w.org\/{rel}","templated":true}]}}