{"id":1745,"date":"2018-02-05T19:42:17","date_gmt":"2018-02-05T18:42:17","guid":{"rendered":"http:\/\/84310.fr\/jardin-morierois\/?page_id=1745"},"modified":"2018-03-20T19:28:46","modified_gmt":"2018-03-20T18:28:46","slug":"champ-de-paris-soldes","status":"publish","type":"page","link":"https:\/\/84310.fr\/jardin-morierois\/champ-de-paris-soldes\/","title":{"rendered":"Champ de PARIS Soldes"},"content":{"rendered":"<h6><strong><span style=\"color: #993366;\">5 F\u00c9VRIER 2018<\/span><br \/>\n<span style=\"color: #993366;\"> JOUR 0<\/span><br \/>\n<\/strong><\/h6>\n<p>Ce matin, n\u2019ayant pas trouv\u00e9 de plaque de godets pour faire mes semis \u00e0 ma convenance chez mon fournisseur habituel, je me suis arr\u00eat\u00e9 au magasin de jardinage sur ma route, je n\u2019ai pas trouv\u00e9 non plus de plaques de godets, par contre en t\u00eate de gondole se trouvait plein de paquets de champignons de Paris sold\u00e9s \u00e0 50%<br \/>\n<img loading=\"lazy\" decoding=\"async\" class=\"alignnone size-full wp-image-1750\" src=\"https:\/\/84310.fr\/jardin-morierois\/wp-content\/uploads\/2018\/02\/champ-paris-1.jpg\" alt=\"\" width=\"3288\" height=\"1856\" srcset=\"https:\/\/84310.fr\/jardin-morierois\/wp-content\/uploads\/2018\/02\/champ-paris-1.jpg 3288w, https:\/\/84310.fr\/jardin-morierois\/wp-content\/uploads\/2018\/02\/champ-paris-1-300x169.jpg 300w, https:\/\/84310.fr\/jardin-morierois\/wp-content\/uploads\/2018\/02\/champ-paris-1-768x434.jpg 768w, https:\/\/84310.fr\/jardin-morierois\/wp-content\/uploads\/2018\/02\/champ-paris-1-1024x578.jpg 1024w\" sizes=\"auto, (max-width: 3288px) 100vw, 3288px\" \/><\/p>\n<p>bon, n\u2019ayant pas pr\u00e9vu, mais \u00e9tant toujours \u00e0 l\u2019affut de nouveaux tests \u2026 je me suis lanc\u00e9.<\/p>\n<p><img loading=\"lazy\" decoding=\"async\" class=\"alignnone size-full wp-image-1736\" src=\"https:\/\/84310.fr\/jardin-morierois\/wp-content\/uploads\/2018\/02\/DSCN5836.jpg\" alt=\"\" width=\"1000\" height=\"750\" srcset=\"https:\/\/84310.fr\/jardin-morierois\/wp-content\/uploads\/2018\/02\/DSCN5836.jpg 1000w, https:\/\/84310.fr\/jardin-morierois\/wp-content\/uploads\/2018\/02\/DSCN5836-300x225.jpg 300w, https:\/\/84310.fr\/jardin-morierois\/wp-content\/uploads\/2018\/02\/DSCN5836-768x576.jpg 768w\" sizes=\"auto, (max-width: 1000px) 100vw, 1000px\" \/><\/p>\n<p>Le Kit se compose d&rsquo;un petit sac de terreau et d&rsquo;un sac de paille d\u00e9j\u00e0 plein de myc\u00e9lium&#8230;<br \/>\nLa premi\u00e8re action pour ce kit et de verser 90ml d&rsquo;eau dans sac dans lequel aura \u00e9t\u00e9 vers\u00e9 le terreau&#8230;.. et d&rsquo;attendre le lendemain que le terreau s&rsquo;humidifie bien.<\/p>\n<h6><strong><span style=\"color: #993366;\">JOUR 1<\/span><br \/>\n<\/strong><\/h6>\n<p><img loading=\"lazy\" decoding=\"async\" class=\"alignnone size-full wp-image-1752\" src=\"https:\/\/84310.fr\/jardin-morierois\/wp-content\/uploads\/2018\/02\/DSCN5842.jpg\" alt=\"\" width=\"1000\" height=\"750\" srcset=\"https:\/\/84310.fr\/jardin-morierois\/wp-content\/uploads\/2018\/02\/DSCN5842.jpg 1000w, https:\/\/84310.fr\/jardin-morierois\/wp-content\/uploads\/2018\/02\/DSCN5842-300x225.jpg 300w, https:\/\/84310.fr\/jardin-morierois\/wp-content\/uploads\/2018\/02\/DSCN5842-768x576.jpg 768w\" sizes=\"auto, (max-width: 1000px) 100vw, 1000px\" \/><\/p>\n<p>J&rsquo;ai du gratter la paille couverte de myc\u00e9lium avec une fourchette apr\u00e8s l&rsquo;avoir vers\u00e9e dans la boite cartonn\u00e9e d\u2019emballage. Cela sert a a\u00e9rer\u00a0 le myc\u00e9lium. <img loading=\"lazy\" decoding=\"async\" class=\"alignnone size-full wp-image-1753\" src=\"https:\/\/84310.fr\/jardin-morierois\/wp-content\/uploads\/2018\/02\/DSCN5843.jpg\" alt=\"\" width=\"1000\" height=\"750\" srcset=\"https:\/\/84310.fr\/jardin-morierois\/wp-content\/uploads\/2018\/02\/DSCN5843.jpg 1000w, https:\/\/84310.fr\/jardin-morierois\/wp-content\/uploads\/2018\/02\/DSCN5843-300x225.jpg 300w, https:\/\/84310.fr\/jardin-morierois\/wp-content\/uploads\/2018\/02\/DSCN5843-768x576.jpg 768w\" sizes=\"auto, (max-width: 1000px) 100vw, 1000px\" \/>Par la suite, il a fallu verser le substrat humidifi\u00e9 depuis hier sur le dessus, sans le tasser. <img loading=\"lazy\" decoding=\"async\" class=\"alignnone size-full wp-image-1755\" src=\"https:\/\/84310.fr\/jardin-morierois\/wp-content\/uploads\/2018\/02\/DSCN5845.jpg\" alt=\"\" width=\"4608\" height=\"3456\" srcset=\"https:\/\/84310.fr\/jardin-morierois\/wp-content\/uploads\/2018\/02\/DSCN5845.jpg 4608w, https:\/\/84310.fr\/jardin-morierois\/wp-content\/uploads\/2018\/02\/DSCN5845-300x225.jpg 300w, https:\/\/84310.fr\/jardin-morierois\/wp-content\/uploads\/2018\/02\/DSCN5845-768x576.jpg 768w, https:\/\/84310.fr\/jardin-morierois\/wp-content\/uploads\/2018\/02\/DSCN5845-1024x768.jpg 1024w\" sizes=\"auto, (max-width: 4608px) 100vw, 4608px\" \/><br \/>\nj&rsquo;ai enfonc\u00e9 les 4 cot\u00e9s pr\u00e9vus \u00e0 cet effet\u00a0 pour permettre une l\u00e9g\u00e8re a\u00e9ration de l&rsquo;ensemble.<img loading=\"lazy\" decoding=\"async\" class=\"alignnone size-full wp-image-1756\" src=\"https:\/\/84310.fr\/jardin-morierois\/wp-content\/uploads\/2018\/02\/DSCN5846.jpg\" alt=\"\" width=\"4608\" height=\"3456\" srcset=\"https:\/\/84310.fr\/jardin-morierois\/wp-content\/uploads\/2018\/02\/DSCN5846.jpg 4608w, https:\/\/84310.fr\/jardin-morierois\/wp-content\/uploads\/2018\/02\/DSCN5846-300x225.jpg 300w, https:\/\/84310.fr\/jardin-morierois\/wp-content\/uploads\/2018\/02\/DSCN5846-768x576.jpg 768w, https:\/\/84310.fr\/jardin-morierois\/wp-content\/uploads\/2018\/02\/DSCN5846-1024x768.jpg 1024w\" sizes=\"auto, (max-width: 4608px) 100vw, 4608px\" \/><br \/>\nil faut laisser la boite pendant 3 jours \u00e0 temp\u00e9rature ambiante..( 20 \u00e0 22\u00b0) quand le myc\u00e9lium cr\u00e9era un voile blanc sur le substrat .. il faudra placer le kit de culture \u00e0 une temp\u00e9rature plus fraiche ( 16 \u00e0 18\u00b0) et vaporiser une fois par jour. et bien sur remettre le couvercle.<br \/>\nLa suite dans quelques jours.<\/p>\n<h5><span style=\"color: #800080;\"><strong>20 Mars 2018<\/strong><\/span><\/h5>\n<p>&nbsp;<\/p>\n<p>apr\u00e8s avoir quotidiennement arros\u00e9 la mixture comme pr\u00e9vu, un blanchissement l\u00e9ger est apparu sur la surface, mais rien de plus. Au bout de quelques semaines, aucune r\u00e9action ni coloration des contenus, aucune \u00e9volution. les conditions n\u2019\u00e9taient pas r\u00e9unies pour que le projet soit men\u00e9 \u00e0 bout.<\/p>\n<p>ce petit pack de carton et sont contenu ont fini comme \u2018 engrais \u2018 dans le jardin, \u00e9parpill\u00e9s aux quatre coins\u2026<\/p>\n<p><img loading=\"lazy\" decoding=\"async\" class=\"size-full wp-image-1838 aligncenter\" src=\"https:\/\/84310.fr\/jardin-morierois\/wp-content\/uploads\/2018\/03\/ECHECpetit.png\" alt=\"\" width=\"300\" height=\"200\" \/><br \/>\n<span style=\"color: #ff0000;\"><strong>Il faut savoir avouer et savourer ses \u00e9checs &#8230;<\/strong><\/span><\/p>\n<p>&nbsp;<\/p>\n","protected":false},"excerpt":{"rendered":"<p>5 F\u00c9VRIER 2018 JOUR 0 Ce matin, n\u2019ayant pas trouv\u00e9 de plaque de godets pour faire mes semis \u00e0 ma convenance chez mon fournisseur habituel, je me suis arr\u00eat\u00e9 au magasin de jardinage sur ma route, je n\u2019ai pas trouv\u00e9&hellip; <\/p>\n","protected":false},"author":1,"featured_media":0,"parent":0,"menu_order":0,"comment_status":"closed","ping_status":"closed","template":"","meta":{"_exactmetrics_skip_tracking":false,"_exactmetrics_sitenote_active":false,"_exactmetrics_sitenote_note":"","_exactmetrics_sitenote_category":0,"footnotes":""},"class_list":["post-1745","page","type-page","status-publish","hentry"],"_links":{"self":[{"href":"https:\/\/84310.fr\/jardin-morierois\/wp-json\/wp\/v2\/pages\/1745","targetHints":{"allow":["GET"]}}],"collection":[{"href":"https:\/\/84310.fr\/jardin-morierois\/wp-json\/wp\/v2\/pages"}],"about":[{"href":"https:\/\/84310.fr\/jardin-morierois\/wp-json\/wp\/v2\/types\/page"}],"author":[{"embeddable":true,"href":"https:\/\/84310.fr\/jardin-morierois\/wp-json\/wp\/v2\/users\/1"}],"replies":[{"embeddable":true,"href":"https:\/\/84310.fr\/jardin-morierois\/wp-json\/wp\/v2\/comments?post=1745"}],"version-history":[{"count":5,"href":"https:\/\/84310.fr\/jardin-morierois\/wp-json\/wp\/v2\/pages\/1745\/revisions"}],"predecessor-version":[{"id":1842,"href":"https:\/\/84310.fr\/jardin-morierois\/wp-json\/wp\/v2\/pages\/1745\/revisions\/1842"}],"wp:attachment":[{"href":"https:\/\/84310.fr\/jardin-morierois\/wp-json\/wp\/v2\/media?parent=1745"}],"curies":[{"name":"wp","href":"https:\/\/api.w.org\/{rel}","templated":true}]}}