{"id":1734,"date":"2018-02-05T18:56:48","date_gmt":"2018-02-05T17:56:48","guid":{"rendered":"http:\/\/84310.fr\/jardin-morierois\/?page_id=1734"},"modified":"2018-02-05T19:31:31","modified_gmt":"2018-02-05T18:31:31","slug":"pleurotes-soldes","status":"publish","type":"page","link":"https:\/\/84310.fr\/jardin-morierois\/pleurotes-soldes\/","title":{"rendered":"Pleurotes Soldes"},"content":{"rendered":"<h6><strong><span style=\"color: #993366;\">5 F\u00c9VRIER 2018<br \/>\nJOUR 0<br \/>\n<\/span><\/strong><\/h6>\n<p>Ce matin, n&rsquo;ayant pas trouv\u00e9 de plaque de godets pour faire mes semis \u00e0 ma convenance chez mon fournisseur habituel, je me suis arr\u00eat\u00e9 au magasin de jardinage sur ma route, je n&rsquo;ai pas trouv\u00e9 non plus de plaques de godets, par contre en t\u00eate de gondole se trouvait plein de paquets de pleurotes, grises,jaunes et roses sold\u00e9es \u00e0 50%<\/p>\n<p><img loading=\"lazy\" decoding=\"async\" class=\"alignnone size-full wp-image-1737\" src=\"https:\/\/84310.fr\/jardin-morierois\/wp-content\/uploads\/2018\/02\/pleurottes-soldes.jpg\" alt=\"\" width=\"1000\" height=\"483\" srcset=\"https:\/\/84310.fr\/jardin-morierois\/wp-content\/uploads\/2018\/02\/pleurottes-soldes.jpg 1000w, https:\/\/84310.fr\/jardin-morierois\/wp-content\/uploads\/2018\/02\/pleurottes-soldes-300x145.jpg 300w, https:\/\/84310.fr\/jardin-morierois\/wp-content\/uploads\/2018\/02\/pleurottes-soldes-768x371.jpg 768w\" sizes=\"auto, (max-width: 1000px) 100vw, 1000px\" \/><\/p>\n<p>bon, n&rsquo;ayant pas pr\u00e9vu, mais \u00e9tant toujours \u00e0 l&rsquo;affut de nouveaux tests &#8230; je me suis lanc\u00e9.<\/p>\n<p><img loading=\"lazy\" decoding=\"async\" class=\" wp-image-1738 aligncenter\" src=\"https:\/\/84310.fr\/jardin-morierois\/wp-content\/uploads\/2018\/02\/ouvert.jpg\" alt=\"\" width=\"236\" height=\"418\" \/><\/p>\n<p>Une fois la fa\u00e7ade ouverte, on aper\u00e7oit le myc\u00e9lium qui recouvre presque la totalit\u00e9<\/p>\n<p><img loading=\"lazy\" decoding=\"async\" class=\"alignnone size-full wp-image-1739\" src=\"https:\/\/84310.fr\/jardin-morierois\/wp-content\/uploads\/2018\/02\/croix.jpg\" alt=\"\" width=\"1000\" height=\"748\" srcset=\"https:\/\/84310.fr\/jardin-morierois\/wp-content\/uploads\/2018\/02\/croix.jpg 1000w, https:\/\/84310.fr\/jardin-morierois\/wp-content\/uploads\/2018\/02\/croix-300x224.jpg 300w, https:\/\/84310.fr\/jardin-morierois\/wp-content\/uploads\/2018\/02\/croix-768x574.jpg 768w\" sizes=\"auto, (max-width: 1000px) 100vw, 1000px\" \/><\/p>\n<p>D&rsquo;apr\u00e8s la notice, il suffit de faire une croix au couteau, et d&rsquo;humidifier une a deux fois par jour \u00e0 l&rsquo;aide d&rsquo;un petit pulv\u00e9risateur ( fourni ) \u00e0 raison de 3 ou 4 spray ..<br \/>\nles r\u00e9sultats, si r\u00e9sultats il y a &#8230; seront visibles rapidement &#8230; toujours d\u2019apr\u00e8s la notice&#8230;<\/p>\n","protected":false},"excerpt":{"rendered":"<p>5 F\u00c9VRIER 2018 JOUR 0 Ce matin, n&rsquo;ayant pas trouv\u00e9 de plaque de godets pour faire mes semis \u00e0 ma convenance chez mon fournisseur habituel, je me suis arr\u00eat\u00e9 au magasin de jardinage sur ma route, je n&rsquo;ai pas trouv\u00e9&hellip; <\/p>\n","protected":false},"author":1,"featured_media":0,"parent":0,"menu_order":0,"comment_status":"closed","ping_status":"closed","template":"","meta":{"_exactmetrics_skip_tracking":false,"_exactmetrics_sitenote_active":false,"_exactmetrics_sitenote_note":"","_exactmetrics_sitenote_category":0,"footnotes":""},"class_list":["post-1734","page","type-page","status-publish","hentry"],"_links":{"self":[{"href":"https:\/\/84310.fr\/jardin-morierois\/wp-json\/wp\/v2\/pages\/1734","targetHints":{"allow":["GET"]}}],"collection":[{"href":"https:\/\/84310.fr\/jardin-morierois\/wp-json\/wp\/v2\/pages"}],"about":[{"href":"https:\/\/84310.fr\/jardin-morierois\/wp-json\/wp\/v2\/types\/page"}],"author":[{"embeddable":true,"href":"https:\/\/84310.fr\/jardin-morierois\/wp-json\/wp\/v2\/users\/1"}],"replies":[{"embeddable":true,"href":"https:\/\/84310.fr\/jardin-morierois\/wp-json\/wp\/v2\/comments?post=1734"}],"version-history":[{"count":3,"href":"https:\/\/84310.fr\/jardin-morierois\/wp-json\/wp\/v2\/pages\/1734\/revisions"}],"predecessor-version":[{"id":1743,"href":"https:\/\/84310.fr\/jardin-morierois\/wp-json\/wp\/v2\/pages\/1734\/revisions\/1743"}],"wp:attachment":[{"href":"https:\/\/84310.fr\/jardin-morierois\/wp-json\/wp\/v2\/media?parent=1734"}],"curies":[{"name":"wp","href":"https:\/\/api.w.org\/{rel}","templated":true}]}}