{"id":1719,"date":"2018-02-04T19:35:25","date_gmt":"2018-02-04T18:35:25","guid":{"rendered":"http:\/\/84310.fr\/jardin-morierois\/?page_id=1719"},"modified":"2018-06-03T20:56:12","modified_gmt":"2018-06-03T19:56:12","slug":"mais-2018","status":"publish","type":"page","link":"https:\/\/84310.fr\/jardin-morierois\/mais-2018\/","title":{"rendered":"Ma\u00efs 2018"},"content":{"rendered":"<h6><strong><span style=\"color: #3366ff;\">4 F\u00c9VRIER 2018<\/span><\/strong><\/h6>\n<p>En rangeant mes graines, cet apr\u00e8s midi &#8230;<img loading=\"lazy\" decoding=\"async\" class=\"alignnone size-full wp-image-1724\" src=\"https:\/\/84310.fr\/jardin-morierois\/wp-content\/uploads\/2018\/02\/DSCN5823.jpg\" alt=\"\" width=\"1000\" height=\"750\" srcset=\"https:\/\/84310.fr\/jardin-morierois\/wp-content\/uploads\/2018\/02\/DSCN5823.jpg 1000w, https:\/\/84310.fr\/jardin-morierois\/wp-content\/uploads\/2018\/02\/DSCN5823-300x225.jpg 300w, https:\/\/84310.fr\/jardin-morierois\/wp-content\/uploads\/2018\/02\/DSCN5823-768x576.jpg 768w\" sizes=\"auto, (max-width: 1000px) 100vw, 1000px\" \/><br \/>\nj&rsquo;ai retrouv\u00e9 un bocal contenant des graines de ma\u00efs achet\u00e9es il y a deux ans, ainsi qu&rsquo;un \u00e9pi, seul survivant de ma maigre production de l&rsquo;ann\u00e9e derni\u00e8re.<img loading=\"lazy\" decoding=\"async\" class=\"alignnone size-full wp-image-1720\" src=\"https:\/\/84310.fr\/jardin-morierois\/wp-content\/uploads\/2018\/02\/DSCN5818.jpg\" alt=\"\" width=\"1000\" height=\"750\" srcset=\"https:\/\/84310.fr\/jardin-morierois\/wp-content\/uploads\/2018\/02\/DSCN5818.jpg 1000w, https:\/\/84310.fr\/jardin-morierois\/wp-content\/uploads\/2018\/02\/DSCN5818-300x225.jpg 300w, https:\/\/84310.fr\/jardin-morierois\/wp-content\/uploads\/2018\/02\/DSCN5818-768x576.jpg 768w\" sizes=\"auto, (max-width: 1000px) 100vw, 1000px\" \/><br \/>\nSuite \u00e0 de r\u00e9cents travaux, un surplus de terre m\u00e9lang\u00e9e \u00e0 du gravier ainsi que de nombreux cailloux de diverses tailles \u00e0 \u00e9t\u00e9 entrepos\u00e9 au nord d&rsquo;une haie de cypr\u00e8s&#8230; histoire de le mettre quelque part.<\/p>\n<p><img loading=\"lazy\" decoding=\"async\" class=\"alignnone size-full wp-image-1721\" src=\"https:\/\/84310.fr\/jardin-morierois\/wp-content\/uploads\/2018\/02\/DSCN5819.jpg\" alt=\"\" width=\"1000\" height=\"750\" srcset=\"https:\/\/84310.fr\/jardin-morierois\/wp-content\/uploads\/2018\/02\/DSCN5819.jpg 1000w, https:\/\/84310.fr\/jardin-morierois\/wp-content\/uploads\/2018\/02\/DSCN5819-300x225.jpg 300w, https:\/\/84310.fr\/jardin-morierois\/wp-content\/uploads\/2018\/02\/DSCN5819-768x576.jpg 768w\" sizes=\"auto, (max-width: 1000px) 100vw, 1000px\" \/><br \/>\nEn plein nord ..<img loading=\"lazy\" decoding=\"async\" class=\"alignnone size-full wp-image-1722\" src=\"https:\/\/84310.fr\/jardin-morierois\/wp-content\/uploads\/2018\/02\/DSCN5820.jpg\" alt=\"\" width=\"1000\" height=\"750\" srcset=\"https:\/\/84310.fr\/jardin-morierois\/wp-content\/uploads\/2018\/02\/DSCN5820.jpg 1000w, https:\/\/84310.fr\/jardin-morierois\/wp-content\/uploads\/2018\/02\/DSCN5820-300x225.jpg 300w, https:\/\/84310.fr\/jardin-morierois\/wp-content\/uploads\/2018\/02\/DSCN5820-768x576.jpg 768w\" sizes=\"auto, (max-width: 1000px) 100vw, 1000px\" \/><br \/>\nUn peu de terre, un peu de gravier, et pas mal de cailloux de toutes tailles<img loading=\"lazy\" decoding=\"async\" class=\"alignnone size-full wp-image-1723\" src=\"https:\/\/84310.fr\/jardin-morierois\/wp-content\/uploads\/2018\/02\/DSCN5821.jpg\" alt=\"\" width=\"1000\" height=\"750\" srcset=\"https:\/\/84310.fr\/jardin-morierois\/wp-content\/uploads\/2018\/02\/DSCN5821.jpg 1000w, https:\/\/84310.fr\/jardin-morierois\/wp-content\/uploads\/2018\/02\/DSCN5821-300x225.jpg 300w, https:\/\/84310.fr\/jardin-morierois\/wp-content\/uploads\/2018\/02\/DSCN5821-768x576.jpg 768w\" sizes=\"auto, (max-width: 1000px) 100vw, 1000px\" \/>\u00a0 Un petit am\u00e9nagement pour d\u00e9limiter l&rsquo;espace de tonte et l&rsquo;espace d&rsquo;exp\u00e9rimentation.<img loading=\"lazy\" decoding=\"async\" class=\"alignnone size-full wp-image-1725\" src=\"https:\/\/84310.fr\/jardin-morierois\/wp-content\/uploads\/2018\/02\/DSCN5825.jpg\" alt=\"\" width=\"1000\" height=\"750\" srcset=\"https:\/\/84310.fr\/jardin-morierois\/wp-content\/uploads\/2018\/02\/DSCN5825.jpg 1000w, https:\/\/84310.fr\/jardin-morierois\/wp-content\/uploads\/2018\/02\/DSCN5825-300x225.jpg 300w, https:\/\/84310.fr\/jardin-morierois\/wp-content\/uploads\/2018\/02\/DSCN5825-768x576.jpg 768w\" sizes=\"auto, (max-width: 1000px) 100vw, 1000px\" \/><br \/>\n120 graines Rouges de ma\u00efs issu de l&rsquo;industrie ont \u00e9t\u00e9 sem\u00e9es sur la moiti\u00e9 droite de cette bute improvis\u00e9e<\/p>\n<p><img loading=\"lazy\" decoding=\"async\" class=\"alignnone size-full wp-image-1726\" src=\"https:\/\/84310.fr\/jardin-morierois\/wp-content\/uploads\/2018\/02\/DSCN5826.jpg\" alt=\"\" width=\"1000\" height=\"750\" srcset=\"https:\/\/84310.fr\/jardin-morierois\/wp-content\/uploads\/2018\/02\/DSCN5826.jpg 1000w, https:\/\/84310.fr\/jardin-morierois\/wp-content\/uploads\/2018\/02\/DSCN5826-300x225.jpg 300w, https:\/\/84310.fr\/jardin-morierois\/wp-content\/uploads\/2018\/02\/DSCN5826-768x576.jpg 768w\" sizes=\"auto, (max-width: 1000px) 100vw, 1000px\" \/><br \/>\n140 graines issues de mon ma\u00efs de l&rsquo;ann\u00e9e derni\u00e8re ont \u00e9t\u00e9 plant\u00e9es sur la partie droite de la bute.<\/p>\n<p><img loading=\"lazy\" decoding=\"async\" class=\"alignnone size-full wp-image-1728\" src=\"https:\/\/84310.fr\/jardin-morierois\/wp-content\/uploads\/2018\/02\/DSCN5829.jpg\" alt=\"\" width=\"1000\" height=\"750\" srcset=\"https:\/\/84310.fr\/jardin-morierois\/wp-content\/uploads\/2018\/02\/DSCN5829.jpg 1000w, https:\/\/84310.fr\/jardin-morierois\/wp-content\/uploads\/2018\/02\/DSCN5829-300x225.jpg 300w, https:\/\/84310.fr\/jardin-morierois\/wp-content\/uploads\/2018\/02\/DSCN5829-768x576.jpg 768w\" sizes=\"auto, (max-width: 1000px) 100vw, 1000px\" \/>le tout a \u00e9t\u00e9 recouvert d&rsquo;un m\u00e9lange de foin sec et de feuilles mortes ramass\u00e9es dans le champ \u00e0 cot\u00e9.<\/p>\n<h6><span style=\"color: #3366ff;\"><strong>3 JUIN 2018<\/strong><\/span><\/h6>\n<p>Apr\u00e8s 4 mois d&rsquo;attente, rien ne s&rsquo;est produit. Ni du cot\u00e9 grains Rouges , ni de l&rsquo;autre cot\u00e9 grains issus de ma production.<\/p>\n<p>comme il n&rsquo;y a eu aucune lev\u00e9e d&rsquo;un cot\u00e9 comme de l&rsquo;autre c&rsquo;est \u00e0 cet endroit que nous avons fait l&rsquo;exp\u00e9rience des patates sur gazon \/ Butte<\/p>\n<p>je consid\u00e8re loup\u00e9e l&rsquo;exp\u00e9rience du Ma\u00efs 2018..<img loading=\"lazy\" decoding=\"async\" class=\"alignnone size-full wp-image-1839\" src=\"https:\/\/84310.fr\/jardin-morierois\/wp-content\/uploads\/2018\/03\/ECHEC.png\" alt=\"\" width=\"500\" height=\"333\" srcset=\"https:\/\/84310.fr\/jardin-morierois\/wp-content\/uploads\/2018\/03\/ECHEC.png 500w, https:\/\/84310.fr\/jardin-morierois\/wp-content\/uploads\/2018\/03\/ECHEC-300x200.png 300w\" sizes=\"auto, (max-width: 500px) 100vw, 500px\" \/><\/p>\n<p>&nbsp;<\/p>\n","protected":false},"excerpt":{"rendered":"<p>4 F\u00c9VRIER 2018 En rangeant mes graines, cet apr\u00e8s midi &#8230; j&rsquo;ai retrouv\u00e9 un bocal contenant des graines de ma\u00efs achet\u00e9es il y a deux ans, ainsi qu&rsquo;un \u00e9pi, seul survivant de ma maigre production de l&rsquo;ann\u00e9e derni\u00e8re. Suite \u00e0&hellip; <\/p>\n","protected":false},"author":1,"featured_media":0,"parent":0,"menu_order":0,"comment_status":"closed","ping_status":"closed","template":"","meta":{"_exactmetrics_skip_tracking":false,"_exactmetrics_sitenote_active":false,"_exactmetrics_sitenote_note":"","_exactmetrics_sitenote_category":0,"footnotes":""},"class_list":["post-1719","page","type-page","status-publish","hentry"],"_links":{"self":[{"href":"https:\/\/84310.fr\/jardin-morierois\/wp-json\/wp\/v2\/pages\/1719","targetHints":{"allow":["GET"]}}],"collection":[{"href":"https:\/\/84310.fr\/jardin-morierois\/wp-json\/wp\/v2\/pages"}],"about":[{"href":"https:\/\/84310.fr\/jardin-morierois\/wp-json\/wp\/v2\/types\/page"}],"author":[{"embeddable":true,"href":"https:\/\/84310.fr\/jardin-morierois\/wp-json\/wp\/v2\/users\/1"}],"replies":[{"embeddable":true,"href":"https:\/\/84310.fr\/jardin-morierois\/wp-json\/wp\/v2\/comments?post=1719"}],"version-history":[{"count":3,"href":"https:\/\/84310.fr\/jardin-morierois\/wp-json\/wp\/v2\/pages\/1719\/revisions"}],"predecessor-version":[{"id":2154,"href":"https:\/\/84310.fr\/jardin-morierois\/wp-json\/wp\/v2\/pages\/1719\/revisions\/2154"}],"wp:attachment":[{"href":"https:\/\/84310.fr\/jardin-morierois\/wp-json\/wp\/v2\/media?parent=1719"}],"curies":[{"name":"wp","href":"https:\/\/api.w.org\/{rel}","templated":true}]}}