{"id":1645,"date":"2018-01-23T22:13:25","date_gmt":"2018-01-23T21:13:25","guid":{"rendered":"http:\/\/84310.fr\/jardin-morierois\/?page_id=1645"},"modified":"2018-06-02T14:53:00","modified_gmt":"2018-06-02T13:53:00","slug":"jardin-2018","status":"publish","type":"page","link":"https:\/\/84310.fr\/jardin-morierois\/jardin-2018\/","title":{"rendered":"Jardin 2018"},"content":{"rendered":"<p>D\u00e9but de saison, avec <a href=\"https:\/\/84310.fr\/jardin-morierois\/etat-des-lieux-janvier-2018\/\">un \u00e9tat des lieux du jardin<\/a><\/p>\n<p>Janvier 2018 &#8230; quelques jours frais , un peu de pluie, d&rsquo;humidit\u00e9 et de vent, du gel, mais sans exc\u00e8s.<\/p>\n<p><strong><span style=\"color: #ff00ff;\">Samedi 27 Janvier<\/span><\/strong><\/p>\n<p>apr\u00e8s deux jours de pluie, le temps cl\u00e9ment semble revenir<\/p>\n<h4 style=\"text-align: center;\"><img loading=\"lazy\" decoding=\"async\" class=\"alignnone size-full wp-image-1670\" src=\"https:\/\/84310.fr\/jardin-morierois\/wp-content\/uploads\/2018\/01\/DSCN5782.jpg\" alt=\"\" width=\"750\" height=\"1000\" srcset=\"https:\/\/84310.fr\/jardin-morierois\/wp-content\/uploads\/2018\/01\/DSCN5782.jpg 750w, https:\/\/84310.fr\/jardin-morierois\/wp-content\/uploads\/2018\/01\/DSCN5782-225x300.jpg 225w\" sizes=\"auto, (max-width: 750px) 100vw, 750px\" \/> <img loading=\"lazy\" decoding=\"async\" class=\"alignnone size-full wp-image-1671\" src=\"https:\/\/84310.fr\/jardin-morierois\/wp-content\/uploads\/2018\/01\/DSCN5783.jpg\" alt=\"\" width=\"750\" height=\"1000\" srcset=\"https:\/\/84310.fr\/jardin-morierois\/wp-content\/uploads\/2018\/01\/DSCN5783.jpg 750w, https:\/\/84310.fr\/jardin-morierois\/wp-content\/uploads\/2018\/01\/DSCN5783-225x300.jpg 225w\" sizes=\"auto, (max-width: 750px) 100vw, 750px\" \/><\/h4>\n<h4><\/h4>\n<h4 style=\"text-align: center;\"><strong><span style=\"color: #008080;\">LES CHOUX<\/span><br \/>\n<\/strong><\/h4>\n<p><strong>27 janvier 2018<\/strong><\/p>\n<h4 style=\"text-align: center;\"><img loading=\"lazy\" decoding=\"async\" class=\"alignnone size-full wp-image-1672\" src=\"https:\/\/84310.fr\/jardin-morierois\/wp-content\/uploads\/2018\/01\/DSCN5784.jpg\" alt=\"\" width=\"750\" height=\"1000\" srcset=\"https:\/\/84310.fr\/jardin-morierois\/wp-content\/uploads\/2018\/01\/DSCN5784.jpg 750w, https:\/\/84310.fr\/jardin-morierois\/wp-content\/uploads\/2018\/01\/DSCN5784-225x300.jpg 225w\" sizes=\"auto, (max-width: 750px) 100vw, 750px\" \/><\/h4>\n<h4 style=\"text-align: center;\"><strong><span style=\"color: #ff9900;\">L&rsquo;ESPACE PERMACULTURE<\/span><br \/>\n<\/strong><\/h4>\n<p><strong>27 janvier 2018<\/strong><\/p>\n<h4><\/h4>\n<h4 style=\"text-align: center;\"><img loading=\"lazy\" decoding=\"async\" class=\"alignnone size-full wp-image-1674\" src=\"https:\/\/84310.fr\/jardin-morierois\/wp-content\/uploads\/2018\/01\/DSCN5787.jpg\" alt=\"\" width=\"1000\" height=\"1333\" srcset=\"https:\/\/84310.fr\/jardin-morierois\/wp-content\/uploads\/2018\/01\/DSCN5787.jpg 1000w, https:\/\/84310.fr\/jardin-morierois\/wp-content\/uploads\/2018\/01\/DSCN5787-225x300.jpg 225w, https:\/\/84310.fr\/jardin-morierois\/wp-content\/uploads\/2018\/01\/DSCN5787-768x1024.jpg 768w\" sizes=\"auto, (max-width: 1000px) 100vw, 1000px\" \/><\/h4>\n<h4><\/h4>\n<h4 style=\"text-align: center;\"><strong><span style=\"color: #00ccff;\">LA MOTTE<\/span><br \/>\n<\/strong><\/h4>\n<p><strong>27 janvier 2018<\/strong><\/p>\n<h4 style=\"text-align: center;\"><img loading=\"lazy\" decoding=\"async\" class=\"alignnone size-full wp-image-1675\" src=\"https:\/\/84310.fr\/jardin-morierois\/wp-content\/uploads\/2018\/01\/DSCN5788.jpg\" alt=\"\" width=\"1000\" height=\"1333\" srcset=\"https:\/\/84310.fr\/jardin-morierois\/wp-content\/uploads\/2018\/01\/DSCN5788.jpg 1000w, https:\/\/84310.fr\/jardin-morierois\/wp-content\/uploads\/2018\/01\/DSCN5788-225x300.jpg 225w, https:\/\/84310.fr\/jardin-morierois\/wp-content\/uploads\/2018\/01\/DSCN5788-768x1024.jpg 768w\" sizes=\"auto, (max-width: 1000px) 100vw, 1000px\" \/>\u00a0 <span style=\"color: #3366ff;\"><strong><br \/>\n<\/strong><\/span><\/h4>\n<h4 style=\"text-align: center;\"><span style=\"color: #3366ff;\"><strong> LES POIREAUX<br \/>\n<\/strong><\/span><\/h4>\n<p><span style=\"color: #ff00ff;\"><strong>27 janvier 2018<\/strong><\/span><\/p>\n<h4 style=\"text-align: center;\"><img loading=\"lazy\" decoding=\"async\" class=\"alignnone size-full wp-image-1683\" src=\"https:\/\/84310.fr\/jardin-morierois\/wp-content\/uploads\/2018\/01\/DSCN5796.jpg\" alt=\"\" width=\"1000\" height=\"750\" srcset=\"https:\/\/84310.fr\/jardin-morierois\/wp-content\/uploads\/2018\/01\/DSCN5796.jpg 1000w, https:\/\/84310.fr\/jardin-morierois\/wp-content\/uploads\/2018\/01\/DSCN5796-300x225.jpg 300w, https:\/\/84310.fr\/jardin-morierois\/wp-content\/uploads\/2018\/01\/DSCN5796-768x576.jpg 768w\" sizes=\"auto, (max-width: 1000px) 100vw, 1000px\" \/><\/h4>\n<p>Vu le r\u00e9sultat d\u00e9cevant des poireaux version 2017, que j&rsquo;avais sem\u00e9 en vrac dans une caisse \u00e0 poisson en polystyr\u00e8ne, et \u00e9galement ceux qu&rsquo;un voisin m&rsquo;avait donn\u00e9 pour planter, je repars sur un nouvel essai. 2 graines par case, x 54 cases j&rsquo;ai sem\u00e9 108 poireaux.<\/p>\n<p>&nbsp;<\/p>\n<h4 style=\"text-align: center;\"><strong><span style=\"color: #339966;\">LES SALADES<\/span><br \/>\n<\/strong><\/h4>\n<p><span style=\"color: #ff00ff;\"><strong>27 janvier 2018<\/strong><\/span><\/p>\n<h4 style=\"text-align: center;\"><img loading=\"lazy\" decoding=\"async\" class=\"alignnone size-full wp-image-1684\" src=\"https:\/\/84310.fr\/jardin-morierois\/wp-content\/uploads\/2018\/01\/DSCN5781.jpg\" alt=\"\" width=\"758\" height=\"1000\" srcset=\"https:\/\/84310.fr\/jardin-morierois\/wp-content\/uploads\/2018\/01\/DSCN5781.jpg 758w, https:\/\/84310.fr\/jardin-morierois\/wp-content\/uploads\/2018\/01\/DSCN5781-227x300.jpg 227w\" sizes=\"auto, (max-width: 758px) 100vw, 758px\" \/><\/h4>\n<p>J&rsquo;ai profit\u00e9 de deux jours de pluie pour enlever les serres qui maintenaient les jeunes salades \u00e0 l&rsquo;abri du gel.<\/p>\n<h4 style=\"text-align: center;\"><img loading=\"lazy\" decoding=\"async\" class=\"alignnone size-full wp-image-1685\" src=\"https:\/\/84310.fr\/jardin-morierois\/wp-content\/uploads\/2018\/01\/DSCN5785.jpg\" alt=\"\" width=\"1000\" height=\"735\" srcset=\"https:\/\/84310.fr\/jardin-morierois\/wp-content\/uploads\/2018\/01\/DSCN5785.jpg 1000w, https:\/\/84310.fr\/jardin-morierois\/wp-content\/uploads\/2018\/01\/DSCN5785-300x221.jpg 300w, https:\/\/84310.fr\/jardin-morierois\/wp-content\/uploads\/2018\/01\/DSCN5785-768x564.jpg 768w\" sizes=\"auto, (max-width: 1000px) 100vw, 1000px\" \/><\/h4>\n<h4><img loading=\"lazy\" decoding=\"async\" class=\"alignnone size-full wp-image-1676\" src=\"https:\/\/84310.fr\/jardin-morierois\/wp-content\/uploads\/2018\/01\/DSCN5789.jpg\" alt=\"\" width=\"1000\" height=\"750\" srcset=\"https:\/\/84310.fr\/jardin-morierois\/wp-content\/uploads\/2018\/01\/DSCN5789.jpg 1000w, https:\/\/84310.fr\/jardin-morierois\/wp-content\/uploads\/2018\/01\/DSCN5789-300x225.jpg 300w, https:\/\/84310.fr\/jardin-morierois\/wp-content\/uploads\/2018\/01\/DSCN5789-768x576.jpg 768w\" sizes=\"auto, (max-width: 1000px) 100vw, 1000px\" \/><\/h4>\n<h4><img loading=\"lazy\" decoding=\"async\" class=\"alignnone size-full wp-image-1673\" src=\"https:\/\/84310.fr\/jardin-morierois\/wp-content\/uploads\/2018\/01\/DSCN5786.jpg\" alt=\"\" width=\"1000\" height=\"750\" srcset=\"https:\/\/84310.fr\/jardin-morierois\/wp-content\/uploads\/2018\/01\/DSCN5786.jpg 1000w, https:\/\/84310.fr\/jardin-morierois\/wp-content\/uploads\/2018\/01\/DSCN5786-300x225.jpg 300w, https:\/\/84310.fr\/jardin-morierois\/wp-content\/uploads\/2018\/01\/DSCN5786-768x576.jpg 768w\" sizes=\"auto, (max-width: 1000px) 100vw, 1000px\" \/><\/h4>\n<p>&nbsp;<\/p>\n<p><span style=\"color: #ff00ff;\"><strong>27 janvier 2018<br \/>\n<span style=\"color: #000000;\"><img loading=\"lazy\" decoding=\"async\" class=\"alignnone size-full wp-image-1716\" src=\"https:\/\/84310.fr\/jardin-morierois\/wp-content\/uploads\/2018\/02\/DSCN5813.jpg\" alt=\"\" width=\"1000\" height=\"750\" srcset=\"https:\/\/84310.fr\/jardin-morierois\/wp-content\/uploads\/2018\/02\/DSCN5813.jpg 1000w, https:\/\/84310.fr\/jardin-morierois\/wp-content\/uploads\/2018\/02\/DSCN5813-300x225.jpg 300w, https:\/\/84310.fr\/jardin-morierois\/wp-content\/uploads\/2018\/02\/DSCN5813-768x576.jpg 768w\" sizes=\"auto, (max-width: 1000px) 100vw, 1000px\" \/><br \/>\n<\/span><\/strong><span style=\"color: #000000;\">plus d&rsquo;une centaine de salades sem\u00e9es aujourd&rsquo;hui, <\/span><span style=\"color: #000000;\">7 vari\u00e9t\u00e9s diff\u00e9rentes, nous verrons bien ce que \u00e7a va donner. <\/span><strong><br \/>\n<\/strong><\/span><\/p>\n<h5 style=\"text-align: center;\"><span style=\"color: #339966;\"><strong>COURGETTES DE NICE<\/strong><\/span><\/h5>\n<p><span style=\"color: #ff00ff;\"><strong>5 Mai 2018<\/strong><\/span><br \/>\nCe jour, 7 plants de courgettes de Nice ont trouv\u00e9 place dans le jardin.<\/p>\n<p>7 c&rsquo;est peut \u00eatre trop sur la profondeur de la raie, on verra cela dans la pleine saison.<\/p>\n<p><img loading=\"lazy\" decoding=\"async\" class=\"alignnone size-full wp-image-2000\" src=\"https:\/\/84310.fr\/jardin-morierois\/wp-content\/uploads\/2018\/05\/DSCN6210.jpg\" alt=\"\" width=\"750\" height=\"1000\" srcset=\"https:\/\/84310.fr\/jardin-morierois\/wp-content\/uploads\/2018\/05\/DSCN6210.jpg 750w, https:\/\/84310.fr\/jardin-morierois\/wp-content\/uploads\/2018\/05\/DSCN6210-225x300.jpg 225w\" sizes=\"auto, (max-width: 750px) 100vw, 750px\" \/><br \/>\nLes plants ont \u00e9t\u00e9 saupoudr\u00e9s par un m\u00e9lange de foin sec et de crottin de cheval juste ramass\u00e9 dans le pr\u00e9 derri\u00e8re.<\/p>\n<p><strong><span style=\"color: #ff00ff;\">15 Mai 2018<\/span><img loading=\"lazy\" decoding=\"async\" class=\"alignnone size-full wp-image-2143\" src=\"https:\/\/84310.fr\/jardin-morierois\/wp-content\/uploads\/2018\/06\/DSCN6348.jpg\" alt=\"\" width=\"600\" height=\"800\" srcset=\"https:\/\/84310.fr\/jardin-morierois\/wp-content\/uploads\/2018\/06\/DSCN6348.jpg 600w, https:\/\/84310.fr\/jardin-morierois\/wp-content\/uploads\/2018\/06\/DSCN6348-225x300.jpg 225w\" sizes=\"auto, (max-width: 600px) 100vw, 600px\" \/><br \/>\n<\/strong>Au fur et \u00e0 mesure<strong> des couches de tontes sont dispos\u00e9es aux pieds des courgettes de Nice.<br \/>\n<img loading=\"lazy\" decoding=\"async\" class=\"alignnone size-full wp-image-2144\" src=\"https:\/\/84310.fr\/jardin-morierois\/wp-content\/uploads\/2018\/06\/DSCN6349.jpg\" alt=\"\" width=\"600\" height=\"800\" srcset=\"https:\/\/84310.fr\/jardin-morierois\/wp-content\/uploads\/2018\/06\/DSCN6349.jpg 600w, https:\/\/84310.fr\/jardin-morierois\/wp-content\/uploads\/2018\/06\/DSCN6349-225x300.jpg 225w\" sizes=\"auto, (max-width: 600px) 100vw, 600px\" \/><\/p>\n<p><span style=\"color: #ff00ff;\">30 Mai 2018<\/span><br \/>\n<\/strong><img loading=\"lazy\" decoding=\"async\" class=\"alignnone size-full wp-image-2113\" src=\"https:\/\/84310.fr\/jardin-morierois\/wp-content\/uploads\/2018\/05\/DSCN6495.jpg\" alt=\"\" width=\"600\" height=\"800\" srcset=\"https:\/\/84310.fr\/jardin-morierois\/wp-content\/uploads\/2018\/05\/DSCN6495.jpg 600w, https:\/\/84310.fr\/jardin-morierois\/wp-content\/uploads\/2018\/05\/DSCN6495-225x300.jpg 225w\" sizes=\"auto, (max-width: 600px) 100vw, 600px\" \/><br \/>\nLes courgettes ont trouv\u00e9 leur emplacement, elles commencent \u00e0 bien grandir.<\/p>\n","protected":false},"excerpt":{"rendered":"<p>D\u00e9but de saison, avec un \u00e9tat des lieux du jardin Janvier 2018 &#8230; quelques jours frais , un peu de pluie, d&rsquo;humidit\u00e9 et de vent, du gel, mais sans exc\u00e8s. Samedi 27 Janvier apr\u00e8s deux jours de pluie, le temps&hellip; <\/p>\n","protected":false},"author":1,"featured_media":0,"parent":0,"menu_order":0,"comment_status":"closed","ping_status":"closed","template":"","meta":{"_exactmetrics_skip_tracking":false,"_exactmetrics_sitenote_active":false,"_exactmetrics_sitenote_note":"","_exactmetrics_sitenote_category":0,"footnotes":""},"class_list":["post-1645","page","type-page","status-publish","hentry"],"_links":{"self":[{"href":"https:\/\/84310.fr\/jardin-morierois\/wp-json\/wp\/v2\/pages\/1645","targetHints":{"allow":["GET"]}}],"collection":[{"href":"https:\/\/84310.fr\/jardin-morierois\/wp-json\/wp\/v2\/pages"}],"about":[{"href":"https:\/\/84310.fr\/jardin-morierois\/wp-json\/wp\/v2\/types\/page"}],"author":[{"embeddable":true,"href":"https:\/\/84310.fr\/jardin-morierois\/wp-json\/wp\/v2\/users\/1"}],"replies":[{"embeddable":true,"href":"https:\/\/84310.fr\/jardin-morierois\/wp-json\/wp\/v2\/comments?post=1645"}],"version-history":[{"count":9,"href":"https:\/\/84310.fr\/jardin-morierois\/wp-json\/wp\/v2\/pages\/1645\/revisions"}],"predecessor-version":[{"id":2145,"href":"https:\/\/84310.fr\/jardin-morierois\/wp-json\/wp\/v2\/pages\/1645\/revisions\/2145"}],"wp:attachment":[{"href":"https:\/\/84310.fr\/jardin-morierois\/wp-json\/wp\/v2\/media?parent=1645"}],"curies":[{"name":"wp","href":"https:\/\/api.w.org\/{rel}","templated":true}]}}