{"id":164,"date":"2016-03-04T22:56:21","date_gmt":"2016-03-04T21:56:21","guid":{"rendered":"http:\/\/84310.fr\/jardin-morierois\/?page_id=164"},"modified":"2016-03-05T21:19:46","modified_gmt":"2016-03-05T20:19:46","slug":"poires-jaunes","status":"publish","type":"page","link":"https:\/\/84310.fr\/jardin-morierois\/poires-jaunes\/","title":{"rendered":"POIRES JAUNES"},"content":{"rendered":"<p>Tomates POIRES JAUNES<\/p>\n<p>Poires ou Gouttes, vu leur forme, ce sont des petites tomates ap\u00e9ritif,<br \/>\nil y a quelques ann\u00e9es, nous avions plus d&rsquo;une 60 aine de plants, Jaunes et rouges confondues, cette ann\u00e9e, histoire d&rsquo;avoir quelques graines pour l&rsquo;ann\u00e9e prochaine, et de colorer un peu les salades estivales, nous en refaisons quelques plantations<\/p>\n<p>Le 24 F\u00e9vrier , 3 graines ont \u00e9t\u00e9 sem\u00e9es<\/p>\n","protected":false},"excerpt":{"rendered":"<p>Tomates POIRES JAUNES Poires ou Gouttes, vu leur forme, ce sont des petites tomates ap\u00e9ritif, il y a quelques ann\u00e9es, nous avions plus d&rsquo;une 60 aine de plants, Jaunes et rouges confondues, cette ann\u00e9e, histoire d&rsquo;avoir quelques graines pour l&rsquo;ann\u00e9e&hellip; <\/p>\n","protected":false},"author":1,"featured_media":0,"parent":0,"menu_order":0,"comment_status":"closed","ping_status":"closed","template":"","meta":{"_exactmetrics_skip_tracking":false,"_exactmetrics_sitenote_active":false,"_exactmetrics_sitenote_note":"","_exactmetrics_sitenote_category":0,"footnotes":""},"class_list":["post-164","page","type-page","status-publish","hentry"],"_links":{"self":[{"href":"https:\/\/84310.fr\/jardin-morierois\/wp-json\/wp\/v2\/pages\/164","targetHints":{"allow":["GET"]}}],"collection":[{"href":"https:\/\/84310.fr\/jardin-morierois\/wp-json\/wp\/v2\/pages"}],"about":[{"href":"https:\/\/84310.fr\/jardin-morierois\/wp-json\/wp\/v2\/types\/page"}],"author":[{"embeddable":true,"href":"https:\/\/84310.fr\/jardin-morierois\/wp-json\/wp\/v2\/users\/1"}],"replies":[{"embeddable":true,"href":"https:\/\/84310.fr\/jardin-morierois\/wp-json\/wp\/v2\/comments?post=164"}],"version-history":[{"count":3,"href":"https:\/\/84310.fr\/jardin-morierois\/wp-json\/wp\/v2\/pages\/164\/revisions"}],"predecessor-version":[{"id":203,"href":"https:\/\/84310.fr\/jardin-morierois\/wp-json\/wp\/v2\/pages\/164\/revisions\/203"}],"wp:attachment":[{"href":"https:\/\/84310.fr\/jardin-morierois\/wp-json\/wp\/v2\/media?parent=164"}],"curies":[{"name":"wp","href":"https:\/\/api.w.org\/{rel}","templated":true}]}}