{"id":160,"date":"2016-03-04T22:55:24","date_gmt":"2016-03-04T21:55:24","guid":{"rendered":"http:\/\/84310.fr\/jardin-morierois\/?page_id=160"},"modified":"2016-11-11T08:40:37","modified_gmt":"2016-11-11T07:40:37","slug":"cocktails","status":"publish","type":"page","link":"https:\/\/84310.fr\/jardin-morierois\/cocktails\/","title":{"rendered":"COCKTAILS"},"content":{"rendered":"<p>Tomates COCKTAILS<\/p>\n<p>le 24 F\u00e9vrier, 6 graines ont \u00e9t\u00e9 sem\u00e9es<\/p>\n<h2 style=\"text-align: center;\"><span style=\"color: #ff0000;\"><strong>STATISTIQUES de la saison 2016<\/strong><\/span><\/h2>\n<p><img loading=\"lazy\" decoding=\"async\" class=\"alignnone size-full wp-image-939\" src=\"https:\/\/84310.fr\/jardin-morierois\/wp-content\/uploads\/2016\/03\/cocktail.jpg\" alt=\"cocktail\" width=\"711\" height=\"158\" srcset=\"https:\/\/84310.fr\/jardin-morierois\/wp-content\/uploads\/2016\/03\/cocktail.jpg 711w, https:\/\/84310.fr\/jardin-morierois\/wp-content\/uploads\/2016\/03\/cocktail-300x67.jpg 300w\" sizes=\"auto, (max-width: 711px) 100vw, 711px\" \/><\/p>\n<p>Le r\u00e9sultat sur le plan \u00a0\u00bb greff\u00e9es \u00a0\u00bb montre une diff\u00e9rence notable entre le plant 48 ( dont les gourmands ont \u00e9t\u00e9 enlev\u00e9s ) et le plant 49 ou le plant est rest\u00e9 libre de toute modification, presque le triple.<\/p>\n<p>au niveau g\u00e9n\u00e9ral on constate une diff\u00e9rence de rendement , il y a plus de fruits sur les plants non greff\u00e9s, c&rsquo;est a ne rien y comprendre.<\/p>\n<p><strong><span style=\"color: #ff0000;\">ce n&rsquo;est pas une vari\u00e9t\u00e9 que je referai en 2017 &#8230;<\/span><\/strong><\/p>\n","protected":false},"excerpt":{"rendered":"<p>Tomates COCKTAILS le 24 F\u00e9vrier, 6 graines ont \u00e9t\u00e9 sem\u00e9es STATISTIQUES de la saison 2016 Le r\u00e9sultat sur le plan \u00a0\u00bb greff\u00e9es \u00a0\u00bb montre une diff\u00e9rence notable entre le plant 48 ( dont les gourmands ont \u00e9t\u00e9 enlev\u00e9s ) et&hellip; <\/p>\n","protected":false},"author":1,"featured_media":0,"parent":0,"menu_order":0,"comment_status":"closed","ping_status":"closed","template":"","meta":{"_exactmetrics_skip_tracking":false,"_exactmetrics_sitenote_active":false,"_exactmetrics_sitenote_note":"","_exactmetrics_sitenote_category":0,"footnotes":""},"class_list":["post-160","page","type-page","status-publish","hentry"],"_links":{"self":[{"href":"https:\/\/84310.fr\/jardin-morierois\/wp-json\/wp\/v2\/pages\/160","targetHints":{"allow":["GET"]}}],"collection":[{"href":"https:\/\/84310.fr\/jardin-morierois\/wp-json\/wp\/v2\/pages"}],"about":[{"href":"https:\/\/84310.fr\/jardin-morierois\/wp-json\/wp\/v2\/types\/page"}],"author":[{"embeddable":true,"href":"https:\/\/84310.fr\/jardin-morierois\/wp-json\/wp\/v2\/users\/1"}],"replies":[{"embeddable":true,"href":"https:\/\/84310.fr\/jardin-morierois\/wp-json\/wp\/v2\/comments?post=160"}],"version-history":[{"count":4,"href":"https:\/\/84310.fr\/jardin-morierois\/wp-json\/wp\/v2\/pages\/160\/revisions"}],"predecessor-version":[{"id":979,"href":"https:\/\/84310.fr\/jardin-morierois\/wp-json\/wp\/v2\/pages\/160\/revisions\/979"}],"wp:attachment":[{"href":"https:\/\/84310.fr\/jardin-morierois\/wp-json\/wp\/v2\/media?parent=160"}],"curies":[{"name":"wp","href":"https:\/\/api.w.org\/{rel}","templated":true}]}}