{"id":16,"date":"2016-03-04T21:41:39","date_gmt":"2016-03-04T20:41:39","guid":{"rendered":"http:\/\/84310.fr\/jardin-morierois\/?page_id=16"},"modified":"2016-11-09T19:37:17","modified_gmt":"2016-11-09T18:37:17","slug":"berao","status":"publish","type":"page","link":"https:\/\/84310.fr\/jardin-morierois\/berao\/","title":{"rendered":"BERAO"},"content":{"rendered":"<p>Tomates BERAO<\/p>\n<p>6 graines sem\u00e9es le 19 F\u00e9vrier 2016, 7 plants sont sortis, visiblement j&rsquo;avais mis deux graines dans un emplacement.<br \/>\nLe 24 F\u00e9vrier, comme il me restait quelques graines, j\u2019ai sem\u00e9 deux graines de plus par \u00a0\u00bb s\u00e9curit\u00e9 \u00a0\u00bb<\/p>\n<p>Le 12 Mars, sur les 7 plants initiaux, 4 plants pr\u00e9vus pour greffe ont \u00e9t\u00e9 transplant\u00e9s en godet et les trois plants restants pour graine ont \u00e9galement \u00e9t\u00e9 mis en\u00a0 godet.<br \/>\nLe 14 Mars, j&rsquo;ai mis le seul des deux plants Bonus qui a pouss\u00e9, cit\u00e9 plus hauts, en godet.<\/p>\n<p>&nbsp;<\/p>\n<p><span style=\"color: #3366ff;\"><strong>Total au 14\/06\/16<\/strong><\/span><\/p>\n<p>Greff\u00e9 =&gt; 2<br \/>\nNormales =&gt; 2<br \/>\nR\u00e9cup =&gt; 5<br \/>\nRajout =&gt; 2<\/p>\n<p><img loading=\"lazy\" decoding=\"async\" class=\"alignnone size-full wp-image-696\" src=\"https:\/\/84310.fr\/jardin-morierois\/wp-content\/uploads\/2016\/03\/berao-1.jpg\" alt=\"berao 1\" width=\"800\" height=\"603\" srcset=\"https:\/\/84310.fr\/jardin-morierois\/wp-content\/uploads\/2016\/03\/berao-1.jpg 800w, https:\/\/84310.fr\/jardin-morierois\/wp-content\/uploads\/2016\/03\/berao-1-300x226.jpg 300w, https:\/\/84310.fr\/jardin-morierois\/wp-content\/uploads\/2016\/03\/berao-1-768x579.jpg 768w\" sizes=\"auto, (max-width: 800px) 100vw, 800px\" \/><\/p>\n<p>&nbsp;<\/p>\n<p><img loading=\"lazy\" decoding=\"async\" class=\"alignnone size-full wp-image-697\" src=\"https:\/\/84310.fr\/jardin-morierois\/wp-content\/uploads\/2016\/03\/berao-2.jpg\" alt=\"berao 2\" width=\"800\" height=\"602\" srcset=\"https:\/\/84310.fr\/jardin-morierois\/wp-content\/uploads\/2016\/03\/berao-2.jpg 800w, https:\/\/84310.fr\/jardin-morierois\/wp-content\/uploads\/2016\/03\/berao-2-300x226.jpg 300w, https:\/\/84310.fr\/jardin-morierois\/wp-content\/uploads\/2016\/03\/berao-2-768x578.jpg 768w\" sizes=\"auto, (max-width: 800px) 100vw, 800px\" \/><\/p>\n<p><span style=\"color: #3366ff;\"><strong>Le 20\/06\/16<br \/>\n<img loading=\"lazy\" decoding=\"async\" class=\"alignnone size-full wp-image-760\" src=\"https:\/\/84310.fr\/jardin-morierois\/wp-content\/uploads\/2016\/03\/berao.jpg\" alt=\"berao\" width=\"800\" height=\"600\" srcset=\"https:\/\/84310.fr\/jardin-morierois\/wp-content\/uploads\/2016\/03\/berao.jpg 800w, https:\/\/84310.fr\/jardin-morierois\/wp-content\/uploads\/2016\/03\/berao-300x225.jpg 300w, https:\/\/84310.fr\/jardin-morierois\/wp-content\/uploads\/2016\/03\/berao-768x576.jpg 768w\" sizes=\"auto, (max-width: 800px) 100vw, 800px\" \/><\/strong><\/span><\/p>\n<p>elle a une dr\u00f4le de forme celle l\u00e0, pourtant bien not\u00e9e B\u00e9rao, je verrai plus tard si c&rsquo;est bien \u00e7a?<\/p>\n<p><span style=\"color: #3366ff;\"><strong> <img loading=\"lazy\" decoding=\"async\" class=\"alignnone size-full wp-image-761\" src=\"https:\/\/84310.fr\/jardin-morierois\/wp-content\/uploads\/2016\/03\/DSCN2598berao1.jpg\" alt=\"DSCN2598berao1\" width=\"800\" height=\"600\" srcset=\"https:\/\/84310.fr\/jardin-morierois\/wp-content\/uploads\/2016\/03\/DSCN2598berao1.jpg 800w, https:\/\/84310.fr\/jardin-morierois\/wp-content\/uploads\/2016\/03\/DSCN2598berao1-300x225.jpg 300w, https:\/\/84310.fr\/jardin-morierois\/wp-content\/uploads\/2016\/03\/DSCN2598berao1-768x576.jpg 768w\" sizes=\"auto, (max-width: 800px) 100vw, 800px\" \/> <img loading=\"lazy\" decoding=\"async\" class=\"alignnone size-full wp-image-762\" src=\"https:\/\/84310.fr\/jardin-morierois\/wp-content\/uploads\/2016\/03\/DSCN2599berao2.jpg\" alt=\"DSCN2599berao2\" width=\"800\" height=\"600\" srcset=\"https:\/\/84310.fr\/jardin-morierois\/wp-content\/uploads\/2016\/03\/DSCN2599berao2.jpg 800w, https:\/\/84310.fr\/jardin-morierois\/wp-content\/uploads\/2016\/03\/DSCN2599berao2-300x225.jpg 300w, https:\/\/84310.fr\/jardin-morierois\/wp-content\/uploads\/2016\/03\/DSCN2599berao2-768x576.jpg 768w\" sizes=\"auto, (max-width: 800px) 100vw, 800px\" \/><br \/>\n<\/strong><\/span><\/p>\n<h2 style=\"text-align: center;\"><span style=\"color: #ff0000;\"><strong>STATISTIQUES de la saison 2016<\/strong><\/span><\/h2>\n<p><img loading=\"lazy\" decoding=\"async\" class=\"alignnone size-full wp-image-945\" src=\"https:\/\/84310.fr\/jardin-morierois\/wp-content\/uploads\/2016\/03\/berao-3.jpg\" alt=\"berao\" width=\"711\" height=\"213\" srcset=\"https:\/\/84310.fr\/jardin-morierois\/wp-content\/uploads\/2016\/03\/berao-3.jpg 711w, https:\/\/84310.fr\/jardin-morierois\/wp-content\/uploads\/2016\/03\/berao-3-300x90.jpg 300w\" sizes=\"auto, (max-width: 711px) 100vw, 711px\" \/><\/p>\n<p>Le r\u00e9sultat sur le plan \u00a0\u00bb greff\u00e9es \u00a0\u00bb montre une diff\u00e9rence notable entre le plant 18 ( dont les gourmands ont \u00e9t\u00e9 enlev\u00e9s ) et le plant 19 ou le plant est rest\u00e9 libre de toute modification, ( plus du simple au double )<\/p>\n<p>au niveau g\u00e9n\u00e9ral on constate une diff\u00e9rence de rendement , il y a plus de fruits sur les plants greff\u00e9s,et ils sont plus gros.<\/p>\n<p>Les plants greff\u00e9s ont plus donn\u00e9 que les non greff\u00e9s.<\/p>\n<p>sinon, pour ce qui est des plants de r\u00e9cup ( perdus ) les deux premiers ont du b\u00e9n\u00e9ficier d&rsquo;un terrain plus riche et mieux arros\u00e9 ( \u00e0 cot\u00e9 de l&rsquo;arrosage de la pelouse ) ces deux resteront la surprise positive de cette exp\u00e9rience de r\u00e9cup.<\/p>\n<p>malgr\u00e9 les bons r\u00e9sultats des B\u00e9raos ( 13.6 kilo pour 11 plants )<br \/>\n<span style=\"color: #ff0000;\"><strong>ce n&rsquo;est pas une vari\u00e9t\u00e9 que je referai en 2017 &#8230;<\/strong><\/span><\/p>\n","protected":false},"excerpt":{"rendered":"<p>Tomates BERAO 6 graines sem\u00e9es le 19 F\u00e9vrier 2016, 7 plants sont sortis, visiblement j&rsquo;avais mis deux graines dans un emplacement. Le 24 F\u00e9vrier, comme il me restait quelques graines, j\u2019ai sem\u00e9 deux graines de plus par \u00a0\u00bb s\u00e9curit\u00e9 \u00a0\u00bb&hellip; <\/p>\n","protected":false},"author":1,"featured_media":0,"parent":0,"menu_order":0,"comment_status":"closed","ping_status":"closed","template":"","meta":{"_exactmetrics_skip_tracking":false,"_exactmetrics_sitenote_active":false,"_exactmetrics_sitenote_note":"","_exactmetrics_sitenote_category":0,"footnotes":""},"class_list":["post-16","page","type-page","status-publish","hentry"],"_links":{"self":[{"href":"https:\/\/84310.fr\/jardin-morierois\/wp-json\/wp\/v2\/pages\/16","targetHints":{"allow":["GET"]}}],"collection":[{"href":"https:\/\/84310.fr\/jardin-morierois\/wp-json\/wp\/v2\/pages"}],"about":[{"href":"https:\/\/84310.fr\/jardin-morierois\/wp-json\/wp\/v2\/types\/page"}],"author":[{"embeddable":true,"href":"https:\/\/84310.fr\/jardin-morierois\/wp-json\/wp\/v2\/users\/1"}],"replies":[{"embeddable":true,"href":"https:\/\/84310.fr\/jardin-morierois\/wp-json\/wp\/v2\/comments?post=16"}],"version-history":[{"count":9,"href":"https:\/\/84310.fr\/jardin-morierois\/wp-json\/wp\/v2\/pages\/16\/revisions"}],"predecessor-version":[{"id":966,"href":"https:\/\/84310.fr\/jardin-morierois\/wp-json\/wp\/v2\/pages\/16\/revisions\/966"}],"wp:attachment":[{"href":"https:\/\/84310.fr\/jardin-morierois\/wp-json\/wp\/v2\/media?parent=16"}],"curies":[{"name":"wp","href":"https:\/\/api.w.org\/{rel}","templated":true}]}}