{"id":1584,"date":"2018-01-06T18:44:36","date_gmt":"2018-01-06T17:44:36","guid":{"rendered":"http:\/\/84310.fr\/jardin-morierois\/?page_id=1584"},"modified":"2018-05-20T22:21:20","modified_gmt":"2018-05-20T21:21:20","slug":"greffes-2018","status":"publish","type":"page","link":"https:\/\/84310.fr\/jardin-morierois\/greffes-2018\/","title":{"rendered":"Greffes 2018"},"content":{"rendered":"<p><img loading=\"lazy\" decoding=\"async\" class=\"alignnone size-full wp-image-1667\" src=\"https:\/\/84310.fr\/jardin-morierois\/wp-content\/uploads\/2018\/01\/pinces.jpg\" sizes=\"auto, (max-width: 1000px) 100vw, 1000px\" srcset=\"https:\/\/84310.fr\/jardin-morierois\/wp-content\/uploads\/2018\/01\/pinces.jpg 1000w, https:\/\/84310.fr\/jardin-morierois\/wp-content\/uploads\/2018\/01\/pinces-300x242.jpg 300w, https:\/\/84310.fr\/jardin-morierois\/wp-content\/uploads\/2018\/01\/pinces-768x619.jpg 768w\" alt=\"\" width=\"1000\" height=\"806\" \/><\/p>\n<h5><span style=\"color: #ff00ff;\"><strong>15 janvier 2018<\/strong><\/span><\/h5>\n<p>j\u2019en ai profit\u00e9 pour casser la tirelire, je me suis port\u00e9 acqu\u00e9reur de clips de greffage avec emplacement tuteur \u2026 une centaine en Diam\u00e8tre 2mm et une centaine en Diam\u00e8tre 2.5mm<br \/>\navec l\u2019achat de 100 graines de porte greffe Arnold \u2026 le tout pour moins de 50 Euros, ce qui compar\u00e9 au site ou j\u2019achetais pr\u00e9c\u00e9demment me fait gagner entre 20 et 25% ..<\/p>\n<h5><span style=\"color: #ff00ff;\"><strong>29 janvier 2018<\/strong><\/span><\/h5>\n<p>aujourd\u2019hui \u2026. j\u2019ai sem\u00e9 70 porte greffes de tomates \u2026<br \/>\n35 Arnold et 35 Petit Moineau<\/p>\n<p>les semis ont \u00e9t\u00e9 fait en mottes \u2026 \u00e0 l\u2019aide des presses mottes achet\u00e9s l\u2019automne dernier.<\/p>\n<p>nous allons bien voir ce que cela va donner<\/p>\n<p><img loading=\"lazy\" decoding=\"async\" class=\"alignnone size-full wp-image-1693\" src=\"https:\/\/84310.fr\/jardin-morierois\/wp-content\/uploads\/2018\/01\/DSCN5797.jpg\" sizes=\"auto, (max-width: 1000px) 100vw, 1000px\" srcset=\"https:\/\/84310.fr\/jardin-morierois\/wp-content\/uploads\/2018\/01\/DSCN5797.jpg 1000w, https:\/\/84310.fr\/jardin-morierois\/wp-content\/uploads\/2018\/01\/DSCN5797-300x225.jpg 300w, https:\/\/84310.fr\/jardin-morierois\/wp-content\/uploads\/2018\/01\/DSCN5797-768x576.jpg 768w\" alt=\"\" width=\"1000\" height=\"750\" \/><\/p>\n<p>\u00e0 noter : depuis quelques jours, j\u2019ai retir\u00e9 les semis d\u2019\u0153illets d\u2019inde et de basilics de derri\u00e8re la baie vitr\u00e9e, la temp\u00e9rature monte par moment au del\u00e0 des 35\u00b0, en quelques jours plus d\u2019une dizaine de graines sont d\u00e9j\u00e0 sorties, cela pousse trop vite.<\/p>\n<p>les 70 graines de porte greffe sont mis au m\u00eame endroit que les semis pr\u00e9c\u00e9dents, dans un cabanon non chauff\u00e9 , derri\u00e8re les fen\u00eatres, avec des temp\u00e9ratures plus fraiches qu\u2019avant, mais pas aussi froides que dehors. cette ann\u00e9e, les graines vont prendre leur temps pour pousser.<\/p>\n<h5><span style=\"color: #ff00ff;\"><strong>30 janvier 2018<\/strong><\/span><\/h5>\n<p>Aujourd&rsquo;hui, deux plaques de porte greffe ont \u00e9t\u00e9 sem\u00e9es, soit 54 graines de Petit Moineau et 54 graines d&rsquo;Arnold.<br \/>\n<img loading=\"lazy\" decoding=\"async\" class=\"alignnone size-full wp-image-1700\" src=\"https:\/\/84310.fr\/jardin-morierois\/wp-content\/uploads\/2018\/01\/DSCN5805.jpg\" alt=\"\" width=\"750\" height=\"1000\" srcset=\"https:\/\/84310.fr\/jardin-morierois\/wp-content\/uploads\/2018\/01\/DSCN5805.jpg 750w, https:\/\/84310.fr\/jardin-morierois\/wp-content\/uploads\/2018\/01\/DSCN5805-225x300.jpg 225w\" sizes=\"auto, (max-width: 750px) 100vw, 750px\" \/><\/p>\n<p>Cela porte pour l&rsquo;instant \u00e0 89 graines de chaque vari\u00e9t\u00e9.<\/p>\n<h5><span style=\"color: #ff00ff;\"><strong>11 F\u00e9vrier 2018<\/strong><\/span><\/h5>\n<p>J&rsquo;ai fini mes graines de porte greffe achet\u00e9es, Arnold il m&rsquo;en restait 11 et je les ai mises en motte. j&rsquo;en ai fait de m\u00eame pour 11 mottes de petit moineau.<\/p>\n<p><img loading=\"lazy\" decoding=\"async\" class=\"alignnone size-full wp-image-1761\" src=\"https:\/\/84310.fr\/jardin-morierois\/wp-content\/uploads\/2018\/02\/DSCN5882.jpg\" alt=\"\" width=\"800\" height=\"600\" srcset=\"https:\/\/84310.fr\/jardin-morierois\/wp-content\/uploads\/2018\/02\/DSCN5882.jpg 800w, https:\/\/84310.fr\/jardin-morierois\/wp-content\/uploads\/2018\/02\/DSCN5882-300x225.jpg 300w, https:\/\/84310.fr\/jardin-morierois\/wp-content\/uploads\/2018\/02\/DSCN5882-768x576.jpg 768w\" sizes=\"auto, (max-width: 800px) 100vw, 800px\" \/><\/p>\n<p>Cela fait exactement 100 graines de porte greffe Arnold et 100 de Petit Moineau.<\/p>\n<h5><span style=\"color: #ff00ff;\"><strong>12 F\u00e9vrier 2018<\/strong><\/span><\/h5>\n<p>premi\u00e8res sorties &#8230;les premiers semis de porte greffe pointent leurs feuilles. la plaque d\u2019Arnold a \u00e9t\u00e9 la premi\u00e8re a d\u00e9marrer. les Petits Moineaux n\u2019ont pour l\u2019instant pas encore donn\u00e9 signe de vie v\u00e9g\u00e9tale.<\/p>\n<p>A noter que les mottes n&rsquo;ont pas boug\u00e9, mais le temps frais qu&rsquo;il y a dans le cabanon n&rsquo;a pas motiv\u00e9 l&rsquo;\u00e9volution. les plaques ont b\u00e9n\u00e9fici\u00e9 ces derniers jours d&rsquo;un peu plus de chaleur de la baie vitr\u00e9e. ( je les ai mises il y a quelques jours \u00e0 peine )<\/p>\n<h5><span style=\"color: #ff00ff;\"><strong>15 Mars 2018<\/strong><\/span><\/h5>\n<p>Il y a quelques semaines, j&rsquo;ai voulu ralentir la croissance de mes porte greffe Arnold en les mettant dans un climat moins chaud dans le cabanon.. h\u00e9las une journ\u00e9e ensoleill\u00e9e a r\u00e9duit presque \u00e0 n\u00e9ant les plants qui avaient pourtant bien d\u00e9but\u00e9 , sur 54 pouces, 47 n&rsquo;ont pas surv\u00e9cu \u00e0 ce coup de soleil surpuissant.<\/p>\n<p>les reste des plants a bien pouss\u00e9, j&rsquo;ai du re semer des petits moineaux pour avoir un nombre suffisant de porte greffe.<\/p>\n<p><img loading=\"lazy\" decoding=\"async\" class=\"alignnone size-full wp-image-1809\" src=\"https:\/\/84310.fr\/jardin-morierois\/wp-content\/uploads\/2018\/03\/DSCN5955.jpg\" alt=\"\" width=\"1000\" height=\"750\" srcset=\"https:\/\/84310.fr\/jardin-morierois\/wp-content\/uploads\/2018\/03\/DSCN5955.jpg 1000w, https:\/\/84310.fr\/jardin-morierois\/wp-content\/uploads\/2018\/03\/DSCN5955-300x225.jpg 300w, https:\/\/84310.fr\/jardin-morierois\/wp-content\/uploads\/2018\/03\/DSCN5955-768x576.jpg 768w\" sizes=\"auto, (max-width: 1000px) 100vw, 1000px\" \/><\/p>\n<p>pour l&rsquo;instant, 66 porte greffe ont \u00e9t\u00e9 mis en godet, 43 Arnold restants et 23 plus gros petit moineaux. par manque de place et de plants suffisamment important, je n&rsquo;ai pas pu en faire plus<\/p>\n<h5><span style=\"color: #ff00ff;\"><strong>1er Avril 2018<\/strong><\/span><\/h5>\n<p>.<\/p>\n<p>Les semaines suivantes ont vu le nombre de godets augmenter fortement. les derni\u00e8res plaques contenant les plant de tomates sont d\u00e9sormais vid\u00e9es et pr\u00e9par\u00e9es pour les cultures \u00e0 venir ( salades, betteraves rouges etc&#8230; )<\/p>\n<h5><span style=\"color: #ff00ff;\"><strong>7 Avril 2018<\/strong><\/span><\/h5>\n<p>Premi\u00e8re campagne de greffe, cette ann\u00e9e, les petites mains qui s&rsquo;appliquaient \u00e0 efectuer les greffes sont occup\u00e9es autre part. peut \u00eatre que d&rsquo;ici quelques jours, j&rsquo;aurai un peu d&rsquo;aide pour cette d\u00e9licate op\u00e9ration. ce jour, 20 Greffes ont \u00e9t\u00e9 r\u00e9alis\u00e9es.<br \/>\n<strong><span style=\"color: #800080;\">A noter : cette ann\u00e9e, dans un souci d&rsquo;optimisation de l&rsquo;humidit\u00e9, les fonds des bacs ont \u00e9t\u00e9 condamn\u00e9s \u00e0 l&rsquo;aide de mastic colle. une petite \u00e9paisseur d&rsquo;eau repose donc au fond de chaque bac, pour garder un maximum d&rsquo;humidit\u00e9, et \u00e9viter d\u2019endommager les plants greff\u00e9s en les arrosant, comme cela m&rsquo;est d\u00e9j\u00e0 arriv\u00e9 lors de mes pr\u00e9c\u00e9dentes ann\u00e9es de greffe.<\/span><\/strong><\/p>\n<p><img loading=\"lazy\" decoding=\"async\" class=\"alignnone size-full wp-image-1926\" src=\"https:\/\/84310.fr\/jardin-morierois\/wp-content\/uploads\/2018\/04\/DSCN6088.jpg\" alt=\"\" width=\"1000\" height=\"750\" srcset=\"https:\/\/84310.fr\/jardin-morierois\/wp-content\/uploads\/2018\/04\/DSCN6088.jpg 1000w, https:\/\/84310.fr\/jardin-morierois\/wp-content\/uploads\/2018\/04\/DSCN6088-300x225.jpg 300w, https:\/\/84310.fr\/jardin-morierois\/wp-content\/uploads\/2018\/04\/DSCN6088-768x576.jpg 768w\" sizes=\"auto, (max-width: 1000px) 100vw, 1000px\" \/><\/p>\n<p>Les greffes sont mises dans de grands bacs \u00e0 poissons en polystyr\u00e8ne. Il en rentre 20 gros godets circulaires.<img loading=\"lazy\" decoding=\"async\" class=\"alignnone size-full wp-image-1927\" src=\"https:\/\/84310.fr\/jardin-morierois\/wp-content\/uploads\/2018\/04\/DSCN6089.jpg\" alt=\"\" width=\"1000\" height=\"750\" srcset=\"https:\/\/84310.fr\/jardin-morierois\/wp-content\/uploads\/2018\/04\/DSCN6089.jpg 1000w, https:\/\/84310.fr\/jardin-morierois\/wp-content\/uploads\/2018\/04\/DSCN6089-300x225.jpg 300w, https:\/\/84310.fr\/jardin-morierois\/wp-content\/uploads\/2018\/04\/DSCN6089-768x576.jpg 768w\" sizes=\"auto, (max-width: 1000px) 100vw, 1000px\" \/><br \/>\nUn bac dont le fond a \u00e9t\u00e9 supprim\u00e9 et remplac\u00e9 par un sac plastique modifi\u00e9 permet de faire l&rsquo;effet de serre recherch\u00e9,<\/p>\n<p><img loading=\"lazy\" decoding=\"async\" class=\"alignnone size-full wp-image-1928\" src=\"https:\/\/84310.fr\/jardin-morierois\/wp-content\/uploads\/2018\/04\/DSCN6090.jpg\" alt=\"\" width=\"1000\" height=\"750\" srcset=\"https:\/\/84310.fr\/jardin-morierois\/wp-content\/uploads\/2018\/04\/DSCN6090.jpg 1000w, https:\/\/84310.fr\/jardin-morierois\/wp-content\/uploads\/2018\/04\/DSCN6090-300x225.jpg 300w, https:\/\/84310.fr\/jardin-morierois\/wp-content\/uploads\/2018\/04\/DSCN6090-768x576.jpg 768w\" sizes=\"auto, (max-width: 1000px) 100vw, 1000px\" \/><br \/>\nUn couvercle est pos\u00e9 sur le tout pour garder un maximum d&rsquo;obscurit\u00e9 pendant quelques jours.<br \/>\ntous les jours, les greffes sont d\u00e9couvertes puis humidifi\u00e9es l\u00e9g\u00e8rement \u00e0 l&rsquo;aide d&rsquo;un pulv\u00e9risateur.<br \/>\nQuantit\u00e9 greff\u00e9e =&gt; 20<\/p>\n<h5><span style=\"color: #ff00ff;\"><strong>8er Avril 2018<\/strong><\/span><\/h5>\n<p><img loading=\"lazy\" decoding=\"async\" class=\"alignnone size-full wp-image-1929\" src=\"https:\/\/84310.fr\/jardin-morierois\/wp-content\/uploads\/2018\/04\/DSCN6091.jpg\" alt=\"\" width=\"1000\" height=\"750\" srcset=\"https:\/\/84310.fr\/jardin-morierois\/wp-content\/uploads\/2018\/04\/DSCN6091.jpg 1000w, https:\/\/84310.fr\/jardin-morierois\/wp-content\/uploads\/2018\/04\/DSCN6091-300x225.jpg 300w, https:\/\/84310.fr\/jardin-morierois\/wp-content\/uploads\/2018\/04\/DSCN6091-768x576.jpg 768w\" sizes=\"auto, (max-width: 1000px) 100vw, 1000px\" \/><\/p>\n<p>Ce jour, on continue doucement mais surement avec 20nouvelles greffes<br \/>\nQuantit\u00e9 greff\u00e9e =&gt; 40<\/p>\n<h5><span style=\"color: #ff00ff;\"><strong>9 Avril 2018<\/strong><\/span><\/h5>\n<p><img loading=\"lazy\" decoding=\"async\" class=\"alignnone size-full wp-image-1930\" src=\"https:\/\/84310.fr\/jardin-morierois\/wp-content\/uploads\/2018\/04\/DSCN6093.jpg\" alt=\"\" width=\"1000\" height=\"576\" srcset=\"https:\/\/84310.fr\/jardin-morierois\/wp-content\/uploads\/2018\/04\/DSCN6093.jpg 1000w, https:\/\/84310.fr\/jardin-morierois\/wp-content\/uploads\/2018\/04\/DSCN6093-300x173.jpg 300w, https:\/\/84310.fr\/jardin-morierois\/wp-content\/uploads\/2018\/04\/DSCN6093-768x442.jpg 768w\" sizes=\"auto, (max-width: 1000px) 100vw, 1000px\" \/><\/p>\n<p>Encore 20 greffes de plus pour aujourd&rsquo;hui !!!<br \/>\nQuantit\u00e9 greff\u00e9e =&gt; 60<\/p>\n<h5><span style=\"color: #ff00ff;\"><strong>14 Avril 2018<\/strong><\/span><\/h5>\n<p><img loading=\"lazy\" decoding=\"async\" class=\"alignnone size-full wp-image-1937\" src=\"https:\/\/84310.fr\/jardin-morierois\/wp-content\/uploads\/2018\/04\/DSCN6114.jpg\" alt=\"\" width=\"1000\" height=\"750\" srcset=\"https:\/\/84310.fr\/jardin-morierois\/wp-content\/uploads\/2018\/04\/DSCN6114.jpg 1000w, https:\/\/84310.fr\/jardin-morierois\/wp-content\/uploads\/2018\/04\/DSCN6114-300x225.jpg 300w, https:\/\/84310.fr\/jardin-morierois\/wp-content\/uploads\/2018\/04\/DSCN6114-768x576.jpg 768w\" sizes=\"auto, (max-width: 1000px) 100vw, 1000px\" \/><\/p>\n<p>Encore 20 greffes de plus pour aujourd&rsquo;hui !!!<br \/>\nQuantit\u00e9 greff\u00e9e =&gt; 80<\/p>\n<h5><span style=\"color: #ff00ff;\"><strong>28 Avril 2018<\/strong><\/span><\/h5>\n<p>Mauvaise nouvelle pour les greffes 2018 &#8230; je ne sais pas ou \u00e7a a foir\u00e9&#8230;. est ce le pulv\u00e9risateur d&rsquo;eau qui sentait un peu l&rsquo;ancien produit qui \u00e9tait dedans? , est ce fait d&rsquo;avoir bouch\u00e9 les trous d&rsquo;\u00e9vacuation d&rsquo;eau des bacs ? trop d&rsquo;humidit\u00e9 ? est ce le fait de ne pas avoir mis de bouteilles pour faire office de serre comme les ann\u00e9es pr\u00e9c\u00e9dentes ?<br \/>\nJ&rsquo;avais pourtant mis toutes les chances de mon cot\u00e9, achat de nouvelles pinces \u00e0 greffes, et st\u00e9rilisation syst\u00e9matique des outils \u00e0 chaque greffe &#8230;<\/p>\n<p><img loading=\"lazy\" decoding=\"async\" class=\"alignnone size-full wp-image-1950\" src=\"https:\/\/84310.fr\/jardin-morierois\/wp-content\/uploads\/2018\/04\/DSCN6129.jpg\" alt=\"\" width=\"1000\" height=\"750\" srcset=\"https:\/\/84310.fr\/jardin-morierois\/wp-content\/uploads\/2018\/04\/DSCN6129.jpg 1000w, https:\/\/84310.fr\/jardin-morierois\/wp-content\/uploads\/2018\/04\/DSCN6129-300x225.jpg 300w, https:\/\/84310.fr\/jardin-morierois\/wp-content\/uploads\/2018\/04\/DSCN6129-768x576.jpg 768w\" sizes=\"auto, (max-width: 1000px) 100vw, 1000px\" \/><\/p>\n<p>L\u2019h\u00e9catombe des greffes, pourtant certaines plantes poussent quand m\u00eame ..<img loading=\"lazy\" decoding=\"async\" class=\"alignnone size-full wp-image-1951\" src=\"https:\/\/84310.fr\/jardin-morierois\/wp-content\/uploads\/2018\/04\/DSCN6130.jpg\" alt=\"\" width=\"1000\" height=\"750\" srcset=\"https:\/\/84310.fr\/jardin-morierois\/wp-content\/uploads\/2018\/04\/DSCN6130.jpg 1000w, https:\/\/84310.fr\/jardin-morierois\/wp-content\/uploads\/2018\/04\/DSCN6130-300x225.jpg 300w, https:\/\/84310.fr\/jardin-morierois\/wp-content\/uploads\/2018\/04\/DSCN6130-768x576.jpg 768w\" sizes=\"auto, (max-width: 1000px) 100vw, 1000px\" \/><\/p>\n<p>c&rsquo;est d\u00e9moralisant &#8230; apr\u00e8s tout le temps, la surveillance, l&rsquo;entretien &#8230;<img loading=\"lazy\" decoding=\"async\" class=\"alignnone size-full wp-image-1952\" src=\"https:\/\/84310.fr\/jardin-morierois\/wp-content\/uploads\/2018\/04\/DSCN6131.jpg\" alt=\"\" width=\"1000\" height=\"750\" srcset=\"https:\/\/84310.fr\/jardin-morierois\/wp-content\/uploads\/2018\/04\/DSCN6131.jpg 1000w, https:\/\/84310.fr\/jardin-morierois\/wp-content\/uploads\/2018\/04\/DSCN6131-300x225.jpg 300w, https:\/\/84310.fr\/jardin-morierois\/wp-content\/uploads\/2018\/04\/DSCN6131-768x576.jpg 768w\" sizes=\"auto, (max-width: 1000px) 100vw, 1000px\" \/><\/p>\n<p>Une partie des \u00a0\u00bb cadavres \u00a0\u00bb &#8230;<br \/>\n\u00e0 ce jour, 79% de perte &#8230;. il ne reste plus que 17 survivantes sur 80 &#8230; et le chiffre n&rsquo;est pas d\u00e9finitif&#8230;<\/p>\n<h5><span style=\"color: #ff00ff;\"><strong>18 Mai 2018<\/strong><\/span><\/h5>\n<p>il ne reste que 15 Greff\u00e9es soit plus de 81% de pertes&#8230;.<\/p>\n<p>Ce jour, les 15 survivantes ont \u00e9t\u00e9 mises en terre, 12 dans la grande ligne, et 3 autres dans l&rsquo;espace permaculture, sur un tepee avec deux autres plants non greff\u00e9s.<br \/>\nIl me reste cependant, une dizaine de boutures de porte greffe Arnold que j&rsquo;avais conserv\u00e9 dans un bocal d&rsquo;eau, puis rempot\u00e9s quand les racines furent en nombre suffisant. il n&rsquo;est pas impossible que d&rsquo;ici quelques jours, je me laisse tenter par une ultime s\u00e9ance de greffe, vu qu&rsquo;il me reste aussi des plants de tomates en surplus.<\/p>\n<h5><span style=\"color: #ff00ff;\"><strong>19 Mai 2018<\/strong><\/span><\/h5>\n<p><img loading=\"lazy\" decoding=\"async\" class=\"alignnone size-full wp-image-2056\" src=\"https:\/\/84310.fr\/jardin-morierois\/wp-content\/uploads\/2018\/05\/DSCN6371.jpg\" alt=\"\" width=\"1000\" height=\"750\" srcset=\"https:\/\/84310.fr\/jardin-morierois\/wp-content\/uploads\/2018\/05\/DSCN6371.jpg 1000w, https:\/\/84310.fr\/jardin-morierois\/wp-content\/uploads\/2018\/05\/DSCN6371-300x225.jpg 300w, https:\/\/84310.fr\/jardin-morierois\/wp-content\/uploads\/2018\/05\/DSCN6371-768x576.jpg 768w\" sizes=\"auto, (max-width: 1000px) 100vw, 1000px\" \/><br \/>\nUltime s\u00e9ance de greffe pour la saison 2018. 17 greffes de plus toutes faites en fente.<br \/>\n17 hauts portes greffes que j&rsquo;avais mis dans un bocal rempli d&rsquo;eau apr\u00e8s avoir effectu\u00e9 une session de greffe, qui ont refait des racines et que j&rsquo;ai replant\u00e9 dans des godets ronds \u00e0 porte greffe. verdict dans quelques semaines.<\/p>\n","protected":false},"excerpt":{"rendered":"<p>15 janvier 2018 j\u2019en ai profit\u00e9 pour casser la tirelire, je me suis port\u00e9 acqu\u00e9reur de clips de greffage avec emplacement tuteur \u2026 une centaine en Diam\u00e8tre 2mm et une centaine en Diam\u00e8tre 2.5mm avec l\u2019achat de 100 graines de&hellip; <\/p>\n","protected":false},"author":1,"featured_media":0,"parent":0,"menu_order":0,"comment_status":"closed","ping_status":"closed","template":"","meta":{"_exactmetrics_skip_tracking":false,"_exactmetrics_sitenote_active":false,"_exactmetrics_sitenote_note":"","_exactmetrics_sitenote_category":0,"footnotes":""},"class_list":["post-1584","page","type-page","status-publish","hentry"],"_links":{"self":[{"href":"https:\/\/84310.fr\/jardin-morierois\/wp-json\/wp\/v2\/pages\/1584","targetHints":{"allow":["GET"]}}],"collection":[{"href":"https:\/\/84310.fr\/jardin-morierois\/wp-json\/wp\/v2\/pages"}],"about":[{"href":"https:\/\/84310.fr\/jardin-morierois\/wp-json\/wp\/v2\/types\/page"}],"author":[{"embeddable":true,"href":"https:\/\/84310.fr\/jardin-morierois\/wp-json\/wp\/v2\/users\/1"}],"replies":[{"embeddable":true,"href":"https:\/\/84310.fr\/jardin-morierois\/wp-json\/wp\/v2\/comments?post=1584"}],"version-history":[{"count":14,"href":"https:\/\/84310.fr\/jardin-morierois\/wp-json\/wp\/v2\/pages\/1584\/revisions"}],"predecessor-version":[{"id":2058,"href":"https:\/\/84310.fr\/jardin-morierois\/wp-json\/wp\/v2\/pages\/1584\/revisions\/2058"}],"wp:attachment":[{"href":"https:\/\/84310.fr\/jardin-morierois\/wp-json\/wp\/v2\/media?parent=1584"}],"curies":[{"name":"wp","href":"https:\/\/api.w.org\/{rel}","templated":true}]}}