{"id":1581,"date":"2018-01-06T18:42:49","date_gmt":"2018-01-06T17:42:49","guid":{"rendered":"http:\/\/84310.fr\/jardin-morierois\/?page_id=1581"},"modified":"2018-01-23T22:12:42","modified_gmt":"2018-01-23T21:12:42","slug":"etat-des-lieux-janvier-2018","status":"publish","type":"page","link":"https:\/\/84310.fr\/jardin-morierois\/etat-des-lieux-janvier-2018\/","title":{"rendered":"Etat des Lieux Janvier 2018"},"content":{"rendered":"<h4 style=\"text-align: center;\"><span style=\"color: #cc99ff;\"><strong>\u00c9TAT DES LIEUX DU JARDIN JANVIER 2018<br \/>\n<\/strong><\/span><\/h4>\n<p style=\"text-align: center;\">En ce mois de Janvier, encore quelques traces de v\u00e9g\u00e9tation au jardin<\/p>\n<p><img loading=\"lazy\" decoding=\"async\" class=\"alignnone size-full wp-image-1630\" src=\"https:\/\/84310.fr\/jardin-morierois\/wp-content\/uploads\/2018\/01\/DSCN5715.jpg\" alt=\"\" width=\"1000\" height=\"750\" srcset=\"https:\/\/84310.fr\/jardin-morierois\/wp-content\/uploads\/2018\/01\/DSCN5715.jpg 1000w, https:\/\/84310.fr\/jardin-morierois\/wp-content\/uploads\/2018\/01\/DSCN5715-300x225.jpg 300w, https:\/\/84310.fr\/jardin-morierois\/wp-content\/uploads\/2018\/01\/DSCN5715-768x576.jpg 768w\" sizes=\"auto, (max-width: 1000px) 100vw, 1000px\" \/><\/p>\n<p>Il reste en grande majorit\u00e9 des salades, certaines que j&rsquo;ai mis sous serre car trop petites et une crainte de gel ces derni\u00e8res semaines.<\/p>\n<p><img loading=\"lazy\" decoding=\"async\" class=\"alignnone size-full wp-image-1631\" src=\"https:\/\/84310.fr\/jardin-morierois\/wp-content\/uploads\/2018\/01\/DSCN5716.jpg\" alt=\"\" width=\"1000\" height=\"750\" srcset=\"https:\/\/84310.fr\/jardin-morierois\/wp-content\/uploads\/2018\/01\/DSCN5716.jpg 1000w, https:\/\/84310.fr\/jardin-morierois\/wp-content\/uploads\/2018\/01\/DSCN5716-300x225.jpg 300w, https:\/\/84310.fr\/jardin-morierois\/wp-content\/uploads\/2018\/01\/DSCN5716-768x576.jpg 768w\" sizes=\"auto, (max-width: 1000px) 100vw, 1000px\" \/><br \/>\nQuelques radis , un peu de m\u00e2che noy\u00e9e sous un \u00e9pais manteau d&rsquo;adventices.<img loading=\"lazy\" decoding=\"async\" class=\"alignnone size-full wp-image-1632\" src=\"https:\/\/84310.fr\/jardin-morierois\/wp-content\/uploads\/2018\/01\/DSCN5717.jpg\" alt=\"\" width=\"1000\" height=\"750\" srcset=\"https:\/\/84310.fr\/jardin-morierois\/wp-content\/uploads\/2018\/01\/DSCN5717.jpg 1000w, https:\/\/84310.fr\/jardin-morierois\/wp-content\/uploads\/2018\/01\/DSCN5717-300x225.jpg 300w, https:\/\/84310.fr\/jardin-morierois\/wp-content\/uploads\/2018\/01\/DSCN5717-768x576.jpg 768w\" sizes=\"auto, (max-width: 1000px) 100vw, 1000px\" \/><br \/>\nEncore des salades, quelques betteraves rouges, que nous mangeons petit \u00e0 petit,\u00a0 Au centre, une bande de salade qui fut un lieu de test,\u00a0 ou j&rsquo;ai mis toutes les vieilles graines mit\u00e9es, ou les graines trop anciennes retrouv\u00e9es au fond de divers vieux paquets ou boites diverses. perdu pour perdu, autant que cela soit dans le jardin. Finalement, une large bande s&rsquo;est mise \u00e0 pousser, et pour a\u00e9rer cet espace, j&rsquo;ai pr\u00e9lev\u00e9 pas mal de plans que j&rsquo;ai transplant\u00e9 dans divers endroits libres.<img loading=\"lazy\" decoding=\"async\" class=\"alignnone size-full wp-image-1633\" src=\"https:\/\/84310.fr\/jardin-morierois\/wp-content\/uploads\/2018\/01\/DSCN5718.jpg\" alt=\"\" width=\"1000\" height=\"750\" srcset=\"https:\/\/84310.fr\/jardin-morierois\/wp-content\/uploads\/2018\/01\/DSCN5718.jpg 1000w, https:\/\/84310.fr\/jardin-morierois\/wp-content\/uploads\/2018\/01\/DSCN5718-300x225.jpg 300w, https:\/\/84310.fr\/jardin-morierois\/wp-content\/uploads\/2018\/01\/DSCN5718-768x576.jpg 768w\" sizes=\"auto, (max-width: 1000px) 100vw, 1000px\" \/><br \/>\nles derniers choux Pet sa\u00ef, mis ici pour ne pas les jeter, ils donneront ce qu&rsquo;ils donneront&#8230;.<br \/>\nquelque rares poireaux, sur deux raies, il ne doit pas en rester plus de 5 ou 6 &#8230; gros \u00e9chec !<br \/>\n<img loading=\"lazy\" decoding=\"async\" class=\"alignnone size-full wp-image-1634\" src=\"https:\/\/84310.fr\/jardin-morierois\/wp-content\/uploads\/2018\/01\/DSCN5719.jpg\" alt=\"\" width=\"1000\" height=\"1333\" srcset=\"https:\/\/84310.fr\/jardin-morierois\/wp-content\/uploads\/2018\/01\/DSCN5719.jpg 1000w, https:\/\/84310.fr\/jardin-morierois\/wp-content\/uploads\/2018\/01\/DSCN5719-225x300.jpg 225w, https:\/\/84310.fr\/jardin-morierois\/wp-content\/uploads\/2018\/01\/DSCN5719-768x1024.jpg 768w\" sizes=\"auto, (max-width: 1000px) 100vw, 1000px\" \/><br \/>\nLe temps que la nouvelle bute se fasse &#8230; nous y avons positionn\u00e9 des salades, qui commencent \u00e0 bien pousser. <img loading=\"lazy\" decoding=\"async\" class=\"alignnone size-full wp-image-1636\" src=\"https:\/\/84310.fr\/jardin-morierois\/wp-content\/uploads\/2018\/01\/DSCN5720.jpg\" alt=\"\" width=\"1000\" height=\"1333\" srcset=\"https:\/\/84310.fr\/jardin-morierois\/wp-content\/uploads\/2018\/01\/DSCN5720.jpg 1000w, https:\/\/84310.fr\/jardin-morierois\/wp-content\/uploads\/2018\/01\/DSCN5720-225x300.jpg 225w, https:\/\/84310.fr\/jardin-morierois\/wp-content\/uploads\/2018\/01\/DSCN5720-768x1024.jpg 768w\" sizes=\"auto, (max-width: 1000px) 100vw, 1000px\" \/><br \/>\nLa premi\u00e8re Bute ne d\u00e9semplit pas, C\u00f4tes de blettes, Navets, Radis noirs, Betterave rouge, Salades et bien sur pas mal de choux Pet Sa\u00ef qui montent beaucoup en fleur.<br \/>\n<img loading=\"lazy\" decoding=\"async\" class=\"alignnone size-full wp-image-1637\" src=\"https:\/\/84310.fr\/jardin-morierois\/wp-content\/uploads\/2018\/01\/DSCN5721.jpg\" alt=\"\" width=\"1000\" height=\"1333\" srcset=\"https:\/\/84310.fr\/jardin-morierois\/wp-content\/uploads\/2018\/01\/DSCN5721.jpg 1000w, https:\/\/84310.fr\/jardin-morierois\/wp-content\/uploads\/2018\/01\/DSCN5721-225x300.jpg 225w, https:\/\/84310.fr\/jardin-morierois\/wp-content\/uploads\/2018\/01\/DSCN5721-768x1024.jpg 768w\" sizes=\"auto, (max-width: 1000px) 100vw, 1000px\" \/><br \/>\nLe coin Ph\u00e9noculture, se pr\u00e9pare doucement pour la saison \u00e0 venir. <img loading=\"lazy\" decoding=\"async\" class=\"alignnone size-full wp-image-1639\" src=\"https:\/\/84310.fr\/jardin-morierois\/wp-content\/uploads\/2018\/01\/DSCN5723.jpg\" alt=\"\" width=\"1000\" height=\"1333\" srcset=\"https:\/\/84310.fr\/jardin-morierois\/wp-content\/uploads\/2018\/01\/DSCN5723.jpg 1000w, https:\/\/84310.fr\/jardin-morierois\/wp-content\/uploads\/2018\/01\/DSCN5723-225x300.jpg 225w, https:\/\/84310.fr\/jardin-morierois\/wp-content\/uploads\/2018\/01\/DSCN5723-768x1024.jpg 768w\" sizes=\"auto, (max-width: 1000px) 100vw, 1000px\" \/><br \/>\nL&rsquo;ancien emplacement\u00a0 des tomates, actuellement occup\u00e9 par des choux Pet Sa\u00ef et diverses salades qui furent repiqu\u00e9es de la bande de test des vielles graines.<br \/>\n<img loading=\"lazy\" decoding=\"async\" class=\"alignnone size-full wp-image-1638\" src=\"https:\/\/84310.fr\/jardin-morierois\/wp-content\/uploads\/2018\/01\/DSCN5722.jpg\" alt=\"\" width=\"1000\" height=\"750\" srcset=\"https:\/\/84310.fr\/jardin-morierois\/wp-content\/uploads\/2018\/01\/DSCN5722.jpg 1000w, https:\/\/84310.fr\/jardin-morierois\/wp-content\/uploads\/2018\/01\/DSCN5722-300x225.jpg 300w, https:\/\/84310.fr\/jardin-morierois\/wp-content\/uploads\/2018\/01\/DSCN5722-768x576.jpg 768w\" sizes=\"auto, (max-width: 1000px) 100vw, 1000px\" \/><br \/>\nUn petit clos de salades diverses, au bout de la rang\u00e9e des choux<img loading=\"lazy\" decoding=\"async\" class=\"alignnone size-full wp-image-1640\" src=\"https:\/\/84310.fr\/jardin-morierois\/wp-content\/uploads\/2018\/01\/DSCN5724.jpg\" alt=\"\" width=\"1000\" height=\"750\" srcset=\"https:\/\/84310.fr\/jardin-morierois\/wp-content\/uploads\/2018\/01\/DSCN5724.jpg 1000w, https:\/\/84310.fr\/jardin-morierois\/wp-content\/uploads\/2018\/01\/DSCN5724-300x225.jpg 300w, https:\/\/84310.fr\/jardin-morierois\/wp-content\/uploads\/2018\/01\/DSCN5724-768x576.jpg 768w\" sizes=\"auto, (max-width: 1000px) 100vw, 1000px\" \/><br \/>\nJe la laisse grossir encore quelques jours, et puis &#8230;. Couic !!!<br \/>\n<img loading=\"lazy\" decoding=\"async\" class=\"alignnone size-full wp-image-1641\" src=\"https:\/\/84310.fr\/jardin-morierois\/wp-content\/uploads\/2018\/01\/DSCN5725.jpg\" alt=\"\" width=\"1000\" height=\"750\" srcset=\"https:\/\/84310.fr\/jardin-morierois\/wp-content\/uploads\/2018\/01\/DSCN5725.jpg 1000w, https:\/\/84310.fr\/jardin-morierois\/wp-content\/uploads\/2018\/01\/DSCN5725-300x225.jpg 300w, https:\/\/84310.fr\/jardin-morierois\/wp-content\/uploads\/2018\/01\/DSCN5725-768x576.jpg 768w\" sizes=\"auto, (max-width: 1000px) 100vw, 1000px\" \/><br \/>\nPareil pour celle l\u00e0 &#8230; un peu d&rsquo;ail, quelques lardons &#8230; et Miam !!!<\/p>\n<p>D&rsquo;ici quelques jours, nous aurons une centaine de salades pr\u00eates \u00e0 manger &#8230;.<\/p>\n","protected":false},"excerpt":{"rendered":"<p>\u00c9TAT DES LIEUX DU JARDIN JANVIER 2018 En ce mois de Janvier, encore quelques traces de v\u00e9g\u00e9tation au jardin Il reste en grande majorit\u00e9 des salades, certaines que j&rsquo;ai mis sous serre car trop petites et une crainte de gel&hellip; <\/p>\n","protected":false},"author":1,"featured_media":0,"parent":0,"menu_order":0,"comment_status":"closed","ping_status":"closed","template":"","meta":{"_exactmetrics_skip_tracking":false,"_exactmetrics_sitenote_active":false,"_exactmetrics_sitenote_note":"","_exactmetrics_sitenote_category":0,"footnotes":""},"class_list":["post-1581","page","type-page","status-publish","hentry"],"_links":{"self":[{"href":"https:\/\/84310.fr\/jardin-morierois\/wp-json\/wp\/v2\/pages\/1581","targetHints":{"allow":["GET"]}}],"collection":[{"href":"https:\/\/84310.fr\/jardin-morierois\/wp-json\/wp\/v2\/pages"}],"about":[{"href":"https:\/\/84310.fr\/jardin-morierois\/wp-json\/wp\/v2\/types\/page"}],"author":[{"embeddable":true,"href":"https:\/\/84310.fr\/jardin-morierois\/wp-json\/wp\/v2\/users\/1"}],"replies":[{"embeddable":true,"href":"https:\/\/84310.fr\/jardin-morierois\/wp-json\/wp\/v2\/comments?post=1581"}],"version-history":[{"count":5,"href":"https:\/\/84310.fr\/jardin-morierois\/wp-json\/wp\/v2\/pages\/1581\/revisions"}],"predecessor-version":[{"id":1644,"href":"https:\/\/84310.fr\/jardin-morierois\/wp-json\/wp\/v2\/pages\/1581\/revisions\/1644"}],"wp:attachment":[{"href":"https:\/\/84310.fr\/jardin-morierois\/wp-json\/wp\/v2\/media?parent=1581"}],"curies":[{"name":"wp","href":"https:\/\/api.w.org\/{rel}","templated":true}]}}