{"id":158,"date":"2016-03-04T22:54:52","date_gmt":"2016-03-04T21:54:52","guid":{"rendered":"http:\/\/84310.fr\/jardin-morierois\/?page_id=158"},"modified":"2016-11-14T20:44:11","modified_gmt":"2016-11-14T19:44:11","slug":"roma","status":"publish","type":"page","link":"https:\/\/84310.fr\/jardin-morierois\/roma\/","title":{"rendered":"ROMA"},"content":{"rendered":"<p>Tomates ROMA<\/p>\n<p>25 graines sem\u00e9es le 24 F\u00e9vrier<\/p>\n<p><span style=\"color: #3366ff;\"><strong>Total au 15\/06\/16<\/strong><\/span><\/p>\n<p>Greff\u00e9 =&gt; 4<br \/>\nNormales =&gt; 2<br \/>\nR\u00e9cup =&gt; 9<br \/>\nHexagone =&gt; 6<br \/>\nChez moi=&gt; 1<br \/>\n<img loading=\"lazy\" decoding=\"async\" class=\"alignnone size-full wp-image-713\" src=\"https:\/\/84310.fr\/jardin-morierois\/wp-content\/uploads\/2016\/03\/DSCN2556.jpg\" alt=\"DSCN2556\" width=\"800\" height=\"600\" srcset=\"https:\/\/84310.fr\/jardin-morierois\/wp-content\/uploads\/2016\/03\/DSCN2556.jpg 800w, https:\/\/84310.fr\/jardin-morierois\/wp-content\/uploads\/2016\/03\/DSCN2556-300x225.jpg 300w, https:\/\/84310.fr\/jardin-morierois\/wp-content\/uploads\/2016\/03\/DSCN2556-768x576.jpg 768w\" sizes=\"auto, (max-width: 800px) 100vw, 800px\" \/><br \/>\ndeux bouquets sur le m\u00eame plant &#8230;<br \/>\n<img loading=\"lazy\" decoding=\"async\" class=\"alignnone size-full wp-image-714\" src=\"https:\/\/84310.fr\/jardin-morierois\/wp-content\/uploads\/2016\/03\/DSCN2557.jpg\" alt=\"DSCN2557\" width=\"800\" height=\"600\" srcset=\"https:\/\/84310.fr\/jardin-morierois\/wp-content\/uploads\/2016\/03\/DSCN2557.jpg 800w, https:\/\/84310.fr\/jardin-morierois\/wp-content\/uploads\/2016\/03\/DSCN2557-300x225.jpg 300w, https:\/\/84310.fr\/jardin-morierois\/wp-content\/uploads\/2016\/03\/DSCN2557-768x576.jpg 768w\" sizes=\"auto, (max-width: 800px) 100vw, 800px\" \/><\/p>\n<h2 style=\"text-align: center;\"><span style=\"color: #ff0000;\"><strong>STATISTIQUES de la saison 2016<\/strong><\/span><\/h2>\n<p><img loading=\"lazy\" decoding=\"async\" class=\"alignnone size-full wp-image-932\" src=\"https:\/\/84310.fr\/jardin-morierois\/wp-content\/uploads\/2016\/03\/roma.jpg\" alt=\"roma\" width=\"711\" height=\"405\" srcset=\"https:\/\/84310.fr\/jardin-morierois\/wp-content\/uploads\/2016\/03\/roma.jpg 711w, https:\/\/84310.fr\/jardin-morierois\/wp-content\/uploads\/2016\/03\/roma-300x171.jpg 300w\" sizes=\"auto, (max-width: 711px) 100vw, 711px\" \/><\/p>\n<p>Roma &#8230;. un fiasco en d\u00e9but de saison, toutes avec les cul noirs &#8230; puis en fin de saison, les plants se sont r\u00e9veill\u00e9s, mais un peu tard car la plupart \u00e9taient d\u00e9j\u00e0 secs ..<\/p>\n<p><span style=\"color: #ff0000;\"><strong>ce n&rsquo;est pas une vari\u00e9t\u00e9 que je referai en 2017 &#8230;<\/strong><\/span><\/p>\n","protected":false},"excerpt":{"rendered":"<p>Tomates ROMA 25 graines sem\u00e9es le 24 F\u00e9vrier Total au 15\/06\/16 Greff\u00e9 =&gt; 4 Normales =&gt; 2 R\u00e9cup =&gt; 9 Hexagone =&gt; 6 Chez moi=&gt; 1 deux bouquets sur le m\u00eame plant &#8230; STATISTIQUES de la saison 2016 Roma &#8230;.&hellip; <\/p>\n","protected":false},"author":1,"featured_media":0,"parent":0,"menu_order":0,"comment_status":"closed","ping_status":"closed","template":"","meta":{"_exactmetrics_skip_tracking":false,"_exactmetrics_sitenote_active":false,"_exactmetrics_sitenote_note":"","_exactmetrics_sitenote_category":0,"footnotes":""},"class_list":["post-158","page","type-page","status-publish","hentry"],"_links":{"self":[{"href":"https:\/\/84310.fr\/jardin-morierois\/wp-json\/wp\/v2\/pages\/158","targetHints":{"allow":["GET"]}}],"collection":[{"href":"https:\/\/84310.fr\/jardin-morierois\/wp-json\/wp\/v2\/pages"}],"about":[{"href":"https:\/\/84310.fr\/jardin-morierois\/wp-json\/wp\/v2\/types\/page"}],"author":[{"embeddable":true,"href":"https:\/\/84310.fr\/jardin-morierois\/wp-json\/wp\/v2\/users\/1"}],"replies":[{"embeddable":true,"href":"https:\/\/84310.fr\/jardin-morierois\/wp-json\/wp\/v2\/comments?post=158"}],"version-history":[{"count":5,"href":"https:\/\/84310.fr\/jardin-morierois\/wp-json\/wp\/v2\/pages\/158\/revisions"}],"predecessor-version":[{"id":1013,"href":"https:\/\/84310.fr\/jardin-morierois\/wp-json\/wp\/v2\/pages\/158\/revisions\/1013"}],"wp:attachment":[{"href":"https:\/\/84310.fr\/jardin-morierois\/wp-json\/wp\/v2\/media?parent=158"}],"curies":[{"name":"wp","href":"https:\/\/api.w.org\/{rel}","templated":true}]}}