{"id":1509,"date":"2017-08-02T21:55:23","date_gmt":"2017-08-02T20:55:23","guid":{"rendered":"http:\/\/84310.fr\/jardin-morierois\/?page_id=1509"},"modified":"2017-08-02T21:55:23","modified_gmt":"2017-08-02T20:55:23","slug":"sacree-cocottes","status":"publish","type":"page","link":"https:\/\/84310.fr\/jardin-morierois\/sacree-cocottes\/","title":{"rendered":"Sacr\u00e9e Cocottes&#8230;"},"content":{"rendered":"<p>Cette Ann\u00e9e, nous avons fait chambre d&rsquo;h\u00f4te pour cocottes, des amis de la famille nous ont laiss\u00e9 leurs deux cocottes pendant leurs vacances, une a vraiment d\u00e9cid\u00e9 de se faire la belle \u00e0 la premi\u00e8re occasion, puis \u00e0 la deuxi\u00e8me, aussi \u00e0 la troisi\u00e8me &#8230; puis finalement \u00e0 toutes les occasions.<\/p>\n<p><img loading=\"lazy\" decoding=\"async\" class=\"alignnone size-full wp-image-1510\" src=\"https:\/\/84310.fr\/jardin-morierois\/wp-content\/uploads\/2017\/08\/DSCN4436.jpg\" alt=\"\" width=\"1333\" height=\"1000\" srcset=\"https:\/\/84310.fr\/jardin-morierois\/wp-content\/uploads\/2017\/08\/DSCN4436.jpg 1333w, https:\/\/84310.fr\/jardin-morierois\/wp-content\/uploads\/2017\/08\/DSCN4436-300x225.jpg 300w, https:\/\/84310.fr\/jardin-morierois\/wp-content\/uploads\/2017\/08\/DSCN4436-768x576.jpg 768w, https:\/\/84310.fr\/jardin-morierois\/wp-content\/uploads\/2017\/08\/DSCN4436-1024x768.jpg 1024w\" sizes=\"auto, (max-width: 1333px) 100vw, 1333px\" \/> <img loading=\"lazy\" decoding=\"async\" class=\"alignnone size-full wp-image-1511\" src=\"https:\/\/84310.fr\/jardin-morierois\/wp-content\/uploads\/2017\/08\/DSCN4437.jpg\" alt=\"\" width=\"1333\" height=\"1000\" srcset=\"https:\/\/84310.fr\/jardin-morierois\/wp-content\/uploads\/2017\/08\/DSCN4437.jpg 1333w, https:\/\/84310.fr\/jardin-morierois\/wp-content\/uploads\/2017\/08\/DSCN4437-300x225.jpg 300w, https:\/\/84310.fr\/jardin-morierois\/wp-content\/uploads\/2017\/08\/DSCN4437-768x576.jpg 768w, https:\/\/84310.fr\/jardin-morierois\/wp-content\/uploads\/2017\/08\/DSCN4437-1024x768.jpg 1024w\" sizes=\"auto, (max-width: 1333px) 100vw, 1333px\" \/> <img loading=\"lazy\" decoding=\"async\" class=\"alignnone size-full wp-image-1512\" src=\"https:\/\/84310.fr\/jardin-morierois\/wp-content\/uploads\/2017\/08\/DSCN4438.jpg\" alt=\"\" width=\"1333\" height=\"1000\" srcset=\"https:\/\/84310.fr\/jardin-morierois\/wp-content\/uploads\/2017\/08\/DSCN4438.jpg 1333w, https:\/\/84310.fr\/jardin-morierois\/wp-content\/uploads\/2017\/08\/DSCN4438-300x225.jpg 300w, https:\/\/84310.fr\/jardin-morierois\/wp-content\/uploads\/2017\/08\/DSCN4438-768x576.jpg 768w, https:\/\/84310.fr\/jardin-morierois\/wp-content\/uploads\/2017\/08\/DSCN4438-1024x768.jpg 1024w\" sizes=\"auto, (max-width: 1333px) 100vw, 1333px\" \/> <img loading=\"lazy\" decoding=\"async\" class=\"alignnone size-full wp-image-1513\" src=\"https:\/\/84310.fr\/jardin-morierois\/wp-content\/uploads\/2017\/08\/DSCN4439.jpg\" alt=\"\" width=\"1333\" height=\"1000\" srcset=\"https:\/\/84310.fr\/jardin-morierois\/wp-content\/uploads\/2017\/08\/DSCN4439.jpg 1333w, https:\/\/84310.fr\/jardin-morierois\/wp-content\/uploads\/2017\/08\/DSCN4439-300x225.jpg 300w, https:\/\/84310.fr\/jardin-morierois\/wp-content\/uploads\/2017\/08\/DSCN4439-768x576.jpg 768w, https:\/\/84310.fr\/jardin-morierois\/wp-content\/uploads\/2017\/08\/DSCN4439-1024x768.jpg 1024w\" sizes=\"auto, (max-width: 1333px) 100vw, 1333px\" \/><\/p>\n<p>c&rsquo;\u00e9tait finalement pour aller pondre tranquillement toute seule \u00e0 l&rsquo;endroit qui lui plaisait &#8230;<\/p>\n","protected":false},"excerpt":{"rendered":"<p>Cette Ann\u00e9e, nous avons fait chambre d&rsquo;h\u00f4te pour cocottes, des amis de la famille nous ont laiss\u00e9 leurs deux cocottes pendant leurs vacances, une a vraiment d\u00e9cid\u00e9 de se faire la belle \u00e0 la premi\u00e8re occasion, puis \u00e0 la deuxi\u00e8me,&hellip; <\/p>\n","protected":false},"author":1,"featured_media":0,"parent":0,"menu_order":0,"comment_status":"closed","ping_status":"closed","template":"","meta":{"_exactmetrics_skip_tracking":false,"_exactmetrics_sitenote_active":false,"_exactmetrics_sitenote_note":"","_exactmetrics_sitenote_category":0,"footnotes":""},"class_list":["post-1509","page","type-page","status-publish","hentry"],"_links":{"self":[{"href":"https:\/\/84310.fr\/jardin-morierois\/wp-json\/wp\/v2\/pages\/1509","targetHints":{"allow":["GET"]}}],"collection":[{"href":"https:\/\/84310.fr\/jardin-morierois\/wp-json\/wp\/v2\/pages"}],"about":[{"href":"https:\/\/84310.fr\/jardin-morierois\/wp-json\/wp\/v2\/types\/page"}],"author":[{"embeddable":true,"href":"https:\/\/84310.fr\/jardin-morierois\/wp-json\/wp\/v2\/users\/1"}],"replies":[{"embeddable":true,"href":"https:\/\/84310.fr\/jardin-morierois\/wp-json\/wp\/v2\/comments?post=1509"}],"version-history":[{"count":1,"href":"https:\/\/84310.fr\/jardin-morierois\/wp-json\/wp\/v2\/pages\/1509\/revisions"}],"predecessor-version":[{"id":1514,"href":"https:\/\/84310.fr\/jardin-morierois\/wp-json\/wp\/v2\/pages\/1509\/revisions\/1514"}],"wp:attachment":[{"href":"https:\/\/84310.fr\/jardin-morierois\/wp-json\/wp\/v2\/media?parent=1509"}],"curies":[{"name":"wp","href":"https:\/\/api.w.org\/{rel}","templated":true}]}}