{"id":1431,"date":"2017-06-08T21:55:00","date_gmt":"2017-06-08T20:55:00","guid":{"rendered":"http:\/\/84310.fr\/jardin-morierois\/?page_id=1431"},"modified":"2017-06-08T21:56:26","modified_gmt":"2017-06-08T20:56:26","slug":"2017-nouvel-habitat-des-cocottes","status":"publish","type":"page","link":"https:\/\/84310.fr\/jardin-morierois\/2017-nouvel-habitat-des-cocottes\/","title":{"rendered":"2017 Nouvel Habitat des cocottes"},"content":{"rendered":"<p><img loading=\"lazy\" decoding=\"async\" class=\"alignnone size-full wp-image-1432\" src=\"https:\/\/84310.fr\/jardin-morierois\/wp-content\/uploads\/2017\/06\/DSCN4254.jpg\" alt=\"\" width=\"1000\" height=\"750\" srcset=\"https:\/\/84310.fr\/jardin-morierois\/wp-content\/uploads\/2017\/06\/DSCN4254.jpg 1000w, https:\/\/84310.fr\/jardin-morierois\/wp-content\/uploads\/2017\/06\/DSCN4254-300x225.jpg 300w, https:\/\/84310.fr\/jardin-morierois\/wp-content\/uploads\/2017\/06\/DSCN4254-768x576.jpg 768w\" sizes=\"auto, (max-width: 1000px) 100vw, 1000px\" \/><\/p>\n<p>Budget =&gt; O Euro, Cabane de R\u00e9cup donn\u00e9e par une voisine, Vieux chevrons et vieux grillage r\u00e9cup perso, quelques vis et clous rouill\u00e9s, un peu de jugeote.. et pas mal de patience .. <img loading=\"lazy\" decoding=\"async\" class=\"alignnone size-full wp-image-1433\" src=\"https:\/\/84310.fr\/jardin-morierois\/wp-content\/uploads\/2017\/06\/DSCN4255.jpg\" alt=\"\" width=\"1000\" height=\"750\" srcset=\"https:\/\/84310.fr\/jardin-morierois\/wp-content\/uploads\/2017\/06\/DSCN4255.jpg 1000w, https:\/\/84310.fr\/jardin-morierois\/wp-content\/uploads\/2017\/06\/DSCN4255-300x225.jpg 300w, https:\/\/84310.fr\/jardin-morierois\/wp-content\/uploads\/2017\/06\/DSCN4255-768x576.jpg 768w\" sizes=\"auto, (max-width: 1000px) 100vw, 1000px\" \/> <img loading=\"lazy\" decoding=\"async\" class=\"alignnone size-full wp-image-1434\" src=\"https:\/\/84310.fr\/jardin-morierois\/wp-content\/uploads\/2017\/06\/DSCN4256.jpg\" alt=\"\" width=\"1000\" height=\"750\" srcset=\"https:\/\/84310.fr\/jardin-morierois\/wp-content\/uploads\/2017\/06\/DSCN4256.jpg 1000w, https:\/\/84310.fr\/jardin-morierois\/wp-content\/uploads\/2017\/06\/DSCN4256-300x225.jpg 300w, https:\/\/84310.fr\/jardin-morierois\/wp-content\/uploads\/2017\/06\/DSCN4256-768x576.jpg 768w\" sizes=\"auto, (max-width: 1000px) 100vw, 1000px\" \/> <img loading=\"lazy\" decoding=\"async\" class=\"alignnone size-full wp-image-1435\" src=\"https:\/\/84310.fr\/jardin-morierois\/wp-content\/uploads\/2017\/06\/DSCN4257.jpg\" alt=\"\" width=\"750\" height=\"1000\" srcset=\"https:\/\/84310.fr\/jardin-morierois\/wp-content\/uploads\/2017\/06\/DSCN4257.jpg 750w, https:\/\/84310.fr\/jardin-morierois\/wp-content\/uploads\/2017\/06\/DSCN4257-225x300.jpg 225w\" sizes=\"auto, (max-width: 750px) 100vw, 750px\" \/> <img loading=\"lazy\" decoding=\"async\" class=\"alignnone size-full wp-image-1436\" src=\"https:\/\/84310.fr\/jardin-morierois\/wp-content\/uploads\/2017\/06\/DSCN4258.jpg\" alt=\"\" width=\"750\" height=\"1000\" srcset=\"https:\/\/84310.fr\/jardin-morierois\/wp-content\/uploads\/2017\/06\/DSCN4258.jpg 750w, https:\/\/84310.fr\/jardin-morierois\/wp-content\/uploads\/2017\/06\/DSCN4258-225x300.jpg 225w\" sizes=\"auto, (max-width: 750px) 100vw, 750px\" \/><br \/>\npaumelles neuves mais de r\u00e9cup, et vielles \u00e9querres retrouv\u00e9es au fond d&rsquo;un cabanon &#8230;<\/p>\n<p>C&rsquo;est sur qu&rsquo;elles ont moins de place qu&rsquo;avant, mais pour l&rsquo;instant, elles ne se plaignent pas.<\/p>\n","protected":false},"excerpt":{"rendered":"<p>Budget =&gt; O Euro, Cabane de R\u00e9cup donn\u00e9e par une voisine, Vieux chevrons et vieux grillage r\u00e9cup perso, quelques vis et clous rouill\u00e9s, un peu de jugeote.. et pas mal de patience .. paumelles neuves mais de r\u00e9cup, et vielles&hellip; <\/p>\n","protected":false},"author":1,"featured_media":0,"parent":0,"menu_order":0,"comment_status":"closed","ping_status":"closed","template":"","meta":{"_exactmetrics_skip_tracking":false,"_exactmetrics_sitenote_active":false,"_exactmetrics_sitenote_note":"","_exactmetrics_sitenote_category":0,"footnotes":""},"class_list":["post-1431","page","type-page","status-publish","hentry"],"_links":{"self":[{"href":"https:\/\/84310.fr\/jardin-morierois\/wp-json\/wp\/v2\/pages\/1431","targetHints":{"allow":["GET"]}}],"collection":[{"href":"https:\/\/84310.fr\/jardin-morierois\/wp-json\/wp\/v2\/pages"}],"about":[{"href":"https:\/\/84310.fr\/jardin-morierois\/wp-json\/wp\/v2\/types\/page"}],"author":[{"embeddable":true,"href":"https:\/\/84310.fr\/jardin-morierois\/wp-json\/wp\/v2\/users\/1"}],"replies":[{"embeddable":true,"href":"https:\/\/84310.fr\/jardin-morierois\/wp-json\/wp\/v2\/comments?post=1431"}],"version-history":[{"count":1,"href":"https:\/\/84310.fr\/jardin-morierois\/wp-json\/wp\/v2\/pages\/1431\/revisions"}],"predecessor-version":[{"id":1438,"href":"https:\/\/84310.fr\/jardin-morierois\/wp-json\/wp\/v2\/pages\/1431\/revisions\/1438"}],"wp:attachment":[{"href":"https:\/\/84310.fr\/jardin-morierois\/wp-json\/wp\/v2\/media?parent=1431"}],"curies":[{"name":"wp","href":"https:\/\/api.w.org\/{rel}","templated":true}]}}