{"id":1313,"date":"2017-05-01T20:55:42","date_gmt":"2017-05-01T19:55:42","guid":{"rendered":"http:\/\/84310.fr\/jardin-morierois\/?page_id=1313"},"modified":"2018-03-15T18:07:38","modified_gmt":"2018-03-15T17:07:38","slug":"cocottes-2017","status":"publish","type":"page","link":"https:\/\/84310.fr\/jardin-morierois\/cocottes-2017\/","title":{"rendered":"Cocottes 2017"},"content":{"rendered":"<p>Rien de bien nouveau chez nos amies les Gallines &#8230;<\/p>\n<p><span style=\"color: #ff00ff;\"><strong>Le 1er Avril\u00a0 2017<\/strong><\/span><\/p>\n<p>p\u00e9riode du 21 au 31 Mars ( jour qu&rsquo;elles sont revenues \u00e0 la maison )<\/p>\n<p>11 jours =&gt; 17 Oeufs<\/p>\n<p>Cumul\u00e9 Aout =&gt; 123 Oeufs *<br \/>\n( * Durant les 5 mois 1\/2 ou les cocottes \u00e9taient h\u00e9berg\u00e9es ailleurs avec d&rsquo;autres, il n&rsquo;est pas possible d&rsquo;estimer et de prendre en compte un nombre d\u2019\u0153ufs. C&rsquo;est pour cela que le Cumul\u00e9 ne tient compte que des \u0153ufs qui ont \u00e9t\u00e9 pondus chez moi )<\/p>\n<p><span style=\"color: #ff00ff;\"><strong>Le 1er Mai\u00a0 2017<\/strong><\/span><\/p>\n<p>p\u00e9riode du 1er au 30 Avril<\/p>\n<p>30 jours =&gt; 56 Oeufs<\/p>\n<p>Cumul\u00e9 Avril =&gt; 179 Oeufs<\/p>\n<p><span style=\"color: #ff00ff;\"><strong>Le 1er Juin\u00a0 2017<\/strong><\/span><\/p>\n<p>31 jours =&gt; 51 Oeufs<\/p>\n<p>Cumul\u00e9 Mai =&gt; 230 Oeufs<\/p>\n<p><span style=\"color: #ff00ff;\"><strong>Le 1er Juillet\u00a0 2017<\/strong><\/span><\/p>\n<p>30 jours =&gt; 55 Oeufs<\/p>\n<p>Cumul\u00e9 Juin =&gt; 285 Oeufs<\/p>\n<p>Les cocottes sont parties en vacances le 10 Juillet<\/p>\n<p><span style=\"color: #ff00ff;\"><strong>Le 1er Aout\u00a0 2017<\/strong><\/span><\/p>\n<p>9 jours =&gt; 17 Oeufs<\/p>\n<p>Cumul\u00e9 Juillet =&gt; 302 Oeufs<\/p>\n<p><span style=\"color: #ff00ff;\"><strong>Le 1er Septembre\u00a0 2017<\/strong><\/span><\/p>\n<p>11 jours =&gt; 12 Oeufs<\/p>\n<p>Cumul\u00e9 Aout =&gt; 314 Oeufs<\/p>\n<p><span style=\"color: #ff00ff;\"><strong>Le 1er Octobre\u00a0 2017<\/strong><\/span><\/p>\n<p>30 jours =&gt; 49 Oeufs<\/p>\n<p>Cumul\u00e9 Septembre =&gt; 363 Oeufs<\/p>\n<p><span style=\"color: #ff00ff;\"><strong>Le 1er Novembre\u00a0 2017<\/strong><\/span><\/p>\n<p>31 jours =&gt; 48 Oeufs<\/p>\n<p>Cumul\u00e9 Octobre =&gt; 411 Oeufs<\/p>\n<p><span style=\"color: #ff00ff;\"><strong>Le 1er D\u00e9cembre\u00a0 2017<\/strong><\/span><\/p>\n<p>30 jours =&gt; 44 Oeufs<\/p>\n<p>Cumul\u00e9 Novembre =&gt; 455 Oeufs<\/p>\n<p><span style=\"color: #ff00ff;\"><strong>Le 31 D\u00e9cembre\u00a0 2017<\/strong><\/span><\/p>\n<p>31 jours =&gt; 30 Oeufs<\/p>\n<p>Cumul\u00e9 D\u00e9cembre =&gt; 485 Oeufs<\/p>\n<p>&nbsp;<\/p>\n<p>&nbsp;<\/p>\n","protected":false},"excerpt":{"rendered":"<p>Rien de bien nouveau chez nos amies les Gallines &#8230; Le 1er Avril\u00a0 2017 p\u00e9riode du 21 au 31 Mars ( jour qu&rsquo;elles sont revenues \u00e0 la maison ) 11 jours =&gt; 17 Oeufs Cumul\u00e9 Aout =&gt; 123 Oeufs *&hellip; <\/p>\n","protected":false},"author":1,"featured_media":0,"parent":0,"menu_order":0,"comment_status":"closed","ping_status":"closed","template":"","meta":{"_exactmetrics_skip_tracking":false,"_exactmetrics_sitenote_active":false,"_exactmetrics_sitenote_note":"","_exactmetrics_sitenote_category":0,"footnotes":""},"class_list":["post-1313","page","type-page","status-publish","hentry"],"_links":{"self":[{"href":"https:\/\/84310.fr\/jardin-morierois\/wp-json\/wp\/v2\/pages\/1313","targetHints":{"allow":["GET"]}}],"collection":[{"href":"https:\/\/84310.fr\/jardin-morierois\/wp-json\/wp\/v2\/pages"}],"about":[{"href":"https:\/\/84310.fr\/jardin-morierois\/wp-json\/wp\/v2\/types\/page"}],"author":[{"embeddable":true,"href":"https:\/\/84310.fr\/jardin-morierois\/wp-json\/wp\/v2\/users\/1"}],"replies":[{"embeddable":true,"href":"https:\/\/84310.fr\/jardin-morierois\/wp-json\/wp\/v2\/comments?post=1313"}],"version-history":[{"count":7,"href":"https:\/\/84310.fr\/jardin-morierois\/wp-json\/wp\/v2\/pages\/1313\/revisions"}],"predecessor-version":[{"id":1802,"href":"https:\/\/84310.fr\/jardin-morierois\/wp-json\/wp\/v2\/pages\/1313\/revisions\/1802"}],"wp:attachment":[{"href":"https:\/\/84310.fr\/jardin-morierois\/wp-json\/wp\/v2\/media?parent=1313"}],"curies":[{"name":"wp","href":"https:\/\/api.w.org\/{rel}","templated":true}]}}