{"id":1217,"date":"2017-04-05T21:58:05","date_gmt":"2017-04-05T20:58:05","guid":{"rendered":"http:\/\/84310.fr\/jardin-morierois\/?page_id=1217"},"modified":"2017-05-01T20:26:30","modified_gmt":"2017-05-01T19:26:30","slug":"greffes-2017","status":"publish","type":"page","link":"https:\/\/84310.fr\/jardin-morierois\/greffes-2017\/","title":{"rendered":"Greffes 2017"},"content":{"rendered":"<p>pour cette ann\u00e9e 2017 &#8230;<\/p>\n<p>j&rsquo;aimerai m&rsquo;essayer \u00e0 de nouvelles techniques de greffes .<br \/>\nL&rsquo;ann\u00e9e derni\u00e8re, une seule technique de greffe a \u00e9t\u00e9 test\u00e9e, l<strong>a greffe en fente<\/strong> aussi appel\u00e9e<strong> greffe anglaise \u00e0 cheval.<\/strong><\/p>\n<p>Cette ann\u00e9e, je compte renouveler cette technique de <strong>greffe en fente<\/strong>, qui m&rsquo;a permis de r\u00e9ussir plus de 80 greffes ( les miennes + celles que j&rsquo;ai donn\u00e9 aux amis\/ voisins )<\/p>\n<p>je voudrai aussi essayer <strong>greffage de t\u00eate \u00e0 la japonaise<\/strong> , aussi\u00a0<strong>greffage au cure dent<\/strong> et <strong>greffage au fil de cuivre<\/strong> et pour finir, <strong>le greffage par approche<\/strong><\/p>\n<p>Mince, je viens de r\u00e9aliser que cela faisait 5 techniques diff\u00e9rentes &#8230;..<\/p>\n<p>Mon Objectif : <strong>13 vari\u00e9t\u00e9s de tomates, et 10 tomates greff\u00e9es de chaque<\/strong><\/p>\n<p>si je pars sur un objectif avec50% de r\u00e9ussite, il me faut greffer le double .. soit 260 plants<br \/>\n<span style=\"color: #ff0000;\"><strong>11 Avril 2017<\/strong><\/span><br \/>\nun peu de th\u00e9orie<br \/>\n<span style=\"color: #ff00ff;\"><strong>LE GREFFAGE DE T\u00caTE A LA JAPONAISE<\/strong><\/span><br \/>\non coupe le porte greffe en diagonale environ 1 cm au dessus des cotyl\u00e9dons, (45\u00b0 pour les puristes) et on fait de m\u00eame avec le greffon. On positionne la pince sur le porte greffe et on d\u00e9pose le greffon par le dessus de fa\u00e7on \u00e0 ce que les deux zones sectionn\u00e9es rentrent bien en contact l&rsquo;une avec l&rsquo;autre. Une fois la greffe effectu\u00e9e, il faut mettre le plant dans un confinement obscur et a l&rsquo;\u00e9touff\u00e9e pendant quelques jours apr\u00e8s avoir l&rsquo;avoir Brumis\u00e9. <strong>Certains pr\u00e9f\u00e8rent bien arroser le plant avant la mise en chambre humide obscure ou m\u00eame baigner dans un fond d&rsquo;eau pour \u00e9viter de charger les feuilles d&rsquo;eau lors de la brumisation et de faire rompre le point de greffe.<\/strong><\/p>\n<p><img loading=\"lazy\" decoding=\"async\" class=\"alignnone size-full wp-image-1287\" src=\"https:\/\/84310.fr\/jardin-morierois\/wp-content\/uploads\/2017\/04\/DSCN4123.jpg\" alt=\"\" width=\"1000\" height=\"750\" srcset=\"https:\/\/84310.fr\/jardin-morierois\/wp-content\/uploads\/2017\/04\/DSCN4123.jpg 1000w, https:\/\/84310.fr\/jardin-morierois\/wp-content\/uploads\/2017\/04\/DSCN4123-300x225.jpg 300w, https:\/\/84310.fr\/jardin-morierois\/wp-content\/uploads\/2017\/04\/DSCN4123-768x576.jpg 768w\" sizes=\"auto, (max-width: 1000px) 100vw, 1000px\" \/><\/p>\n<p>Le porte greffe ( ici Petit Moineau )<\/p>\n<p><img loading=\"lazy\" decoding=\"async\" class=\"alignnone size-full wp-image-1288\" src=\"https:\/\/84310.fr\/jardin-morierois\/wp-content\/uploads\/2017\/04\/DSCN4124.jpg\" alt=\"\" width=\"1000\" height=\"793\" srcset=\"https:\/\/84310.fr\/jardin-morierois\/wp-content\/uploads\/2017\/04\/DSCN4124.jpg 1000w, https:\/\/84310.fr\/jardin-morierois\/wp-content\/uploads\/2017\/04\/DSCN4124-300x238.jpg 300w, https:\/\/84310.fr\/jardin-morierois\/wp-content\/uploads\/2017\/04\/DSCN4124-768x609.jpg 768w\" sizes=\"auto, (max-width: 1000px) 100vw, 1000px\" \/><\/p>\n<p>on coupe le porte greffe en diagonale environ 1 cm au dessus des cotyl\u00e9dons, (45\u00b0 ) <img loading=\"lazy\" decoding=\"async\" class=\"alignnone size-full wp-image-1289\" src=\"https:\/\/84310.fr\/jardin-morierois\/wp-content\/uploads\/2017\/04\/DSCN4125.jpg\" alt=\"\" width=\"1000\" height=\"873\" srcset=\"https:\/\/84310.fr\/jardin-morierois\/wp-content\/uploads\/2017\/04\/DSCN4125.jpg 1000w, https:\/\/84310.fr\/jardin-morierois\/wp-content\/uploads\/2017\/04\/DSCN4125-300x262.jpg 300w, https:\/\/84310.fr\/jardin-morierois\/wp-content\/uploads\/2017\/04\/DSCN4125-768x670.jpg 768w\" sizes=\"auto, (max-width: 1000px) 100vw, 1000px\" \/><\/p>\n<p>On positionne la pince sur le porte greffe <img loading=\"lazy\" decoding=\"async\" class=\"alignnone size-full wp-image-1290\" src=\"https:\/\/84310.fr\/jardin-morierois\/wp-content\/uploads\/2017\/04\/DSCN4126.jpg\" alt=\"\" width=\"870\" height=\"1000\" srcset=\"https:\/\/84310.fr\/jardin-morierois\/wp-content\/uploads\/2017\/04\/DSCN4126.jpg 870w, https:\/\/84310.fr\/jardin-morierois\/wp-content\/uploads\/2017\/04\/DSCN4126-261x300.jpg 261w, https:\/\/84310.fr\/jardin-morierois\/wp-content\/uploads\/2017\/04\/DSCN4126-768x883.jpg 768w\" sizes=\"auto, (max-width: 870px) 100vw, 870px\" \/><\/p>\n<p>on d\u00e9pose le greffon par le dessus de fa\u00e7on \u00e0 ce que les deux zones sectionn\u00e9es rentrent bien en contact l&rsquo;une avec l&rsquo;autre.<\/p>\n<p><span style=\"color: #ff00ff;\"><strong>LE GREFFAGE AU CURE DENT<br \/>\n<\/strong><span style=\"color: #000000;\">On coupe le porte greffe horizontalement entre 1 et 2 cm au dessus des cotyl\u00e9dons . \u00e0 l&rsquo;aide d&rsquo;un cure dent ( ou d&rsquo;une aiguille a tricoter ) on perce doucement la tige en tournant sur une profondeur d&rsquo;environ 1.5 cm. On coupe \u00e9galement le greffon au dessus des cotyl\u00e9dons et on vient l&rsquo;ins\u00e9rer dans l&rsquo;orifice fait par le cure dent ( ou l&rsquo;aiguille a tricoter ). le greffon doit avoir un diam\u00e8tre inf\u00e9rieur au porte greffe ( moiti\u00e9 ) pour pouvoir bien rentrer et se maintenir dans le porte greffe. l&#8217;emploi d&rsquo;une pince pour maintenir l&rsquo;ensemble n&rsquo;est pas n\u00e9cessaire si tout a \u00e9t\u00e9 fait convenablement.<\/span><br \/>\n<\/span><\/p>\n<p><img loading=\"lazy\" decoding=\"async\" class=\"alignnone size-full wp-image-1234\" src=\"https:\/\/84310.fr\/jardin-morierois\/wp-content\/uploads\/2017\/04\/DSCN4085.jpg\" alt=\"\" width=\"1000\" height=\"834\" srcset=\"https:\/\/84310.fr\/jardin-morierois\/wp-content\/uploads\/2017\/04\/DSCN4085.jpg 1000w, https:\/\/84310.fr\/jardin-morierois\/wp-content\/uploads\/2017\/04\/DSCN4085-300x250.jpg 300w, https:\/\/84310.fr\/jardin-morierois\/wp-content\/uploads\/2017\/04\/DSCN4085-768x641.jpg 768w\" sizes=\"auto, (max-width: 1000px) 100vw, 1000px\" \/><\/p>\n<p>Ici le cure-dent a \u00e9t\u00e9 remplac\u00e9 par une aiguille \u00e0 tricoter.<\/p>\n<p><img loading=\"lazy\" decoding=\"async\" class=\"alignnone size-full wp-image-1235\" src=\"https:\/\/84310.fr\/jardin-morierois\/wp-content\/uploads\/2017\/04\/DSCN4086.jpg\" alt=\"\" width=\"1000\" height=\"750\" srcset=\"https:\/\/84310.fr\/jardin-morierois\/wp-content\/uploads\/2017\/04\/DSCN4086.jpg 1000w, https:\/\/84310.fr\/jardin-morierois\/wp-content\/uploads\/2017\/04\/DSCN4086-300x225.jpg 300w, https:\/\/84310.fr\/jardin-morierois\/wp-content\/uploads\/2017\/04\/DSCN4086-768x576.jpg 768w\" sizes=\"auto, (max-width: 1000px) 100vw, 1000px\" \/><\/p>\n<p>Le greffon avec le bout taill\u00e9 en pointe pour mieux rentrer<\/p>\n<p><img loading=\"lazy\" decoding=\"async\" class=\"alignnone size-full wp-image-1236\" src=\"https:\/\/84310.fr\/jardin-morierois\/wp-content\/uploads\/2017\/04\/DSCN4087.jpg\" alt=\"\" width=\"936\" height=\"1000\" srcset=\"https:\/\/84310.fr\/jardin-morierois\/wp-content\/uploads\/2017\/04\/DSCN4087.jpg 936w, https:\/\/84310.fr\/jardin-morierois\/wp-content\/uploads\/2017\/04\/DSCN4087-281x300.jpg 281w, https:\/\/84310.fr\/jardin-morierois\/wp-content\/uploads\/2017\/04\/DSCN4087-768x821.jpg 768w\" sizes=\"auto, (max-width: 936px) 100vw, 936px\" \/><\/p>\n<p>L&rsquo;op\u00e9ration termin\u00e9e. On remarque bien la diff\u00e9rence de diam\u00e8tre entre le porte greffe et le greffon.<\/p>\n<p><span style=\"color: #ff00ff;\"><strong>LE GREFFAGE EN FENTE<br \/>\n<\/strong><\/span><\/p>\n<p>On coupe la tige du PG \u00e0 90\u00b0 et on \u00e9limine au ras de la tige les feuilles plus basses que cette coupe<br \/>\nAvec le scalpel on fend la tige du PG, selon son axe, sur un diam\u00e8tre, sur une profondeur de environ 15 mm<br \/>\nOn coupe la tige du greffon en biseau des 2 cot\u00e9s en lui donnant une forme de pointe de tournevis plat sur une longueur d&rsquo;environ 10 mm; on rabat le surplus de feuillage du greffon<br \/>\nOn ins\u00e8re cette tige dans la fente de la tige du PG qui vient d&rsquo;\u00eatre faite ; sans forcer pour ne pas ouvrir davantage cette fente.<\/p>\n<p><img loading=\"lazy\" decoding=\"async\" class=\"alignnone size-full wp-image-1241\" src=\"https:\/\/84310.fr\/jardin-morierois\/wp-content\/uploads\/2017\/04\/fente.jpg\" alt=\"\" width=\"996\" height=\"1000\" srcset=\"https:\/\/84310.fr\/jardin-morierois\/wp-content\/uploads\/2017\/04\/fente.jpg 996w, https:\/\/84310.fr\/jardin-morierois\/wp-content\/uploads\/2017\/04\/fente-150x150.jpg 150w, https:\/\/84310.fr\/jardin-morierois\/wp-content\/uploads\/2017\/04\/fente-300x300.jpg 300w, https:\/\/84310.fr\/jardin-morierois\/wp-content\/uploads\/2017\/04\/fente-768x771.jpg 768w, https:\/\/84310.fr\/jardin-morierois\/wp-content\/uploads\/2017\/04\/fente-230x230.jpg 230w\" sizes=\"auto, (max-width: 996px) 100vw, 996px\" \/><\/p>\n<p>La pr\u00e9paration du porte greffe<\/p>\n<p><img loading=\"lazy\" decoding=\"async\" class=\"alignnone size-full wp-image-1242\" src=\"https:\/\/84310.fr\/jardin-morierois\/wp-content\/uploads\/2017\/04\/fente2.jpg\" alt=\"\" width=\"1000\" height=\"659\" srcset=\"https:\/\/84310.fr\/jardin-morierois\/wp-content\/uploads\/2017\/04\/fente2.jpg 1000w, https:\/\/84310.fr\/jardin-morierois\/wp-content\/uploads\/2017\/04\/fente2-300x198.jpg 300w, https:\/\/84310.fr\/jardin-morierois\/wp-content\/uploads\/2017\/04\/fente2-768x506.jpg 768w\" sizes=\"auto, (max-width: 1000px) 100vw, 1000px\" \/><br \/>\nLa greffe en Fente r\u00e9alis\u00e9e.<\/p>\n<p><span style=\"color: #ff00ff;\"><strong>LE GREFFAGE PAR APPROCHE :<br \/>\n<\/strong><\/span><\/p>\n<p>il y a quelques semaines que nous avons transplant\u00e9 les Porte greffe et les greffons dans les m\u00eames godets. il y a 7 jours, les Porte greffe et les greffons ont \u00e9t\u00e9 r\u00e9unis au moyen d&rsquo;une entaille en biseau qui les a imbriqu\u00e9 l&rsquo;un dans l&rsquo;autre.<\/p>\n<p><img loading=\"lazy\" decoding=\"async\" class=\"alignnone size-full wp-image-1278\" src=\"https:\/\/84310.fr\/jardin-morierois\/wp-content\/uploads\/2017\/04\/DSCN4113.jpg\" alt=\"\" width=\"1000\" height=\"750\" srcset=\"https:\/\/84310.fr\/jardin-morierois\/wp-content\/uploads\/2017\/04\/DSCN4113.jpg 1000w, https:\/\/84310.fr\/jardin-morierois\/wp-content\/uploads\/2017\/04\/DSCN4113-300x225.jpg 300w, https:\/\/84310.fr\/jardin-morierois\/wp-content\/uploads\/2017\/04\/DSCN4113-768x576.jpg 768w\" sizes=\"auto, (max-width: 1000px) 100vw, 1000px\" \/><br \/>\nAujourd&rsquo;hui il s&rsquo;agit de couper le pied du greffon pour que le plant prenne source du pied du porte greffe.<img loading=\"lazy\" decoding=\"async\" class=\"alignnone size-full wp-image-1279\" src=\"https:\/\/84310.fr\/jardin-morierois\/wp-content\/uploads\/2017\/04\/DSCN4114.jpg\" alt=\"\" width=\"1000\" height=\"750\" srcset=\"https:\/\/84310.fr\/jardin-morierois\/wp-content\/uploads\/2017\/04\/DSCN4114.jpg 1000w, https:\/\/84310.fr\/jardin-morierois\/wp-content\/uploads\/2017\/04\/DSCN4114-300x225.jpg 300w, https:\/\/84310.fr\/jardin-morierois\/wp-content\/uploads\/2017\/04\/DSCN4114-768x576.jpg 768w\" sizes=\"auto, (max-width: 1000px) 100vw, 1000px\" \/><br \/>\nAvant\u00a0 la coupe &#8230; <img loading=\"lazy\" decoding=\"async\" class=\"alignnone size-full wp-image-1281\" src=\"https:\/\/84310.fr\/jardin-morierois\/wp-content\/uploads\/2017\/04\/DSCN4116.jpg\" alt=\"\" width=\"1000\" height=\"750\" srcset=\"https:\/\/84310.fr\/jardin-morierois\/wp-content\/uploads\/2017\/04\/DSCN4116.jpg 1000w, https:\/\/84310.fr\/jardin-morierois\/wp-content\/uploads\/2017\/04\/DSCN4116-300x225.jpg 300w, https:\/\/84310.fr\/jardin-morierois\/wp-content\/uploads\/2017\/04\/DSCN4116-768x576.jpg 768w\" sizes=\"auto, (max-width: 1000px) 100vw, 1000px\" \/><\/p>\n<p>Apr\u00e8s la coupe<\/p>\n<p><img loading=\"lazy\" decoding=\"async\" class=\"alignnone size-full wp-image-1280\" src=\"https:\/\/84310.fr\/jardin-morierois\/wp-content\/uploads\/2017\/04\/DSCN4115.jpg\" alt=\"\" width=\"1000\" height=\"750\" srcset=\"https:\/\/84310.fr\/jardin-morierois\/wp-content\/uploads\/2017\/04\/DSCN4115.jpg 1000w, https:\/\/84310.fr\/jardin-morierois\/wp-content\/uploads\/2017\/04\/DSCN4115-300x225.jpg 300w, https:\/\/84310.fr\/jardin-morierois\/wp-content\/uploads\/2017\/04\/DSCN4115-768x576.jpg 768w\" sizes=\"auto, (max-width: 1000px) 100vw, 1000px\" \/><br \/>\nAvant la coupe &#8230;<\/p>\n<p><img loading=\"lazy\" decoding=\"async\" class=\"alignnone size-full wp-image-1282\" src=\"https:\/\/84310.fr\/jardin-morierois\/wp-content\/uploads\/2017\/04\/DSCN4122.jpg\" alt=\"\" width=\"1000\" height=\"750\" srcset=\"https:\/\/84310.fr\/jardin-morierois\/wp-content\/uploads\/2017\/04\/DSCN4122.jpg 1000w, https:\/\/84310.fr\/jardin-morierois\/wp-content\/uploads\/2017\/04\/DSCN4122-300x225.jpg 300w, https:\/\/84310.fr\/jardin-morierois\/wp-content\/uploads\/2017\/04\/DSCN4122-768x576.jpg 768w\" sizes=\"auto, (max-width: 1000px) 100vw, 1000px\" \/><\/p>\n<p>Apr\u00e8s la coupe<\/p>\n<p><span style=\"color: #ff0000;\"><strong>20 Avril 2017<\/strong><\/span><\/p>\n<p>Curiosit\u00e9 un peu inqui\u00e9tante ces deux trois derniers jours, suite \u00e0 la s\u00e9rie de greffe au fil de cuivre effectu\u00e9e il y a 5 jours, quelques plants ont des feuilles noires.<\/p>\n<p><img loading=\"lazy\" decoding=\"async\" class=\"alignnone size-full wp-image-1246\" src=\"https:\/\/84310.fr\/jardin-morierois\/wp-content\/uploads\/2017\/01\/DSCN4090.jpg\" alt=\"\" width=\"1000\" height=\"782\" srcset=\"https:\/\/84310.fr\/jardin-morierois\/wp-content\/uploads\/2017\/01\/DSCN4090.jpg 1000w, https:\/\/84310.fr\/jardin-morierois\/wp-content\/uploads\/2017\/01\/DSCN4090-300x235.jpg 300w, https:\/\/84310.fr\/jardin-morierois\/wp-content\/uploads\/2017\/01\/DSCN4090-768x601.jpg 768w\" sizes=\"auto, (max-width: 1000px) 100vw, 1000px\" \/><\/p>\n<p><img loading=\"lazy\" decoding=\"async\" class=\"alignnone size-full wp-image-1247\" src=\"https:\/\/84310.fr\/jardin-morierois\/wp-content\/uploads\/2017\/01\/DSCN4091.jpg\" alt=\"\" width=\"1000\" height=\"743\" srcset=\"https:\/\/84310.fr\/jardin-morierois\/wp-content\/uploads\/2017\/01\/DSCN4091.jpg 1000w, https:\/\/84310.fr\/jardin-morierois\/wp-content\/uploads\/2017\/01\/DSCN4091-300x223.jpg 300w, https:\/\/84310.fr\/jardin-morierois\/wp-content\/uploads\/2017\/01\/DSCN4091-768x571.jpg 768w\" sizes=\"auto, (max-width: 1000px) 100vw, 1000px\" \/><\/p>\n<p>Serait-ce un d\u00e9but de n\u00e9crose ?<\/p>\n<p><span style=\"color: #3366ff;\"><strong>INSTALLATION MAT\u00c9RIELLE<\/strong><\/span><\/p>\n<p>L&rsquo;ann\u00e9e derni\u00e8re l&rsquo;ensemble des greffes a \u00e9t\u00e9 fait avec des Bouteilles d&rsquo;eau et de Coca recycl\u00e9es. pratique pour g\u00e9rer au cas par cas quand on a pas beaucoup de greffes, mais tr\u00e8s vite fastidieux quand on en a beaucoup. Cette ann\u00e9e, j&rsquo;ai \u00e9t\u00e9 pris de cours pour la r\u00e9cup des bouteilles, il me fallait trouver un syst\u00e8me car je risquais de manquer de temps. Je me servais de grands bacs en polystyr\u00e8ne r\u00e9cup\u00e9r\u00e9s au rayon poissonnerie pour les stocker et les d\u00e9placer ( par 20, c&rsquo;est quand m\u00eame plus pratique ) et c&rsquo;est en regardant sur internet comment un jardinier du dimanche se servait des sac du tri pour faire sa serre \u00e0 greffe, que l&rsquo;id\u00e9e m&rsquo;est venue.<\/p>\n<p><img loading=\"lazy\" decoding=\"async\" class=\"alignnone size-full wp-image-1249\" src=\"https:\/\/84310.fr\/jardin-morierois\/wp-content\/uploads\/2017\/01\/DSCN4093.jpg\" alt=\"\" width=\"1000\" height=\"750\" srcset=\"https:\/\/84310.fr\/jardin-morierois\/wp-content\/uploads\/2017\/01\/DSCN4093.jpg 1000w, https:\/\/84310.fr\/jardin-morierois\/wp-content\/uploads\/2017\/01\/DSCN4093-300x225.jpg 300w, https:\/\/84310.fr\/jardin-morierois\/wp-content\/uploads\/2017\/01\/DSCN4093-768x576.jpg 768w\" sizes=\"auto, (max-width: 1000px) 100vw, 1000px\" \/><\/p>\n<p>D\u00e9couper la plaque du haut et mettre un film plastique tenu par du gros scotch ( sac poubelle du tri transparent ou presque )\u00a0 pour laisser passer la lumi\u00e8re et garder l&rsquo;humidit\u00e9 &#8230;<img loading=\"lazy\" decoding=\"async\" class=\"alignnone size-full wp-image-1250\" src=\"https:\/\/84310.fr\/jardin-morierois\/wp-content\/uploads\/2017\/01\/DSCN4094.jpg\" alt=\"\" width=\"600\" height=\"800\" srcset=\"https:\/\/84310.fr\/jardin-morierois\/wp-content\/uploads\/2017\/01\/DSCN4094.jpg 600w, https:\/\/84310.fr\/jardin-morierois\/wp-content\/uploads\/2017\/01\/DSCN4094-225x300.jpg 225w\" sizes=\"auto, (max-width: 600px) 100vw, 600px\" \/><\/p>\n<p>Sommaire mais tres pratique, l\u00e9ger et garde bien l&rsquo;humidit\u00e9 et la chaleur.<\/p>\n<p>&nbsp;<\/p>\n<p><span style=\"color: #cc99ff;\"><strong>Petit tour des greffes . \u00e9tat des lieux <\/strong><\/span><img loading=\"lazy\" decoding=\"async\" class=\"alignnone size-full wp-image-1251\" src=\"https:\/\/84310.fr\/jardin-morierois\/wp-content\/uploads\/2017\/01\/DSCN4095.jpg\" alt=\"\" width=\"1000\" height=\"750\" srcset=\"https:\/\/84310.fr\/jardin-morierois\/wp-content\/uploads\/2017\/01\/DSCN4095.jpg 1000w, https:\/\/84310.fr\/jardin-morierois\/wp-content\/uploads\/2017\/01\/DSCN4095-300x225.jpg 300w, https:\/\/84310.fr\/jardin-morierois\/wp-content\/uploads\/2017\/01\/DSCN4095-768x576.jpg 768w\" sizes=\"auto, (max-width: 1000px) 100vw, 1000px\" \/><\/p>\n<p>4 bac serres d&rsquo;un cot\u00e9 &#8230;<img loading=\"lazy\" decoding=\"async\" class=\"alignnone size-full wp-image-1252\" src=\"https:\/\/84310.fr\/jardin-morierois\/wp-content\/uploads\/2017\/01\/DSCN4096.jpg\" alt=\"\" width=\"1000\" height=\"750\" srcset=\"https:\/\/84310.fr\/jardin-morierois\/wp-content\/uploads\/2017\/01\/DSCN4096.jpg 1000w, https:\/\/84310.fr\/jardin-morierois\/wp-content\/uploads\/2017\/01\/DSCN4096-300x225.jpg 300w, https:\/\/84310.fr\/jardin-morierois\/wp-content\/uploads\/2017\/01\/DSCN4096-768x576.jpg 768w\" sizes=\"auto, (max-width: 1000px) 100vw, 1000px\" \/><\/p>\n<p>deux de l&rsquo;autre &#8230; et il en reste d&rsquo;autres pr\u00eats \u00e0 servir.<\/p>\n<p>&nbsp;<\/p>\n<p>Si on soul\u00e8ve les couvercles&#8230; on y trouve &#8230;<img loading=\"lazy\" decoding=\"async\" class=\"alignnone size-full wp-image-1254\" src=\"https:\/\/84310.fr\/jardin-morierois\/wp-content\/uploads\/2017\/01\/DSCN4098.jpg\" alt=\"\" width=\"1000\" height=\"750\" srcset=\"https:\/\/84310.fr\/jardin-morierois\/wp-content\/uploads\/2017\/01\/DSCN4098.jpg 1000w, https:\/\/84310.fr\/jardin-morierois\/wp-content\/uploads\/2017\/01\/DSCN4098-300x225.jpg 300w, https:\/\/84310.fr\/jardin-morierois\/wp-content\/uploads\/2017\/01\/DSCN4098-768x576.jpg 768w\" sizes=\"auto, (max-width: 1000px) 100vw, 1000px\" \/> <img loading=\"lazy\" decoding=\"async\" class=\"alignnone size-full wp-image-1255\" src=\"https:\/\/84310.fr\/jardin-morierois\/wp-content\/uploads\/2017\/01\/DSCN4099.jpg\" alt=\"\" width=\"1000\" height=\"750\" srcset=\"https:\/\/84310.fr\/jardin-morierois\/wp-content\/uploads\/2017\/01\/DSCN4099.jpg 1000w, https:\/\/84310.fr\/jardin-morierois\/wp-content\/uploads\/2017\/01\/DSCN4099-300x225.jpg 300w, https:\/\/84310.fr\/jardin-morierois\/wp-content\/uploads\/2017\/01\/DSCN4099-768x576.jpg 768w\" sizes=\"auto, (max-width: 1000px) 100vw, 1000px\" \/> <img loading=\"lazy\" decoding=\"async\" class=\"alignnone size-full wp-image-1256\" src=\"https:\/\/84310.fr\/jardin-morierois\/wp-content\/uploads\/2017\/01\/DSCN4100.jpg\" alt=\"\" width=\"1000\" height=\"750\" srcset=\"https:\/\/84310.fr\/jardin-morierois\/wp-content\/uploads\/2017\/01\/DSCN4100.jpg 1000w, https:\/\/84310.fr\/jardin-morierois\/wp-content\/uploads\/2017\/01\/DSCN4100-300x225.jpg 300w, https:\/\/84310.fr\/jardin-morierois\/wp-content\/uploads\/2017\/01\/DSCN4100-768x576.jpg 768w\" sizes=\"auto, (max-width: 1000px) 100vw, 1000px\" \/> <img loading=\"lazy\" decoding=\"async\" class=\"alignnone size-full wp-image-1257\" src=\"https:\/\/84310.fr\/jardin-morierois\/wp-content\/uploads\/2017\/01\/DSCN4101.jpg\" alt=\"\" width=\"1000\" height=\"750\" srcset=\"https:\/\/84310.fr\/jardin-morierois\/wp-content\/uploads\/2017\/01\/DSCN4101.jpg 1000w, https:\/\/84310.fr\/jardin-morierois\/wp-content\/uploads\/2017\/01\/DSCN4101-300x225.jpg 300w, https:\/\/84310.fr\/jardin-morierois\/wp-content\/uploads\/2017\/01\/DSCN4101-768x576.jpg 768w\" sizes=\"auto, (max-width: 1000px) 100vw, 1000px\" \/> <img loading=\"lazy\" decoding=\"async\" class=\"alignnone size-full wp-image-1258\" src=\"https:\/\/84310.fr\/jardin-morierois\/wp-content\/uploads\/2017\/01\/DSCN4102.jpg\" alt=\"\" width=\"1000\" height=\"750\" srcset=\"https:\/\/84310.fr\/jardin-morierois\/wp-content\/uploads\/2017\/01\/DSCN4102.jpg 1000w, https:\/\/84310.fr\/jardin-morierois\/wp-content\/uploads\/2017\/01\/DSCN4102-300x225.jpg 300w, https:\/\/84310.fr\/jardin-morierois\/wp-content\/uploads\/2017\/01\/DSCN4102-768x576.jpg 768w\" sizes=\"auto, (max-width: 1000px) 100vw, 1000px\" \/><\/p>\n<p><img loading=\"lazy\" decoding=\"async\" class=\"alignnone size-full wp-image-1248\" src=\"https:\/\/84310.fr\/jardin-morierois\/wp-content\/uploads\/2017\/01\/DSCN4092.jpg\" alt=\"\" width=\"1000\" height=\"750\" srcset=\"https:\/\/84310.fr\/jardin-morierois\/wp-content\/uploads\/2017\/01\/DSCN4092.jpg 1000w, https:\/\/84310.fr\/jardin-morierois\/wp-content\/uploads\/2017\/01\/DSCN4092-300x225.jpg 300w, https:\/\/84310.fr\/jardin-morierois\/wp-content\/uploads\/2017\/01\/DSCN4092-768x576.jpg 768w\" sizes=\"auto, (max-width: 1000px) 100vw, 1000px\" \/><\/p>\n<p><img loading=\"lazy\" decoding=\"async\" class=\"alignnone size-full wp-image-1253\" src=\"https:\/\/84310.fr\/jardin-morierois\/wp-content\/uploads\/2017\/01\/DSCN4097.jpg\" alt=\"\" width=\"1000\" height=\"750\" srcset=\"https:\/\/84310.fr\/jardin-morierois\/wp-content\/uploads\/2017\/01\/DSCN4097.jpg 1000w, https:\/\/84310.fr\/jardin-morierois\/wp-content\/uploads\/2017\/01\/DSCN4097-300x225.jpg 300w, https:\/\/84310.fr\/jardin-morierois\/wp-content\/uploads\/2017\/01\/DSCN4097-768x576.jpg 768w\" sizes=\"auto, (max-width: 1000px) 100vw, 1000px\" \/><\/p>\n<p>Une partie des t\u00eates des porte greffes Arnold qui ont d\u00e9j\u00e0 \u00e9t\u00e9 utilis\u00e9s on \u00e9t\u00e9 mises \u00e0 tremper, d&rsquo;ici quelques jours les racines pousseront et je pourrai \u00e0 nouveau m&rsquo;en resservir comme porte greffe si besoin ( d\u00e9j\u00e0 13 sont retourn\u00e9s en terre ) pour \u00eatre greff\u00e9s .<\/p>\n<p><span style=\"color: #ff0000;\"><strong>1er Mai 2017<\/strong><\/span><\/p>\n<p>47 plants greff\u00e9s aujourd\u2019hui \u2026Arnold et Petit Moineau ..diverses vari\u00e9t\u00e9s mais toutes \u00e0 la m\u00e9thode de la Fente.<\/p>\n<p>h\u00e9catombe .. 10 plants de plus qui ont \u00e9chou\u00e9 sur la s\u00e9rie greff\u00e9e au fil de cuivre .Nous avons recycl\u00e9 13 Porte greffe Arnold ( sur 20 ) qui \u00e9taient r\u00e9cup\u00e9rables . les plants se sont tous dess\u00e9ch\u00e9s et pendaient sur le fil de cuivre. Heureusement, en taillant plus bas les portes greffe \u00e9taient encore bien verts et certains d\u2019entre eux faisaient m\u00eame repousser des feuilles.<\/p>\n<p>&nbsp;<\/p>\n","protected":false},"excerpt":{"rendered":"<p>pour cette ann\u00e9e 2017 &#8230; j&rsquo;aimerai m&rsquo;essayer \u00e0 de nouvelles techniques de greffes . L&rsquo;ann\u00e9e derni\u00e8re, une seule technique de greffe a \u00e9t\u00e9 test\u00e9e, la greffe en fente aussi appel\u00e9e greffe anglaise \u00e0 cheval. Cette ann\u00e9e, je compte renouveler cette&hellip; <\/p>\n","protected":false},"author":1,"featured_media":0,"parent":0,"menu_order":0,"comment_status":"closed","ping_status":"closed","template":"","meta":{"_exactmetrics_skip_tracking":false,"_exactmetrics_sitenote_active":false,"_exactmetrics_sitenote_note":"","_exactmetrics_sitenote_category":0,"footnotes":""},"class_list":["post-1217","page","type-page","status-publish","hentry"],"_links":{"self":[{"href":"https:\/\/84310.fr\/jardin-morierois\/wp-json\/wp\/v2\/pages\/1217","targetHints":{"allow":["GET"]}}],"collection":[{"href":"https:\/\/84310.fr\/jardin-morierois\/wp-json\/wp\/v2\/pages"}],"about":[{"href":"https:\/\/84310.fr\/jardin-morierois\/wp-json\/wp\/v2\/types\/page"}],"author":[{"embeddable":true,"href":"https:\/\/84310.fr\/jardin-morierois\/wp-json\/wp\/v2\/users\/1"}],"replies":[{"embeddable":true,"href":"https:\/\/84310.fr\/jardin-morierois\/wp-json\/wp\/v2\/comments?post=1217"}],"version-history":[{"count":13,"href":"https:\/\/84310.fr\/jardin-morierois\/wp-json\/wp\/v2\/pages\/1217\/revisions"}],"predecessor-version":[{"id":1311,"href":"https:\/\/84310.fr\/jardin-morierois\/wp-json\/wp\/v2\/pages\/1217\/revisions\/1311"}],"wp:attachment":[{"href":"https:\/\/84310.fr\/jardin-morierois\/wp-json\/wp\/v2\/media?parent=1217"}],"curies":[{"name":"wp","href":"https:\/\/api.w.org\/{rel}","templated":true}]}}