{"id":1137,"date":"2017-02-18T23:00:40","date_gmt":"2017-02-18T22:00:40","guid":{"rendered":"http:\/\/84310.fr\/jardin-morierois\/?page_id=1137"},"modified":"2017-02-18T23:00:40","modified_gmt":"2017-02-18T22:00:40","slug":"2017-green-zebra","status":"publish","type":"page","link":"https:\/\/84310.fr\/jardin-morierois\/2017-green-zebra\/","title":{"rendered":"2017 GREEN ZEBRA"},"content":{"rendered":"<p><span style=\"color: #ff0000;\"><strong>18 F\u00e9vrier 2017<\/strong><\/span><\/p>\n<p>Une vari\u00e9t\u00e9 que j&rsquo;ai fait l&rsquo;ann\u00e9e derni\u00e8re, vu qu&rsquo;il me restait un peu de place pour quelques vari\u00e9t\u00e9s &#8230; j&rsquo;ai craqu\u00e9<\/p>\n<p>18 graines sem\u00e9es.<\/p>\n","protected":false},"excerpt":{"rendered":"<p>18 F\u00e9vrier 2017 Une vari\u00e9t\u00e9 que j&rsquo;ai fait l&rsquo;ann\u00e9e derni\u00e8re, vu qu&rsquo;il me restait un peu de place pour quelques vari\u00e9t\u00e9s &#8230; j&rsquo;ai craqu\u00e9 18 graines sem\u00e9es.<\/p>\n","protected":false},"author":1,"featured_media":0,"parent":0,"menu_order":0,"comment_status":"closed","ping_status":"closed","template":"","meta":{"_exactmetrics_skip_tracking":false,"_exactmetrics_sitenote_active":false,"_exactmetrics_sitenote_note":"","_exactmetrics_sitenote_category":0,"footnotes":""},"class_list":["post-1137","page","type-page","status-publish","hentry"],"_links":{"self":[{"href":"https:\/\/84310.fr\/jardin-morierois\/wp-json\/wp\/v2\/pages\/1137","targetHints":{"allow":["GET"]}}],"collection":[{"href":"https:\/\/84310.fr\/jardin-morierois\/wp-json\/wp\/v2\/pages"}],"about":[{"href":"https:\/\/84310.fr\/jardin-morierois\/wp-json\/wp\/v2\/types\/page"}],"author":[{"embeddable":true,"href":"https:\/\/84310.fr\/jardin-morierois\/wp-json\/wp\/v2\/users\/1"}],"replies":[{"embeddable":true,"href":"https:\/\/84310.fr\/jardin-morierois\/wp-json\/wp\/v2\/comments?post=1137"}],"version-history":[{"count":1,"href":"https:\/\/84310.fr\/jardin-morierois\/wp-json\/wp\/v2\/pages\/1137\/revisions"}],"predecessor-version":[{"id":1138,"href":"https:\/\/84310.fr\/jardin-morierois\/wp-json\/wp\/v2\/pages\/1137\/revisions\/1138"}],"wp:attachment":[{"href":"https:\/\/84310.fr\/jardin-morierois\/wp-json\/wp\/v2\/media?parent=1137"}],"curies":[{"name":"wp","href":"https:\/\/api.w.org\/{rel}","templated":true}]}}